{"id":10168,"date":"2024-01-26T17:35:27","date_gmt":"2024-01-26T17:35:27","guid":{"rendered":"https:\/\/www.isocfoundation.org\/carta-de-capitulo\/"},"modified":"2024-01-26T17:35:35","modified_gmt":"2024-01-26T17:35:35","slug":"carta-de-capitulo","status":"publish","type":"page","link":"https:\/\/www.isocfoundation.org\/es\/carta-de-capitulo\/","title":{"rendered":"Carta de Cap\u00edtulo"},"content":{"rendered":"\n<p>Una vez que haya solicitado con \u00e9xito el Cap\u00edtulo y haya pasado por el proceso de revisi\u00f3n, recibir\u00e1 el acuerdo de Estatuto del Cap\u00edtulo de Internet Society que describe el apoyo que el Cap\u00edtulo recibir\u00e1 de Internet Society, as\u00ed como los est\u00e1ndares m\u00ednimos que deber\u00e1 mantener como Cap\u00edtulo de Internet Society.<\/p>\n\n<p><a href=\"https:\/\/www.isocfoundation.org\/wp-content\/uploads\/2024\/01\/2018-2020-ISOC_Chapter_Charter_Agreement-Apr2020.pdf\" target=\"_blank\" rel=\"noreferrer noopener\">Acuerdo de Constituci\u00f3n del Cap\u00edtulo de Internet Society<\/a><\/p>\n\n<h2 class=\"wp-block-heading\">Rejuvenecimiento<\/h2>\n\n<p>A los cap\u00edtulos que no cumplan con uno o m\u00e1s de los est\u00e1ndares m\u00ednimos se les otorgar\u00e1 un per\u00edodo de tres meses para recuperar el nivel de desempe\u00f1o de los est\u00e1ndares m\u00ednimos. Si despu\u00e9s de este per\u00edodo de tres meses no se recupera el nivel m\u00ednimo de los est\u00e1ndares, el Cap\u00edtulo se pondr\u00e1 en &#171;Rejuvenecimiento&#187; por un m\u00e1ximo de 1 a\u00f1o. En este per\u00edodo, se le pedir\u00e1 al Cap\u00edtulo que tome las medidas necesarias en las \u00e1reas que faltan para nivelar los est\u00e1ndares. Durante un per\u00edodo de rejuvenecimiento, no habr\u00e1 becas ni fondos para eventos disponibles para el cap\u00edtulo.<\/p>\n\n<h2 class=\"wp-block-heading\">Desmantelamiento<\/h2>\n\n<p>Si despu\u00e9s del per\u00edodo de rejuvenecimiento, el Cap\u00edtulo no logra cumplir con los est\u00e1ndares m\u00ednimos, Internet Society tendr\u00e1 derecho a retirar el acuerdo de constituci\u00f3n del Cap\u00edtulo.<\/p>\n\n<p>En esta desafortunada circunstancia, la organizaci\u00f3n constituida como Cap\u00edtulo puede disolverse o continuar operando como una organizaci\u00f3n independiente que ya no est\u00e1 afiliada a Internet Society. Solo le pedimos que deje de utilizar la propiedad intelectual de Internet Society, los materiales de Internet Society y las herramientas del cap\u00edtulo.<\/p>\n\n<p>En caso de que el Cap\u00edtulo impugne la decisi\u00f3n de desfletaci\u00f3n, tiene derecho a un proceso de apelaci\u00f3n por pares y el derecho posterior a solicitar a la Junta de Fideicomisarios una apelaci\u00f3n final para mantener el estado activo, en la que la decisi\u00f3n de la Junta de Fideicomisarios ser\u00e1 definitiva.<\/p>\n","protected":false},"excerpt":{"rendered":"<p>Una vez que haya solicitado con \u00e9xito el Cap\u00edtulo y haya pasado por el proceso de revisi\u00f3n, recibir\u00e1 el acuerdo de Estatuto del Cap\u00edtulo de Internet Society que describe el apoyo que el Cap\u00edtulo recibir\u00e1 de Internet Society, as\u00ed como los est\u00e1ndares m\u00ednimos que deber\u00e1 mantener como Cap\u00edtulo de Internet Society. Acuerdo de Constituci\u00f3n del&hellip;<\/p>\n","protected":false},"author":23,"featured_media":0,"parent":0,"menu_order":0,"comment_status":"closed","ping_status":"closed","template":"","meta":{"footnotes":""},"class_list":["post-10168","page","type-page","status-publish","hentry"],"yoast_head":"<!-- This site is optimized with the Yoast SEO plugin v27.1.1 - https:\/\/yoast.com\/product\/yoast-seo-wordpress\/ -->\n<title>Carta de Cap\u00edtulo | Internet Society Foundation<\/title>\n<meta name=\"robots\" content=\"index, follow, max-snippet:-1, max-image-preview:large, max-video-preview:-1\" \/>\n<link rel=\"canonical\" href=\"https:\/\/www.isocfoundation.org\/es\/carta-de-capitulo\/\" \/>\n<meta property=\"og:locale\" content=\"es_ES\" \/>\n<meta property=\"og:type\" content=\"article\" \/>\n<meta property=\"og:title\" content=\"Carta de Cap\u00edtulo | Internet Society Foundation\" \/>\n<meta property=\"og:description\" content=\"Una vez que haya solicitado con \u00e9xito el Cap\u00edtulo y haya pasado por el proceso de revisi\u00f3n, recibir\u00e1 el acuerdo de Estatuto del Cap\u00edtulo de Internet Society que describe el apoyo que el Cap\u00edtulo recibir\u00e1 de Internet Society, as\u00ed como los est\u00e1ndares m\u00ednimos que deber\u00e1 mantener como Cap\u00edtulo de Internet Society. Acuerdo de Constituci\u00f3n del&hellip;\" \/>\n<meta property=\"og:url\" content=\"https:\/\/www.isocfoundation.org\/es\/carta-de-capitulo\/\" \/>\n<meta property=\"og:site_name\" content=\"Internet Society Foundation\" \/>\n<meta property=\"article:modified_time\" content=\"2024-01-26T17:35:35+00:00\" \/>\n<meta property=\"og:image\" content=\"https:\/\/www.isocfoundation.org\/wp-content\/uploads\/2019\/02\/isoc-foundation-og.jpg\" \/>\n\t<meta property=\"og:image:width\" content=\"1200\" \/>\n\t<meta property=\"og:image:height\" content=\"630\" \/>\n\t<meta property=\"og:image:type\" content=\"image\/jpeg\" \/>\n<meta name=\"twitter:card\" content=\"summary_large_image\" \/>\n<meta name=\"twitter:site\" content=\"@ISOC_Foundation\" \/>\n<meta name=\"twitter:label1\" content=\"Tiempo de lectura\" \/>\n\t<meta name=\"twitter:data1\" content=\"2 minutos\" \/>\n<script type=\"application\/ld+json\" class=\"yoast-schema-graph\">{\"@context\":\"https:\/\/schema.org\",\"@graph\":[{\"@type\":\"WebPage\",\"@id\":\"https:\/\/www.isocfoundation.org\/es\/carta-de-capitulo\/\",\"url\":\"https:\/\/www.isocfoundation.org\/es\/carta-de-capitulo\/\",\"name\":\"Carta de Cap\u00edtulo | Internet Society Foundation\",\"isPartOf\":{\"@id\":\"https:\/\/www.isocfoundation.org\/#website\"},\"datePublished\":\"2024-01-26T17:35:27+00:00\",\"dateModified\":\"2024-01-26T17:35:35+00:00\",\"breadcrumb\":{\"@id\":\"https:\/\/www.isocfoundation.org\/es\/carta-de-capitulo\/#breadcrumb\"},\"inLanguage\":\"es\",\"potentialAction\":[{\"@type\":\"ReadAction\",\"target\":[\"https:\/\/www.isocfoundation.org\/es\/carta-de-capitulo\/\"]}]},{\"@type\":\"BreadcrumbList\",\"@id\":\"https:\/\/www.isocfoundation.org\/es\/carta-de-capitulo\/#breadcrumb\",\"itemListElement\":[{\"@type\":\"ListItem\",\"position\":1,\"name\":\"Home\",\"item\":\"https:\/\/www.isocfoundation.org\/es\/\"},{\"@type\":\"ListItem\",\"position\":2,\"name\":\"Carta de Cap\u00edtulo\"}]},{\"@type\":\"WebSite\",\"@id\":\"https:\/\/www.isocfoundation.org\/#website\",\"url\":\"https:\/\/www.isocfoundation.org\/\",\"name\":\"Internet Society Foundation\",\"description\":\"The Internet transforms lives\",\"publisher\":{\"@id\":\"https:\/\/www.isocfoundation.org\/#organization\"},\"potentialAction\":[{\"@type\":\"SearchAction\",\"target\":{\"@type\":\"EntryPoint\",\"urlTemplate\":\"https:\/\/www.isocfoundation.org\/?s={search_term_string}\"},\"query-input\":{\"@type\":\"PropertyValueSpecification\",\"valueRequired\":true,\"valueName\":\"search_term_string\"}}],\"inLanguage\":\"es\"},{\"@type\":\"Organization\",\"@id\":\"https:\/\/www.isocfoundation.org\/#organization\",\"name\":\"Internet Society Foundation\",\"url\":\"https:\/\/www.isocfoundation.org\/\",\"logo\":{\"@type\":\"ImageObject\",\"inLanguage\":\"es\",\"@id\":\"https:\/\/www.isocfoundation.org\/#\/schema\/logo\/image\/\",\"url\":\"https:\/\/www.isocfoundation.org\/wp-content\/uploads\/2019\/02\/internet-society-foundation.jpg\",\"contentUrl\":\"https:\/\/www.isocfoundation.org\/wp-content\/uploads\/2019\/02\/internet-society-foundation.jpg\",\"width\":1200,\"height\":630,\"caption\":\"Internet Society Foundation\"},\"image\":{\"@id\":\"https:\/\/www.isocfoundation.org\/#\/schema\/logo\/image\/\"},\"sameAs\":[\"https:\/\/x.com\/ISOC_Foundation\"]}]}<\/script>\n<!-- \/ Yoast SEO plugin. -->","yoast_head_json":{"title":"Carta de Cap\u00edtulo | Internet Society Foundation","robots":{"index":"index","follow":"follow","max-snippet":"max-snippet:-1","max-image-preview":"max-image-preview:large","max-video-preview":"max-video-preview:-1"},"canonical":"https:\/\/www.isocfoundation.org\/es\/carta-de-capitulo\/","og_locale":"es_ES","og_type":"article","og_title":"Carta de Cap\u00edtulo | Internet Society Foundation","og_description":"Una vez que haya solicitado con \u00e9xito el Cap\u00edtulo y haya pasado por el proceso de revisi\u00f3n, recibir\u00e1 el acuerdo de Estatuto del Cap\u00edtulo de Internet Society que describe el apoyo que el Cap\u00edtulo recibir\u00e1 de Internet Society, as\u00ed como los est\u00e1ndares m\u00ednimos que deber\u00e1 mantener como Cap\u00edtulo de Internet Society. Acuerdo de Constituci\u00f3n del&hellip;","og_url":"https:\/\/www.isocfoundation.org\/es\/carta-de-capitulo\/","og_site_name":"Internet Society Foundation","article_modified_time":"2024-01-26T17:35:35+00:00","og_image":[{"width":1200,"height":630,"url":"https:\/\/www.isocfoundation.org\/wp-content\/uploads\/2019\/02\/isoc-foundation-og.jpg","type":"image\/jpeg"}],"twitter_card":"summary_large_image","twitter_site":"@ISOC_Foundation","twitter_misc":{"Tiempo de lectura":"2 minutos"},"schema":{"@context":"https:\/\/schema.org","@graph":[{"@type":"WebPage","@id":"https:\/\/www.isocfoundation.org\/es\/carta-de-capitulo\/","url":"https:\/\/www.isocfoundation.org\/es\/carta-de-capitulo\/","name":"Carta de Cap\u00edtulo | Internet Society Foundation","isPartOf":{"@id":"https:\/\/www.isocfoundation.org\/#website"},"datePublished":"2024-01-26T17:35:27+00:00","dateModified":"2024-01-26T17:35:35+00:00","breadcrumb":{"@id":"https:\/\/www.isocfoundation.org\/es\/carta-de-capitulo\/#breadcrumb"},"inLanguage":"es","potentialAction":[{"@type":"ReadAction","target":["https:\/\/www.isocfoundation.org\/es\/carta-de-capitulo\/"]}]},{"@type":"BreadcrumbList","@id":"https:\/\/www.isocfoundation.org\/es\/carta-de-capitulo\/#breadcrumb","itemListElement":[{"@type":"ListItem","position":1,"name":"Home","item":"https:\/\/www.isocfoundation.org\/es\/"},{"@type":"ListItem","position":2,"name":"Carta de Cap\u00edtulo"}]},{"@type":"WebSite","@id":"https:\/\/www.isocfoundation.org\/#website","url":"https:\/\/www.isocfoundation.org\/","name":"Internet Society Foundation","description":"The Internet transforms lives","publisher":{"@id":"https:\/\/www.isocfoundation.org\/#organization"},"potentialAction":[{"@type":"SearchAction","target":{"@type":"EntryPoint","urlTemplate":"https:\/\/www.isocfoundation.org\/?s={search_term_string}"},"query-input":{"@type":"PropertyValueSpecification","valueRequired":true,"valueName":"search_term_string"}}],"inLanguage":"es"},{"@type":"Organization","@id":"https:\/\/www.isocfoundation.org\/#organization","name":"Internet Society Foundation","url":"https:\/\/www.isocfoundation.org\/","logo":{"@type":"ImageObject","inLanguage":"es","@id":"https:\/\/www.isocfoundation.org\/#\/schema\/logo\/image\/","url":"https:\/\/www.isocfoundation.org\/wp-content\/uploads\/2019\/02\/internet-society-foundation.jpg","contentUrl":"https:\/\/www.isocfoundation.org\/wp-content\/uploads\/2019\/02\/internet-society-foundation.jpg","width":1200,"height":630,"caption":"Internet Society Foundation"},"image":{"@id":"https:\/\/www.isocfoundation.org\/#\/schema\/logo\/image\/"},"sameAs":["https:\/\/x.com\/ISOC_Foundation"]}]}},"_links":{"self":[{"href":"https:\/\/www.isocfoundation.org\/es\/wp-json\/wp\/v2\/pages\/10168","targetHints":{"allow":["GET"]}}],"collection":[{"href":"https:\/\/www.isocfoundation.org\/es\/wp-json\/wp\/v2\/pages"}],"about":[{"href":"https:\/\/www.isocfoundation.org\/es\/wp-json\/wp\/v2\/types\/page"}],"author":[{"embeddable":true,"href":"https:\/\/www.isocfoundation.org\/es\/wp-json\/wp\/v2\/users\/23"}],"replies":[{"embeddable":true,"href":"https:\/\/www.isocfoundation.org\/es\/wp-json\/wp\/v2\/comments?post=10168"}],"version-history":[{"count":0,"href":"https:\/\/www.isocfoundation.org\/es\/wp-json\/wp\/v2\/pages\/10168\/revisions"}],"wp:attachment":[{"href":"https:\/\/www.isocfoundation.org\/es\/wp-json\/wp\/v2\/media?parent=10168"}],"curies":[{"name":"wp","href":"https:\/\/api.w.org\/{rel}","templated":true}]}}