{"id":1040,"date":"2019-06-18T15:21:58","date_gmt":"2019-06-18T15:21:58","guid":{"rendered":"https:\/\/www.isocfoundation.org\/?page_id=1040"},"modified":"2026-02-11T17:09:37","modified_gmt":"2026-02-11T17:09:37","slug":"inicio","status":"publish","type":"page","link":"https:\/\/www.isocfoundation.org\/es\/","title":{"rendered":"Hogar"},"content":{"rendered":"\n\n\t<h2>La Fundaci\u00f3n Internet Society existe para apoyar la diferencia positiva que Internet puede hacer para las personas en todas partes. Promueve el desarrollo de Internet como una infraestructura t\u00e9cnica global, un recurso para enriquecer la vida de las personas y una fuerza para el bien en la sociedad. <\/h2>\n\t\t\t<a href=\"https:\/\/www.isocfoundation.org\/es\/acerca-de\/\"  target=\"_self\">\n\t\t\t\t\t\t\tAprende m\u00e1s\n\t\t\t\t\t<\/a>\n\t\t\t\t\t\t\t<button aria-label=\"previous\" type=\"button\">\n<\/button>\n\t\t\t\t<button aria-label=\"next\" type=\"button\">\n<\/button>\n\t\t<ul>\n\t\t\t\t<li>\n\t\t\t<a href=\"https:\/\/www.isocfoundation.org\/es\/grant-programme\/programa-de-subvenciones-bolt\/\" target=\"_self\"><img decoding=\"async\" loading=\"false\" src=\"https:\/\/www.isocfoundation.org\/wp-content\/uploads\/2021\/09\/shutterstock_1419591842-e1632908609836.jpg\" alt=\"group of people using sticky notes in a meeting\" \/><\/a>\t\t\t\n\t\t\t\t<h2>Programa de subvenciones BOLT<\/h2><p>El Programa de Subvenciones para la Creaci\u00f3n de Oportunidades y el Aprovechamiento de Tecnolog\u00edas (BOLT) apoya las innovaciones t\u00e9cnicas y sociales que promueven la conectividad a Internet.<\/p>\n\t\t\t<a href=\"https:\/\/www.isocfoundation.org\/es\/grant-programme\/programa-de-subvenciones-bolt\/\"  target=\"_self\">\n\t\t\t\t\t\t\tObtenga m\u00e1s informaci\u00f3n y presente su solicitud\n\t\t\t\t\t<\/a>\n<a href=\"https:\/\/www.isocfoundation.org\/es\/grant-programme\/programa-de-subvenciones-bolt\/\"  target=\"_self\"><img decoding=\"async\" loading=\"false\" src=\"https:\/\/www.isocfoundation.org\/wp-content\/uploads\/2021\/09\/shutterstock_1419591842-e1632908609836.jpg\" alt=\"group of people using sticky notes in a meeting\" \/><\/a>\t\t\t\n\t\t<\/li>\n\t\t\t<li>\n\t\t\t<a href=\"https:\/\/www.isocfoundation.org\/es\/?post_type=grant-programme&#038;p=1308\" target=\"_self\"><img decoding=\"async\" loading=\"false\" src=\"https:\/\/www.isocfoundation.org\/wp-content\/uploads\/2023\/04\/Large-grants_2-1.webp\" alt=\"A man fixing wires to the wall of a house\" \/><\/a>\t\t\t\n\t\t\t\t<h2>Programa de grandes subvenciones Beyond the Net<\/h2><p>Las grandes subvenciones de Beyond the Net apoyan proyectos innovadores de los cap\u00edtulos de Internet Society que buscan mejorar la calidad de vida de las personas al proporcionar un acceso significativo a una Internet abierta, confiable y global.<\/p>\n\t\t\t<a href=\"https:\/\/www.isocfoundation.org\/es\/?post_type=grant-programme&#038;p=1308\"  target=\"_self\">\n\t\t\t\t\t\t\tObtenga m\u00e1s informaci\u00f3n y presente su solicitud\n\t\t\t\t\t<\/a>\n<a href=\"https:\/\/www.isocfoundation.org\/es\/?post_type=grant-programme&#038;p=1308\"  target=\"_self\"><img decoding=\"async\" loading=\"false\" src=\"https:\/\/www.isocfoundation.org\/wp-content\/uploads\/2023\/04\/Large-grants_2-1.webp\" alt=\"A man fixing wires to the wall of a house\" \/><\/a>\t\t\t\n\t\t<\/li>\n\t\t\t<li>\n\t\t\t<a href=\"https:\/\/www.isocfoundation.org\/es\/grant-programme\/resiliency-grant-program\/\" target=\"_self\"><img decoding=\"async\" loading=\"false\" src=\"https:\/\/www.isocfoundation.org\/wp-content\/uploads\/2021\/07\/-apt.int_NepalPicture1-e1627460127748.jpg\" alt=\"Two men fitting antennae on top of a room in front of the Himalaya mountains in Nepal\" \/><\/a>\t\t\t\n\t\t\t\t<h2>Programa de subvenciones de resiliencia<\/h2><p>El Programa de Subvenciones de Resiliencia brinda apoyo para que las comunidades est\u00e9n preparadas y se reconecten a Internet r\u00e1pidamente despu\u00e9s de que ocurran desastres relacionados con el clima.<\/p>\n\t\t\t<a href=\"https:\/\/www.isocfoundation.org\/es\/grant-programme\/resiliency-grant-program\/\"  target=\"_self\">\n\t\t\t\t\t\t\tObtenga m\u00e1s informaci\u00f3n y presente su solicitud\n\t\t\t\t\t<\/a>\n<a href=\"https:\/\/www.isocfoundation.org\/es\/grant-programme\/resiliency-grant-program\/\"  target=\"_self\"><img decoding=\"async\" loading=\"false\" src=\"https:\/\/www.isocfoundation.org\/wp-content\/uploads\/2021\/07\/-apt.int_NepalPicture1-e1627460127748.jpg\" alt=\"Two men fitting antennae on top of a room in front of the Himalaya mountains in Nepal\" \/><\/a>\t\t\t\n\t\t<\/li>\n\t\t\t<li>\n\t\t\t<a href=\"https:\/\/www.isocfoundation.org\/es\/grant-programme\/programa-de-subvenciones-de-respuesta-a-emergencias-covid-19\/\" target=\"_self\"><img decoding=\"async\" loading=\"false\" src=\"https:\/\/www.isocfoundation.org\/wp-content\/uploads\/2020\/04\/img_3186-crop.jpg\" alt=\"A man walks down a muddy street between houses\" \/><\/a>\t\t\t\n\t\t\t\t<h2>Programa de subvenciones para respuesta a emergencias<\/h2><p>El Programa de Subvenciones para Respuesta a Emergencias proporciona fondos a organizaciones que trabajan en proyectos que utilizan Internet para mejorar vidas durante o en respuesta a una situaci\u00f3n de emergencia.<\/p>\n\t\t\t<a href=\"https:\/\/www.isocfoundation.org\/es\/grant-programme\/programa-de-subvenciones-de-respuesta-a-emergencias-covid-19\/\"  target=\"_self\">\n\t\t\t\t\t\t\tObtenga m\u00e1s informaci\u00f3n y presente su solicitud\n\t\t\t\t\t<\/a>\n<a href=\"https:\/\/www.isocfoundation.org\/es\/grant-programme\/programa-de-subvenciones-de-respuesta-a-emergencias-covid-19\/\"  target=\"_self\"><img decoding=\"async\" loading=\"false\" src=\"https:\/\/www.isocfoundation.org\/wp-content\/uploads\/2020\/04\/img_3186-crop.jpg\" alt=\"A man walks down a muddy street between houses\" \/><\/a>\t\t\t\n\t\t<\/li>\n\t\t\t<li>\n\t\t\t<a href=\"https:\/\/www.isocfoundation.org\/es\/grant-programme\/programa-de-becas-de-investigacion\/\" target=\"_self\"><img decoding=\"async\" loading=\"false\" src=\"https:\/\/www.isocfoundation.org\/wp-content\/uploads\/2020\/08\/ISOC-IMAGE-80-RGB-1-1.jpg\" alt=\"Wind turbines in a grass field at sunset\" \/><\/a>\t\t\t\n\t\t\t\t<h2>Programa de Becas de Investigaci\u00f3n<\/h2><p>El Programa de Becas de Investigaci\u00f3n apoya colaboraciones de investigaci\u00f3n globales que promueven la comprensi\u00f3n de Internet y su valor para todos.<\/p>\n\t\t\t<a href=\"https:\/\/www.isocfoundation.org\/es\/grant-programme\/programa-de-becas-de-investigacion\/\"  target=\"_self\">\n\t\t\t\t\t\t\tObtenga m\u00e1s informaci\u00f3n y presente su solicitud\n\t\t\t\t\t<\/a>\n<a href=\"https:\/\/www.isocfoundation.org\/es\/grant-programme\/programa-de-becas-de-investigacion\/\"  target=\"_self\"><img decoding=\"async\" loading=\"false\" src=\"https:\/\/www.isocfoundation.org\/wp-content\/uploads\/2020\/08\/ISOC-IMAGE-80-RGB-1-1.jpg\" alt=\"Wind turbines in a grass field at sunset\" \/><\/a>\t\t\t\n\t\t<\/li>\n\t\t\t<li>\n\t\t\t<a href=\"https:\/\/www.isocfoundation.org\/es\/grant-programme\/programa-de-subvenciones-scills\/\" target=\"_self\"><img decoding=\"async\" loading=\"false\" src=\"https:\/\/www.isocfoundation.org\/wp-content\/uploads\/2020\/03\/SCILLS-banner-2.png\" alt=\"Young women around a computer in Patna, Bihar, India\" \/><\/a>\t\t\t\n\t\t\t\t<h2>Programa de subvenciones SCILLS<\/h2><p>El Programa de Subvenciones para el Fortalecimiento de las Comunidades\/Mejora de las Vidas y los Medios de Subsistencia (SCILLS, por sus siglas en ingl\u00e9s) ampl\u00eda el crecimiento econ\u00f3mico y aumenta las oportunidades educativas al apoyar a las personas y las comunidades para que utilicen Internet con m\u00e1s conocimiento y habilidad.<\/p>\n\t\t\t<a href=\"https:\/\/www.isocfoundation.org\/es\/grant-programme\/programa-de-subvenciones-scills\/\"  target=\"_self\">\n\t\t\t\t\t\t\tObtenga m\u00e1s informaci\u00f3n y presente su solicitud\n\t\t\t\t\t<\/a>\n<a href=\"https:\/\/www.isocfoundation.org\/es\/grant-programme\/programa-de-subvenciones-scills\/\"  target=\"_self\"><img decoding=\"async\" loading=\"false\" src=\"https:\/\/www.isocfoundation.org\/wp-content\/uploads\/2020\/03\/SCILLS-banner-2.png\" alt=\"Young women around a computer in Patna, Bihar, India\" \/><\/a>\t\t\t\n\t\t<\/li>\n\t\t<\/ul>\n\t<h3>Explora y busca los proyectos que estamos financiando en todo el mundo<\/h3>\n\t\t\t<a href=\"https:\/\/www.isocfoundation.org\/about\/project-map\/\"  target=\"_self\">\n\t\t\t\t\t\t\tVer nuestros proyectos\n\t\t\t\t\t<\/a>\n<h2>\n\t\t\t\u00daltimas noticias e historias\t<\/h2>\n\t\t\t<a href=\"https:\/\/www.isocfoundation.org\/es\/historias\/\"  target=\"_self\">\n\t\t\t\t\t\t\tVer m\u00e1s historias de impacto\n\t\t\t\t\t<\/a>\n\t\t\t<a href=\"https:\/\/www.isocfoundation.org\/es\/noticias\/\"  target=\"_self\">\n\t\t\t\t\t\t\tVer m\u00e1s noticias\n\t\t\t\t\t<\/a>\n\n","protected":false},"excerpt":{"rendered":"<p>La Fundaci\u00f3n Internet Society existe para apoyar la diferencia positiva que Internet puede hacer para las personas en todas partes. Promueve el desarrollo de Internet como una infraestructura t\u00e9cnica global, un recurso para enriquecer la vida de las personas y una fuerza para el bien en la sociedad. Aprende m\u00e1s Programa de subvenciones BOLT El&hellip;<\/p>\n","protected":false},"author":1,"featured_media":568,"parent":3593,"menu_order":0,"comment_status":"closed","ping_status":"closed","template":"","meta":{"footnotes":""},"class_list":["post-1040","page","type-page","status-publish","has-post-thumbnail","hentry"],"yoast_head":"<!-- This site is optimized with the Yoast SEO plugin v27.1.1 - https:\/\/yoast.com\/product\/yoast-seo-wordpress\/ -->\n<title>Internet Society Foundation | The Internet transforms lives<\/title>\n<meta name=\"description\" content=\"La Fundaci\u00f3n Internet Society se centra en financiar iniciativas que fortalezcan la funci\u00f3n y el alcance de Internet para que pueda servir eficazmente a todas las personas. Obtenga m\u00e1s informaci\u00f3n sobre nuestro trabajo.\" \/>\n<meta name=\"robots\" content=\"index, follow, max-snippet:-1, max-image-preview:large, max-video-preview:-1\" \/>\n<link rel=\"canonical\" href=\"https:\/\/www.isocfoundation.org\/es\/\" \/>\n<meta property=\"og:locale\" content=\"es_ES\" \/>\n<meta property=\"og:type\" content=\"article\" \/>\n<meta property=\"og:title\" content=\"Internet Society Foundation | The Internet transforms lives\" \/>\n<meta property=\"og:description\" content=\"La Fundaci\u00f3n Internet Society se centra en financiar iniciativas que fortalezcan la funci\u00f3n y el alcance de Internet para que pueda servir eficazmente a todas las personas. Obtenga m\u00e1s informaci\u00f3n sobre nuestro trabajo.\" \/>\n<meta property=\"og:url\" content=\"https:\/\/www.isocfoundation.org\/es\/\" \/>\n<meta property=\"og:site_name\" content=\"Internet Society Foundation\" \/>\n<meta property=\"article:modified_time\" content=\"2026-02-11T17:09:37+00:00\" \/>\n<meta property=\"og:image\" content=\"https:\/\/www.isocfoundation.org\/wp-content\/uploads\/2019\/02\/isoc-foundation-og.jpg\" \/>\n\t<meta property=\"og:image:width\" content=\"1200\" \/>\n\t<meta property=\"og:image:height\" content=\"630\" \/>\n\t<meta property=\"og:image:type\" content=\"image\/jpeg\" \/>\n<meta name=\"twitter:card\" content=\"summary_large_image\" \/>\n<meta name=\"twitter:site\" content=\"@ISOC_Foundation\" \/>\n<meta name=\"twitter:label1\" content=\"Tiempo de lectura\" \/>\n\t<meta name=\"twitter:data1\" content=\"4 minutos\" \/>\n<script type=\"application\/ld+json\" class=\"yoast-schema-graph\">{\"@context\":\"https:\/\/schema.org\",\"@graph\":[{\"@type\":\"WebPage\",\"@id\":\"https:\/\/www.isocfoundation.org\/es\/\",\"url\":\"https:\/\/www.isocfoundation.org\/es\/\",\"name\":\"Internet Society Foundation | The Internet transforms lives\",\"isPartOf\":{\"@id\":\"https:\/\/www.isocfoundation.org\/#website\"},\"primaryImageOfPage\":{\"@id\":\"https:\/\/www.isocfoundation.org\/es\/#primaryimage\"},\"image\":{\"@id\":\"https:\/\/www.isocfoundation.org\/es\/#primaryimage\"},\"thumbnailUrl\":\"https:\/\/www.isocfoundation.org\/wp-content\/uploads\/2019\/02\/internet-society-foundation.jpg\",\"datePublished\":\"2019-06-18T15:21:58+00:00\",\"dateModified\":\"2026-02-11T17:09:37+00:00\",\"description\":\"La Fundaci\u00f3n Internet Society se centra en financiar iniciativas que fortalezcan la funci\u00f3n y el alcance de Internet para que pueda servir eficazmente a todas las personas. Obtenga m\u00e1s informaci\u00f3n sobre nuestro trabajo.\",\"breadcrumb\":{\"@id\":\"https:\/\/www.isocfoundation.org\/es\/#breadcrumb\"},\"inLanguage\":\"es\",\"potentialAction\":[{\"@type\":\"ReadAction\",\"target\":[\"https:\/\/www.isocfoundation.org\/es\/\"]}]},{\"@type\":\"ImageObject\",\"inLanguage\":\"es\",\"@id\":\"https:\/\/www.isocfoundation.org\/es\/#primaryimage\",\"url\":\"https:\/\/www.isocfoundation.org\/wp-content\/uploads\/2019\/02\/internet-society-foundation.jpg\",\"contentUrl\":\"https:\/\/www.isocfoundation.org\/wp-content\/uploads\/2019\/02\/internet-society-foundation.jpg\",\"width\":1200,\"height\":630},{\"@type\":\"BreadcrumbList\",\"@id\":\"https:\/\/www.isocfoundation.org\/es\/#breadcrumb\",\"itemListElement\":[{\"@type\":\"ListItem\",\"position\":1,\"name\":\"Home\",\"item\":\"https:\/\/www.isocfoundation.org\/es\/\"},{\"@type\":\"ListItem\",\"position\":2,\"name\":\"Plan de acci\u00f3n\",\"item\":\"https:\/\/www.isocfoundation.org\/es\/plan-de-accion\/\"},{\"@type\":\"ListItem\",\"position\":3,\"name\":\"Hogar\"}]},{\"@type\":\"WebSite\",\"@id\":\"https:\/\/www.isocfoundation.org\/#website\",\"url\":\"https:\/\/www.isocfoundation.org\/\",\"name\":\"Internet Society Foundation\",\"description\":\"The Internet transforms lives\",\"publisher\":{\"@id\":\"https:\/\/www.isocfoundation.org\/#organization\"},\"potentialAction\":[{\"@type\":\"SearchAction\",\"target\":{\"@type\":\"EntryPoint\",\"urlTemplate\":\"https:\/\/www.isocfoundation.org\/?s={search_term_string}\"},\"query-input\":{\"@type\":\"PropertyValueSpecification\",\"valueRequired\":true,\"valueName\":\"search_term_string\"}}],\"inLanguage\":\"es\"},{\"@type\":\"Organization\",\"@id\":\"https:\/\/www.isocfoundation.org\/#organization\",\"name\":\"Internet Society Foundation\",\"url\":\"https:\/\/www.isocfoundation.org\/\",\"logo\":{\"@type\":\"ImageObject\",\"inLanguage\":\"es\",\"@id\":\"https:\/\/www.isocfoundation.org\/#\/schema\/logo\/image\/\",\"url\":\"https:\/\/www.isocfoundation.org\/wp-content\/uploads\/2019\/02\/internet-society-foundation.jpg\",\"contentUrl\":\"https:\/\/www.isocfoundation.org\/wp-content\/uploads\/2019\/02\/internet-society-foundation.jpg\",\"width\":1200,\"height\":630,\"caption\":\"Internet Society Foundation\"},\"image\":{\"@id\":\"https:\/\/www.isocfoundation.org\/#\/schema\/logo\/image\/\"},\"sameAs\":[\"https:\/\/x.com\/ISOC_Foundation\"]}]}<\/script>\n<!-- \/ Yoast SEO plugin. -->","yoast_head_json":{"title":"Internet Society Foundation | The Internet transforms lives","description":"La Fundaci\u00f3n Internet Society se centra en financiar iniciativas que fortalezcan la funci\u00f3n y el alcance de Internet para que pueda servir eficazmente a todas las personas. Obtenga m\u00e1s informaci\u00f3n sobre nuestro trabajo.","robots":{"index":"index","follow":"follow","max-snippet":"max-snippet:-1","max-image-preview":"max-image-preview:large","max-video-preview":"max-video-preview:-1"},"canonical":"https:\/\/www.isocfoundation.org\/es\/","og_locale":"es_ES","og_type":"article","og_title":"Internet Society Foundation | The Internet transforms lives","og_description":"La Fundaci\u00f3n Internet Society se centra en financiar iniciativas que fortalezcan la funci\u00f3n y el alcance de Internet para que pueda servir eficazmente a todas las personas. Obtenga m\u00e1s informaci\u00f3n sobre nuestro trabajo.","og_url":"https:\/\/www.isocfoundation.org\/es\/","og_site_name":"Internet Society Foundation","article_modified_time":"2026-02-11T17:09:37+00:00","og_image":[{"width":1200,"height":630,"url":"https:\/\/www.isocfoundation.org\/wp-content\/uploads\/2019\/02\/isoc-foundation-og.jpg","type":"image\/jpeg"}],"twitter_card":"summary_large_image","twitter_site":"@ISOC_Foundation","twitter_misc":{"Tiempo de lectura":"4 minutos"},"schema":{"@context":"https:\/\/schema.org","@graph":[{"@type":"WebPage","@id":"https:\/\/www.isocfoundation.org\/es\/","url":"https:\/\/www.isocfoundation.org\/es\/","name":"Internet Society Foundation | The Internet transforms lives","isPartOf":{"@id":"https:\/\/www.isocfoundation.org\/#website"},"primaryImageOfPage":{"@id":"https:\/\/www.isocfoundation.org\/es\/#primaryimage"},"image":{"@id":"https:\/\/www.isocfoundation.org\/es\/#primaryimage"},"thumbnailUrl":"https:\/\/www.isocfoundation.org\/wp-content\/uploads\/2019\/02\/internet-society-foundation.jpg","datePublished":"2019-06-18T15:21:58+00:00","dateModified":"2026-02-11T17:09:37+00:00","description":"La Fundaci\u00f3n Internet Society se centra en financiar iniciativas que fortalezcan la funci\u00f3n y el alcance de Internet para que pueda servir eficazmente a todas las personas. Obtenga m\u00e1s informaci\u00f3n sobre nuestro trabajo.","breadcrumb":{"@id":"https:\/\/www.isocfoundation.org\/es\/#breadcrumb"},"inLanguage":"es","potentialAction":[{"@type":"ReadAction","target":["https:\/\/www.isocfoundation.org\/es\/"]}]},{"@type":"ImageObject","inLanguage":"es","@id":"https:\/\/www.isocfoundation.org\/es\/#primaryimage","url":"https:\/\/www.isocfoundation.org\/wp-content\/uploads\/2019\/02\/internet-society-foundation.jpg","contentUrl":"https:\/\/www.isocfoundation.org\/wp-content\/uploads\/2019\/02\/internet-society-foundation.jpg","width":1200,"height":630},{"@type":"BreadcrumbList","@id":"https:\/\/www.isocfoundation.org\/es\/#breadcrumb","itemListElement":[{"@type":"ListItem","position":1,"name":"Home","item":"https:\/\/www.isocfoundation.org\/es\/"},{"@type":"ListItem","position":2,"name":"Plan de acci\u00f3n","item":"https:\/\/www.isocfoundation.org\/es\/plan-de-accion\/"},{"@type":"ListItem","position":3,"name":"Hogar"}]},{"@type":"WebSite","@id":"https:\/\/www.isocfoundation.org\/#website","url":"https:\/\/www.isocfoundation.org\/","name":"Internet Society Foundation","description":"The Internet transforms lives","publisher":{"@id":"https:\/\/www.isocfoundation.org\/#organization"},"potentialAction":[{"@type":"SearchAction","target":{"@type":"EntryPoint","urlTemplate":"https:\/\/www.isocfoundation.org\/?s={search_term_string}"},"query-input":{"@type":"PropertyValueSpecification","valueRequired":true,"valueName":"search_term_string"}}],"inLanguage":"es"},{"@type":"Organization","@id":"https:\/\/www.isocfoundation.org\/#organization","name":"Internet Society Foundation","url":"https:\/\/www.isocfoundation.org\/","logo":{"@type":"ImageObject","inLanguage":"es","@id":"https:\/\/www.isocfoundation.org\/#\/schema\/logo\/image\/","url":"https:\/\/www.isocfoundation.org\/wp-content\/uploads\/2019\/02\/internet-society-foundation.jpg","contentUrl":"https:\/\/www.isocfoundation.org\/wp-content\/uploads\/2019\/02\/internet-society-foundation.jpg","width":1200,"height":630,"caption":"Internet Society Foundation"},"image":{"@id":"https:\/\/www.isocfoundation.org\/#\/schema\/logo\/image\/"},"sameAs":["https:\/\/x.com\/ISOC_Foundation"]}]}},"_links":{"self":[{"href":"https:\/\/www.isocfoundation.org\/es\/wp-json\/wp\/v2\/pages\/1040","targetHints":{"allow":["GET"]}}],"collection":[{"href":"https:\/\/www.isocfoundation.org\/es\/wp-json\/wp\/v2\/pages"}],"about":[{"href":"https:\/\/www.isocfoundation.org\/es\/wp-json\/wp\/v2\/types\/page"}],"author":[{"embeddable":true,"href":"https:\/\/www.isocfoundation.org\/es\/wp-json\/wp\/v2\/users\/1"}],"replies":[{"embeddable":true,"href":"https:\/\/www.isocfoundation.org\/es\/wp-json\/wp\/v2\/comments?post=1040"}],"version-history":[{"count":0,"href":"https:\/\/www.isocfoundation.org\/es\/wp-json\/wp\/v2\/pages\/1040\/revisions"}],"up":[{"embeddable":true,"href":"https:\/\/www.isocfoundation.org\/es\/wp-json\/wp\/v2\/pages\/3593"}],"wp:featuredmedia":[{"embeddable":true,"href":"https:\/\/www.isocfoundation.org\/es\/wp-json\/wp\/v2\/media\/568"}],"wp:attachment":[{"href":"https:\/\/www.isocfoundation.org\/es\/wp-json\/wp\/v2\/media?parent=1040"}],"curies":[{"name":"wp","href":"https:\/\/api.w.org\/{rel}","templated":true}]}}