{"id":1090,"date":"2019-02-15T02:46:21","date_gmt":"2019-02-15T02:46:21","guid":{"rendered":"https:\/\/www.isocfoundation.org\/?page_id=496"},"modified":"2022-02-02T16:10:13","modified_gmt":"2022-02-02T16:10:13","slug":"consejo-directivo","status":"publish","type":"page","link":"https:\/\/www.isocfoundation.org\/es\/consejo-directivo\/","title":{"rendered":"Consejo Directivo"},"content":{"rendered":"\n\n\t<p>La Fundaci\u00f3n de Internet Society es dirigida por un Consejo Directivo integrado por los miembros actuales del <a href=\"https:\/\/www.internetsociety.org\/board-of-trustees\/\">Consejo Directivo de Internet Society<\/a>.<\/p>\n<p>Los miembros son los siguientes (seleccione el nombre para ver su biograf\u00eda en el sitio web de Internet Society):<\/p>\n<ul>\n<li><a href=\"https:\/\/www.internetsociety.org\/author\/barnes\/\">Richard Barnes<\/a><\/li>\n<li><a href=\"https:\/\/www.internetsociety.org\/author\/diop\/\">Maimouna Diop<\/a><\/li>\n<li><a href=\"https:\/\/www.internetsociety.org\/author\/ebersman\/\">Paul Ebersman<\/a><\/li>\n<li><a href=\"https:\/\/www.internetsociety.org\/author\/haberman\/\">Brian Haberman<\/a><\/li>\n<li><a href=\"https:\/\/www.internetsociety.org\/author\/hardie\/\">Ted Hardie,\u00a0<\/a>Board Chair<\/li>\n<li><a href=\"https:\/\/www.internetsociety.org\/author\/martinez\/\">Luis Martinez<\/a><\/li>\n<li><a href=\"https:\/\/www.internetsociety.org\/author\/pepper\/\">Robert Pepper\u00a0<\/a><\/li>\n<li><a href=\"https:\/\/www.internetsociety.org\/author\/peterson\/\">Jon Peterson<\/a><\/li>\n<li><a href=\"https:\/\/www.internetsociety.org\/author\/sadowsky\/\">George Sadowsky<\/a><\/li>\n<li><a href=\"https:\/\/www.internetsociety.org\/author\/shabbir\/\">Muhammad Shabbir<\/a><\/li>\n<li><a href=\"https:\/\/www.internetsociety.org\/author\/thomson\/\">Laura Thomson,<\/a>\u00a0Treasurer<\/li>\n<\/ul>\n<p><a href=\"https:\/\/www.internetsociety.org\/author\/sullivan\/\">Andrew Sullivan<\/a>, presidente y director ejecutivo de Internet Society, tambi\u00e9n ejerce como presidente y director ejecutivo de la Fundaci\u00f3n de Internet Society.<\/p>\n<p>La membres\u00eda del Consejo Directivo incluye:<\/p>\n<ul>\n<li>Cuatro miembros elegidos por los <a href=\"https:\/\/www.internetsociety.org\/chapters\/\">cap\u00edtulos de Internet Society<\/a><\/li>\n<li>Cuatro miembros elegidos por los miembros de la <a href=\"https:\/\/www.internetsociety.org\/about-internet-society\/organization-members\/\">organizaci\u00f3n de Internet Society<\/a><\/li>\n<li>Cuatro miembros que integran el <a href=\"https:\/\/www.ietf.org\/\" target=\"_blank\" rel=\"noopener\">Grupo de Trabajo de Ingenier\u00eda de Internet (IETF, Internet Engineering Task Force)<\/a><\/li>\n<\/ul>\n<p>Puede encontrar m\u00e1s informaci\u00f3n sobre las pol\u00edticas, los procedimientos, las resoluciones, las reuniones y las elecciones del Consejo de Internet Society en la secci\u00f3n de <a href=\"https:\/\/www.internetsociety.org\/board-of-trustees\/\">Consejo Directivo del sitio web de Internet Society<\/a>.<\/p>\n<p>Se puede contactar a la junta de la Fundaci\u00f3n por correo electr\u00f3nico en: <a href=\"mailto:board-chair@isocfoundation.org\">board-chair@isocfoundation.org<\/a><\/p>\n<h2><a href=\"https:\/\/www.isocfoundation.org\/es\/consejo-directivo\/comites\/\">Comit\u00e9s<\/a><\/h2>\n<p>El Consejo Directivo de la Fundaci\u00f3n de Internet Society ha establecido los siguientes comit\u00e9s para que realicen el trabajo del Consejo:<\/p>\n<ul>\n<li><a href=\"https:\/\/www.isocfoundation.org\/es\/consejo-directivo\/comites\/comite-asesor-de-programas\/\">Comit\u00e9 Asesor de Programas<\/a><\/li>\n<\/ul>\n\t<h2><a href=\"https:\/\/www.isocfoundation.org\/es\/consejo-directivo\/reuniones\/\">Reuniones<\/a><\/h2>\n<p>En la actualidad, las reuniones del Consejo Directivo de la Fundaci\u00f3n de Internet Society se celebran conjuntamente con las <a href=\"https:\/\/www.internetsociety.org\/board-of-trustees\/meetings\/\">reuniones ordinarias del Consejo Directivo de Internet Society<\/a>. La primera reuni\u00f3n del Consejo Directivo de la Fundaci\u00f3n tuvo lugar el 1 de julio de 2018.<\/p>\n<h4><a href=\"https:\/\/www.isocfoundation.org\/es\/consejo-directivo\/reuniones\/\">Orden del d\u00eda de las reuniones:<\/a><\/h4>\n\t<h2><a href=\"https:\/\/www.isocfoundation.org\/es\/consejo-directivo\/actas\/\">Actas<\/a><\/h2>\n<p>Las actas del Consejo Directivo de la Fundaci\u00f3n de Internet Society se publican una vez que son aprobadas, normalmente, en la siguiente reuni\u00f3n del Consejo.<\/p>\n<h4><a href=\"https:\/\/www.isocfoundation.org\/es\/consejo-directivo\/actas\/\">Actas de las reuniones:<\/a><\/h4>\n\t<h2><a href=\"https:\/\/www.isocfoundation.org\/es\/consejo-directivo\/resoluciones\/\">Resoluciones<\/a><\/h2>\n<ul>\n<li><a href=\"https:\/\/www.isocfoundation.org\/es\/consejo-directivo\/resoluciones\/\">Lista de resoluciones <\/a> aprobadas por el Consejo Directivo de la Fundaci\u00f3n de Internet Society<\/li>\n<\/ul>\n<h2><a href=\"https:\/\/www.isocfoundation.org\/es\/consejo-directivo\/gobernanza-y-politicas\/\">Gobernanza<\/a><\/h2>\n<ul>\n<li><a href=\"https:\/\/www.isocfoundation.org\/es\/consejo-directivo\/gobernanza-y-politicas\/estatuto-de-la-fundacion-de-internet-society\/\">Estatuto de la Fundaci\u00f3n de Internet Society <\/a> adoptado por el Consejo el 13 de diciembre de 2017<\/li>\n<\/ul>\n\n","protected":false},"excerpt":{"rendered":"<p>La Fundaci\u00f3n de Internet Society es dirigida por un Consejo Directivo integrado por los miembros actuales del Consejo Directivo de Internet Society. Los miembros son los siguientes (seleccione el nombre para ver su biograf\u00eda en el sitio web de Internet Society): Richard Barnes Maimouna Diop Paul Ebersman Brian Haberman Ted Hardie,\u00a0Board Chair Luis Martinez Robert&hellip;<\/p>\n","protected":false},"author":2,"featured_media":0,"parent":0,"menu_order":2,"comment_status":"closed","ping_status":"closed","template":"","meta":{"footnotes":""},"class_list":["post-1090","page","type-page","status-publish","hentry"],"yoast_head":"<!-- This site is optimized with the Yoast SEO plugin v27.3 - https:\/\/yoast.com\/product\/yoast-seo-wordpress\/ -->\n<title>Consejo Directivo | Internet Society Foundation<\/title>\n<meta name=\"robots\" content=\"index, follow, max-snippet:-1, max-image-preview:large, max-video-preview:-1\" \/>\n<link rel=\"canonical\" href=\"https:\/\/www.isocfoundation.org\/es\/consejo-directivo\/\" \/>\n<meta property=\"og:locale\" content=\"es_ES\" \/>\n<meta property=\"og:type\" content=\"article\" \/>\n<meta property=\"og:title\" content=\"Consejo Directivo | Internet Society Foundation\" \/>\n<meta property=\"og:description\" content=\"La Fundaci\u00f3n de Internet Society es dirigida por un Consejo Directivo integrado por los miembros actuales del Consejo Directivo de Internet Society. Los miembros son los siguientes (seleccione el nombre para ver su biograf\u00eda en el sitio web de Internet Society): Richard Barnes Maimouna Diop Paul Ebersman Brian Haberman Ted Hardie,\u00a0Board Chair Luis Martinez Robert&hellip;\" \/>\n<meta property=\"og:url\" content=\"https:\/\/www.isocfoundation.org\/es\/consejo-directivo\/\" \/>\n<meta property=\"og:site_name\" content=\"Internet Society Foundation\" \/>\n<meta property=\"article:modified_time\" content=\"2022-02-02T16:10:13+00:00\" \/>\n<meta property=\"og:image\" content=\"https:\/\/www.isocfoundation.org\/wp-content\/uploads\/2019\/02\/isoc-foundation-og.jpg\" \/>\n\t<meta property=\"og:image:width\" content=\"1200\" \/>\n\t<meta property=\"og:image:height\" content=\"630\" \/>\n\t<meta property=\"og:image:type\" content=\"image\/jpeg\" \/>\n<meta name=\"twitter:card\" content=\"summary_large_image\" \/>\n<meta name=\"twitter:site\" content=\"@ISOC_Foundation\" \/>\n<meta name=\"twitter:label1\" content=\"Tiempo de lectura\" \/>\n\t<meta name=\"twitter:data1\" content=\"2 minutos\" \/>\n<script type=\"application\/ld+json\" class=\"yoast-schema-graph\">{\"@context\":\"https:\\\/\\\/schema.org\",\"@graph\":[{\"@type\":\"WebPage\",\"@id\":\"https:\\\/\\\/www.isocfoundation.org\\\/es\\\/consejo-directivo\\\/\",\"url\":\"https:\\\/\\\/www.isocfoundation.org\\\/es\\\/consejo-directivo\\\/\",\"name\":\"Consejo Directivo | Internet Society Foundation\",\"isPartOf\":{\"@id\":\"https:\\\/\\\/www.isocfoundation.org\\\/#website\"},\"datePublished\":\"2019-02-15T02:46:21+00:00\",\"dateModified\":\"2022-02-02T16:10:13+00:00\",\"breadcrumb\":{\"@id\":\"https:\\\/\\\/www.isocfoundation.org\\\/es\\\/consejo-directivo\\\/#breadcrumb\"},\"inLanguage\":\"es\",\"potentialAction\":[{\"@type\":\"ReadAction\",\"target\":[\"https:\\\/\\\/www.isocfoundation.org\\\/es\\\/consejo-directivo\\\/\"]}]},{\"@type\":\"BreadcrumbList\",\"@id\":\"https:\\\/\\\/www.isocfoundation.org\\\/es\\\/consejo-directivo\\\/#breadcrumb\",\"itemListElement\":[{\"@type\":\"ListItem\",\"position\":1,\"name\":\"Home\",\"item\":\"https:\\\/\\\/www.isocfoundation.org\\\/es\\\/\"},{\"@type\":\"ListItem\",\"position\":2,\"name\":\"Consejo Directivo\"}]},{\"@type\":\"WebSite\",\"@id\":\"https:\\\/\\\/www.isocfoundation.org\\\/#website\",\"url\":\"https:\\\/\\\/www.isocfoundation.org\\\/\",\"name\":\"Internet Society Foundation\",\"description\":\"The Internet transforms lives\",\"publisher\":{\"@id\":\"https:\\\/\\\/www.isocfoundation.org\\\/#organization\"},\"potentialAction\":[{\"@type\":\"SearchAction\",\"target\":{\"@type\":\"EntryPoint\",\"urlTemplate\":\"https:\\\/\\\/www.isocfoundation.org\\\/?s={search_term_string}\"},\"query-input\":{\"@type\":\"PropertyValueSpecification\",\"valueRequired\":true,\"valueName\":\"search_term_string\"}}],\"inLanguage\":\"es\"},{\"@type\":\"Organization\",\"@id\":\"https:\\\/\\\/www.isocfoundation.org\\\/#organization\",\"name\":\"Internet Society Foundation\",\"url\":\"https:\\\/\\\/www.isocfoundation.org\\\/\",\"logo\":{\"@type\":\"ImageObject\",\"inLanguage\":\"es\",\"@id\":\"https:\\\/\\\/www.isocfoundation.org\\\/#\\\/schema\\\/logo\\\/image\\\/\",\"url\":\"https:\\\/\\\/www.isocfoundation.org\\\/wp-content\\\/uploads\\\/2019\\\/02\\\/internet-society-foundation.jpg\",\"contentUrl\":\"https:\\\/\\\/www.isocfoundation.org\\\/wp-content\\\/uploads\\\/2019\\\/02\\\/internet-society-foundation.jpg\",\"width\":1200,\"height\":630,\"caption\":\"Internet Society Foundation\"},\"image\":{\"@id\":\"https:\\\/\\\/www.isocfoundation.org\\\/#\\\/schema\\\/logo\\\/image\\\/\"},\"sameAs\":[\"https:\\\/\\\/x.com\\\/ISOC_Foundation\"]}]}<\/script>\n<!-- \/ Yoast SEO plugin. -->","yoast_head_json":{"title":"Consejo Directivo | Internet Society Foundation","robots":{"index":"index","follow":"follow","max-snippet":"max-snippet:-1","max-image-preview":"max-image-preview:large","max-video-preview":"max-video-preview:-1"},"canonical":"https:\/\/www.isocfoundation.org\/es\/consejo-directivo\/","og_locale":"es_ES","og_type":"article","og_title":"Consejo Directivo | Internet Society Foundation","og_description":"La Fundaci\u00f3n de Internet Society es dirigida por un Consejo Directivo integrado por los miembros actuales del Consejo Directivo de Internet Society. Los miembros son los siguientes (seleccione el nombre para ver su biograf\u00eda en el sitio web de Internet Society): Richard Barnes Maimouna Diop Paul Ebersman Brian Haberman Ted Hardie,\u00a0Board Chair Luis Martinez Robert&hellip;","og_url":"https:\/\/www.isocfoundation.org\/es\/consejo-directivo\/","og_site_name":"Internet Society Foundation","article_modified_time":"2022-02-02T16:10:13+00:00","og_image":[{"width":1200,"height":630,"url":"https:\/\/www.isocfoundation.org\/wp-content\/uploads\/2019\/02\/isoc-foundation-og.jpg","type":"image\/jpeg"}],"twitter_card":"summary_large_image","twitter_site":"@ISOC_Foundation","twitter_misc":{"Tiempo de lectura":"2 minutos"},"schema":{"@context":"https:\/\/schema.org","@graph":[{"@type":"WebPage","@id":"https:\/\/www.isocfoundation.org\/es\/consejo-directivo\/","url":"https:\/\/www.isocfoundation.org\/es\/consejo-directivo\/","name":"Consejo Directivo | Internet Society Foundation","isPartOf":{"@id":"https:\/\/www.isocfoundation.org\/#website"},"datePublished":"2019-02-15T02:46:21+00:00","dateModified":"2022-02-02T16:10:13+00:00","breadcrumb":{"@id":"https:\/\/www.isocfoundation.org\/es\/consejo-directivo\/#breadcrumb"},"inLanguage":"es","potentialAction":[{"@type":"ReadAction","target":["https:\/\/www.isocfoundation.org\/es\/consejo-directivo\/"]}]},{"@type":"BreadcrumbList","@id":"https:\/\/www.isocfoundation.org\/es\/consejo-directivo\/#breadcrumb","itemListElement":[{"@type":"ListItem","position":1,"name":"Home","item":"https:\/\/www.isocfoundation.org\/es\/"},{"@type":"ListItem","position":2,"name":"Consejo Directivo"}]},{"@type":"WebSite","@id":"https:\/\/www.isocfoundation.org\/#website","url":"https:\/\/www.isocfoundation.org\/","name":"Internet Society Foundation","description":"The Internet transforms lives","publisher":{"@id":"https:\/\/www.isocfoundation.org\/#organization"},"potentialAction":[{"@type":"SearchAction","target":{"@type":"EntryPoint","urlTemplate":"https:\/\/www.isocfoundation.org\/?s={search_term_string}"},"query-input":{"@type":"PropertyValueSpecification","valueRequired":true,"valueName":"search_term_string"}}],"inLanguage":"es"},{"@type":"Organization","@id":"https:\/\/www.isocfoundation.org\/#organization","name":"Internet Society Foundation","url":"https:\/\/www.isocfoundation.org\/","logo":{"@type":"ImageObject","inLanguage":"es","@id":"https:\/\/www.isocfoundation.org\/#\/schema\/logo\/image\/","url":"https:\/\/www.isocfoundation.org\/wp-content\/uploads\/2019\/02\/internet-society-foundation.jpg","contentUrl":"https:\/\/www.isocfoundation.org\/wp-content\/uploads\/2019\/02\/internet-society-foundation.jpg","width":1200,"height":630,"caption":"Internet Society Foundation"},"image":{"@id":"https:\/\/www.isocfoundation.org\/#\/schema\/logo\/image\/"},"sameAs":["https:\/\/x.com\/ISOC_Foundation"]}]}},"_links":{"self":[{"href":"https:\/\/www.isocfoundation.org\/es\/wp-json\/wp\/v2\/pages\/1090","targetHints":{"allow":["GET"]}}],"collection":[{"href":"https:\/\/www.isocfoundation.org\/es\/wp-json\/wp\/v2\/pages"}],"about":[{"href":"https:\/\/www.isocfoundation.org\/es\/wp-json\/wp\/v2\/types\/page"}],"author":[{"embeddable":true,"href":"https:\/\/www.isocfoundation.org\/es\/wp-json\/wp\/v2\/users\/2"}],"replies":[{"embeddable":true,"href":"https:\/\/www.isocfoundation.org\/es\/wp-json\/wp\/v2\/comments?post=1090"}],"version-history":[{"count":0,"href":"https:\/\/www.isocfoundation.org\/es\/wp-json\/wp\/v2\/pages\/1090\/revisions"}],"wp:attachment":[{"href":"https:\/\/www.isocfoundation.org\/es\/wp-json\/wp\/v2\/media?parent=1090"}],"curies":[{"name":"wp","href":"https:\/\/api.w.org\/{rel}","templated":true}]}}