{"id":1094,"date":"2019-02-19T17:45:15","date_gmt":"2019-02-19T17:45:15","guid":{"rendered":"https:\/\/www.isocfoundation.org\/?page_id=591"},"modified":"2019-07-22T15:37:48","modified_gmt":"2019-07-22T15:37:48","slug":"comite-asesor-de-programas","status":"publish","type":"page","link":"https:\/\/www.isocfoundation.org\/es\/consejo-directivo\/comites\/comite-asesor-de-programas\/","title":{"rendered":"Comit\u00e9 Asesor de Programas"},"content":{"rendered":"\n<h2 class=\"wp-block-heading\">Miembros<\/h2>\n\n\n\n<p>Los miembros actuales del Comit\u00e9 Asesor de Programas son los siguientes<br>\n(seleccione el nombre para ver su biograf\u00eda en el sitio web de Internet Society):<\/p>\n\n\n\n<ul class=\"wp-block-list\"><li><a rel=\"noreferrer noopener\" aria-label=\"Hans Peter Dittler (opens in a new tab)\" href=\"https:\/\/www.internetsociety.org\/author\/dittler\/\" target=\"_blank\">Hans Peter Dittler<\/a>, presidente del Consejo<\/li><li><a rel=\"noreferrer noopener\" aria-label=\"Richard Barnes (opens in a new tab)\" href=\"https:\/\/www.internetsociety.org\/author\/barnes\/\" target=\"_blank\">Richard Barnes<\/a><\/li><li><a rel=\"noreferrer noopener\" aria-label=\"Olga Cavalli (opens in a new tab)\" href=\"https:\/\/www.internetsociety.org\/author\/cavalli\/\" target=\"_blank\">Olga Cavalli<\/a> <\/li><li><a rel=\"noreferrer noopener\" aria-label=\"John Levine (opens in a new tab)\" href=\"https:\/\/www.internetsociety.org\/author\/jlevine\/\" target=\"_blank\">John Levine<\/a><\/li><li><a rel=\"noreferrer noopener\" aria-label=\"Robert Pepper (opens in a new tab)\" href=\"https:\/\/www.internetsociety.org\/author\/pepper\/\" target=\"_blank\">Robert Pepper<\/a><\/li><\/ul>\n\n\n\n<hr class=\"wp-block-separator\"\/>\n\n\n\n<h2 class=\"wp-block-heading\">Acta de constituci\u00f3n<\/h2>\n\n\n\n<p>Adoptada el 15 de enero de 2019<\/p>\n\n\n\n<p>El Comit\u00e9 Asesor de Programas (el &#171;Comit\u00e9&#187;) del Consejo Directivo (el &#171;Consejo&#187;) de la Fundaci\u00f3n de Internet Society (la &#171;Fundaci\u00f3n&#187;) tiene las responsabilidades, los deberes y las facultades que se describen en esta Acta de constituci\u00f3n.<\/p>\n\n\n\n<h3 class=\"wp-block-heading\">I. Prop\u00f3sito<\/h3>\n\n\n\n<p>El prop\u00f3sito principal del Comit\u00e9 es brindar asesoramiento al director ejecutivo de la Fundaci\u00f3n de ISOC sobre cuestiones estrat\u00e9gicas en nombre del Consejo. Si bien el Consejo conservar\u00e1 la responsabilidad general de establecer pol\u00edticas, aprobar el plan y el presupuesto anual, y supervisar al director ejecutivo, el Comit\u00e9 actuar\u00e1 en nombre del Consejo para asesorar al director ejecutivo entre las reuniones del Consejo y proponer recomendaciones al Consejo sobre asuntos estrat\u00e9gicos.<\/p>\n\n\n\n<h3 class=\"wp-block-heading\">II. Composici\u00f3n<\/h3>\n\n\n\n<p>El Comit\u00e9 estar\u00e1 compuesto por cinco (5) consejeros de la Fundaci\u00f3n de ISOC, nombrados por el Consejo, m\u00e1s el director ejecutivo, que actuar\u00e1 como miembro ex officio sin derecho a voto. El presidente y los miembros del Comit\u00e9 ser\u00e1n nombrados por el Consejo en su primera reuni\u00f3n de 2019 y, en lo sucesivo, en cada reuni\u00f3n general anual, que coincidir\u00e1 con las reuniones generales anuales del Consejo de Internet Society. Para asegurar la continuidad, los mandatos de los miembros del Comit\u00e9 ser\u00e1n escalonados y durar\u00e1n dos (2) a\u00f1os. (Inicialmente, el Consejo debe nombrar a dos miembros por un mandato de un a\u00f1o y a tres miembros por un mandato de dos a\u00f1os).Debido a la funci\u00f3n consultiva del Comit\u00e9, es preferible que entre sus miembros no est\u00e9 el presidente del Consejo.<\/p>\n\n\n\n<p>Todos los miembros del Comit\u00e9 tendr\u00e1n (1) tiempo suficiente para dedicarse al trabajo del Comit\u00e9, adem\u00e1s de sus otras actividades en el Consejo de ISOC y de la Fundaci\u00f3n de ISOC; (2) experiencia demostrada en una o m\u00e1s de las \u00e1reas del programa de la Fundaci\u00f3n o experiencia previa con las operaciones de la Fundaci\u00f3n; y (3) un mandato en el Consejo de la Fundaci\u00f3n de ISOC que les permita comprometerse a un mandato de dos a\u00f1os en el Comit\u00e9. La composici\u00f3n del Comit\u00e9 tambi\u00e9n debe reflejar la diversidad de la comunidad de Internet Society.<\/p>\n\n\n\n<h3 class=\"wp-block-heading\">III. Normas especiales para conflictos de inter\u00e9s <\/h3>\n\n\n\n<p>Las actividades del Comit\u00e9 se llevar\u00e1n a cabo de conformidad con la Pol\u00edtica sobre conflictos de inter\u00e9s para consejeros y autoridades de la Fundaci\u00f3n.<\/p>\n\n\n\n<h3 class=\"wp-block-heading\">IV. Reuniones<\/h3>\n\n\n\n<p>El Comit\u00e9 se reunir\u00e1, como m\u00ednimo, trimestralmente. Durante la fase de puesta en marcha de la Fundaci\u00f3n, el Comit\u00e9 se reunir\u00e1 con la frecuencia que sea necesaria, seg\u00fan lo determine el presidente. Sin embargo, cualquier miembro del Comit\u00e9 puede convocar una reuni\u00f3n. El presidente, en consulta con el director ejecutivo, proporcionar\u00e1 el orden del d\u00eda, la hora, la fecha y el lugar de cada reuni\u00f3n.<\/p>\n\n\n\n<h3 class=\"wp-block-heading\">V. Responsabilidades y deberes<\/h3>\n\n\n\n<p>Los siguientes ser\u00e1n los principales deberes recurrentes del Comit\u00e9, en nombre del Consejo, en el ejercicio de sus funciones. Estas funciones tienen por objeto servir de gu\u00eda, en el entendimiento de que el Consejo podr\u00e1 modificarlas o complementarlas seg\u00fan corresponda:<\/p>\n\n\n\n<ul class=\"wp-block-list\"><li>Asesorar al director ejecutivo sobre la estrategia de la Fundaci\u00f3n y del \u00e1rea del programa, seg\u00fan se solicite.<\/li><li>Asesorar al director ejecutivo sobre las preguntas y los par\u00e1metros de los programas de la Fundaci\u00f3n.<\/li><li>Revisar trimestralmente con el director ejecutivo los avances de los programas de la Fundaci\u00f3n y brindar asesoramiento sobre la base de los conocimientos que vayan surgiendo.<\/li><li>Proporcionar otro tipo de asesoramiento estrat\u00e9gico, seg\u00fan lo solicite el director ejecutivo.<\/li><\/ul>\n\n\n\n<p>El Comit\u00e9 es de car\u00e1cter totalmente consultivo, y cualquier asunto puede ser tratado por todo el Consejo sin necesidad de ser tratado con anterioridad por el Comit\u00e9.<\/p>\n\n\n\n<h3 class=\"wp-block-heading\">VI. Autoridad y recursos<\/h3>\n\n\n\n<p>El Comit\u00e9 tendr\u00e1 la autoridad y los recursos necesarios para cumplir con sus responsabilidades y deberes. Esto incluir\u00e1 la autoridad para contratar a los abogados, expertos o consultores especiales que el Comit\u00e9 considere adecuados. La Fundaci\u00f3n proporcionar\u00e1 los fondos pertinentes que determine el Comit\u00e9 para el pago de los honorarios y gastos de dichos abogados, expertos o consultores especiales, as\u00ed como todos los gastos administrativos ordinarios en que incurran el Comit\u00e9 y sus miembros individuales que sean necesarios y adecuados para el desempe\u00f1o de sus funciones.<\/p>\n\n\n\n<h3 class=\"wp-block-heading\">VII. Revisi\u00f3n anual<\/h3>\n\n\n\n<p>El Comit\u00e9 revisar\u00e1, por lo menos una vez al a\u00f1o, (a) esta Acta de constituci\u00f3n y el alcance de las responsabilidades y los deberes del Comit\u00e9; y (b) el desempe\u00f1o de sus responsabilidades y deberes seg\u00fan lo establecido en esta Acta de constituci\u00f3n. El Comit\u00e9 remitir\u00e1 al Consejo, para que tome las medidas oportunas, cualquier propuesta de modificaci\u00f3n del Acta de constituci\u00f3n.<\/p>\n\n\n\n<h3 class=\"wp-block-heading\">VIII. Disponibilidad del Acta de constituci\u00f3n<\/h3>\n\n\n\n<p>El Comit\u00e9 pondr\u00e1 esta Acta de constituci\u00f3n a disposici\u00f3n del p\u00fablico en el sitio web de la Fundaci\u00f3n de ISOC.<\/p>\n","protected":false},"excerpt":{"rendered":"<p>Miembros Los miembros actuales del Comit\u00e9 Asesor de Programas son los siguientes (seleccione el nombre para ver su biograf\u00eda en el sitio web de Internet Society): Hans Peter Dittler, presidente del Consejo Richard Barnes Olga Cavalli John Levine Robert Pepper Acta de constituci\u00f3n Adoptada el 15 de enero de 2019 El Comit\u00e9 Asesor de Programas&hellip;<\/p>\n","protected":false},"author":2,"featured_media":0,"parent":1092,"menu_order":0,"comment_status":"closed","ping_status":"closed","template":"","meta":{"footnotes":""},"class_list":["post-1094","page","type-page","status-publish","hentry"],"yoast_head":"<!-- This site is optimized with the Yoast SEO plugin v27.3 - https:\/\/yoast.com\/product\/yoast-seo-wordpress\/ -->\n<title>Comit\u00e9 Asesor de Programas | Internet Society Foundation<\/title>\n<meta name=\"robots\" content=\"index, follow, max-snippet:-1, max-image-preview:large, max-video-preview:-1\" \/>\n<link rel=\"canonical\" href=\"https:\/\/www.isocfoundation.org\/es\/consejo-directivo\/comites\/comite-asesor-de-programas\/\" \/>\n<meta property=\"og:locale\" content=\"es_ES\" \/>\n<meta property=\"og:type\" content=\"article\" \/>\n<meta property=\"og:title\" content=\"Comit\u00e9 Asesor de Programas | Internet Society Foundation\" \/>\n<meta property=\"og:description\" content=\"Miembros Los miembros actuales del Comit\u00e9 Asesor de Programas son los siguientes (seleccione el nombre para ver su biograf\u00eda en el sitio web de Internet Society): Hans Peter Dittler, presidente del Consejo Richard Barnes Olga Cavalli John Levine Robert Pepper Acta de constituci\u00f3n Adoptada el 15 de enero de 2019 El Comit\u00e9 Asesor de Programas&hellip;\" \/>\n<meta property=\"og:url\" content=\"https:\/\/www.isocfoundation.org\/es\/consejo-directivo\/comites\/comite-asesor-de-programas\/\" \/>\n<meta property=\"og:site_name\" content=\"Internet Society Foundation\" \/>\n<meta property=\"article:modified_time\" content=\"2019-07-22T15:37:48+00:00\" \/>\n<meta property=\"og:image\" content=\"https:\/\/www.isocfoundation.org\/wp-content\/uploads\/2019\/02\/isoc-foundation-og.jpg\" \/>\n\t<meta property=\"og:image:width\" content=\"1200\" \/>\n\t<meta property=\"og:image:height\" content=\"630\" \/>\n\t<meta property=\"og:image:type\" content=\"image\/jpeg\" \/>\n<meta name=\"twitter:card\" content=\"summary_large_image\" \/>\n<meta name=\"twitter:site\" content=\"@ISOC_Foundation\" \/>\n<meta name=\"twitter:label1\" content=\"Tiempo de lectura\" \/>\n\t<meta name=\"twitter:data1\" content=\"4 minutos\" \/>\n<script type=\"application\/ld+json\" class=\"yoast-schema-graph\">{\"@context\":\"https:\\\/\\\/schema.org\",\"@graph\":[{\"@type\":\"WebPage\",\"@id\":\"https:\\\/\\\/www.isocfoundation.org\\\/es\\\/consejo-directivo\\\/comites\\\/comite-asesor-de-programas\\\/\",\"url\":\"https:\\\/\\\/www.isocfoundation.org\\\/es\\\/consejo-directivo\\\/comites\\\/comite-asesor-de-programas\\\/\",\"name\":\"Comit\u00e9 Asesor de Programas | Internet Society Foundation\",\"isPartOf\":{\"@id\":\"https:\\\/\\\/www.isocfoundation.org\\\/#website\"},\"datePublished\":\"2019-02-19T17:45:15+00:00\",\"dateModified\":\"2019-07-22T15:37:48+00:00\",\"breadcrumb\":{\"@id\":\"https:\\\/\\\/www.isocfoundation.org\\\/es\\\/consejo-directivo\\\/comites\\\/comite-asesor-de-programas\\\/#breadcrumb\"},\"inLanguage\":\"es\",\"potentialAction\":[{\"@type\":\"ReadAction\",\"target\":[\"https:\\\/\\\/www.isocfoundation.org\\\/es\\\/consejo-directivo\\\/comites\\\/comite-asesor-de-programas\\\/\"]}]},{\"@type\":\"BreadcrumbList\",\"@id\":\"https:\\\/\\\/www.isocfoundation.org\\\/es\\\/consejo-directivo\\\/comites\\\/comite-asesor-de-programas\\\/#breadcrumb\",\"itemListElement\":[{\"@type\":\"ListItem\",\"position\":1,\"name\":\"Home\",\"item\":\"https:\\\/\\\/www.isocfoundation.org\\\/es\\\/\"},{\"@type\":\"ListItem\",\"position\":2,\"name\":\"Consejo Directivo\",\"item\":\"https:\\\/\\\/www.isocfoundation.org\\\/es\\\/consejo-directivo\\\/\"},{\"@type\":\"ListItem\",\"position\":3,\"name\":\"Comit\u00e9s\",\"item\":\"https:\\\/\\\/www.isocfoundation.org\\\/es\\\/consejo-directivo\\\/comites\\\/\"},{\"@type\":\"ListItem\",\"position\":4,\"name\":\"Comit\u00e9 Asesor de Programas\"}]},{\"@type\":\"WebSite\",\"@id\":\"https:\\\/\\\/www.isocfoundation.org\\\/#website\",\"url\":\"https:\\\/\\\/www.isocfoundation.org\\\/\",\"name\":\"Internet Society Foundation\",\"description\":\"The Internet transforms lives\",\"publisher\":{\"@id\":\"https:\\\/\\\/www.isocfoundation.org\\\/#organization\"},\"potentialAction\":[{\"@type\":\"SearchAction\",\"target\":{\"@type\":\"EntryPoint\",\"urlTemplate\":\"https:\\\/\\\/www.isocfoundation.org\\\/?s={search_term_string}\"},\"query-input\":{\"@type\":\"PropertyValueSpecification\",\"valueRequired\":true,\"valueName\":\"search_term_string\"}}],\"inLanguage\":\"es\"},{\"@type\":\"Organization\",\"@id\":\"https:\\\/\\\/www.isocfoundation.org\\\/#organization\",\"name\":\"Internet Society Foundation\",\"url\":\"https:\\\/\\\/www.isocfoundation.org\\\/\",\"logo\":{\"@type\":\"ImageObject\",\"inLanguage\":\"es\",\"@id\":\"https:\\\/\\\/www.isocfoundation.org\\\/#\\\/schema\\\/logo\\\/image\\\/\",\"url\":\"https:\\\/\\\/www.isocfoundation.org\\\/wp-content\\\/uploads\\\/2019\\\/02\\\/internet-society-foundation.jpg\",\"contentUrl\":\"https:\\\/\\\/www.isocfoundation.org\\\/wp-content\\\/uploads\\\/2019\\\/02\\\/internet-society-foundation.jpg\",\"width\":1200,\"height\":630,\"caption\":\"Internet Society Foundation\"},\"image\":{\"@id\":\"https:\\\/\\\/www.isocfoundation.org\\\/#\\\/schema\\\/logo\\\/image\\\/\"},\"sameAs\":[\"https:\\\/\\\/x.com\\\/ISOC_Foundation\"]}]}<\/script>\n<!-- \/ Yoast SEO plugin. -->","yoast_head_json":{"title":"Comit\u00e9 Asesor de Programas | Internet Society Foundation","robots":{"index":"index","follow":"follow","max-snippet":"max-snippet:-1","max-image-preview":"max-image-preview:large","max-video-preview":"max-video-preview:-1"},"canonical":"https:\/\/www.isocfoundation.org\/es\/consejo-directivo\/comites\/comite-asesor-de-programas\/","og_locale":"es_ES","og_type":"article","og_title":"Comit\u00e9 Asesor de Programas | Internet Society Foundation","og_description":"Miembros Los miembros actuales del Comit\u00e9 Asesor de Programas son los siguientes (seleccione el nombre para ver su biograf\u00eda en el sitio web de Internet Society): Hans Peter Dittler, presidente del Consejo Richard Barnes Olga Cavalli John Levine Robert Pepper Acta de constituci\u00f3n Adoptada el 15 de enero de 2019 El Comit\u00e9 Asesor de Programas&hellip;","og_url":"https:\/\/www.isocfoundation.org\/es\/consejo-directivo\/comites\/comite-asesor-de-programas\/","og_site_name":"Internet Society Foundation","article_modified_time":"2019-07-22T15:37:48+00:00","og_image":[{"width":1200,"height":630,"url":"https:\/\/www.isocfoundation.org\/wp-content\/uploads\/2019\/02\/isoc-foundation-og.jpg","type":"image\/jpeg"}],"twitter_card":"summary_large_image","twitter_site":"@ISOC_Foundation","twitter_misc":{"Tiempo de lectura":"4 minutos"},"schema":{"@context":"https:\/\/schema.org","@graph":[{"@type":"WebPage","@id":"https:\/\/www.isocfoundation.org\/es\/consejo-directivo\/comites\/comite-asesor-de-programas\/","url":"https:\/\/www.isocfoundation.org\/es\/consejo-directivo\/comites\/comite-asesor-de-programas\/","name":"Comit\u00e9 Asesor de Programas | Internet Society Foundation","isPartOf":{"@id":"https:\/\/www.isocfoundation.org\/#website"},"datePublished":"2019-02-19T17:45:15+00:00","dateModified":"2019-07-22T15:37:48+00:00","breadcrumb":{"@id":"https:\/\/www.isocfoundation.org\/es\/consejo-directivo\/comites\/comite-asesor-de-programas\/#breadcrumb"},"inLanguage":"es","potentialAction":[{"@type":"ReadAction","target":["https:\/\/www.isocfoundation.org\/es\/consejo-directivo\/comites\/comite-asesor-de-programas\/"]}]},{"@type":"BreadcrumbList","@id":"https:\/\/www.isocfoundation.org\/es\/consejo-directivo\/comites\/comite-asesor-de-programas\/#breadcrumb","itemListElement":[{"@type":"ListItem","position":1,"name":"Home","item":"https:\/\/www.isocfoundation.org\/es\/"},{"@type":"ListItem","position":2,"name":"Consejo Directivo","item":"https:\/\/www.isocfoundation.org\/es\/consejo-directivo\/"},{"@type":"ListItem","position":3,"name":"Comit\u00e9s","item":"https:\/\/www.isocfoundation.org\/es\/consejo-directivo\/comites\/"},{"@type":"ListItem","position":4,"name":"Comit\u00e9 Asesor de Programas"}]},{"@type":"WebSite","@id":"https:\/\/www.isocfoundation.org\/#website","url":"https:\/\/www.isocfoundation.org\/","name":"Internet Society Foundation","description":"The Internet transforms lives","publisher":{"@id":"https:\/\/www.isocfoundation.org\/#organization"},"potentialAction":[{"@type":"SearchAction","target":{"@type":"EntryPoint","urlTemplate":"https:\/\/www.isocfoundation.org\/?s={search_term_string}"},"query-input":{"@type":"PropertyValueSpecification","valueRequired":true,"valueName":"search_term_string"}}],"inLanguage":"es"},{"@type":"Organization","@id":"https:\/\/www.isocfoundation.org\/#organization","name":"Internet Society Foundation","url":"https:\/\/www.isocfoundation.org\/","logo":{"@type":"ImageObject","inLanguage":"es","@id":"https:\/\/www.isocfoundation.org\/#\/schema\/logo\/image\/","url":"https:\/\/www.isocfoundation.org\/wp-content\/uploads\/2019\/02\/internet-society-foundation.jpg","contentUrl":"https:\/\/www.isocfoundation.org\/wp-content\/uploads\/2019\/02\/internet-society-foundation.jpg","width":1200,"height":630,"caption":"Internet Society Foundation"},"image":{"@id":"https:\/\/www.isocfoundation.org\/#\/schema\/logo\/image\/"},"sameAs":["https:\/\/x.com\/ISOC_Foundation"]}]}},"_links":{"self":[{"href":"https:\/\/www.isocfoundation.org\/es\/wp-json\/wp\/v2\/pages\/1094","targetHints":{"allow":["GET"]}}],"collection":[{"href":"https:\/\/www.isocfoundation.org\/es\/wp-json\/wp\/v2\/pages"}],"about":[{"href":"https:\/\/www.isocfoundation.org\/es\/wp-json\/wp\/v2\/types\/page"}],"author":[{"embeddable":true,"href":"https:\/\/www.isocfoundation.org\/es\/wp-json\/wp\/v2\/users\/2"}],"replies":[{"embeddable":true,"href":"https:\/\/www.isocfoundation.org\/es\/wp-json\/wp\/v2\/comments?post=1094"}],"version-history":[{"count":0,"href":"https:\/\/www.isocfoundation.org\/es\/wp-json\/wp\/v2\/pages\/1094\/revisions"}],"up":[{"embeddable":true,"href":"https:\/\/www.isocfoundation.org\/es\/wp-json\/wp\/v2\/pages\/1092"}],"wp:attachment":[{"href":"https:\/\/www.isocfoundation.org\/es\/wp-json\/wp\/v2\/media?parent=1094"}],"curies":[{"name":"wp","href":"https:\/\/api.w.org\/{rel}","templated":true}]}}