{"id":1096,"date":"2019-05-13T03:23:09","date_gmt":"2019-05-13T03:23:09","guid":{"rendered":"https:\/\/www.isocfoundation.org\/?page_id=828"},"modified":"2019-08-02T14:44:18","modified_gmt":"2019-08-02T14:44:18","slug":"reuniones","status":"publish","type":"page","link":"https:\/\/www.isocfoundation.org\/es\/consejo-directivo\/reuniones\/","title":{"rendered":"Reuniones"},"content":{"rendered":"\n\t<p>En la actualidad, las reuniones del Consejo Directivo de la Fundaci\u00f3n de Internet Society se celebran conjuntamente con las <a href=\"https:\/\/www.internetsociety.org\/board-of-trustees\/meetings\/\">reuniones ordinarias del Consejo Directivo de Internet Society<\/a>. La primera reuni\u00f3n del Consejo Directivo de la Fundaci\u00f3n tuvo lugar el 1 de julio de 2018.<\/p>\n<h2>Orden del d\u00eda de las reuniones:<\/h2>\n","protected":false},"excerpt":{"rendered":"<p>En la actualidad, las reuniones del Consejo Directivo de la Fundaci\u00f3n de Internet Society se celebran conjuntamente con las reuniones ordinarias del Consejo Directivo de Internet Society. La primera reuni\u00f3n del Consejo Directivo de la Fundaci\u00f3n tuvo lugar el 1 de julio de 2018. Orden del d\u00eda de las reuniones:<\/p>\n","protected":false},"author":1,"featured_media":0,"parent":1090,"menu_order":1,"comment_status":"closed","ping_status":"closed","template":"","meta":{"footnotes":""},"class_list":["post-1096","page","type-page","status-publish","hentry"],"yoast_head":"<!-- This site is optimized with the Yoast SEO plugin v27.3 - https:\/\/yoast.com\/product\/yoast-seo-wordpress\/ -->\n<title>Reuniones | Internet Society Foundation<\/title>\n<meta name=\"robots\" content=\"index, follow, max-snippet:-1, max-image-preview:large, max-video-preview:-1\" \/>\n<link rel=\"canonical\" href=\"https:\/\/www.isocfoundation.org\/es\/consejo-directivo\/reuniones\/\" \/>\n<meta property=\"og:locale\" content=\"es_ES\" \/>\n<meta property=\"og:type\" content=\"article\" \/>\n<meta property=\"og:title\" content=\"Reuniones | Internet Society Foundation\" \/>\n<meta property=\"og:description\" content=\"En la actualidad, las reuniones del Consejo Directivo de la Fundaci\u00f3n de Internet Society se celebran conjuntamente con las reuniones ordinarias del Consejo Directivo de Internet Society. La primera reuni\u00f3n del Consejo Directivo de la Fundaci\u00f3n tuvo lugar el 1 de julio de 2018. Orden del d\u00eda de las reuniones:\" \/>\n<meta property=\"og:url\" content=\"https:\/\/www.isocfoundation.org\/es\/consejo-directivo\/reuniones\/\" \/>\n<meta property=\"og:site_name\" content=\"Internet Society Foundation\" \/>\n<meta property=\"article:modified_time\" content=\"2019-08-02T14:44:18+00:00\" \/>\n<meta property=\"og:image\" content=\"https:\/\/www.isocfoundation.org\/wp-content\/uploads\/2019\/02\/isoc-foundation-og.jpg\" \/>\n\t<meta property=\"og:image:width\" content=\"1200\" \/>\n\t<meta property=\"og:image:height\" content=\"630\" \/>\n\t<meta property=\"og:image:type\" content=\"image\/jpeg\" \/>\n<meta name=\"twitter:card\" content=\"summary_large_image\" \/>\n<meta name=\"twitter:site\" content=\"@ISOC_Foundation\" \/>\n<script type=\"application\/ld+json\" class=\"yoast-schema-graph\">{\"@context\":\"https:\\\/\\\/schema.org\",\"@graph\":[{\"@type\":\"WebPage\",\"@id\":\"https:\\\/\\\/www.isocfoundation.org\\\/es\\\/consejo-directivo\\\/reuniones\\\/\",\"url\":\"https:\\\/\\\/www.isocfoundation.org\\\/es\\\/consejo-directivo\\\/reuniones\\\/\",\"name\":\"Reuniones | Internet Society Foundation\",\"isPartOf\":{\"@id\":\"https:\\\/\\\/www.isocfoundation.org\\\/#website\"},\"datePublished\":\"2019-05-13T03:23:09+00:00\",\"dateModified\":\"2019-08-02T14:44:18+00:00\",\"breadcrumb\":{\"@id\":\"https:\\\/\\\/www.isocfoundation.org\\\/es\\\/consejo-directivo\\\/reuniones\\\/#breadcrumb\"},\"inLanguage\":\"es\",\"potentialAction\":[{\"@type\":\"ReadAction\",\"target\":[\"https:\\\/\\\/www.isocfoundation.org\\\/es\\\/consejo-directivo\\\/reuniones\\\/\"]}]},{\"@type\":\"BreadcrumbList\",\"@id\":\"https:\\\/\\\/www.isocfoundation.org\\\/es\\\/consejo-directivo\\\/reuniones\\\/#breadcrumb\",\"itemListElement\":[{\"@type\":\"ListItem\",\"position\":1,\"name\":\"Home\",\"item\":\"https:\\\/\\\/www.isocfoundation.org\\\/es\\\/\"},{\"@type\":\"ListItem\",\"position\":2,\"name\":\"Consejo Directivo\",\"item\":\"https:\\\/\\\/www.isocfoundation.org\\\/es\\\/consejo-directivo\\\/\"},{\"@type\":\"ListItem\",\"position\":3,\"name\":\"Reuniones\"}]},{\"@type\":\"WebSite\",\"@id\":\"https:\\\/\\\/www.isocfoundation.org\\\/#website\",\"url\":\"https:\\\/\\\/www.isocfoundation.org\\\/\",\"name\":\"Internet Society Foundation\",\"description\":\"The Internet transforms lives\",\"publisher\":{\"@id\":\"https:\\\/\\\/www.isocfoundation.org\\\/#organization\"},\"potentialAction\":[{\"@type\":\"SearchAction\",\"target\":{\"@type\":\"EntryPoint\",\"urlTemplate\":\"https:\\\/\\\/www.isocfoundation.org\\\/?s={search_term_string}\"},\"query-input\":{\"@type\":\"PropertyValueSpecification\",\"valueRequired\":true,\"valueName\":\"search_term_string\"}}],\"inLanguage\":\"es\"},{\"@type\":\"Organization\",\"@id\":\"https:\\\/\\\/www.isocfoundation.org\\\/#organization\",\"name\":\"Internet Society Foundation\",\"url\":\"https:\\\/\\\/www.isocfoundation.org\\\/\",\"logo\":{\"@type\":\"ImageObject\",\"inLanguage\":\"es\",\"@id\":\"https:\\\/\\\/www.isocfoundation.org\\\/#\\\/schema\\\/logo\\\/image\\\/\",\"url\":\"https:\\\/\\\/www.isocfoundation.org\\\/wp-content\\\/uploads\\\/2019\\\/02\\\/internet-society-foundation.jpg\",\"contentUrl\":\"https:\\\/\\\/www.isocfoundation.org\\\/wp-content\\\/uploads\\\/2019\\\/02\\\/internet-society-foundation.jpg\",\"width\":1200,\"height\":630,\"caption\":\"Internet Society Foundation\"},\"image\":{\"@id\":\"https:\\\/\\\/www.isocfoundation.org\\\/#\\\/schema\\\/logo\\\/image\\\/\"},\"sameAs\":[\"https:\\\/\\\/x.com\\\/ISOC_Foundation\"]}]}<\/script>\n<!-- \/ Yoast SEO plugin. -->","yoast_head_json":{"title":"Reuniones | Internet Society Foundation","robots":{"index":"index","follow":"follow","max-snippet":"max-snippet:-1","max-image-preview":"max-image-preview:large","max-video-preview":"max-video-preview:-1"},"canonical":"https:\/\/www.isocfoundation.org\/es\/consejo-directivo\/reuniones\/","og_locale":"es_ES","og_type":"article","og_title":"Reuniones | Internet Society Foundation","og_description":"En la actualidad, las reuniones del Consejo Directivo de la Fundaci\u00f3n de Internet Society se celebran conjuntamente con las reuniones ordinarias del Consejo Directivo de Internet Society. La primera reuni\u00f3n del Consejo Directivo de la Fundaci\u00f3n tuvo lugar el 1 de julio de 2018. Orden del d\u00eda de las reuniones:","og_url":"https:\/\/www.isocfoundation.org\/es\/consejo-directivo\/reuniones\/","og_site_name":"Internet Society Foundation","article_modified_time":"2019-08-02T14:44:18+00:00","og_image":[{"width":1200,"height":630,"url":"https:\/\/www.isocfoundation.org\/wp-content\/uploads\/2019\/02\/isoc-foundation-og.jpg","type":"image\/jpeg"}],"twitter_card":"summary_large_image","twitter_site":"@ISOC_Foundation","schema":{"@context":"https:\/\/schema.org","@graph":[{"@type":"WebPage","@id":"https:\/\/www.isocfoundation.org\/es\/consejo-directivo\/reuniones\/","url":"https:\/\/www.isocfoundation.org\/es\/consejo-directivo\/reuniones\/","name":"Reuniones | Internet Society Foundation","isPartOf":{"@id":"https:\/\/www.isocfoundation.org\/#website"},"datePublished":"2019-05-13T03:23:09+00:00","dateModified":"2019-08-02T14:44:18+00:00","breadcrumb":{"@id":"https:\/\/www.isocfoundation.org\/es\/consejo-directivo\/reuniones\/#breadcrumb"},"inLanguage":"es","potentialAction":[{"@type":"ReadAction","target":["https:\/\/www.isocfoundation.org\/es\/consejo-directivo\/reuniones\/"]}]},{"@type":"BreadcrumbList","@id":"https:\/\/www.isocfoundation.org\/es\/consejo-directivo\/reuniones\/#breadcrumb","itemListElement":[{"@type":"ListItem","position":1,"name":"Home","item":"https:\/\/www.isocfoundation.org\/es\/"},{"@type":"ListItem","position":2,"name":"Consejo Directivo","item":"https:\/\/www.isocfoundation.org\/es\/consejo-directivo\/"},{"@type":"ListItem","position":3,"name":"Reuniones"}]},{"@type":"WebSite","@id":"https:\/\/www.isocfoundation.org\/#website","url":"https:\/\/www.isocfoundation.org\/","name":"Internet Society Foundation","description":"The Internet transforms lives","publisher":{"@id":"https:\/\/www.isocfoundation.org\/#organization"},"potentialAction":[{"@type":"SearchAction","target":{"@type":"EntryPoint","urlTemplate":"https:\/\/www.isocfoundation.org\/?s={search_term_string}"},"query-input":{"@type":"PropertyValueSpecification","valueRequired":true,"valueName":"search_term_string"}}],"inLanguage":"es"},{"@type":"Organization","@id":"https:\/\/www.isocfoundation.org\/#organization","name":"Internet Society Foundation","url":"https:\/\/www.isocfoundation.org\/","logo":{"@type":"ImageObject","inLanguage":"es","@id":"https:\/\/www.isocfoundation.org\/#\/schema\/logo\/image\/","url":"https:\/\/www.isocfoundation.org\/wp-content\/uploads\/2019\/02\/internet-society-foundation.jpg","contentUrl":"https:\/\/www.isocfoundation.org\/wp-content\/uploads\/2019\/02\/internet-society-foundation.jpg","width":1200,"height":630,"caption":"Internet Society Foundation"},"image":{"@id":"https:\/\/www.isocfoundation.org\/#\/schema\/logo\/image\/"},"sameAs":["https:\/\/x.com\/ISOC_Foundation"]}]}},"_links":{"self":[{"href":"https:\/\/www.isocfoundation.org\/es\/wp-json\/wp\/v2\/pages\/1096","targetHints":{"allow":["GET"]}}],"collection":[{"href":"https:\/\/www.isocfoundation.org\/es\/wp-json\/wp\/v2\/pages"}],"about":[{"href":"https:\/\/www.isocfoundation.org\/es\/wp-json\/wp\/v2\/types\/page"}],"author":[{"embeddable":true,"href":"https:\/\/www.isocfoundation.org\/es\/wp-json\/wp\/v2\/users\/1"}],"replies":[{"embeddable":true,"href":"https:\/\/www.isocfoundation.org\/es\/wp-json\/wp\/v2\/comments?post=1096"}],"version-history":[{"count":0,"href":"https:\/\/www.isocfoundation.org\/es\/wp-json\/wp\/v2\/pages\/1096\/revisions"}],"up":[{"embeddable":true,"href":"https:\/\/www.isocfoundation.org\/es\/wp-json\/wp\/v2\/pages\/1090"}],"wp:attachment":[{"href":"https:\/\/www.isocfoundation.org\/es\/wp-json\/wp\/v2\/media?parent=1096"}],"curies":[{"name":"wp","href":"https:\/\/api.w.org\/{rel}","templated":true}]}}