{"id":1100,"date":"2019-03-05T21:50:29","date_gmt":"2019-03-05T21:50:29","guid":{"rendered":"https:\/\/www.isocfoundation.org\/?page_id=604"},"modified":"2019-07-30T14:34:14","modified_gmt":"2019-07-30T14:34:14","slug":"resoluciones","status":"publish","type":"page","link":"https:\/\/www.isocfoundation.org\/es\/consejo-directivo\/resoluciones\/","title":{"rendered":"Resoluciones"},"content":{"rendered":"\n<p><a href=\"https:\/\/www.isocfoundation.org\/es\/consejo-directivo\/\">El Consejo de Administraci\u00f3n de la Internet Society Foundation<\/a> aprob\u00f3 las siguientes resoluciones en sus reuniones:<\/p>\n\n\n\n<h2 class=\"wp-block-heading\">Resoluciones en 2019<\/h2>\n\n\n\n<p><strong>Resoluci\u00f3n F2019-01: Establecer un Comit\u00e9 Consultivo de Programas del Consejo de Administraci\u00f3n de la Fundaci\u00f3n.<br><\/strong>SE RESUELVE que el Consejo de Administraci\u00f3n de la Internet Society Foundation establezca un Comit\u00e9 Consultivo de Programas y apruebe su acta constitutiva tal como se presenta.<\/p>\n\n\n\n<p><strong>Resoluci\u00f3n F2019-02: Nombrar a los miembros del Comit\u00e9 Consultivo de Programas<br><\/strong>SE RESUELVE que el Consejo nombre a Hans Peter Dittler (presidente), Richard Barnes, John Levine, Robert Pepper y Olga Cavalli como miembros del Comit\u00e9 Consultivo de Programas, para ocupar sus cargos hasta la Reuni\u00f3n general anual de 2019.<\/p>\n\n\n\n<h2 class=\"wp-block-heading\">Resoluciones en 2018<\/h2>\n\n\n\n<p><strong>RESOLUCI\u00d3N F2018-01: seleccionar a las autoridades de la Fundaci\u00f3n<\/strong><br>SE RESUELVE nombrar a las siguientes personas para los cargos de la Fundaci\u00f3n, para ejercer hasta la pr\u00f3xima Reuni\u00f3n general anual de Internet Society:<\/p>\n\n\n\n<ul class=\"wp-block-list\"><li>Presidente del Consejo&#8211;Gonzalo Camarillo<\/li><li>Presidenta y directora ejecutiva&#8211;Kathryn Brown<\/li><li>Tesorero&#8211;Sean Turner<\/li><li>Secretario&#8211;John Levine<\/li><\/ul>\n\n\n\n<p><strong>RESOLUCI\u00d3N F2018-02: presupuesto y dotaci\u00f3n de personal de la Fundaci\u00f3n<\/strong><br>SE RESUELVE aprobar la propuesta de presupuesto y dotaci\u00f3n de personal para el resto de 2018 en la forma presentada en la reuni\u00f3n.<\/p>\n\n\n\n<p><strong>Resoluci\u00f3n F2018-03: aprobar el acta de la primera reuni\u00f3n del Consejo de la Fundaci\u00f3n<\/strong><br>SE RESUELVE aprobar el acta de la primera reuni\u00f3n del Consejo Directivo, celebrada en la ciudad de Panam\u00e1 el 1 de julio de 2018.<\/p>\n\n\n\n<p><strong>RESOLUCI\u00d3N F2018-04: elegir a Andrew Sullivan como presidente y director ejecutivo<\/strong><br>Andrew Sullivan fue elegido presidente y director ejecutivo de la Fundaci\u00f3n mediante votaci\u00f3n secreta.El recuento fue de 12 para Andrew, sin abstenciones.<\/p>\n\n\n\n<p><strong>RESOLUCI\u00d3N F2018-05: aprobar el presupuesto de la Fundaci\u00f3n para 2019<\/strong><br>SE RESUELVE que el Consejo de la Fundaci\u00f3n de Internet Society apruebe el presupuesto de la Fundaci\u00f3n para 2019 tal como se present\u00f3.<\/p>\n\n\n\n<p><strong>RESOLUCI\u00d3N F2018-06: aprobar la contribuci\u00f3n a la reserva para operaciones de IETF LLC<\/strong><br><\/p>\n\n\n\n<p>CONSIDERANDO que Internet Society y IETF Administration LLC (&#171;IETF&#187;) son partes del Acuerdo de Sociedad de Responsabilidad Limitada de IETF Administration LLC con fecha del 27 de agosto de 2018 (el &#171;Acuerdo&#187;); y<br>\nCONSIDERANDO que el Anexo B del Acuerdo adem\u00e1s establece que Internet Society aportar\u00e1 a IETF una cantidad de dinero destinada a servir como reserva para operaciones equivalente a la p\u00e9rdida neta presupuestada de IETF para 2019 (tal como se define dicho t\u00e9rmino en el Acuerdo) multiplicada por tres (la &#171;Contribuci\u00f3n a la reserva para operaciones&#187;); y<br>\nCONSIDERANDO que IETF ha aprobado recientemente su presupuesto para 2019; y<br>\nCONSIDERANDO que, sobre la base de dicho presupuesto y de las condiciones del Anexo B del Acuerdo, se calcula que el monto de la Contribuci\u00f3n a la reserva para operaciones es de $13,65 millones; y<br>\nCONSIDERANDO que la Fundaci\u00f3n de Internet Society financiar\u00e1 $3,25 millones de la Contribuci\u00f3n a la reserva para operaciones y que Internet Society financiar\u00e1 el saldo restante;<br>\nSE RESUELVE aprobar la financiaci\u00f3n de la Contribuci\u00f3n a la reserva para operaciones por parte de la Fundaci\u00f3n de Internet Society; y<br>\nSE RESUELVE ADEM\u00c1S que la obligaci\u00f3n de Internet Society de financiar la Contribuci\u00f3n a la reserva para operaciones est\u00e9 sujeta a la aprobaci\u00f3n previa del director financiero de Internet Society, o del delegado de dicha persona, de una pol\u00edtica de inversiones para IETF.<\/p>\n\n\n\n<p><strong>RESOLUCI\u00d3N F2018-07: aprobar la contribuci\u00f3n al presupuesto operativo de IETF LLC para 2020<\/strong><\/p>\n\n\n\n<p>CONSIDERANDO que Internet Society y IETF Administration LLC (&#171;IETF&#187;) son partes del Acuerdo de Sociedad de Responsabilidad Limitada de IETF Administration LLC con fecha del 27 de agosto de 2018 (el &#171;Acuerdo&#187;); y<br>\nCONSIDERANDO que el Anexo B del Acuerdo establece que Internet Society aportar\u00e1 $5 000 000 a IETF para financiar sus gastos de explotaci\u00f3n anuales para el a\u00f1o presupuestario 2020 (la &#171;Contribuci\u00f3n para gastos de explotaci\u00f3n&#187;), dicha contribuci\u00f3n se debe entregar antes del 31 de diciembre de 2019; y<br>\nCONSIDERANDO que la Fundaci\u00f3n de Internet Society aportar\u00e1 $5 000 000 de la Contribuci\u00f3n para gastos de explotaci\u00f3n en nombre de Internet Society;<br>\nSE RESUELVE aprobar la financiaci\u00f3n de la Contribuci\u00f3n a los gastos de operaciones para IETF por parte de la Fundaci\u00f3n de Internet Society.<\/p>\n\n\n\n<p><strong>RESOLUCI\u00d3N F2018-08: aprobar la contribuci\u00f3n al presupuesto operativo de IETF LLC para 2019<\/strong><\/p>\n\n\n\n<p>CONSIDERANDO que Internet Society y IETF Administration LLC (&#171;IETF&#187;) son partes del Acuerdo de Sociedad de Responsabilidad Limitada de IETF Administration LLC con fecha del 27 de agosto de 2018 (el &#171;Acuerdo&#187;); y<br>\nCONSIDERANDO que el Anexo B del Acuerdo establece que Internet Society aportar\u00e1 $5 000 000 a IETF para financiar sus gastos de explotaci\u00f3n anuales para el a\u00f1o presupuestario 2019 (la &#171;Contribuci\u00f3n para gastos de explotaci\u00f3n&#187;), dicha contribuci\u00f3n se debe entregar antes del 31 de diciembre de 2018; y<br>\nCONSIDERANDO que la Fundaci\u00f3n de Internet Society aportar\u00e1 $5 000 000 de la Contribuci\u00f3n para gastos de explotaci\u00f3n en nombre de Internet Society;<br>\nSE RESUELVE aprobar la financiaci\u00f3n de la Contribuci\u00f3n a los gastos de operaciones para IETF por parte de la Fundaci\u00f3n de Internet Society.<\/p>\n\n\n\n<p><strong>Resoluci\u00f3n F2018-09: Aprobar las actas de la segunda reuni\u00f3n del Consejo de Administraci\u00f3n de la Fundaci\u00f3n<\/strong><br>SE RESUELVE que las actas de la segunda reuni\u00f3n del Consejo de Administraci\u00f3n, celebrada en Bangkok el 10 de noviembre de 2018, quedan aprobadas.<\/p>\n","protected":false},"excerpt":{"rendered":"<p>El Consejo de Administraci\u00f3n de la Internet Society Foundation aprob\u00f3 las siguientes resoluciones en sus reuniones: Resoluciones en 2019 Resoluci\u00f3n F2019-01: Establecer un Comit\u00e9 Consultivo de Programas del Consejo de Administraci\u00f3n de la Fundaci\u00f3n.SE RESUELVE que el Consejo de Administraci\u00f3n de la Internet Society Foundation establezca un Comit\u00e9 Consultivo de Programas y apruebe su acta&hellip;<\/p>\n","protected":false},"author":2,"featured_media":0,"parent":1090,"menu_order":3,"comment_status":"closed","ping_status":"closed","template":"","meta":{"footnotes":""},"class_list":["post-1100","page","type-page","status-publish","hentry"],"yoast_head":"<!-- This site is optimized with the Yoast SEO plugin v27.3 - https:\/\/yoast.com\/product\/yoast-seo-wordpress\/ -->\n<title>Resoluciones | Internet Society Foundation<\/title>\n<meta name=\"robots\" content=\"index, follow, max-snippet:-1, max-image-preview:large, max-video-preview:-1\" \/>\n<link rel=\"canonical\" href=\"https:\/\/www.isocfoundation.org\/es\/consejo-directivo\/resoluciones\/\" \/>\n<meta property=\"og:locale\" content=\"es_ES\" \/>\n<meta property=\"og:type\" content=\"article\" \/>\n<meta property=\"og:title\" content=\"Resoluciones | Internet Society Foundation\" \/>\n<meta property=\"og:description\" content=\"El Consejo de Administraci\u00f3n de la Internet Society Foundation aprob\u00f3 las siguientes resoluciones en sus reuniones: Resoluciones en 2019 Resoluci\u00f3n F2019-01: Establecer un Comit\u00e9 Consultivo de Programas del Consejo de Administraci\u00f3n de la Fundaci\u00f3n.SE RESUELVE que el Consejo de Administraci\u00f3n de la Internet Society Foundation establezca un Comit\u00e9 Consultivo de Programas y apruebe su acta&hellip;\" \/>\n<meta property=\"og:url\" content=\"https:\/\/www.isocfoundation.org\/es\/consejo-directivo\/resoluciones\/\" \/>\n<meta property=\"og:site_name\" content=\"Internet Society Foundation\" \/>\n<meta property=\"article:modified_time\" content=\"2019-07-30T14:34:14+00:00\" \/>\n<meta property=\"og:image\" content=\"https:\/\/www.isocfoundation.org\/wp-content\/uploads\/2019\/02\/isoc-foundation-og.jpg\" \/>\n\t<meta property=\"og:image:width\" content=\"1200\" \/>\n\t<meta property=\"og:image:height\" content=\"630\" \/>\n\t<meta property=\"og:image:type\" content=\"image\/jpeg\" \/>\n<meta name=\"twitter:card\" content=\"summary_large_image\" \/>\n<meta name=\"twitter:site\" content=\"@ISOC_Foundation\" \/>\n<meta name=\"twitter:label1\" content=\"Tiempo de lectura\" \/>\n\t<meta name=\"twitter:data1\" content=\"4 minutos\" \/>\n<script type=\"application\/ld+json\" class=\"yoast-schema-graph\">{\"@context\":\"https:\\\/\\\/schema.org\",\"@graph\":[{\"@type\":\"WebPage\",\"@id\":\"https:\\\/\\\/www.isocfoundation.org\\\/es\\\/consejo-directivo\\\/resoluciones\\\/\",\"url\":\"https:\\\/\\\/www.isocfoundation.org\\\/es\\\/consejo-directivo\\\/resoluciones\\\/\",\"name\":\"Resoluciones | Internet Society Foundation\",\"isPartOf\":{\"@id\":\"https:\\\/\\\/www.isocfoundation.org\\\/#website\"},\"datePublished\":\"2019-03-05T21:50:29+00:00\",\"dateModified\":\"2019-07-30T14:34:14+00:00\",\"breadcrumb\":{\"@id\":\"https:\\\/\\\/www.isocfoundation.org\\\/es\\\/consejo-directivo\\\/resoluciones\\\/#breadcrumb\"},\"inLanguage\":\"es\",\"potentialAction\":[{\"@type\":\"ReadAction\",\"target\":[\"https:\\\/\\\/www.isocfoundation.org\\\/es\\\/consejo-directivo\\\/resoluciones\\\/\"]}]},{\"@type\":\"BreadcrumbList\",\"@id\":\"https:\\\/\\\/www.isocfoundation.org\\\/es\\\/consejo-directivo\\\/resoluciones\\\/#breadcrumb\",\"itemListElement\":[{\"@type\":\"ListItem\",\"position\":1,\"name\":\"Home\",\"item\":\"https:\\\/\\\/www.isocfoundation.org\\\/es\\\/\"},{\"@type\":\"ListItem\",\"position\":2,\"name\":\"Consejo Directivo\",\"item\":\"https:\\\/\\\/www.isocfoundation.org\\\/es\\\/consejo-directivo\\\/\"},{\"@type\":\"ListItem\",\"position\":3,\"name\":\"Resoluciones\"}]},{\"@type\":\"WebSite\",\"@id\":\"https:\\\/\\\/www.isocfoundation.org\\\/#website\",\"url\":\"https:\\\/\\\/www.isocfoundation.org\\\/\",\"name\":\"Internet Society Foundation\",\"description\":\"The Internet transforms lives\",\"publisher\":{\"@id\":\"https:\\\/\\\/www.isocfoundation.org\\\/#organization\"},\"potentialAction\":[{\"@type\":\"SearchAction\",\"target\":{\"@type\":\"EntryPoint\",\"urlTemplate\":\"https:\\\/\\\/www.isocfoundation.org\\\/?s={search_term_string}\"},\"query-input\":{\"@type\":\"PropertyValueSpecification\",\"valueRequired\":true,\"valueName\":\"search_term_string\"}}],\"inLanguage\":\"es\"},{\"@type\":\"Organization\",\"@id\":\"https:\\\/\\\/www.isocfoundation.org\\\/#organization\",\"name\":\"Internet Society Foundation\",\"url\":\"https:\\\/\\\/www.isocfoundation.org\\\/\",\"logo\":{\"@type\":\"ImageObject\",\"inLanguage\":\"es\",\"@id\":\"https:\\\/\\\/www.isocfoundation.org\\\/#\\\/schema\\\/logo\\\/image\\\/\",\"url\":\"https:\\\/\\\/www.isocfoundation.org\\\/wp-content\\\/uploads\\\/2019\\\/02\\\/internet-society-foundation.jpg\",\"contentUrl\":\"https:\\\/\\\/www.isocfoundation.org\\\/wp-content\\\/uploads\\\/2019\\\/02\\\/internet-society-foundation.jpg\",\"width\":1200,\"height\":630,\"caption\":\"Internet Society Foundation\"},\"image\":{\"@id\":\"https:\\\/\\\/www.isocfoundation.org\\\/#\\\/schema\\\/logo\\\/image\\\/\"},\"sameAs\":[\"https:\\\/\\\/x.com\\\/ISOC_Foundation\"]}]}<\/script>\n<!-- \/ Yoast SEO plugin. -->","yoast_head_json":{"title":"Resoluciones | Internet Society Foundation","robots":{"index":"index","follow":"follow","max-snippet":"max-snippet:-1","max-image-preview":"max-image-preview:large","max-video-preview":"max-video-preview:-1"},"canonical":"https:\/\/www.isocfoundation.org\/es\/consejo-directivo\/resoluciones\/","og_locale":"es_ES","og_type":"article","og_title":"Resoluciones | Internet Society Foundation","og_description":"El Consejo de Administraci\u00f3n de la Internet Society Foundation aprob\u00f3 las siguientes resoluciones en sus reuniones: Resoluciones en 2019 Resoluci\u00f3n F2019-01: Establecer un Comit\u00e9 Consultivo de Programas del Consejo de Administraci\u00f3n de la Fundaci\u00f3n.SE RESUELVE que el Consejo de Administraci\u00f3n de la Internet Society Foundation establezca un Comit\u00e9 Consultivo de Programas y apruebe su acta&hellip;","og_url":"https:\/\/www.isocfoundation.org\/es\/consejo-directivo\/resoluciones\/","og_site_name":"Internet Society Foundation","article_modified_time":"2019-07-30T14:34:14+00:00","og_image":[{"width":1200,"height":630,"url":"https:\/\/www.isocfoundation.org\/wp-content\/uploads\/2019\/02\/isoc-foundation-og.jpg","type":"image\/jpeg"}],"twitter_card":"summary_large_image","twitter_site":"@ISOC_Foundation","twitter_misc":{"Tiempo de lectura":"4 minutos"},"schema":{"@context":"https:\/\/schema.org","@graph":[{"@type":"WebPage","@id":"https:\/\/www.isocfoundation.org\/es\/consejo-directivo\/resoluciones\/","url":"https:\/\/www.isocfoundation.org\/es\/consejo-directivo\/resoluciones\/","name":"Resoluciones | Internet Society Foundation","isPartOf":{"@id":"https:\/\/www.isocfoundation.org\/#website"},"datePublished":"2019-03-05T21:50:29+00:00","dateModified":"2019-07-30T14:34:14+00:00","breadcrumb":{"@id":"https:\/\/www.isocfoundation.org\/es\/consejo-directivo\/resoluciones\/#breadcrumb"},"inLanguage":"es","potentialAction":[{"@type":"ReadAction","target":["https:\/\/www.isocfoundation.org\/es\/consejo-directivo\/resoluciones\/"]}]},{"@type":"BreadcrumbList","@id":"https:\/\/www.isocfoundation.org\/es\/consejo-directivo\/resoluciones\/#breadcrumb","itemListElement":[{"@type":"ListItem","position":1,"name":"Home","item":"https:\/\/www.isocfoundation.org\/es\/"},{"@type":"ListItem","position":2,"name":"Consejo Directivo","item":"https:\/\/www.isocfoundation.org\/es\/consejo-directivo\/"},{"@type":"ListItem","position":3,"name":"Resoluciones"}]},{"@type":"WebSite","@id":"https:\/\/www.isocfoundation.org\/#website","url":"https:\/\/www.isocfoundation.org\/","name":"Internet Society Foundation","description":"The Internet transforms lives","publisher":{"@id":"https:\/\/www.isocfoundation.org\/#organization"},"potentialAction":[{"@type":"SearchAction","target":{"@type":"EntryPoint","urlTemplate":"https:\/\/www.isocfoundation.org\/?s={search_term_string}"},"query-input":{"@type":"PropertyValueSpecification","valueRequired":true,"valueName":"search_term_string"}}],"inLanguage":"es"},{"@type":"Organization","@id":"https:\/\/www.isocfoundation.org\/#organization","name":"Internet Society Foundation","url":"https:\/\/www.isocfoundation.org\/","logo":{"@type":"ImageObject","inLanguage":"es","@id":"https:\/\/www.isocfoundation.org\/#\/schema\/logo\/image\/","url":"https:\/\/www.isocfoundation.org\/wp-content\/uploads\/2019\/02\/internet-society-foundation.jpg","contentUrl":"https:\/\/www.isocfoundation.org\/wp-content\/uploads\/2019\/02\/internet-society-foundation.jpg","width":1200,"height":630,"caption":"Internet Society Foundation"},"image":{"@id":"https:\/\/www.isocfoundation.org\/#\/schema\/logo\/image\/"},"sameAs":["https:\/\/x.com\/ISOC_Foundation"]}]}},"_links":{"self":[{"href":"https:\/\/www.isocfoundation.org\/es\/wp-json\/wp\/v2\/pages\/1100","targetHints":{"allow":["GET"]}}],"collection":[{"href":"https:\/\/www.isocfoundation.org\/es\/wp-json\/wp\/v2\/pages"}],"about":[{"href":"https:\/\/www.isocfoundation.org\/es\/wp-json\/wp\/v2\/types\/page"}],"author":[{"embeddable":true,"href":"https:\/\/www.isocfoundation.org\/es\/wp-json\/wp\/v2\/users\/2"}],"replies":[{"embeddable":true,"href":"https:\/\/www.isocfoundation.org\/es\/wp-json\/wp\/v2\/comments?post=1100"}],"version-history":[{"count":0,"href":"https:\/\/www.isocfoundation.org\/es\/wp-json\/wp\/v2\/pages\/1100\/revisions"}],"up":[{"embeddable":true,"href":"https:\/\/www.isocfoundation.org\/es\/wp-json\/wp\/v2\/pages\/1090"}],"wp:attachment":[{"href":"https:\/\/www.isocfoundation.org\/es\/wp-json\/wp\/v2\/media?parent=1100"}],"curies":[{"name":"wp","href":"https:\/\/api.w.org\/{rel}","templated":true}]}}