{"id":1110,"date":"2019-02-12T17:04:42","date_gmt":"2019-02-12T17:04:42","guid":{"rendered":"https:\/\/www.isocfoundation.org\/?page_id=382"},"modified":"2024-10-30T14:24:00","modified_gmt":"2024-10-30T14:24:00","slug":"carreras","status":"publish","type":"page","link":"https:\/\/www.isocfoundation.org\/es\/carreras\/","title":{"rendered":"Carreras"},"content":{"rendered":"\n\n\t\t\t\t<img decoding=\"async\" src=\"https:\/\/www.isocfoundation.org\/wp-content\/plugins\/bb-plugin\/img\/pixel.png\" alt=\"\" itemprop=\"image\" onerror=\"this.style.display='none'\"  \/>\n\t<p>La Internet Society Foundation es una organizaci\u00f3n sin fines de lucro que trabaja en colaboraci\u00f3n con <a href=\"https:\/\/www.internetsociety.org\/\">Internet Society<\/a>. Su objetivo es demostrar y respaldar la diferencia positiva que puede marcar Internet para las personas de todo el mundo, y promover el desarrollo de Internet como una infraestructura t\u00e9cnica global, un recurso para enriquecer la vida de las personas y una fuerza para el bien en la sociedad. Consulte nuestro sitio web a menudo y conozca las oportunidades que pueden surgir para unirse a nuestro equipo.<\/p>\n<p>La\u00a0Fundaci\u00f3n est\u00e1 comprometida con una cultura de diversidad e inclusi\u00f3n, en la que todas las personas son valoradas por sus diversas contribuciones.\u00a0 Nuestra gente es la fortaleza m\u00e1s valiosa que tenemos. La suma colectiva de las diferencias individuales, las experiencias de vida, el conocimiento, la inventiva, la innovaci\u00f3n, la autoexpresi\u00f3n, las capacidades \u00fanicas y el talento que nuestro personal invierte en su trabajo representa una parte importante no solo de nuestra cultura, sino tambi\u00e9n de nuestra reputaci\u00f3n y los logros de la Fundaci\u00f3n.<\/p>\n<p>La Fundaci\u00f3n es un empleador que ofrece igualdad de oportunidades.\u00a0La selecci\u00f3n de empleo y las decisiones relacionadas se toman sin tener en cuenta el sexo, la raza, la edad, la discapacidad, la religi\u00f3n, el origen nacional, el color o cualquier otra clase protegida.<\/p>\n\t<style>\n#BambooHR-Footer {\ndisplay:none;\nvisibility: hidden\n}\n.BambooHR-ATS-board h2 { font-size:30px !important }\n.BambooHR-ATS-Department-List div, .BambooHR-ATS-Department-List a {\ncolor:#0C1C2C;\nfont-weight:normal !important\n}\n<\/style><div id=\"BambooHR\"><script src=\"https:\/\/internetsociety.bamboohr.com\/js\/jobs2.php\" type=\"text\/javascript\"><\/script><\/div>\n\n","protected":false},"excerpt":{"rendered":"<p>La Internet Society Foundation es una organizaci\u00f3n sin fines de lucro que trabaja en colaboraci\u00f3n con Internet Society. Su objetivo es demostrar y respaldar la diferencia positiva que puede marcar Internet para las personas de todo el mundo, y promover el desarrollo de Internet como una infraestructura t\u00e9cnica global, un recurso para enriquecer la vida&hellip;<\/p>\n","protected":false},"author":2,"featured_media":0,"parent":0,"menu_order":5,"comment_status":"closed","ping_status":"closed","template":"","meta":{"footnotes":""},"class_list":["post-1110","page","type-page","status-publish","hentry"],"yoast_head":"<!-- This site is optimized with the Yoast SEO plugin v27.3 - https:\/\/yoast.com\/product\/yoast-seo-wordpress\/ -->\n<title>Carreras | Internet Society Foundation<\/title>\n<meta name=\"robots\" content=\"index, follow, max-snippet:-1, max-image-preview:large, max-video-preview:-1\" \/>\n<link rel=\"canonical\" href=\"https:\/\/www.isocfoundation.org\/es\/carreras\/\" \/>\n<meta property=\"og:locale\" content=\"es_ES\" \/>\n<meta property=\"og:type\" content=\"article\" \/>\n<meta property=\"og:title\" content=\"Carreras | Internet Society Foundation\" \/>\n<meta property=\"og:description\" content=\"La Internet Society Foundation es una organizaci\u00f3n sin fines de lucro que trabaja en colaboraci\u00f3n con Internet Society. Su objetivo es demostrar y respaldar la diferencia positiva que puede marcar Internet para las personas de todo el mundo, y promover el desarrollo de Internet como una infraestructura t\u00e9cnica global, un recurso para enriquecer la vida&hellip;\" \/>\n<meta property=\"og:url\" content=\"https:\/\/www.isocfoundation.org\/es\/carreras\/\" \/>\n<meta property=\"og:site_name\" content=\"Internet Society Foundation\" \/>\n<meta property=\"article:modified_time\" content=\"2024-10-30T14:24:00+00:00\" \/>\n<meta property=\"og:image\" content=\"https:\/\/www.isocfoundation.org\/wp-content\/plugins\/bb-plugin\/img\/pixel.png\" \/>\n<meta name=\"twitter:card\" content=\"summary_large_image\" \/>\n<meta name=\"twitter:site\" content=\"@ISOC_Foundation\" \/>\n<meta name=\"twitter:label1\" content=\"Tiempo de lectura\" \/>\n\t<meta name=\"twitter:data1\" content=\"2 minutos\" \/>\n<script type=\"application\/ld+json\" class=\"yoast-schema-graph\">{\"@context\":\"https:\\\/\\\/schema.org\",\"@graph\":[{\"@type\":\"WebPage\",\"@id\":\"https:\\\/\\\/www.isocfoundation.org\\\/es\\\/carreras\\\/\",\"url\":\"https:\\\/\\\/www.isocfoundation.org\\\/es\\\/carreras\\\/\",\"name\":\"Carreras | Internet Society Foundation\",\"isPartOf\":{\"@id\":\"https:\\\/\\\/www.isocfoundation.org\\\/#website\"},\"primaryImageOfPage\":{\"@id\":\"https:\\\/\\\/www.isocfoundation.org\\\/es\\\/carreras\\\/#primaryimage\"},\"image\":{\"@id\":\"https:\\\/\\\/www.isocfoundation.org\\\/es\\\/carreras\\\/#primaryimage\"},\"thumbnailUrl\":\"https:\\\/\\\/www.isocfoundation.org\\\/wp-content\\\/plugins\\\/bb-plugin\\\/img\\\/pixel.png\",\"datePublished\":\"2019-02-12T17:04:42+00:00\",\"dateModified\":\"2024-10-30T14:24:00+00:00\",\"breadcrumb\":{\"@id\":\"https:\\\/\\\/www.isocfoundation.org\\\/es\\\/carreras\\\/#breadcrumb\"},\"inLanguage\":\"es\",\"potentialAction\":[{\"@type\":\"ReadAction\",\"target\":[\"https:\\\/\\\/www.isocfoundation.org\\\/es\\\/carreras\\\/\"]}]},{\"@type\":\"ImageObject\",\"inLanguage\":\"es\",\"@id\":\"https:\\\/\\\/www.isocfoundation.org\\\/es\\\/carreras\\\/#primaryimage\",\"url\":\"https:\\\/\\\/www.isocfoundation.org\\\/wp-content\\\/plugins\\\/bb-plugin\\\/img\\\/pixel.png\",\"contentUrl\":\"https:\\\/\\\/www.isocfoundation.org\\\/wp-content\\\/plugins\\\/bb-plugin\\\/img\\\/pixel.png\"},{\"@type\":\"BreadcrumbList\",\"@id\":\"https:\\\/\\\/www.isocfoundation.org\\\/es\\\/carreras\\\/#breadcrumb\",\"itemListElement\":[{\"@type\":\"ListItem\",\"position\":1,\"name\":\"Home\",\"item\":\"https:\\\/\\\/www.isocfoundation.org\\\/es\\\/\"},{\"@type\":\"ListItem\",\"position\":2,\"name\":\"Carreras\"}]},{\"@type\":\"WebSite\",\"@id\":\"https:\\\/\\\/www.isocfoundation.org\\\/#website\",\"url\":\"https:\\\/\\\/www.isocfoundation.org\\\/\",\"name\":\"Internet Society Foundation\",\"description\":\"The Internet transforms lives\",\"publisher\":{\"@id\":\"https:\\\/\\\/www.isocfoundation.org\\\/#organization\"},\"potentialAction\":[{\"@type\":\"SearchAction\",\"target\":{\"@type\":\"EntryPoint\",\"urlTemplate\":\"https:\\\/\\\/www.isocfoundation.org\\\/?s={search_term_string}\"},\"query-input\":{\"@type\":\"PropertyValueSpecification\",\"valueRequired\":true,\"valueName\":\"search_term_string\"}}],\"inLanguage\":\"es\"},{\"@type\":\"Organization\",\"@id\":\"https:\\\/\\\/www.isocfoundation.org\\\/#organization\",\"name\":\"Internet Society Foundation\",\"url\":\"https:\\\/\\\/www.isocfoundation.org\\\/\",\"logo\":{\"@type\":\"ImageObject\",\"inLanguage\":\"es\",\"@id\":\"https:\\\/\\\/www.isocfoundation.org\\\/#\\\/schema\\\/logo\\\/image\\\/\",\"url\":\"https:\\\/\\\/www.isocfoundation.org\\\/wp-content\\\/uploads\\\/2019\\\/02\\\/internet-society-foundation.jpg\",\"contentUrl\":\"https:\\\/\\\/www.isocfoundation.org\\\/wp-content\\\/uploads\\\/2019\\\/02\\\/internet-society-foundation.jpg\",\"width\":1200,\"height\":630,\"caption\":\"Internet Society Foundation\"},\"image\":{\"@id\":\"https:\\\/\\\/www.isocfoundation.org\\\/#\\\/schema\\\/logo\\\/image\\\/\"},\"sameAs\":[\"https:\\\/\\\/x.com\\\/ISOC_Foundation\"]}]}<\/script>\n<!-- \/ Yoast SEO plugin. -->","yoast_head_json":{"title":"Carreras | Internet Society Foundation","robots":{"index":"index","follow":"follow","max-snippet":"max-snippet:-1","max-image-preview":"max-image-preview:large","max-video-preview":"max-video-preview:-1"},"canonical":"https:\/\/www.isocfoundation.org\/es\/carreras\/","og_locale":"es_ES","og_type":"article","og_title":"Carreras | Internet Society Foundation","og_description":"La Internet Society Foundation es una organizaci\u00f3n sin fines de lucro que trabaja en colaboraci\u00f3n con Internet Society. Su objetivo es demostrar y respaldar la diferencia positiva que puede marcar Internet para las personas de todo el mundo, y promover el desarrollo de Internet como una infraestructura t\u00e9cnica global, un recurso para enriquecer la vida&hellip;","og_url":"https:\/\/www.isocfoundation.org\/es\/carreras\/","og_site_name":"Internet Society Foundation","article_modified_time":"2024-10-30T14:24:00+00:00","og_image":[{"url":"https:\/\/www.isocfoundation.org\/wp-content\/plugins\/bb-plugin\/img\/pixel.png","type":"","width":"","height":""}],"twitter_card":"summary_large_image","twitter_site":"@ISOC_Foundation","twitter_misc":{"Tiempo de lectura":"2 minutos"},"schema":{"@context":"https:\/\/schema.org","@graph":[{"@type":"WebPage","@id":"https:\/\/www.isocfoundation.org\/es\/carreras\/","url":"https:\/\/www.isocfoundation.org\/es\/carreras\/","name":"Carreras | Internet Society Foundation","isPartOf":{"@id":"https:\/\/www.isocfoundation.org\/#website"},"primaryImageOfPage":{"@id":"https:\/\/www.isocfoundation.org\/es\/carreras\/#primaryimage"},"image":{"@id":"https:\/\/www.isocfoundation.org\/es\/carreras\/#primaryimage"},"thumbnailUrl":"https:\/\/www.isocfoundation.org\/wp-content\/plugins\/bb-plugin\/img\/pixel.png","datePublished":"2019-02-12T17:04:42+00:00","dateModified":"2024-10-30T14:24:00+00:00","breadcrumb":{"@id":"https:\/\/www.isocfoundation.org\/es\/carreras\/#breadcrumb"},"inLanguage":"es","potentialAction":[{"@type":"ReadAction","target":["https:\/\/www.isocfoundation.org\/es\/carreras\/"]}]},{"@type":"ImageObject","inLanguage":"es","@id":"https:\/\/www.isocfoundation.org\/es\/carreras\/#primaryimage","url":"https:\/\/www.isocfoundation.org\/wp-content\/plugins\/bb-plugin\/img\/pixel.png","contentUrl":"https:\/\/www.isocfoundation.org\/wp-content\/plugins\/bb-plugin\/img\/pixel.png"},{"@type":"BreadcrumbList","@id":"https:\/\/www.isocfoundation.org\/es\/carreras\/#breadcrumb","itemListElement":[{"@type":"ListItem","position":1,"name":"Home","item":"https:\/\/www.isocfoundation.org\/es\/"},{"@type":"ListItem","position":2,"name":"Carreras"}]},{"@type":"WebSite","@id":"https:\/\/www.isocfoundation.org\/#website","url":"https:\/\/www.isocfoundation.org\/","name":"Internet Society Foundation","description":"The Internet transforms lives","publisher":{"@id":"https:\/\/www.isocfoundation.org\/#organization"},"potentialAction":[{"@type":"SearchAction","target":{"@type":"EntryPoint","urlTemplate":"https:\/\/www.isocfoundation.org\/?s={search_term_string}"},"query-input":{"@type":"PropertyValueSpecification","valueRequired":true,"valueName":"search_term_string"}}],"inLanguage":"es"},{"@type":"Organization","@id":"https:\/\/www.isocfoundation.org\/#organization","name":"Internet Society Foundation","url":"https:\/\/www.isocfoundation.org\/","logo":{"@type":"ImageObject","inLanguage":"es","@id":"https:\/\/www.isocfoundation.org\/#\/schema\/logo\/image\/","url":"https:\/\/www.isocfoundation.org\/wp-content\/uploads\/2019\/02\/internet-society-foundation.jpg","contentUrl":"https:\/\/www.isocfoundation.org\/wp-content\/uploads\/2019\/02\/internet-society-foundation.jpg","width":1200,"height":630,"caption":"Internet Society Foundation"},"image":{"@id":"https:\/\/www.isocfoundation.org\/#\/schema\/logo\/image\/"},"sameAs":["https:\/\/x.com\/ISOC_Foundation"]}]}},"_links":{"self":[{"href":"https:\/\/www.isocfoundation.org\/es\/wp-json\/wp\/v2\/pages\/1110","targetHints":{"allow":["GET"]}}],"collection":[{"href":"https:\/\/www.isocfoundation.org\/es\/wp-json\/wp\/v2\/pages"}],"about":[{"href":"https:\/\/www.isocfoundation.org\/es\/wp-json\/wp\/v2\/types\/page"}],"author":[{"embeddable":true,"href":"https:\/\/www.isocfoundation.org\/es\/wp-json\/wp\/v2\/users\/2"}],"replies":[{"embeddable":true,"href":"https:\/\/www.isocfoundation.org\/es\/wp-json\/wp\/v2\/comments?post=1110"}],"version-history":[{"count":0,"href":"https:\/\/www.isocfoundation.org\/es\/wp-json\/wp\/v2\/pages\/1110\/revisions"}],"wp:attachment":[{"href":"https:\/\/www.isocfoundation.org\/es\/wp-json\/wp\/v2\/media?parent=1110"}],"curies":[{"name":"wp","href":"https:\/\/api.w.org\/{rel}","templated":true}]}}