{"id":1116,"date":"2019-05-13T03:45:18","date_gmt":"2019-05-13T03:45:18","guid":{"rendered":"https:\/\/www.isocfoundation.org\/?page_id=892"},"modified":"2026-03-24T09:58:24","modified_gmt":"2026-03-24T09:58:24","slug":"programas-de-subvenciones","status":"publish","type":"page","link":"https:\/\/www.isocfoundation.org\/es\/programas-de-subvenciones\/","title":{"rendered":"\u00c1reas de Financiamiento"},"content":{"rendered":"\n\n\t<h2>Apoyamos a la comunidad global de Internet &#8211; investigadores, desarrolladores, organizaciones sin fines de lucro, educadores y m\u00e1s &#8211; a trav\u00e9s de los siguientes programas de subvenciones:<\/h2>\n<figure itemscope itemtype=\"https:\/\/schema.org\/ImageObject\">\n\t\t\t\t<a href=\"https:\/\/www.isocfoundation.org\/grant-programme\/beyond-the-net-large-grants\/\"  target=\"_self\" itemprop=\"url\">\n\t\t\t\t<img decoding=\"async\" src=\"https:\/\/www.isocfoundation.org\/wp-content\/uploads\/2019\/06\/Large-grants_2-2.jpg\" alt=\"Un hombre conecta un edificio a Internet.\" height=\"680\" width=\"1800\" title=\"Large grants_2 (2)\" onerror=\"this.style.display='none'\" loading=\"lazy\" \/>\n\t\t\t\t<\/a>\n\t<\/figure>\n\t<h3><a href=\"https:\/\/www.isocfoundation.org\/es\/grant-programme\/programa-de-subvenciones-grandes-beyond-the-net\/\">Programa de Subvenciones Beyond the Net<\/a><\/h3>\n<p>El programa de subvenciones Beyond the Net ofrece subvenciones para apoyar a los cap\u00edtulos de Internet Society en la implementaci\u00f3n de proyectos innovadores que hacen que un local&#8230;<\/p>\n<figure itemscope itemtype=\"https:\/\/schema.org\/ImageObject\">\n\t\t\t\t<a href=\"https:\/\/www.isocfoundation.org\/grant-programme\/bolt-grant-program\/\"  target=\"_self\" itemprop=\"url\">\n\t\t\t\t<img decoding=\"async\" src=\"https:\/\/www.isocfoundation.org\/wp-content\/uploads\/2021\/09\/shutterstock_1419591842-e1632908609836.jpg\" alt=\"group of people using sticky notes in a meeting\" height=\"667\" width=\"1000\" title=\"Hombre, africano, americano, sonriendo, con, grupo, j\u00f3venes, compa\u00f1eros, multi\u00e9tnico, de pie\" onerror=\"this.style.display='none'\" loading=\"lazy\" \/>\n\t\t\t\t<\/a>\n\t<\/figure>\n\t<h3><a href=\"https:\/\/www.isocfoundation.org\/es\/grant-programme\/programa-de-subvenciones-bolt\/\">Programa de Subvenciones BOLT<\/a><\/h3>\n<p>El Programa de Subvenciones de Creaci\u00f3n de Oportunidades\/Aprovechamiento de Tecnolog\u00edas (BOLT) apoya innovaciones t\u00e9cnicas y sociales que promueven la conectividad a Internet.<\/p>\n<figure itemscope itemtype=\"https:\/\/schema.org\/ImageObject\">\n\t\t\t\t<a href=\"https:\/\/www.isocfoundation.org\/grant-programme\/bolt-grant-program\/\"  target=\"_self\" itemprop=\"url\">\n\t\t\t\t<img decoding=\"async\" src=\"https:\/\/www.isocfoundation.org\/wp-content\/uploads\/2025\/11\/3.-Internet-setup-in-a-Center-1024x684.jpg\" alt=\"Un hombre monta un dispositivo de Internet en una monta\u00f1a.\" height=\"684\" width=\"1024\" onerror=\"this.style.display='none'\" loading=\"lazy\" \/>\n\t\t\t\t<\/a>\n\t<\/figure>\n\t<h3><a href=\"https:\/\/www.isocfoundation.org\/es\/grant-programme\/conectividad-centrada-en-la-comunidad\/\">Programa de Subvenciones para Conectividad Centrada en la Comunidad<\/a><\/h3>\n<p>El Programa de Subvenciones para Conectividad Centrada en la Comunidad (CCC) de Internet Society Foundation, que es un componente fundamental de su labor para ayudar a las comunidades a superar la brecha digital, busca abordar estos desaf\u00edos apoyando a las organizaciones para desarrollar y ampliar el acceso a Internet y aumentar la adopci\u00f3n en comunidades digitalmente excluidas.<\/p>\n<figure itemscope itemtype=\"https:\/\/schema.org\/ImageObject\">\n\t\t\t\t<a href=\"https:\/\/www.internetsociety.org\/action-plan\/encryption\/\"  target=\"_blank\" rel=\"noopener\"  itemprop=\"url\">\n\t\t\t\t<img decoding=\"async\" src=\"https:\/\/www.isocfoundation.org\/wp-content\/uploads\/2026\/03\/GED-Rwanda-Chapter.jpg\" alt=\"A group of individuals seated at desks, working on computers\" height=\"801\" width=\"1200\" title=\"GED-Rwanda-Chapter\" onerror=\"this.style.display='none'\" loading=\"lazy\" \/>\n\t\t\t\t<\/a>\n\t<\/figure>\n\t<h3><a href=\"https:\/\/www.isocfoundation.org\/es\/grant-programme\/eventos-del-dia-mundial-del-cifrado\/\">Eventos del D\u00eda Mundial del Cifrado<\/a><\/h3>\n<p>El financiamiento de los eventos del D\u00eda Mundial del Cifrado apoya las actividades comunitarias que celebran y defienden el cifrado fuerte de extremo a extremo, un elemento fundamental para una Internet segura y confiable.<\/p>\n<figure itemscope itemtype=\"https:\/\/schema.org\/ImageObject\">\n\t\t\t\t<a href=\"https:\/\/www.isocfoundation.org\/grant-programme\/internet-governance-forum-events\/\"  target=\"_self\" itemprop=\"url\">\n\t\t\t\t<img decoding=\"async\" src=\"https:\/\/www.isocfoundation.org\/wp-content\/uploads\/2020\/02\/IGF-Berlin-mural-1.png\" alt=\"IGF 2019 Berlin mural\" height=\"964\" width=\"2552\" title=\"IGF Berlin mural\" onerror=\"this.style.display='none'\" loading=\"lazy\" \/>\n\t\t\t\t<\/a>\n\t<\/figure>\n\t<h3><a href=\"https:\/\/www.isocfoundation.org\/es\/grant-programme\/eventos-del-foro-de-gobernanza-de-internet\/\">Eventos del Foro de Gobernanza de Internet<\/a><\/h3>\n<p>El programa de financiamiento del Foro de Gobernanza de Internet (IGF, por sus siglas en ingl\u00e9s) apoya la organizaci\u00f3n de eventos del IGF a nivel local, nacional, regional y global, as\u00ed como de Escuelas de Gobernanza de Internet. El objetivo del IGF es fomentar un di\u00e1logo abierto e inclusivo entre m\u00faltiples partes interesadas sobre cuestiones de pol\u00edtica relacionadas con la gobernanza de Internet. El objetivo de las Escuelas de Gobernanza de Internet es garantizar que diversos actores tengan las habilidades para participar en las estructuras de gobernanza de Internet y dar forma al futuro de Internet.<\/p>\n<figure itemscope itemtype=\"https:\/\/schema.org\/ImageObject\">\n\t\t\t\t<a href=\"https:\/\/www.isocfoundation.org\/grant-programme\/beyond-the-net-small-grants\/\"  target=\"_self\" itemprop=\"url\">\n\t\t\t\t<img decoding=\"async\" src=\"https:\/\/www.isocfoundation.org\/wp-content\/uploads\/2024\/01\/ethiopia-chapter-launches.jpg\" alt=\"Members of the Ethiopia ISOC chapter gather to celebrate its launch\" height=\"550\" width=\"1280\" title=\"ethiopia-chapter-launches\" onerror=\"this.style.display='none'\" loading=\"lazy\" \/>\n\t\t\t\t<\/a>\n\t<\/figure>\n\t<h3><a href=\"https:\/\/www.isocfoundation.org\/es\/grant-programme\/financiacion-de-la-administracion-del-capitulo\/\">Financiaci\u00f3n de la Administraci\u00f3n del Cap\u00edtulo<\/a><\/h3>\n<p>El programa Chapter Admin Funding ofrece financiaci\u00f3n anual para ayudar a los cap\u00edtulos de Internet Society a gestionar sus actividades diarias y maximizar su eficacia.<\/p>\n<figure itemscope itemtype=\"https:\/\/schema.org\/ImageObject\">\n\t\t\t\t<a href=\"https:\/\/www.isocfoundation.org\/grant-programme\/research-grant-programme\/\"  target=\"_self\" itemprop=\"url\">\n\t\t\t\t<img decoding=\"async\" src=\"https:\/\/www.isocfoundation.org\/wp-content\/uploads\/2026\/02\/woman-computer-afrisig.jpg\" alt=\"A woman in a red sweater gazes intently at her laptop screen.\" height=\"451\" width=\"1300\" title=\"woman-computer-afrisig\" onerror=\"this.style.display='none'\" loading=\"lazy\" \/>\n\t\t\t\t<\/a>\n\t<\/figure>\n\t<h3><a href=\"https:\/\/www.isocfoundation.org\/es\/grant-programme\/programa-de-subvenciones-fondo-common-good-cyber\/\">Programa de Subvenciones Fondo Common Good Cyber<\/a><\/h3>\n<p>El Fondo Common Good Cyber fue lanzado en 2025 en estrecha colaboraci\u00f3n con el Comit\u00e9 para el Ecosistema de Common Good Cyber y un Comit\u00e9 Asesor Estrat\u00e9gico. Esta iniciativa tiene como objetivo apoyar a organizaciones sin fines de lucro cuyo trabajo fortalece el ecosistema de ciberseguridad de inter\u00e9s p\u00fablico.<\/p>\n<figure itemscope itemtype=\"https:\/\/schema.org\/ImageObject\">\n\t\t\t\t<a href=\"https:\/\/www.internetsociety.org\/funding-areas\/sustainable-peering-ixp\/\"  target=\"_blank\" rel=\"noopener\"  itemprop=\"url\">\n\t\t\t\t<img decoding=\"async\" src=\"https:\/\/www.isocfoundation.org\/wp-content\/uploads\/2026\/01\/men-data-center-1024x440.jpg\" alt=\"two men talking at a data center\" height=\"440\" width=\"1024\" title=\"men-data-center\" onerror=\"this.style.display='none'\" loading=\"lazy\" \/>\n\t\t\t\t<\/a>\n\t<\/figure>\n\t<h3><a href=\"https:\/\/www.isocfoundation.org\/es\/grant-programme\/infraestructura-de-peering-sostenible\/\">Programa de Subvenciones para Infraestructura de Peering Sostenible<\/a><\/h3>\n<p>El programa de financiaci\u00f3n de Sustainable Peering Infrastructure apoya a las comunidades locales para construir o mejorar IXP y desarrollar a\u00fan m\u00e1s las organizaciones y comunidades que apoyan el peering y la interconexi\u00f3n.<\/p>\n<figure itemscope itemtype=\"https:\/\/schema.org\/ImageObject\">\n\t\t\t\t<a href=\"https:\/\/www.isocfoundation.org\/grant-programme\/research-grant-programme\/\"  target=\"_self\" itemprop=\"url\">\n\t\t\t\t<img decoding=\"async\" src=\"https:\/\/www.isocfoundation.org\/wp-content\/uploads\/2020\/08\/ISOC-IMAGE-80-RGB-1-1.jpg\" alt=\"Wind turbines in a grass field at sunset\" height=\"452\" width=\"1200\" title=\"ISOC-IMAGE-80-RGB-1\" onerror=\"this.style.display='none'\" loading=\"lazy\" \/>\n\t\t\t\t<\/a>\n\t<\/figure>\n\t<h3><a href=\"https:\/\/www.isocfoundation.org\/es\/grant-programme\/programa-de-becas-de-investigacion\/\">Programa de Becas de Investigaci\u00f3n<\/a><\/h3>\n<p>El Programa de Becas de Investigaci\u00f3n apoya colaboraciones globales de investigaci\u00f3n que promueven la comprensi\u00f3n de Internet y su valor para todos.<\/p>\n<figure itemscope itemtype=\"https:\/\/schema.org\/ImageObject\">\n\t\t\t\t<a href=\"https:\/\/www.isocfoundation.org\/grant-programme\/scills-grant-programme\/\"  target=\"_self\" itemprop=\"url\">\n\t\t\t\t<img decoding=\"async\" src=\"https:\/\/www.isocfoundation.org\/wp-content\/uploads\/2020\/03\/SCILLS-banner-2-1024x387.png\" alt=\"Young women around a computer in Patna, Bihar, India\" height=\"387\" width=\"1024\" title=\"Young women around a computer in Patna, Bihar, India\" onerror=\"this.style.display='none'\" loading=\"lazy\" \/>\n\t\t\t\t<\/a>\n\t<\/figure>\n\t<h3><a href=\"https:\/\/www.isocfoundation.org\/es\/grant-programme\/programa-de-subvenciones-scills\/\">Programa de Subvenciones SCILLS<\/a><\/h3>\nEl Programa de Subvenciones para el Fortalecimiento de las Comunidades y la Mejora de las Vidas y los Medios de Vida (SCILLS, por sus siglas en ingl\u00e9s) ampl\u00eda el crecimiento econ\u00f3mico y aumenta las oportunidades educativas al apoyar a las personas y las comunidades para que utilicen Internet de manera m\u00e1s informada y h\u00e1bil.\n<figure itemscope itemtype=\"https:\/\/schema.org\/ImageObject\">\n\t\t\t\t<a href=\"https:\/\/www.isocfoundation.org\/grant-programme\/resiliency-grant-program\/\"  target=\"_self\" itemprop=\"url\">\n\t\t\t\t<img decoding=\"async\" src=\"https:\/\/www.isocfoundation.org\/wp-content\/uploads\/2021\/07\/-apt.int_NepalPicture1-e1627460127748.jpg\" alt=\"Two men fitting antennae on top of a room in front of the Himalaya mountains in Nepal\" height=\"989\" width=\"1502\" title=\"\u00a9 apt.int_NepalPicture1\" onerror=\"this.style.display='none'\" loading=\"lazy\" \/>\n\t\t\t\t<\/a>\n\t<\/figure>\n\t<h3><a href=\"https:\/\/www.isocfoundation.org\/es\/grant-programme\/resiliency-grant-program\/\">Programa de Subvenciones de Resiliencia<\/a><\/h3>\n<p>El Programa de Subvenciones para la Resiliencia brinda apoyo a las comunidades para que est\u00e9n preparadas y se reconecten a Internet r\u00e1pidamente despu\u00e9s de que ocurran desastres relacionados con el clima.<\/p>\n\n","protected":false},"excerpt":{"rendered":"<p>Apoyamos a la comunidad global de Internet &#8211; investigadores, desarrolladores, organizaciones sin fines de lucro, educadores y m\u00e1s &#8211; a trav\u00e9s de los siguientes programas de subvenciones: Programa de Subvenciones Beyond the Net El programa de subvenciones Beyond the Net ofrece subvenciones para apoyar a los cap\u00edtulos de Internet Society en la implementaci\u00f3n de proyectos&hellip;<\/p>\n","protected":false},"author":1,"featured_media":0,"parent":0,"menu_order":8,"comment_status":"closed","ping_status":"closed","template":"","meta":{"footnotes":""},"class_list":["post-1116","page","type-page","status-publish","hentry"],"yoast_head":"<!-- This site is optimized with the Yoast SEO plugin v27.1.1 - https:\/\/yoast.com\/product\/yoast-seo-wordpress\/ -->\n<title>\u00c1reas de Financiamiento | Internet Society Foundation<\/title>\n<meta name=\"robots\" content=\"index, follow, max-snippet:-1, max-image-preview:large, max-video-preview:-1\" \/>\n<link rel=\"canonical\" href=\"https:\/\/www.isocfoundation.org\/es\/programas-de-subvenciones\/\" \/>\n<meta property=\"og:locale\" content=\"es_ES\" \/>\n<meta property=\"og:type\" content=\"article\" \/>\n<meta property=\"og:title\" content=\"\u00c1reas de Financiamiento | Internet Society Foundation\" \/>\n<meta property=\"og:description\" content=\"Apoyamos a la comunidad global de Internet &#8211; investigadores, desarrolladores, organizaciones sin fines de lucro, educadores y m\u00e1s &#8211; a trav\u00e9s de los siguientes programas de subvenciones: Programa de Subvenciones Beyond the Net El programa de subvenciones Beyond the Net ofrece subvenciones para apoyar a los cap\u00edtulos de Internet Society en la implementaci\u00f3n de proyectos&hellip;\" \/>\n<meta property=\"og:url\" content=\"https:\/\/www.isocfoundation.org\/es\/programas-de-subvenciones\/\" \/>\n<meta property=\"og:site_name\" content=\"Internet Society Foundation\" \/>\n<meta property=\"article:modified_time\" content=\"2026-03-24T09:58:24+00:00\" \/>\n<meta property=\"og:image\" content=\"https:\/\/www.isocfoundation.org\/wp-content\/uploads\/2019\/06\/Large-grants_2-2.jpg\" \/>\n<meta name=\"twitter:card\" content=\"summary_large_image\" \/>\n<meta name=\"twitter:site\" content=\"@ISOC_Foundation\" \/>\n<meta name=\"twitter:label1\" content=\"Tiempo de lectura\" \/>\n\t<meta name=\"twitter:data1\" content=\"5 minutos\" \/>\n<script type=\"application\/ld+json\" class=\"yoast-schema-graph\">{\"@context\":\"https:\/\/schema.org\",\"@graph\":[{\"@type\":\"WebPage\",\"@id\":\"https:\/\/www.isocfoundation.org\/es\/programas-de-subvenciones\/\",\"url\":\"https:\/\/www.isocfoundation.org\/es\/programas-de-subvenciones\/\",\"name\":\"\u00c1reas de Financiamiento | Internet Society Foundation\",\"isPartOf\":{\"@id\":\"https:\/\/www.isocfoundation.org\/#website\"},\"primaryImageOfPage\":{\"@id\":\"https:\/\/www.isocfoundation.org\/es\/programas-de-subvenciones\/#primaryimage\"},\"image\":{\"@id\":\"https:\/\/www.isocfoundation.org\/es\/programas-de-subvenciones\/#primaryimage\"},\"thumbnailUrl\":\"https:\/\/www.isocfoundation.org\/wp-content\/uploads\/2019\/06\/Large-grants_2-2.jpg\",\"datePublished\":\"2019-05-13T03:45:18+00:00\",\"dateModified\":\"2026-03-24T09:58:24+00:00\",\"breadcrumb\":{\"@id\":\"https:\/\/www.isocfoundation.org\/es\/programas-de-subvenciones\/#breadcrumb\"},\"inLanguage\":\"es\",\"potentialAction\":[{\"@type\":\"ReadAction\",\"target\":[\"https:\/\/www.isocfoundation.org\/es\/programas-de-subvenciones\/\"]}]},{\"@type\":\"ImageObject\",\"inLanguage\":\"es\",\"@id\":\"https:\/\/www.isocfoundation.org\/es\/programas-de-subvenciones\/#primaryimage\",\"url\":\"https:\/\/www.isocfoundation.org\/wp-content\/uploads\/2019\/06\/Large-grants_2-2.jpg\",\"contentUrl\":\"https:\/\/www.isocfoundation.org\/wp-content\/uploads\/2019\/06\/Large-grants_2-2.jpg\"},{\"@type\":\"BreadcrumbList\",\"@id\":\"https:\/\/www.isocfoundation.org\/es\/programas-de-subvenciones\/#breadcrumb\",\"itemListElement\":[{\"@type\":\"ListItem\",\"position\":1,\"name\":\"Home\",\"item\":\"https:\/\/www.isocfoundation.org\/es\/\"},{\"@type\":\"ListItem\",\"position\":2,\"name\":\"\u00c1reas de Financiamiento\"}]},{\"@type\":\"WebSite\",\"@id\":\"https:\/\/www.isocfoundation.org\/#website\",\"url\":\"https:\/\/www.isocfoundation.org\/\",\"name\":\"Internet Society Foundation\",\"description\":\"The Internet transforms lives\",\"publisher\":{\"@id\":\"https:\/\/www.isocfoundation.org\/#organization\"},\"potentialAction\":[{\"@type\":\"SearchAction\",\"target\":{\"@type\":\"EntryPoint\",\"urlTemplate\":\"https:\/\/www.isocfoundation.org\/?s={search_term_string}\"},\"query-input\":{\"@type\":\"PropertyValueSpecification\",\"valueRequired\":true,\"valueName\":\"search_term_string\"}}],\"inLanguage\":\"es\"},{\"@type\":\"Organization\",\"@id\":\"https:\/\/www.isocfoundation.org\/#organization\",\"name\":\"Internet Society Foundation\",\"url\":\"https:\/\/www.isocfoundation.org\/\",\"logo\":{\"@type\":\"ImageObject\",\"inLanguage\":\"es\",\"@id\":\"https:\/\/www.isocfoundation.org\/#\/schema\/logo\/image\/\",\"url\":\"https:\/\/www.isocfoundation.org\/wp-content\/uploads\/2019\/02\/internet-society-foundation.jpg\",\"contentUrl\":\"https:\/\/www.isocfoundation.org\/wp-content\/uploads\/2019\/02\/internet-society-foundation.jpg\",\"width\":1200,\"height\":630,\"caption\":\"Internet Society Foundation\"},\"image\":{\"@id\":\"https:\/\/www.isocfoundation.org\/#\/schema\/logo\/image\/\"},\"sameAs\":[\"https:\/\/x.com\/ISOC_Foundation\"]}]}<\/script>\n<!-- \/ Yoast SEO plugin. -->","yoast_head_json":{"title":"\u00c1reas de Financiamiento | Internet Society Foundation","robots":{"index":"index","follow":"follow","max-snippet":"max-snippet:-1","max-image-preview":"max-image-preview:large","max-video-preview":"max-video-preview:-1"},"canonical":"https:\/\/www.isocfoundation.org\/es\/programas-de-subvenciones\/","og_locale":"es_ES","og_type":"article","og_title":"\u00c1reas de Financiamiento | Internet Society Foundation","og_description":"Apoyamos a la comunidad global de Internet &#8211; investigadores, desarrolladores, organizaciones sin fines de lucro, educadores y m\u00e1s &#8211; a trav\u00e9s de los siguientes programas de subvenciones: Programa de Subvenciones Beyond the Net El programa de subvenciones Beyond the Net ofrece subvenciones para apoyar a los cap\u00edtulos de Internet Society en la implementaci\u00f3n de proyectos&hellip;","og_url":"https:\/\/www.isocfoundation.org\/es\/programas-de-subvenciones\/","og_site_name":"Internet Society Foundation","article_modified_time":"2026-03-24T09:58:24+00:00","og_image":[{"url":"https:\/\/www.isocfoundation.org\/wp-content\/uploads\/2019\/06\/Large-grants_2-2.jpg","type":"","width":"","height":""}],"twitter_card":"summary_large_image","twitter_site":"@ISOC_Foundation","twitter_misc":{"Tiempo de lectura":"5 minutos"},"schema":{"@context":"https:\/\/schema.org","@graph":[{"@type":"WebPage","@id":"https:\/\/www.isocfoundation.org\/es\/programas-de-subvenciones\/","url":"https:\/\/www.isocfoundation.org\/es\/programas-de-subvenciones\/","name":"\u00c1reas de Financiamiento | Internet Society Foundation","isPartOf":{"@id":"https:\/\/www.isocfoundation.org\/#website"},"primaryImageOfPage":{"@id":"https:\/\/www.isocfoundation.org\/es\/programas-de-subvenciones\/#primaryimage"},"image":{"@id":"https:\/\/www.isocfoundation.org\/es\/programas-de-subvenciones\/#primaryimage"},"thumbnailUrl":"https:\/\/www.isocfoundation.org\/wp-content\/uploads\/2019\/06\/Large-grants_2-2.jpg","datePublished":"2019-05-13T03:45:18+00:00","dateModified":"2026-03-24T09:58:24+00:00","breadcrumb":{"@id":"https:\/\/www.isocfoundation.org\/es\/programas-de-subvenciones\/#breadcrumb"},"inLanguage":"es","potentialAction":[{"@type":"ReadAction","target":["https:\/\/www.isocfoundation.org\/es\/programas-de-subvenciones\/"]}]},{"@type":"ImageObject","inLanguage":"es","@id":"https:\/\/www.isocfoundation.org\/es\/programas-de-subvenciones\/#primaryimage","url":"https:\/\/www.isocfoundation.org\/wp-content\/uploads\/2019\/06\/Large-grants_2-2.jpg","contentUrl":"https:\/\/www.isocfoundation.org\/wp-content\/uploads\/2019\/06\/Large-grants_2-2.jpg"},{"@type":"BreadcrumbList","@id":"https:\/\/www.isocfoundation.org\/es\/programas-de-subvenciones\/#breadcrumb","itemListElement":[{"@type":"ListItem","position":1,"name":"Home","item":"https:\/\/www.isocfoundation.org\/es\/"},{"@type":"ListItem","position":2,"name":"\u00c1reas de Financiamiento"}]},{"@type":"WebSite","@id":"https:\/\/www.isocfoundation.org\/#website","url":"https:\/\/www.isocfoundation.org\/","name":"Internet Society Foundation","description":"The Internet transforms lives","publisher":{"@id":"https:\/\/www.isocfoundation.org\/#organization"},"potentialAction":[{"@type":"SearchAction","target":{"@type":"EntryPoint","urlTemplate":"https:\/\/www.isocfoundation.org\/?s={search_term_string}"},"query-input":{"@type":"PropertyValueSpecification","valueRequired":true,"valueName":"search_term_string"}}],"inLanguage":"es"},{"@type":"Organization","@id":"https:\/\/www.isocfoundation.org\/#organization","name":"Internet Society Foundation","url":"https:\/\/www.isocfoundation.org\/","logo":{"@type":"ImageObject","inLanguage":"es","@id":"https:\/\/www.isocfoundation.org\/#\/schema\/logo\/image\/","url":"https:\/\/www.isocfoundation.org\/wp-content\/uploads\/2019\/02\/internet-society-foundation.jpg","contentUrl":"https:\/\/www.isocfoundation.org\/wp-content\/uploads\/2019\/02\/internet-society-foundation.jpg","width":1200,"height":630,"caption":"Internet Society Foundation"},"image":{"@id":"https:\/\/www.isocfoundation.org\/#\/schema\/logo\/image\/"},"sameAs":["https:\/\/x.com\/ISOC_Foundation"]}]}},"_links":{"self":[{"href":"https:\/\/www.isocfoundation.org\/es\/wp-json\/wp\/v2\/pages\/1116","targetHints":{"allow":["GET"]}}],"collection":[{"href":"https:\/\/www.isocfoundation.org\/es\/wp-json\/wp\/v2\/pages"}],"about":[{"href":"https:\/\/www.isocfoundation.org\/es\/wp-json\/wp\/v2\/types\/page"}],"author":[{"embeddable":true,"href":"https:\/\/www.isocfoundation.org\/es\/wp-json\/wp\/v2\/users\/1"}],"replies":[{"embeddable":true,"href":"https:\/\/www.isocfoundation.org\/es\/wp-json\/wp\/v2\/comments?post=1116"}],"version-history":[{"count":2,"href":"https:\/\/www.isocfoundation.org\/es\/wp-json\/wp\/v2\/pages\/1116\/revisions"}],"predecessor-version":[{"id":20876,"href":"https:\/\/www.isocfoundation.org\/es\/wp-json\/wp\/v2\/pages\/1116\/revisions\/20876"}],"wp:attachment":[{"href":"https:\/\/www.isocfoundation.org\/es\/wp-json\/wp\/v2\/media?parent=1116"}],"curies":[{"name":"wp","href":"https:\/\/api.w.org\/{rel}","templated":true}]}}