{"id":14450,"date":"2025-05-30T10:56:27","date_gmt":"2025-05-30T10:56:27","guid":{"rendered":"https:\/\/www.isocfoundation.org\/kit-de-herramientas-de-comunicaciones-para-socios-de-subvenciones\/"},"modified":"2026-04-20T16:02:11","modified_gmt":"2026-04-20T16:02:11","slug":"kit-de-herramientas-de-comunicaciones-para-socios-de-subvenciones","status":"publish","type":"page","link":"https:\/\/www.isocfoundation.org\/es\/kit-de-herramientas-de-comunicaciones-para-socios-de-subvenciones\/","title":{"rendered":"Kit de herramientas de comunicaciones para socios de subvenciones"},"content":{"rendered":"\n\n\t<h2>\u00a1Enhorabuena por su premio!<\/h2>\n<p>La financiaci\u00f3n de la Fundaci\u00f3n Internet Society es un logro importante que le animamos a compartir con su comunidad. Este kit de comunicaci\u00f3n para socios de subvenciones proporciona orientaci\u00f3n para ayudarlo a correr la voz sobre su proyecto. Cubre:<\/p>\n<ul>\n<li><a href=\"#acknowledgement\">Gu\u00eda de reconocimiento de la Fundaci\u00f3n Internet Society<\/a><\/li>\n<li><a href=\"https:\/\/www.isocfoundation.org\/es\/2-aprovechar-al-maximo-el-proceso-de-convocatoria-de-subvenciones\/\">Aprovechar al m\u00e1ximo el proceso de anuncio de subvenciones de la Fundaci\u00f3n Internet Society<\/a><\/li>\n<li><a href=\"https:\/\/www.isocfoundation.org\/es\/3-comparta-sus-noticias-con-el-publico\/\">Ideas para compartir sus noticias con el p\u00fablico<\/a><\/li>\n<li><a href=\"https:\/\/www.isocfoundation.org\/es\/4-narracion-de-historias-para-generar-impacto\/\">Narraci\u00f3n de historias para generar impacto<\/a><\/li>\n<li><a href=\"https:\/\/www.isocfoundation.org\/resources\/internet-society-foundation-logo-usage\/\">Logotipos<\/a><\/li>\n<\/ul>\n<h2>Mantenerse en contacto con la Fundaci\u00f3n Internet Society<\/h2>\n<p>Adem\u00e1s de las pautas anteriores, aproveche al m\u00e1ximo su conexi\u00f3n con la Fundaci\u00f3n Internet Society manteni\u00e9ndose en contacto:<\/p>\n<ul>\n<li><a href=\"https:\/\/www.facebook.com\/ISOCfoundation\/\" target=\"_blank\" rel=\"noopener\">S\u00edganos en Facebook<\/a><\/li>\n<li><a href=\"https:\/\/twitter.com\/ISOC_Foundation\" target=\"_blank\" rel=\"noopener\">S\u00edganos en X\/Twitter<\/a><\/li>\n<li><a href=\"http:\/\/instagram.com\/isoc_foundation\/\" target=\"_blank\" rel=\"noopener\">S\u00edganos en Instagram<\/a><\/li>\n<li><a href=\"https:\/\/www.linkedin.com\/company\/internet-society-foundation\/\" target=\"_blank\" rel=\"noopener\">S\u00edganos en LinkedIn<\/a><\/li>\n<li><a href=\"https:\/\/www.youtube.com\/c\/InternetSocietyFoundation\" target=\"_blank\" rel=\"noopener\">Visite y suscr\u00edbase a nuestro canal de YouTube<\/a><\/li>\n<\/ul>\n<h2>\n\t\t\tSuscr\u00edbase a nuestro bolet\u00edn informativo\t<\/h2>\n\t<h2>Gu\u00eda de reconocimiento de la Fundaci\u00f3n Internet Society<\/h2>\n<p>Las siguientes directrices se refieren a la &#171;l\u00ednea de cr\u00e9dito&#187;, el &#171;logotipo&#187; y el &#171;lenguaje repetitivo de la Internet Society Foundation&#187;. Esto es lo que queremos decir con esos t\u00e9rminos:<\/p>\n<h3>L\u00ednea de cr\u00e9dito<\/h3>\n<p><strong>Para trabajos en los que la Fundaci\u00f3n ISOC es el \u00fanico financiador<\/strong><\/p>\n<p>&#171;Este proyecto fue posible gracias a la financiaci\u00f3n de la Fundaci\u00f3n Internet Society&#187;.<\/p>\n<p><strong>Para trabajos en los que la Fundaci\u00f3n ISOC se encuentra entre uno de los financiadores<\/strong><\/p>\n<p>&#171;Este proyecto fue posible en parte gracias a la financiaci\u00f3n de la Fundaci\u00f3n Internet Society&#187;.<\/p>\n<p><strong>Para trabajos en los que se utiliza un patrocinador fiscal para la financiaci\u00f3n<\/strong><\/p>\n<p>&#171;Este proyecto fue posible gracias a la financiaci\u00f3n en asociaci\u00f3n con [nombre del patrocinador fiscal] con fondos de la Fundaci\u00f3n Internet Society&#187;.<\/p>\n<h3>Logotipo<\/h3>\n<p>Consulte las <a href=\"https:\/\/www.isocfoundation.org\/resources\/internet-society-foundation-logo-usage\/\">directrices del logotipo de la Fundaci\u00f3n Internet Society<\/a><\/p>\n<h3>Reconocimiento de apoyo en productos de subvenci\u00f3n<\/h3>\n<p>Alentamos a que se reconozca el apoyo de la Fundaci\u00f3n Internet Society en todos los productos de subvenciones, publicaciones y sitios web desarrollados con fondos de la Fundaci\u00f3n Internet Society. El reconocimiento debe incluir la l\u00ednea de cr\u00e9dito y el logotipo de la Fundaci\u00f3n Internet Society, cuando el espacio lo permita. Los p\u00f3sters o folletos sobre los programas y proyectos financiados por la Fundaci\u00f3n Internet Society tambi\u00e9n pueden incluir el logotipo de la Fundaci\u00f3n Internet Society.<\/p>\n<h3>Reconocimiento de Apoyo en Publicidad y Eventos P\u00fablicos<\/h3>\n<h3>Comunicados de prensa<\/h3>\nLa plantilla y el logotipo de la Fundaci\u00f3n Internet Society deben utilizarse en los comunicados de prensa:\n<br \/>\n<strong>Texto modelo<\/strong>\n&#171;Acerca de la Fundaci\u00f3n Internet Society. La Fundaci\u00f3n Internet Society cree en el poder transformador de Internet para mejorar vidas. Guiados por nuestra visi\u00f3n de que Internet es para todos, apoyamos iniciativas que promueven una Internet abierta, globalmente conectada, segura y confiable. A trav\u00e9s de financiaci\u00f3n y asociaciones estrat\u00e9gicas, ampliamos el acceso digital, fomentamos la innovaci\u00f3n y abordamos desaf\u00edos cr\u00edticos en educaci\u00f3n, atenci\u00f3n m\u00e9dica y oportunidades econ\u00f3micas. Desde 2019, hemos trabajado para liberar todo el potencial de Internet para las comunidades de todo el mundo&#187;.\n<p><strong><a href=\"https:\/\/www.isocfoundation.org\/resources\/internet-society-foundation-logo-usage\/\">Logo guidelines<\/a><\/strong><\/p>\n<h3>Redes sociales<\/h3>\n<p>Puede hacer uso de los mensajes en las redes sociales que genera la Fundaci\u00f3n Internet Society el d\u00eda del anuncio de la concesi\u00f3n de la subvenci\u00f3n. No dude en volver a compartir el mensaje de la Fundaci\u00f3n Internet Society en las redes sociales sobre los premios del programa de subvenciones y hacer clic en &#171;Me gusta&#187; o comentar en nuestros canales sociales. Si publica sus propias publicaciones, aseg\u00farese de etiquetarnos en sus mensajes para que podamos verlos y amplificarlos cuando sea posible.<\/p>\n<h3>Eventos de Prensa<\/h3>\n<p>El apoyo de la Fundaci\u00f3n Internet Society debe ser reconocido verbalmente durante todas las entrevistas con los medios de comunicaci\u00f3n, incluyendo la radio, la televisi\u00f3n y las conferencias de prensa.<\/p>\n<h3>Eventos P\u00fablicos<\/h3>\n<p>En programas o reuniones p\u00fablicas relacionadas con su premio, reconozca oralmente a la Fundaci\u00f3n Internet Society. Exhiba el logotipo en la se\u00f1alizaci\u00f3n de los eventos. <a href=\"https:\/\/www.isocfoundation.org\/resources\/internet-society-foundation-logo-usage\/\">Consulte las directrices del logotipo de la Fundaci\u00f3n para obtener m\u00e1s informaci\u00f3n<\/a>.<\/p>\n<h3>Audio\/v\u00eddeo grabado<\/h3>\n<p>Las transmisiones de audio\/video deben incluir la l\u00ednea de cr\u00e9dito (ver arriba). Las transmisiones de video deben mostrar el logotipo de la Fundaci\u00f3n Internet Society.<\/p>\n<p>Si tiene preguntas sobre los formularios de reconocimiento, comun\u00edquese con la Oficina de Comunicaciones al <a href=\"mailto:communications@isocfoundation.org\">communications@isocfoundation.org<\/a>.<\/p>\n<figure itemscope itemtype=\"https:\/\/schema.org\/ImageObject\">\n\t\t\t\t<img decoding=\"async\" src=\"https:\/\/www.isocfoundation.org\/wp-content\/uploads\/2024\/01\/Schools-in-Kyrgyzstan-1024x681.webp\" alt=\"Jalal-Abad region \/ Kyrgyzstan - 06.25.2018 : Children in the classroom in a rural school\n\" height=\"681\" width=\"1024\" title=\"Schools in Kyrgyzstan\" onerror=\"this.style.display='none'\" loading=\"lazy\" \/>\n\t\t<figcaption>Children in the classroom in a rural school in Kyrgyzstan\nCredit: Shutterstock\/ \n<\/figcaption>\n\t<\/figure>\n\t\t\t<a href=\"https:\/\/www.isocfoundation.org\/es\/2-aprovechar-al-maximo-el-proceso-de-convocatoria-de-subvenciones\/\"  target=\"_self\">\n\t\t\t\t\t\t\tSiguiente: Aprovechar al m\u00e1ximo el anuncio de la subvenci\u00f3n\n\t\t\t\t\t<\/a>\n\t<h3>Contacto de comunicaciones<\/h3>\n<p>Si tiene alguna pregunta, comun\u00edquese con nuestra Oficina de Comunicaciones:<\/p>\n<strong>Correo electr\u00f3nico<\/strong><br \/>\n <a href=\"mailto:communications@isocfoundation.org\">communications@isocfoundation.org<\/a>\n\t<h3>Kit de herramientas de comunicaci\u00f3n para socios de Grant<\/h3>\n<ul>\n<li><strong>Gu\u00eda de reconocimiento de la Fundaci\u00f3n Internet Society<\/strong><\/li>\n<li><a href=\"https:\/\/www.isocfoundation.org\/es\/2-aprovechar-al-maximo-el-proceso-de-convocatoria-de-subvenciones\/\">Aprovechar al m\u00e1ximo el proceso de anuncio de subvenciones de la Fundaci\u00f3n Internet Society<\/a><\/li>\n<li><a href=\"https:\/\/www.isocfoundation.org\/es\/3-comparta-sus-noticias-con-el-publico\/\">Ideas para compartir tus noticias con el p\u00fablico<\/a><\/li>\n<li><a href=\"https:\/\/www.isocfoundation.org\/es\/4-narracion-de-historias-para-generar-impacto\/\">Narraci\u00f3n de historias para generar impacto<\/a><\/li>\n<li><a href=\"https:\/\/www.isocfoundation.org\/resources\/internet-society-foundation-logo-usage\/\">Logotipos<\/a><\/li>\n<\/ul>\n\n","protected":false},"excerpt":{"rendered":"<p>\u00a1Enhorabuena por su premio! La financiaci\u00f3n de la Fundaci\u00f3n Internet Society es un logro importante que le animamos a compartir con su comunidad. Este kit de comunicaci\u00f3n para socios de subvenciones proporciona orientaci\u00f3n para ayudarlo a correr la voz sobre su proyecto. Cubre: Gu\u00eda de reconocimiento de la Fundaci\u00f3n Internet Society Aprovechar al m\u00e1ximo el&hellip;<\/p>\n","protected":false},"author":23,"featured_media":13342,"parent":0,"menu_order":0,"comment_status":"closed","ping_status":"closed","template":"","meta":{"footnotes":""},"class_list":["post-14450","page","type-page","status-publish","has-post-thumbnail","hentry"],"yoast_head":"<!-- This site is optimized with the Yoast SEO plugin v27.3 - https:\/\/yoast.com\/product\/yoast-seo-wordpress\/ -->\n<title>Kit de herramientas de comunicaciones para socios de subvenciones | Internet Society Foundation<\/title>\n<meta name=\"robots\" content=\"index, follow, max-snippet:-1, max-image-preview:large, max-video-preview:-1\" \/>\n<link rel=\"canonical\" href=\"https:\/\/www.isocfoundation.org\/es\/kit-de-herramientas-de-comunicaciones-para-socios-de-subvenciones\/\" \/>\n<meta property=\"og:locale\" content=\"es_ES\" \/>\n<meta property=\"og:type\" content=\"article\" \/>\n<meta property=\"og:title\" content=\"Kit de herramientas de comunicaciones para socios de subvenciones | Internet Society Foundation\" \/>\n<meta property=\"og:description\" content=\"\u00a1Enhorabuena por su premio! La financiaci\u00f3n de la Fundaci\u00f3n Internet Society es un logro importante que le animamos a compartir con su comunidad. Este kit de comunicaci\u00f3n para socios de subvenciones proporciona orientaci\u00f3n para ayudarlo a correr la voz sobre su proyecto. Cubre: Gu\u00eda de reconocimiento de la Fundaci\u00f3n Internet Society Aprovechar al m\u00e1ximo el&hellip;\" \/>\n<meta property=\"og:url\" content=\"https:\/\/www.isocfoundation.org\/es\/kit-de-herramientas-de-comunicaciones-para-socios-de-subvenciones\/\" \/>\n<meta property=\"og:site_name\" content=\"Internet Society Foundation\" \/>\n<meta property=\"article:modified_time\" content=\"2026-04-20T16:02:11+00:00\" \/>\n<meta property=\"og:image\" content=\"https:\/\/www.isocfoundation.org\/wp-content\/uploads\/2023\/04\/imagen-1024x576.png\" \/>\n\t<meta property=\"og:image:width\" content=\"1024\" \/>\n\t<meta property=\"og:image:height\" content=\"576\" \/>\n\t<meta property=\"og:image:type\" content=\"image\/png\" \/>\n<meta name=\"twitter:card\" content=\"summary_large_image\" \/>\n<meta name=\"twitter:site\" content=\"@ISOC_Foundation\" \/>\n<meta name=\"twitter:label1\" content=\"Tiempo de lectura\" \/>\n\t<meta name=\"twitter:data1\" content=\"4 minutos\" \/>\n<script type=\"application\/ld+json\" class=\"yoast-schema-graph\">{\"@context\":\"https:\\\/\\\/schema.org\",\"@graph\":[{\"@type\":\"WebPage\",\"@id\":\"https:\\\/\\\/www.isocfoundation.org\\\/es\\\/kit-de-herramientas-de-comunicaciones-para-socios-de-subvenciones\\\/\",\"url\":\"https:\\\/\\\/www.isocfoundation.org\\\/es\\\/kit-de-herramientas-de-comunicaciones-para-socios-de-subvenciones\\\/\",\"name\":\"Kit de herramientas de comunicaciones para socios de subvenciones | Internet Society Foundation\",\"isPartOf\":{\"@id\":\"https:\\\/\\\/www.isocfoundation.org\\\/#website\"},\"primaryImageOfPage\":{\"@id\":\"https:\\\/\\\/www.isocfoundation.org\\\/es\\\/kit-de-herramientas-de-comunicaciones-para-socios-de-subvenciones\\\/#primaryimage\"},\"image\":{\"@id\":\"https:\\\/\\\/www.isocfoundation.org\\\/es\\\/kit-de-herramientas-de-comunicaciones-para-socios-de-subvenciones\\\/#primaryimage\"},\"thumbnailUrl\":\"https:\\\/\\\/www.isocfoundation.org\\\/wp-content\\\/uploads\\\/2023\\\/04\\\/imagen.jpg\",\"datePublished\":\"2025-05-30T10:56:27+00:00\",\"dateModified\":\"2026-04-20T16:02:11+00:00\",\"breadcrumb\":{\"@id\":\"https:\\\/\\\/www.isocfoundation.org\\\/es\\\/kit-de-herramientas-de-comunicaciones-para-socios-de-subvenciones\\\/#breadcrumb\"},\"inLanguage\":\"es\",\"potentialAction\":[{\"@type\":\"ReadAction\",\"target\":[\"https:\\\/\\\/www.isocfoundation.org\\\/es\\\/kit-de-herramientas-de-comunicaciones-para-socios-de-subvenciones\\\/\"]}]},{\"@type\":\"ImageObject\",\"inLanguage\":\"es\",\"@id\":\"https:\\\/\\\/www.isocfoundation.org\\\/es\\\/kit-de-herramientas-de-comunicaciones-para-socios-de-subvenciones\\\/#primaryimage\",\"url\":\"https:\\\/\\\/www.isocfoundation.org\\\/wp-content\\\/uploads\\\/2023\\\/04\\\/imagen.jpg\",\"contentUrl\":\"https:\\\/\\\/www.isocfoundation.org\\\/wp-content\\\/uploads\\\/2023\\\/04\\\/imagen.jpg\",\"width\":2048,\"height\":1152},{\"@type\":\"BreadcrumbList\",\"@id\":\"https:\\\/\\\/www.isocfoundation.org\\\/es\\\/kit-de-herramientas-de-comunicaciones-para-socios-de-subvenciones\\\/#breadcrumb\",\"itemListElement\":[{\"@type\":\"ListItem\",\"position\":1,\"name\":\"Home\",\"item\":\"https:\\\/\\\/www.isocfoundation.org\\\/es\\\/\"},{\"@type\":\"ListItem\",\"position\":2,\"name\":\"Kit de herramientas de comunicaciones para socios de subvenciones\"}]},{\"@type\":\"WebSite\",\"@id\":\"https:\\\/\\\/www.isocfoundation.org\\\/#website\",\"url\":\"https:\\\/\\\/www.isocfoundation.org\\\/\",\"name\":\"Internet Society Foundation\",\"description\":\"The Internet transforms lives\",\"publisher\":{\"@id\":\"https:\\\/\\\/www.isocfoundation.org\\\/#organization\"},\"potentialAction\":[{\"@type\":\"SearchAction\",\"target\":{\"@type\":\"EntryPoint\",\"urlTemplate\":\"https:\\\/\\\/www.isocfoundation.org\\\/?s={search_term_string}\"},\"query-input\":{\"@type\":\"PropertyValueSpecification\",\"valueRequired\":true,\"valueName\":\"search_term_string\"}}],\"inLanguage\":\"es\"},{\"@type\":\"Organization\",\"@id\":\"https:\\\/\\\/www.isocfoundation.org\\\/#organization\",\"name\":\"Internet Society Foundation\",\"url\":\"https:\\\/\\\/www.isocfoundation.org\\\/\",\"logo\":{\"@type\":\"ImageObject\",\"inLanguage\":\"es\",\"@id\":\"https:\\\/\\\/www.isocfoundation.org\\\/#\\\/schema\\\/logo\\\/image\\\/\",\"url\":\"https:\\\/\\\/www.isocfoundation.org\\\/wp-content\\\/uploads\\\/2019\\\/02\\\/internet-society-foundation.jpg\",\"contentUrl\":\"https:\\\/\\\/www.isocfoundation.org\\\/wp-content\\\/uploads\\\/2019\\\/02\\\/internet-society-foundation.jpg\",\"width\":1200,\"height\":630,\"caption\":\"Internet Society Foundation\"},\"image\":{\"@id\":\"https:\\\/\\\/www.isocfoundation.org\\\/#\\\/schema\\\/logo\\\/image\\\/\"},\"sameAs\":[\"https:\\\/\\\/x.com\\\/ISOC_Foundation\"]}]}<\/script>\n<!-- \/ Yoast SEO plugin. -->","yoast_head_json":{"title":"Kit de herramientas de comunicaciones para socios de subvenciones | Internet Society Foundation","robots":{"index":"index","follow":"follow","max-snippet":"max-snippet:-1","max-image-preview":"max-image-preview:large","max-video-preview":"max-video-preview:-1"},"canonical":"https:\/\/www.isocfoundation.org\/es\/kit-de-herramientas-de-comunicaciones-para-socios-de-subvenciones\/","og_locale":"es_ES","og_type":"article","og_title":"Kit de herramientas de comunicaciones para socios de subvenciones | Internet Society Foundation","og_description":"\u00a1Enhorabuena por su premio! La financiaci\u00f3n de la Fundaci\u00f3n Internet Society es un logro importante que le animamos a compartir con su comunidad. Este kit de comunicaci\u00f3n para socios de subvenciones proporciona orientaci\u00f3n para ayudarlo a correr la voz sobre su proyecto. Cubre: Gu\u00eda de reconocimiento de la Fundaci\u00f3n Internet Society Aprovechar al m\u00e1ximo el&hellip;","og_url":"https:\/\/www.isocfoundation.org\/es\/kit-de-herramientas-de-comunicaciones-para-socios-de-subvenciones\/","og_site_name":"Internet Society Foundation","article_modified_time":"2026-04-20T16:02:11+00:00","og_image":[{"width":1024,"height":576,"url":"https:\/\/www.isocfoundation.org\/wp-content\/uploads\/2023\/04\/imagen-1024x576.png","type":"image\/png"}],"twitter_card":"summary_large_image","twitter_site":"@ISOC_Foundation","twitter_misc":{"Tiempo de lectura":"4 minutos"},"schema":{"@context":"https:\/\/schema.org","@graph":[{"@type":"WebPage","@id":"https:\/\/www.isocfoundation.org\/es\/kit-de-herramientas-de-comunicaciones-para-socios-de-subvenciones\/","url":"https:\/\/www.isocfoundation.org\/es\/kit-de-herramientas-de-comunicaciones-para-socios-de-subvenciones\/","name":"Kit de herramientas de comunicaciones para socios de subvenciones | Internet Society Foundation","isPartOf":{"@id":"https:\/\/www.isocfoundation.org\/#website"},"primaryImageOfPage":{"@id":"https:\/\/www.isocfoundation.org\/es\/kit-de-herramientas-de-comunicaciones-para-socios-de-subvenciones\/#primaryimage"},"image":{"@id":"https:\/\/www.isocfoundation.org\/es\/kit-de-herramientas-de-comunicaciones-para-socios-de-subvenciones\/#primaryimage"},"thumbnailUrl":"https:\/\/www.isocfoundation.org\/wp-content\/uploads\/2023\/04\/imagen.jpg","datePublished":"2025-05-30T10:56:27+00:00","dateModified":"2026-04-20T16:02:11+00:00","breadcrumb":{"@id":"https:\/\/www.isocfoundation.org\/es\/kit-de-herramientas-de-comunicaciones-para-socios-de-subvenciones\/#breadcrumb"},"inLanguage":"es","potentialAction":[{"@type":"ReadAction","target":["https:\/\/www.isocfoundation.org\/es\/kit-de-herramientas-de-comunicaciones-para-socios-de-subvenciones\/"]}]},{"@type":"ImageObject","inLanguage":"es","@id":"https:\/\/www.isocfoundation.org\/es\/kit-de-herramientas-de-comunicaciones-para-socios-de-subvenciones\/#primaryimage","url":"https:\/\/www.isocfoundation.org\/wp-content\/uploads\/2023\/04\/imagen.jpg","contentUrl":"https:\/\/www.isocfoundation.org\/wp-content\/uploads\/2023\/04\/imagen.jpg","width":2048,"height":1152},{"@type":"BreadcrumbList","@id":"https:\/\/www.isocfoundation.org\/es\/kit-de-herramientas-de-comunicaciones-para-socios-de-subvenciones\/#breadcrumb","itemListElement":[{"@type":"ListItem","position":1,"name":"Home","item":"https:\/\/www.isocfoundation.org\/es\/"},{"@type":"ListItem","position":2,"name":"Kit de herramientas de comunicaciones para socios de subvenciones"}]},{"@type":"WebSite","@id":"https:\/\/www.isocfoundation.org\/#website","url":"https:\/\/www.isocfoundation.org\/","name":"Internet Society Foundation","description":"The Internet transforms lives","publisher":{"@id":"https:\/\/www.isocfoundation.org\/#organization"},"potentialAction":[{"@type":"SearchAction","target":{"@type":"EntryPoint","urlTemplate":"https:\/\/www.isocfoundation.org\/?s={search_term_string}"},"query-input":{"@type":"PropertyValueSpecification","valueRequired":true,"valueName":"search_term_string"}}],"inLanguage":"es"},{"@type":"Organization","@id":"https:\/\/www.isocfoundation.org\/#organization","name":"Internet Society Foundation","url":"https:\/\/www.isocfoundation.org\/","logo":{"@type":"ImageObject","inLanguage":"es","@id":"https:\/\/www.isocfoundation.org\/#\/schema\/logo\/image\/","url":"https:\/\/www.isocfoundation.org\/wp-content\/uploads\/2019\/02\/internet-society-foundation.jpg","contentUrl":"https:\/\/www.isocfoundation.org\/wp-content\/uploads\/2019\/02\/internet-society-foundation.jpg","width":1200,"height":630,"caption":"Internet Society Foundation"},"image":{"@id":"https:\/\/www.isocfoundation.org\/#\/schema\/logo\/image\/"},"sameAs":["https:\/\/x.com\/ISOC_Foundation"]}]}},"_links":{"self":[{"href":"https:\/\/www.isocfoundation.org\/es\/wp-json\/wp\/v2\/pages\/14450","targetHints":{"allow":["GET"]}}],"collection":[{"href":"https:\/\/www.isocfoundation.org\/es\/wp-json\/wp\/v2\/pages"}],"about":[{"href":"https:\/\/www.isocfoundation.org\/es\/wp-json\/wp\/v2\/types\/page"}],"author":[{"embeddable":true,"href":"https:\/\/www.isocfoundation.org\/es\/wp-json\/wp\/v2\/users\/23"}],"replies":[{"embeddable":true,"href":"https:\/\/www.isocfoundation.org\/es\/wp-json\/wp\/v2\/comments?post=14450"}],"version-history":[{"count":7,"href":"https:\/\/www.isocfoundation.org\/es\/wp-json\/wp\/v2\/pages\/14450\/revisions"}],"predecessor-version":[{"id":21111,"href":"https:\/\/www.isocfoundation.org\/es\/wp-json\/wp\/v2\/pages\/14450\/revisions\/21111"}],"wp:featuredmedia":[{"embeddable":true,"href":"https:\/\/www.isocfoundation.org\/es\/wp-json\/wp\/v2\/media\/13342"}],"wp:attachment":[{"href":"https:\/\/www.isocfoundation.org\/es\/wp-json\/wp\/v2\/media?parent=14450"}],"curies":[{"name":"wp","href":"https:\/\/api.w.org\/{rel}","templated":true}]}}