{"id":19093,"date":"2025-11-19T19:03:46","date_gmt":"2025-11-19T19:03:46","guid":{"rendered":"https:\/\/www.isocfoundation.org\/?page_id=19093"},"modified":"2026-03-25T09:44:09","modified_gmt":"2026-03-25T09:44:09","slug":"plan-de-accion-2026","status":"publish","type":"page","link":"https:\/\/www.isocfoundation.org\/es\/acerca-de\/plan-de-accion-2026\/","title":{"rendered":"Plan de Acci\u00f3n 2026"},"content":{"rendered":"\n<h1>\n\t\t\tPlan de Acci\u00f3n 2026\t<\/h1>\n\t<p><strong>En 2026, celebramos el segundo a\u00f1o de la <a href=\"https:\/\/www.internetsociety.org\/es\/resources\/doc\/2024\/estrategia-2030\/\">Estrategia 2030 de Internet Society<\/a>. El objetivo de <a href=\"https:\/\/www.isocfoundation.org\/es\/\">Internet Society Foundation<\/a> sigue siendo claro: ser una organizaci\u00f3n de apoyo s\u00f3lida y confiable que amplifique el impacto de <a href=\"https:\/\/www.isocfoundation.org\/es\/\">Internet Society<\/a> en todo el mundo.\u00a0\u00a0<\/strong><\/p>\n<p>Trabajamos para garantizar que todas las personas tengan acceso a una Internet asequible, confiable y resiliente, segura y que proteja sus derechos en l\u00ednea. A trav\u00e9s de nuestros esfuerzos, seguimos fortaleciendo la comunidad global de Internet e impulsando los objetivos estrat\u00e9gicos que definir\u00e1n su futuro.\u00a0<\/p>\n<p>Internet Society Foundation contribuye a los objetivos estrat\u00e9gicos para el 2030 al formar a futuros l\u00edderes de Internet, generar impacto a trav\u00e9s del financiamiento de iniciativas alineadas con nuestra misi\u00f3n, garantizar la sostenibilidad financiera mediante la generaci\u00f3n de ingresos y construir una marca global reconocida. Juntos, nos enfocamos en impulsar un progreso significativo hacia una conectividad universal e inclusiva.\u00a0<\/p>\n<p><strong>El Plan de Acci\u00f3n 2026 representa un nuevo paso en nuestro camino colectivo hacia una Internet abierta, globalmente conectada, segura y confiable.<\/strong> Este a\u00f1o marca una evoluci\u00f3n continua para Internet Society Foundation en la que ampliaremos nuestras iniciativas para lograr una Internet m\u00e1s accesible, segura e inclusiva para las comunidades de todo el mundo.\u00a0\u00a0<\/p>\n<p>Guiados por nuestra convicci\u00f3n de que Internet es una fuerza positiva, mantenemos nuestro compromiso de apoyar ideas innovadoras, liderazgo local y soluciones colaborativas que promuevan una conectividad significativa y oportunidades digitales para todos.\u00a0\u00a0<\/p>\n<p>El <a href=\"https:\/\/www.isocfoundation.org\/wp-content\/uploads\/2025\/11\/2026-Foundation-Action-Plan-ES.pdf\"><b>Plan de Acci\u00f3n de Internet Society Foundation<\/b><\/a>, junto con el <a href=\"https:\/\/www.internetsociety.org\/es\/action-plan\/2026\/\"><b>Plan de Acci\u00f3n 2026 de Internet Society<\/b><\/a>, refleja nuestro compromiso compartido de crear una <b>Internet para todas las personas<\/b>.<\/p>\n<figure itemscope itemtype=\"https:\/\/schema.org\/ImageObject\">\n\t\t\t\t<a href=\"https:\/\/www.isocfoundation.org\/wp-content\/uploads\/2024\/11\/20241116_Action-Plan-English.pdf\"  target=\"_blank\" rel=\"noopener\"  itemprop=\"url\">\n\t\t\t\t<img decoding=\"async\" src=\"https:\/\/www.isocfoundation.org\/wp-content\/uploads\/2025\/11\/AP2026-Cover-ES.png\" alt=\"Portada del Plan de Acci\u00f3n 2026 en la que aparecen dos personas y la infraestructura de Internet.\" height=\"952\" width=\"670\" onerror=\"this.style.display='none'\" loading=\"lazy\" \/>\n\t\t\t\t<\/a>\n\t<\/figure>\n\t\t\t<a href=\"https:\/\/www.isocfoundation.org\/wp-content\/uploads\/2025\/11\/2026-Foundation-Action-Plan-ES.pdf\"  target=\"_blank\" rel=\"noopener\"    rel=\"noopener\">\n\t\t\t\t\t\t\tDescargar el Plan de Acci\u00f3n 2026\n\t\t\t\t\t<\/a>\n\n","protected":false},"excerpt":{"rendered":"<p>Plan de Acci\u00f3n 2026 En 2026, celebramos el segundo a\u00f1o de la Estrategia 2030 de Internet Society. El objetivo de Internet Society Foundation sigue siendo claro: ser una organizaci\u00f3n de apoyo s\u00f3lida y confiable que amplifique el impacto de Internet Society en todo el mundo.\u00a0\u00a0 Trabajamos para garantizar que todas las personas tengan acceso a&hellip;<\/p>\n","protected":false},"author":3,"featured_media":19073,"parent":1088,"menu_order":0,"comment_status":"closed","ping_status":"closed","template":"","meta":{"footnotes":""},"class_list":["post-19093","page","type-page","status-publish","has-post-thumbnail","hentry"],"yoast_head":"<!-- This site is optimized with the Yoast SEO plugin v27.3 - https:\/\/yoast.com\/product\/yoast-seo-wordpress\/ -->\n<title>Plan de Acci\u00f3n 2026 | Internet Society Foundation<\/title>\n<meta name=\"robots\" content=\"index, follow, max-snippet:-1, max-image-preview:large, max-video-preview:-1\" \/>\n<link rel=\"canonical\" href=\"https:\/\/www.isocfoundation.org\/es\/acerca-de\/plan-de-accion-2026\/\" \/>\n<meta property=\"og:locale\" content=\"es_ES\" \/>\n<meta property=\"og:type\" content=\"article\" \/>\n<meta property=\"og:title\" content=\"Plan de Acci\u00f3n 2026 | Internet Society Foundation\" \/>\n<meta property=\"og:description\" content=\"Plan de Acci\u00f3n 2026 En 2026, celebramos el segundo a\u00f1o de la Estrategia 2030 de Internet Society. El objetivo de Internet Society Foundation sigue siendo claro: ser una organizaci\u00f3n de apoyo s\u00f3lida y confiable que amplifique el impacto de Internet Society en todo el mundo.\u00a0\u00a0 Trabajamos para garantizar que todas las personas tengan acceso a&hellip;\" \/>\n<meta property=\"og:url\" content=\"https:\/\/www.isocfoundation.org\/es\/acerca-de\/plan-de-accion-2026\/\" \/>\n<meta property=\"og:site_name\" content=\"Internet Society Foundation\" \/>\n<meta property=\"article:modified_time\" content=\"2026-03-25T09:44:09+00:00\" \/>\n<meta property=\"og:image\" content=\"https:\/\/www.isocfoundation.org\/wp-content\/uploads\/2025\/11\/AP2026-Banner-image.png\" \/>\n\t<meta property=\"og:image:width\" content=\"1800\" \/>\n\t<meta property=\"og:image:height\" content=\"680\" \/>\n\t<meta property=\"og:image:type\" content=\"image\/png\" \/>\n<meta name=\"twitter:card\" content=\"summary_large_image\" \/>\n<meta name=\"twitter:site\" content=\"@ISOC_Foundation\" \/>\n<meta name=\"twitter:label1\" content=\"Tiempo de lectura\" \/>\n\t<meta name=\"twitter:data1\" content=\"2 minutos\" \/>\n<script type=\"application\/ld+json\" class=\"yoast-schema-graph\">{\"@context\":\"https:\\\/\\\/schema.org\",\"@graph\":[{\"@type\":\"WebPage\",\"@id\":\"https:\\\/\\\/www.isocfoundation.org\\\/es\\\/acerca-de\\\/plan-de-accion-2026\\\/\",\"url\":\"https:\\\/\\\/www.isocfoundation.org\\\/es\\\/acerca-de\\\/plan-de-accion-2026\\\/\",\"name\":\"Plan de Acci\u00f3n 2026 | Internet Society Foundation\",\"isPartOf\":{\"@id\":\"https:\\\/\\\/www.isocfoundation.org\\\/#website\"},\"primaryImageOfPage\":{\"@id\":\"https:\\\/\\\/www.isocfoundation.org\\\/es\\\/acerca-de\\\/plan-de-accion-2026\\\/#primaryimage\"},\"image\":{\"@id\":\"https:\\\/\\\/www.isocfoundation.org\\\/es\\\/acerca-de\\\/plan-de-accion-2026\\\/#primaryimage\"},\"thumbnailUrl\":\"https:\\\/\\\/www.isocfoundation.org\\\/wp-content\\\/uploads\\\/2025\\\/11\\\/AP2026-Banner-image.png\",\"datePublished\":\"2025-11-19T19:03:46+00:00\",\"dateModified\":\"2026-03-25T09:44:09+00:00\",\"breadcrumb\":{\"@id\":\"https:\\\/\\\/www.isocfoundation.org\\\/es\\\/acerca-de\\\/plan-de-accion-2026\\\/#breadcrumb\"},\"inLanguage\":\"es\",\"potentialAction\":[{\"@type\":\"ReadAction\",\"target\":[\"https:\\\/\\\/www.isocfoundation.org\\\/es\\\/acerca-de\\\/plan-de-accion-2026\\\/\"]}]},{\"@type\":\"ImageObject\",\"inLanguage\":\"es\",\"@id\":\"https:\\\/\\\/www.isocfoundation.org\\\/es\\\/acerca-de\\\/plan-de-accion-2026\\\/#primaryimage\",\"url\":\"https:\\\/\\\/www.isocfoundation.org\\\/wp-content\\\/uploads\\\/2025\\\/11\\\/AP2026-Banner-image.png\",\"contentUrl\":\"https:\\\/\\\/www.isocfoundation.org\\\/wp-content\\\/uploads\\\/2025\\\/11\\\/AP2026-Banner-image.png\",\"width\":1800,\"height\":680,\"caption\":\"A man and a woman are on the top of a mountain showing Internet infrastructure.\"},{\"@type\":\"BreadcrumbList\",\"@id\":\"https:\\\/\\\/www.isocfoundation.org\\\/es\\\/acerca-de\\\/plan-de-accion-2026\\\/#breadcrumb\",\"itemListElement\":[{\"@type\":\"ListItem\",\"position\":1,\"name\":\"Home\",\"item\":\"https:\\\/\\\/www.isocfoundation.org\\\/es\\\/\"},{\"@type\":\"ListItem\",\"position\":2,\"name\":\"Acerca de\",\"item\":\"https:\\\/\\\/www.isocfoundation.org\\\/es\\\/acerca-de\\\/\"},{\"@type\":\"ListItem\",\"position\":3,\"name\":\"Plan de Acci\u00f3n 2026\"}]},{\"@type\":\"WebSite\",\"@id\":\"https:\\\/\\\/www.isocfoundation.org\\\/#website\",\"url\":\"https:\\\/\\\/www.isocfoundation.org\\\/\",\"name\":\"Internet Society Foundation\",\"description\":\"The Internet transforms lives\",\"publisher\":{\"@id\":\"https:\\\/\\\/www.isocfoundation.org\\\/#organization\"},\"potentialAction\":[{\"@type\":\"SearchAction\",\"target\":{\"@type\":\"EntryPoint\",\"urlTemplate\":\"https:\\\/\\\/www.isocfoundation.org\\\/?s={search_term_string}\"},\"query-input\":{\"@type\":\"PropertyValueSpecification\",\"valueRequired\":true,\"valueName\":\"search_term_string\"}}],\"inLanguage\":\"es\"},{\"@type\":\"Organization\",\"@id\":\"https:\\\/\\\/www.isocfoundation.org\\\/#organization\",\"name\":\"Internet Society Foundation\",\"url\":\"https:\\\/\\\/www.isocfoundation.org\\\/\",\"logo\":{\"@type\":\"ImageObject\",\"inLanguage\":\"es\",\"@id\":\"https:\\\/\\\/www.isocfoundation.org\\\/#\\\/schema\\\/logo\\\/image\\\/\",\"url\":\"https:\\\/\\\/www.isocfoundation.org\\\/wp-content\\\/uploads\\\/2019\\\/02\\\/internet-society-foundation.jpg\",\"contentUrl\":\"https:\\\/\\\/www.isocfoundation.org\\\/wp-content\\\/uploads\\\/2019\\\/02\\\/internet-society-foundation.jpg\",\"width\":1200,\"height\":630,\"caption\":\"Internet Society Foundation\"},\"image\":{\"@id\":\"https:\\\/\\\/www.isocfoundation.org\\\/#\\\/schema\\\/logo\\\/image\\\/\"},\"sameAs\":[\"https:\\\/\\\/x.com\\\/ISOC_Foundation\"]}]}<\/script>\n<!-- \/ Yoast SEO plugin. -->","yoast_head_json":{"title":"Plan de Acci\u00f3n 2026 | Internet Society Foundation","robots":{"index":"index","follow":"follow","max-snippet":"max-snippet:-1","max-image-preview":"max-image-preview:large","max-video-preview":"max-video-preview:-1"},"canonical":"https:\/\/www.isocfoundation.org\/es\/acerca-de\/plan-de-accion-2026\/","og_locale":"es_ES","og_type":"article","og_title":"Plan de Acci\u00f3n 2026 | Internet Society Foundation","og_description":"Plan de Acci\u00f3n 2026 En 2026, celebramos el segundo a\u00f1o de la Estrategia 2030 de Internet Society. El objetivo de Internet Society Foundation sigue siendo claro: ser una organizaci\u00f3n de apoyo s\u00f3lida y confiable que amplifique el impacto de Internet Society en todo el mundo.\u00a0\u00a0 Trabajamos para garantizar que todas las personas tengan acceso a&hellip;","og_url":"https:\/\/www.isocfoundation.org\/es\/acerca-de\/plan-de-accion-2026\/","og_site_name":"Internet Society Foundation","article_modified_time":"2026-03-25T09:44:09+00:00","og_image":[{"width":1800,"height":680,"url":"https:\/\/www.isocfoundation.org\/wp-content\/uploads\/2025\/11\/AP2026-Banner-image.png","type":"image\/png"}],"twitter_card":"summary_large_image","twitter_site":"@ISOC_Foundation","twitter_misc":{"Tiempo de lectura":"2 minutos"},"schema":{"@context":"https:\/\/schema.org","@graph":[{"@type":"WebPage","@id":"https:\/\/www.isocfoundation.org\/es\/acerca-de\/plan-de-accion-2026\/","url":"https:\/\/www.isocfoundation.org\/es\/acerca-de\/plan-de-accion-2026\/","name":"Plan de Acci\u00f3n 2026 | Internet Society Foundation","isPartOf":{"@id":"https:\/\/www.isocfoundation.org\/#website"},"primaryImageOfPage":{"@id":"https:\/\/www.isocfoundation.org\/es\/acerca-de\/plan-de-accion-2026\/#primaryimage"},"image":{"@id":"https:\/\/www.isocfoundation.org\/es\/acerca-de\/plan-de-accion-2026\/#primaryimage"},"thumbnailUrl":"https:\/\/www.isocfoundation.org\/wp-content\/uploads\/2025\/11\/AP2026-Banner-image.png","datePublished":"2025-11-19T19:03:46+00:00","dateModified":"2026-03-25T09:44:09+00:00","breadcrumb":{"@id":"https:\/\/www.isocfoundation.org\/es\/acerca-de\/plan-de-accion-2026\/#breadcrumb"},"inLanguage":"es","potentialAction":[{"@type":"ReadAction","target":["https:\/\/www.isocfoundation.org\/es\/acerca-de\/plan-de-accion-2026\/"]}]},{"@type":"ImageObject","inLanguage":"es","@id":"https:\/\/www.isocfoundation.org\/es\/acerca-de\/plan-de-accion-2026\/#primaryimage","url":"https:\/\/www.isocfoundation.org\/wp-content\/uploads\/2025\/11\/AP2026-Banner-image.png","contentUrl":"https:\/\/www.isocfoundation.org\/wp-content\/uploads\/2025\/11\/AP2026-Banner-image.png","width":1800,"height":680,"caption":"A man and a woman are on the top of a mountain showing Internet infrastructure."},{"@type":"BreadcrumbList","@id":"https:\/\/www.isocfoundation.org\/es\/acerca-de\/plan-de-accion-2026\/#breadcrumb","itemListElement":[{"@type":"ListItem","position":1,"name":"Home","item":"https:\/\/www.isocfoundation.org\/es\/"},{"@type":"ListItem","position":2,"name":"Acerca de","item":"https:\/\/www.isocfoundation.org\/es\/acerca-de\/"},{"@type":"ListItem","position":3,"name":"Plan de Acci\u00f3n 2026"}]},{"@type":"WebSite","@id":"https:\/\/www.isocfoundation.org\/#website","url":"https:\/\/www.isocfoundation.org\/","name":"Internet Society Foundation","description":"The Internet transforms lives","publisher":{"@id":"https:\/\/www.isocfoundation.org\/#organization"},"potentialAction":[{"@type":"SearchAction","target":{"@type":"EntryPoint","urlTemplate":"https:\/\/www.isocfoundation.org\/?s={search_term_string}"},"query-input":{"@type":"PropertyValueSpecification","valueRequired":true,"valueName":"search_term_string"}}],"inLanguage":"es"},{"@type":"Organization","@id":"https:\/\/www.isocfoundation.org\/#organization","name":"Internet Society Foundation","url":"https:\/\/www.isocfoundation.org\/","logo":{"@type":"ImageObject","inLanguage":"es","@id":"https:\/\/www.isocfoundation.org\/#\/schema\/logo\/image\/","url":"https:\/\/www.isocfoundation.org\/wp-content\/uploads\/2019\/02\/internet-society-foundation.jpg","contentUrl":"https:\/\/www.isocfoundation.org\/wp-content\/uploads\/2019\/02\/internet-society-foundation.jpg","width":1200,"height":630,"caption":"Internet Society Foundation"},"image":{"@id":"https:\/\/www.isocfoundation.org\/#\/schema\/logo\/image\/"},"sameAs":["https:\/\/x.com\/ISOC_Foundation"]}]}},"_links":{"self":[{"href":"https:\/\/www.isocfoundation.org\/es\/wp-json\/wp\/v2\/pages\/19093","targetHints":{"allow":["GET"]}}],"collection":[{"href":"https:\/\/www.isocfoundation.org\/es\/wp-json\/wp\/v2\/pages"}],"about":[{"href":"https:\/\/www.isocfoundation.org\/es\/wp-json\/wp\/v2\/types\/page"}],"author":[{"embeddable":true,"href":"https:\/\/www.isocfoundation.org\/es\/wp-json\/wp\/v2\/users\/3"}],"replies":[{"embeddable":true,"href":"https:\/\/www.isocfoundation.org\/es\/wp-json\/wp\/v2\/comments?post=19093"}],"version-history":[{"count":1,"href":"https:\/\/www.isocfoundation.org\/es\/wp-json\/wp\/v2\/pages\/19093\/revisions"}],"predecessor-version":[{"id":20911,"href":"https:\/\/www.isocfoundation.org\/es\/wp-json\/wp\/v2\/pages\/19093\/revisions\/20911"}],"up":[{"embeddable":true,"href":"https:\/\/www.isocfoundation.org\/es\/wp-json\/wp\/v2\/pages\/1088"}],"wp:featuredmedia":[{"embeddable":true,"href":"https:\/\/www.isocfoundation.org\/es\/wp-json\/wp\/v2\/media\/19073"}],"wp:attachment":[{"href":"https:\/\/www.isocfoundation.org\/es\/wp-json\/wp\/v2\/media?parent=19093"}],"curies":[{"name":"wp","href":"https:\/\/api.w.org\/{rel}","templated":true}]}}