{"id":20908,"date":"2026-03-31T16:52:13","date_gmt":"2026-03-31T16:52:13","guid":{"rendered":"https:\/\/www.isocfoundation.org\/?page_id=20908"},"modified":"2026-03-31T17:02:44","modified_gmt":"2026-03-31T17:02:44","slug":"informe-anual-2025","status":"publish","type":"page","link":"https:\/\/www.isocfoundation.org\/es\/acerca-de\/informe-anual-2025\/","title":{"rendered":"Informe Anual 2025"},"content":{"rendered":"\n<h1>\n\t\t\tInforme anual 2025\t<\/h1>\n\t<h2>Internet transforma vidas, pero solo cuando las personas pueden acceder a la red y usarla de forma segura.<\/h2>\n<p>Internet Society e Internet Society Foundation funcionan como partes complementarias de un mismo ecosistema impulsado por una misi\u00f3n com\u00fan. Juntos, alineamos estrategias, programas e inversiones para avanzar en nuestros\u00a0<strong><a href=\"https:\/\/www.internetsociety.org\/es\/resources\/doc\/2024\/estrategia-2030\/\">objetivos compartidos hacia 2030<\/a><\/strong>: ampliar el acceso asequible y confiable a Internet y garantizar la seguridad de las personas en todo el mundo.<\/p>\n<p>En 2025, trabajamos en 150 pa\u00edses y territorios, apoyando iniciativas de conectividad centradas en la comunidad, ayudando a salvaguardar el modelo de gobernanza de Internet de m\u00faltiples partes interesadas, ampliando nuestro impacto filantr\u00f3pico a trav\u00e9s de nuevas alianzas de financiamiento y mucho m\u00e1s.\u00a0<\/p>\n<p>Este informe ofrece un panorama general de nuestros logros compartidos, que fueron posibles gracias al trabajo conjunto con nuestra comunidad global y nuestros socios.\u00a0\u00a0<\/p>\n<h3>Su extraordinario compromiso y colaboraci\u00f3n hicieron de 2025, el primer a\u00f1o de nuestra ambiciosa estrategia quinquenal, un verdadero \u00e9xito.<\/h3>\n<figure itemscope itemtype=\"https:\/\/schema.org\/ImageObject\">\n\t\t\t\t<a href=\"https:\/\/www.isocfoundation.org\/wp-content\/uploads\/2024\/11\/20241116_Action-Plan-English.pdf\"  target=\"_blank\" rel=\"noopener\"  itemprop=\"url\">\n\t\t\t\t<img decoding=\"async\" src=\"https:\/\/www.isocfoundation.org\/wp-content\/uploads\/2026\/03\/2025-Annual-Report-ES-cover.jpg\" alt=\"2025 Informe anual\" height=\"565\" width=\"400\" title=\"Screenshot\" onerror=\"this.style.display='none'\" loading=\"lazy\" \/>\n\t\t\t\t<\/a>\n\t<\/figure>\n\t\t\t<a href=\"https:\/\/www.isocfoundation.org\/wp-content\/uploads\/2026\/03\/2025-Annual-Report_ES.pdf\"  target=\"_self\">\n\t\t\t\t\t\t\tLeer nuestro informe\n\t\t\t\t\t<\/a>\n\n","protected":false},"excerpt":{"rendered":"<p>Informe anual 2025 Internet transforma vidas, pero solo cuando las personas pueden acceder a la red y usarla de forma segura. Internet Society e Internet Society Foundation funcionan como partes complementarias de un mismo ecosistema impulsado por una misi\u00f3n com\u00fan. Juntos, alineamos estrategias, programas e inversiones para avanzar en nuestros\u00a0objetivos compartidos hacia 2030: ampliar el&hellip;<\/p>\n","protected":false},"author":3,"featured_media":20916,"parent":1088,"menu_order":0,"comment_status":"closed","ping_status":"closed","template":"","meta":{"footnotes":""},"class_list":["post-20908","page","type-page","status-publish","has-post-thumbnail","hentry"],"yoast_head":"<!-- This site is optimized with the Yoast SEO plugin v27.3 - https:\/\/yoast.com\/product\/yoast-seo-wordpress\/ -->\n<title>Informe Anual 2025 | Internet Society Foundation<\/title>\n<meta name=\"description\" content=\"Este informe ofrece un panorama general de nuestros logros compartidos en 2025, posibles gracias al trabajo conjunto con nuestra comunidad global y con nuestros socios.\" \/>\n<meta name=\"robots\" content=\"index, follow, max-snippet:-1, max-image-preview:large, max-video-preview:-1\" \/>\n<link rel=\"canonical\" href=\"https:\/\/www.isocfoundation.org\/es\/acerca-de\/informe-anual-2025\/\" \/>\n<meta property=\"og:locale\" content=\"es_ES\" \/>\n<meta property=\"og:type\" content=\"article\" \/>\n<meta property=\"og:title\" content=\"Informe Anual 2025 | Internet Society Foundation\" \/>\n<meta property=\"og:description\" content=\"Este informe ofrece un panorama general de nuestros logros compartidos en 2025, posibles gracias al trabajo conjunto con nuestra comunidad global y con nuestros socios.\" \/>\n<meta property=\"og:url\" content=\"https:\/\/www.isocfoundation.org\/es\/acerca-de\/informe-anual-2025\/\" \/>\n<meta property=\"og:site_name\" content=\"Internet Society Foundation\" \/>\n<meta property=\"article:modified_time\" content=\"2026-03-31T17:02:44+00:00\" \/>\n<meta property=\"og:image\" content=\"https:\/\/www.isocfoundation.org\/wp-content\/uploads\/2026\/03\/Ann-Joesoef-girls.jpg\" \/>\n\t<meta property=\"og:image:width\" content=\"1800\" \/>\n\t<meta property=\"og:image:height\" content=\"1197\" \/>\n\t<meta property=\"og:image:type\" content=\"image\/jpeg\" \/>\n<meta name=\"twitter:card\" content=\"summary_large_image\" \/>\n<meta name=\"twitter:site\" content=\"@ISOC_Foundation\" \/>\n<meta name=\"twitter:label1\" content=\"Tiempo de lectura\" \/>\n\t<meta name=\"twitter:data1\" content=\"1 minuto\" \/>\n<script type=\"application\/ld+json\" class=\"yoast-schema-graph\">{\"@context\":\"https:\\\/\\\/schema.org\",\"@graph\":[{\"@type\":\"WebPage\",\"@id\":\"https:\\\/\\\/www.isocfoundation.org\\\/es\\\/acerca-de\\\/informe-anual-2025\\\/\",\"url\":\"https:\\\/\\\/www.isocfoundation.org\\\/es\\\/acerca-de\\\/informe-anual-2025\\\/\",\"name\":\"Informe Anual 2025 | Internet Society Foundation\",\"isPartOf\":{\"@id\":\"https:\\\/\\\/www.isocfoundation.org\\\/#website\"},\"primaryImageOfPage\":{\"@id\":\"https:\\\/\\\/www.isocfoundation.org\\\/es\\\/acerca-de\\\/informe-anual-2025\\\/#primaryimage\"},\"image\":{\"@id\":\"https:\\\/\\\/www.isocfoundation.org\\\/es\\\/acerca-de\\\/informe-anual-2025\\\/#primaryimage\"},\"thumbnailUrl\":\"https:\\\/\\\/www.isocfoundation.org\\\/wp-content\\\/uploads\\\/2026\\\/03\\\/Ann-Joesoef-girls.jpg\",\"datePublished\":\"2026-03-31T16:52:13+00:00\",\"dateModified\":\"2026-03-31T17:02:44+00:00\",\"description\":\"Este informe ofrece un panorama general de nuestros logros compartidos en 2025, posibles gracias al trabajo conjunto con nuestra comunidad global y con nuestros socios.\",\"breadcrumb\":{\"@id\":\"https:\\\/\\\/www.isocfoundation.org\\\/es\\\/acerca-de\\\/informe-anual-2025\\\/#breadcrumb\"},\"inLanguage\":\"es\",\"potentialAction\":[{\"@type\":\"ReadAction\",\"target\":[\"https:\\\/\\\/www.isocfoundation.org\\\/es\\\/acerca-de\\\/informe-anual-2025\\\/\"]}]},{\"@type\":\"ImageObject\",\"inLanguage\":\"es\",\"@id\":\"https:\\\/\\\/www.isocfoundation.org\\\/es\\\/acerca-de\\\/informe-anual-2025\\\/#primaryimage\",\"url\":\"https:\\\/\\\/www.isocfoundation.org\\\/wp-content\\\/uploads\\\/2026\\\/03\\\/Ann-Joesoef-girls.jpg\",\"contentUrl\":\"https:\\\/\\\/www.isocfoundation.org\\\/wp-content\\\/uploads\\\/2026\\\/03\\\/Ann-Joesoef-girls.jpg\",\"width\":1800,\"height\":1197,\"caption\":\"A group of girls sitting on a sidewalk with a woman in the middle holding laptop\"},{\"@type\":\"BreadcrumbList\",\"@id\":\"https:\\\/\\\/www.isocfoundation.org\\\/es\\\/acerca-de\\\/informe-anual-2025\\\/#breadcrumb\",\"itemListElement\":[{\"@type\":\"ListItem\",\"position\":1,\"name\":\"Home\",\"item\":\"https:\\\/\\\/www.isocfoundation.org\\\/es\\\/\"},{\"@type\":\"ListItem\",\"position\":2,\"name\":\"Acerca de\",\"item\":\"https:\\\/\\\/www.isocfoundation.org\\\/es\\\/acerca-de\\\/\"},{\"@type\":\"ListItem\",\"position\":3,\"name\":\"Informe Anual 2025\"}]},{\"@type\":\"WebSite\",\"@id\":\"https:\\\/\\\/www.isocfoundation.org\\\/#website\",\"url\":\"https:\\\/\\\/www.isocfoundation.org\\\/\",\"name\":\"Internet Society Foundation\",\"description\":\"The Internet transforms lives\",\"publisher\":{\"@id\":\"https:\\\/\\\/www.isocfoundation.org\\\/#organization\"},\"potentialAction\":[{\"@type\":\"SearchAction\",\"target\":{\"@type\":\"EntryPoint\",\"urlTemplate\":\"https:\\\/\\\/www.isocfoundation.org\\\/?s={search_term_string}\"},\"query-input\":{\"@type\":\"PropertyValueSpecification\",\"valueRequired\":true,\"valueName\":\"search_term_string\"}}],\"inLanguage\":\"es\"},{\"@type\":\"Organization\",\"@id\":\"https:\\\/\\\/www.isocfoundation.org\\\/#organization\",\"name\":\"Internet Society Foundation\",\"url\":\"https:\\\/\\\/www.isocfoundation.org\\\/\",\"logo\":{\"@type\":\"ImageObject\",\"inLanguage\":\"es\",\"@id\":\"https:\\\/\\\/www.isocfoundation.org\\\/#\\\/schema\\\/logo\\\/image\\\/\",\"url\":\"https:\\\/\\\/www.isocfoundation.org\\\/wp-content\\\/uploads\\\/2019\\\/02\\\/internet-society-foundation.jpg\",\"contentUrl\":\"https:\\\/\\\/www.isocfoundation.org\\\/wp-content\\\/uploads\\\/2019\\\/02\\\/internet-society-foundation.jpg\",\"width\":1200,\"height\":630,\"caption\":\"Internet Society Foundation\"},\"image\":{\"@id\":\"https:\\\/\\\/www.isocfoundation.org\\\/#\\\/schema\\\/logo\\\/image\\\/\"},\"sameAs\":[\"https:\\\/\\\/x.com\\\/ISOC_Foundation\"]}]}<\/script>\n<!-- \/ Yoast SEO plugin. -->","yoast_head_json":{"title":"Informe Anual 2025 | Internet Society Foundation","description":"Este informe ofrece un panorama general de nuestros logros compartidos en 2025, posibles gracias al trabajo conjunto con nuestra comunidad global y con nuestros socios.","robots":{"index":"index","follow":"follow","max-snippet":"max-snippet:-1","max-image-preview":"max-image-preview:large","max-video-preview":"max-video-preview:-1"},"canonical":"https:\/\/www.isocfoundation.org\/es\/acerca-de\/informe-anual-2025\/","og_locale":"es_ES","og_type":"article","og_title":"Informe Anual 2025 | Internet Society Foundation","og_description":"Este informe ofrece un panorama general de nuestros logros compartidos en 2025, posibles gracias al trabajo conjunto con nuestra comunidad global y con nuestros socios.","og_url":"https:\/\/www.isocfoundation.org\/es\/acerca-de\/informe-anual-2025\/","og_site_name":"Internet Society Foundation","article_modified_time":"2026-03-31T17:02:44+00:00","og_image":[{"width":1800,"height":1197,"url":"https:\/\/www.isocfoundation.org\/wp-content\/uploads\/2026\/03\/Ann-Joesoef-girls.jpg","type":"image\/jpeg"}],"twitter_card":"summary_large_image","twitter_site":"@ISOC_Foundation","twitter_misc":{"Tiempo de lectura":"1 minuto"},"schema":{"@context":"https:\/\/schema.org","@graph":[{"@type":"WebPage","@id":"https:\/\/www.isocfoundation.org\/es\/acerca-de\/informe-anual-2025\/","url":"https:\/\/www.isocfoundation.org\/es\/acerca-de\/informe-anual-2025\/","name":"Informe Anual 2025 | Internet Society Foundation","isPartOf":{"@id":"https:\/\/www.isocfoundation.org\/#website"},"primaryImageOfPage":{"@id":"https:\/\/www.isocfoundation.org\/es\/acerca-de\/informe-anual-2025\/#primaryimage"},"image":{"@id":"https:\/\/www.isocfoundation.org\/es\/acerca-de\/informe-anual-2025\/#primaryimage"},"thumbnailUrl":"https:\/\/www.isocfoundation.org\/wp-content\/uploads\/2026\/03\/Ann-Joesoef-girls.jpg","datePublished":"2026-03-31T16:52:13+00:00","dateModified":"2026-03-31T17:02:44+00:00","description":"Este informe ofrece un panorama general de nuestros logros compartidos en 2025, posibles gracias al trabajo conjunto con nuestra comunidad global y con nuestros socios.","breadcrumb":{"@id":"https:\/\/www.isocfoundation.org\/es\/acerca-de\/informe-anual-2025\/#breadcrumb"},"inLanguage":"es","potentialAction":[{"@type":"ReadAction","target":["https:\/\/www.isocfoundation.org\/es\/acerca-de\/informe-anual-2025\/"]}]},{"@type":"ImageObject","inLanguage":"es","@id":"https:\/\/www.isocfoundation.org\/es\/acerca-de\/informe-anual-2025\/#primaryimage","url":"https:\/\/www.isocfoundation.org\/wp-content\/uploads\/2026\/03\/Ann-Joesoef-girls.jpg","contentUrl":"https:\/\/www.isocfoundation.org\/wp-content\/uploads\/2026\/03\/Ann-Joesoef-girls.jpg","width":1800,"height":1197,"caption":"A group of girls sitting on a sidewalk with a woman in the middle holding laptop"},{"@type":"BreadcrumbList","@id":"https:\/\/www.isocfoundation.org\/es\/acerca-de\/informe-anual-2025\/#breadcrumb","itemListElement":[{"@type":"ListItem","position":1,"name":"Home","item":"https:\/\/www.isocfoundation.org\/es\/"},{"@type":"ListItem","position":2,"name":"Acerca de","item":"https:\/\/www.isocfoundation.org\/es\/acerca-de\/"},{"@type":"ListItem","position":3,"name":"Informe Anual 2025"}]},{"@type":"WebSite","@id":"https:\/\/www.isocfoundation.org\/#website","url":"https:\/\/www.isocfoundation.org\/","name":"Internet Society Foundation","description":"The Internet transforms lives","publisher":{"@id":"https:\/\/www.isocfoundation.org\/#organization"},"potentialAction":[{"@type":"SearchAction","target":{"@type":"EntryPoint","urlTemplate":"https:\/\/www.isocfoundation.org\/?s={search_term_string}"},"query-input":{"@type":"PropertyValueSpecification","valueRequired":true,"valueName":"search_term_string"}}],"inLanguage":"es"},{"@type":"Organization","@id":"https:\/\/www.isocfoundation.org\/#organization","name":"Internet Society Foundation","url":"https:\/\/www.isocfoundation.org\/","logo":{"@type":"ImageObject","inLanguage":"es","@id":"https:\/\/www.isocfoundation.org\/#\/schema\/logo\/image\/","url":"https:\/\/www.isocfoundation.org\/wp-content\/uploads\/2019\/02\/internet-society-foundation.jpg","contentUrl":"https:\/\/www.isocfoundation.org\/wp-content\/uploads\/2019\/02\/internet-society-foundation.jpg","width":1200,"height":630,"caption":"Internet Society Foundation"},"image":{"@id":"https:\/\/www.isocfoundation.org\/#\/schema\/logo\/image\/"},"sameAs":["https:\/\/x.com\/ISOC_Foundation"]}]}},"_links":{"self":[{"href":"https:\/\/www.isocfoundation.org\/es\/wp-json\/wp\/v2\/pages\/20908","targetHints":{"allow":["GET"]}}],"collection":[{"href":"https:\/\/www.isocfoundation.org\/es\/wp-json\/wp\/v2\/pages"}],"about":[{"href":"https:\/\/www.isocfoundation.org\/es\/wp-json\/wp\/v2\/types\/page"}],"author":[{"embeddable":true,"href":"https:\/\/www.isocfoundation.org\/es\/wp-json\/wp\/v2\/users\/3"}],"replies":[{"embeddable":true,"href":"https:\/\/www.isocfoundation.org\/es\/wp-json\/wp\/v2\/comments?post=20908"}],"version-history":[{"count":6,"href":"https:\/\/www.isocfoundation.org\/es\/wp-json\/wp\/v2\/pages\/20908\/revisions"}],"predecessor-version":[{"id":20982,"href":"https:\/\/www.isocfoundation.org\/es\/wp-json\/wp\/v2\/pages\/20908\/revisions\/20982"}],"up":[{"embeddable":true,"href":"https:\/\/www.isocfoundation.org\/es\/wp-json\/wp\/v2\/pages\/1088"}],"wp:featuredmedia":[{"embeddable":true,"href":"https:\/\/www.isocfoundation.org\/es\/wp-json\/wp\/v2\/media\/20916"}],"wp:attachment":[{"href":"https:\/\/www.isocfoundation.org\/es\/wp-json\/wp\/v2\/media?parent=20908"}],"curies":[{"name":"wp","href":"https:\/\/api.w.org\/{rel}","templated":true}]}}