{"id":3298,"date":"2020-05-07T10:04:40","date_gmt":"2020-05-07T10:04:40","guid":{"rendered":"https:\/\/www.isocfoundation.org\/guia-de-implementacion-de-solicitudes-y-proyectos-de-subvenciones\/"},"modified":"2023-08-01T14:33:18","modified_gmt":"2023-08-01T14:33:18","slug":"guia-de-implementacion-de-solicitudes-y-proyectos-de-subvenciones","status":"publish","type":"page","link":"https:\/\/www.isocfoundation.org\/es\/recursos\/guia-de-implementacion-de-solicitudes-y-proyectos-de-subvenciones\/","title":{"rendered":"Gu\u00eda de implementaci\u00f3n de solicitudes y proyectos de subvenciones"},"content":{"rendered":"\n\n\t<h2>Introducci\u00f3n<\/h2>\n<p>Internet Society Foundation se compromete a apoyar a todas las organizaciones que deseen solicitar financiaci\u00f3n, con recursos para fortalecer las solicitudes de subvenciones. As\u00ed que hemos reunido estos consejos para ayudarle a pensar no s\u00f3lo sobre los detalles de su proyecto, sino tambi\u00e9n sobre su impacto. Ver\u00e1 que estos cursos se centran en el seguimiento, la evaluaci\u00f3n y el aprendizaje (SEA), as\u00ed como en una amplia gama de otros temas.<\/p>\n<p>Si bien es probable que usted &#8211; como solicitante de subvenci\u00f3n para una beca de la Fundaci\u00f3n &#8211; ya haya escuchado las palabras seguimiento, evaluaci\u00f3n y aprendizaje (SEA), estos consejos est\u00e1n destinados a proporcionar a todos los solicitantes un nivel est\u00e1ndar de informaci\u00f3n sobre el significado del vocabulario AES y las t\u00e9cnicas en teor\u00eda y pr\u00e1ctica, seg\u00fan la Fundaci\u00f3n.<\/p>\n<p>Los siguientes m\u00f3dulos de seguimiento, evaluaci\u00f3n y aprendizaje (AED) est\u00e1n dise\u00f1ados para apoyar su solicitud de subvenci\u00f3n proporcionando asesoramiento y mejores pr\u00e1cticas para fortalecer su propuesta y prepararle para establecer indicadores, realizar un seguimiento del progreso, recopilar comentarios, capturar \u00e9xitos e informar sobre sus resultados en proyectos financiados por la Fundaci\u00f3n.<\/p>\n<h3>Bienvenida de nuestra Directora Ejecutiva, Sarah Armstrong:<\/h3>\n\t<iframe loading=\"lazy\" width=\"560\" height=\"315\" src=\"https:\/\/www.youtube.com\/embed\/qQPVul9-W04\" frameborder=\"0\" allow=\"accelerometer; autoplay; encrypted-media; gyroscope; picture-in-picture\" allowfullscreen><\/iframe>\n\t<h3>Advertencia<\/h3>\n<p>Seguir este consejo no garantiza que obtendr\u00e1 financiaci\u00f3n. El prop\u00f3sito de los m\u00f3dulos es proporcionar recursos para asegurar que todos los candidatos tengan un conjunto b\u00e1sico de recursos para usar &#8211; Las mejores pr\u00e1cticas de AES mejoran las posibilidades de tener un impacto duradero en todas sus \u00e1reas de trabajo. Por lo tanto, esperamos que este consejo le sea \u00fatil m\u00e1s all\u00e1 de su solicitud de subvenci\u00f3n actual.<\/p>\n\t\t\t<a href=\"https:\/\/learning.internetsociety.org\/\" target=\"_self\" role=\"button\" rel=\"noopener\">\n\t\t\t\t\t\t\tRegistrarse para la formaci\u00f3n\n\t\t\t\t\t<\/a>\n\t<p>Adem\u00e1s de los m\u00f3dulos de capacitaci\u00f3n interactivos basados en video, en los que puede registrarse anteriormente, los mismos materiales est\u00e1n disponibles en versi\u00f3n PDF:<\/p>\n\t\t\t<a href=\"https:\/\/www.isocfoundation.org\/wp-content\/uploads\/2020\/05\/ISOC-Foundation_Grant-Application-Guidance_Modules_ES-1.zip\" target=\"_self\" role=\"button\" rel=\"noopener\">\n\t\t\t\t\t\t\tDescargar todas las instrucciones [3 .4 MB Zip file]\n\t\t\t\t\t<\/a>\n\t\t\t<a href=\"https:\/\/www.isocfoundation.org\/isoc-foundation_grant-application-guidance_resources_es\/\" target=\"_self\" role=\"button\" rel=\"noopener\">\n\t\t\t\t\t\t\tDescargar todas las plantillas y recursos [610Kb Zip file]\n\t\t\t\t\t<\/a>\n\t\t\t\t<a href=\"#\" target=\"_self\" itemprop=\"url\" rel=\"noopener\">\n\t\t\t\t<img loading=\"lazy\" decoding=\"async\" src=\"https:\/\/www.isocfoundation.org\/wp-content\/uploads\/2020\/03\/PDF-icon-150x150.png\" alt=\"Pdf\" itemprop=\"image\" height=\"150\" width=\"150\" title=\"Icono PDF\" onerror=\"this.style.display='none'\"  \/>\n\t\t\t\t<\/a>\n\t<h3><a href=\"https:\/\/www.isocfoundation.org\/es\/isoc-foundation_grant-application-guidance_0_introduccion-min-2\/\">Introducci\u00f3n<\/a><\/h3>\n<ul>\n<li>\u00bfPor qu\u00e9 es importante el Monitoreo, la Evaluaci\u00f3n y el Aprendizaje (SEA)?<\/li>\n<li>\u00bfQu\u00e9 significa AES para la Fundaci\u00f3n?<\/li>\n<\/ul>\n\t\t\t\t<a href=\"https:\/\/www.isocfoundation.org\/isoc-foundation_grant-application-guidance_0_introduccion-min\/\" target=\"_self\" itemprop=\"url\" rel=\"noopener\">\n\t\t\t\t<img loading=\"lazy\" decoding=\"async\" src=\"https:\/\/www.isocfoundation.org\/wp-content\/uploads\/2020\/03\/PDF-icon-150x150.png\" alt=\"Pdf\" itemprop=\"image\" height=\"150\" width=\"150\" title=\"Icono PDF\" onerror=\"this.style.display='none'\"  \/>\n\t\t\t\t<\/a>\n\t<h3><a href=\"https:\/\/www.isocfoundation.org\/es\/isoc-foundation_grant-application-guidance_1_diseno-de-su-proyecto-min-2\/\">M\u00f3dulo 1 &#8211; Implementaci\u00f3n del proyecto<\/a><\/h3>\n<ul>\n<li>Desarrollar una declaraci\u00f3n de problema<\/li>\n<li>Un remirador de la investigaci\u00f3n y los proyectos anteriores<\/li>\n<li>Desarrollar el prop\u00f3sito del proyecto<\/li>\n<li>Desarrollo de una Teor\u00eda del Cambio (TOC)<\/li>\n<li>Desarrollar metas<\/li>\n<li>Desarrollar actividades reactivas<\/li>\n<\/ul>\n\t\t\t\t<a href=\"https:\/\/www.isocfoundation.org\/isoc-foundation_grant-application-guidance_1_diseno-de-su-proyecto-min\/\" target=\"_self\" itemprop=\"url\" rel=\"noopener\">\n\t\t\t\t<img loading=\"lazy\" decoding=\"async\" src=\"https:\/\/www.isocfoundation.org\/wp-content\/uploads\/2020\/03\/PDF-icon-150x150.png\" alt=\"Pdf\" itemprop=\"image\" height=\"150\" width=\"150\" title=\"Icono PDF\" onerror=\"this.style.display='none'\"  \/>\n\t\t\t\t<\/a>\n\t<h3><a href=\"https:\/\/www.isocfoundation.org\/es\/isoc-foundation_grant-application-guidance_2_definicion-de-medidas-y-costes-min-2\/\">M\u00f3dulo 2 &#8211; Definir medidas y costes<\/a><\/h3>\n<ul>\n<li>Desarrollar indicadores clave de rendimiento (PKI)<\/li>\n<li>Ejemplos de PKI<\/li>\n<li>Establecer metas<\/li>\n<li>Buenas pr\u00e1cticas de presupuestaci\u00f3n<\/li>\n<\/ul>\n\t\t\t\t<a href=\"https:\/\/www.isocfoundation.org\/isoc-foundation_grant-application-guidance_2_definicion-de-medidas-y-costes-min\/\" target=\"_self\" itemprop=\"url\" rel=\"noopener\">\n\t\t\t\t<img loading=\"lazy\" decoding=\"async\" src=\"https:\/\/www.isocfoundation.org\/wp-content\/uploads\/2020\/03\/PDF-icon-150x150.png\" alt=\"Pdf\" itemprop=\"image\" height=\"150\" width=\"150\" title=\"Icono PDF\" onerror=\"this.style.display='none'\"  \/>\n\t\t\t\t<\/a>\n\t<h3><a href=\"https:\/\/www.isocfoundation.org\/es\/isoc-foundation_grant-application-guidance_3_finalizacion-de-su-solicitud-de-subvencion-min-2\/\">M\u00f3dulo 3 &#8211; Complete su solicitud de subvenci\u00f3n<\/a><\/h3>\n<ul>\n<li>Teniendo en cuenta el potencial de sostenibilidad<\/li>\n<li>Hacer suposiciones y tener en cuenta factores externos<\/li>\n<li>Preparaci\u00f3n de su solicitud de subvenci\u00f3n<\/li>\n<li>Resumen de la solicitud de subvenci\u00f3n propuesta<\/li>\n<\/ul>\n\t\t\t\t<a href=\"https:\/\/www.isocfoundation.org\/isoc-foundation_grant-application-guidance_3_finalizacion-de-su-solicitud-de-subvencion-min\/\" target=\"_self\" itemprop=\"url\" rel=\"noopener\">\n\t\t\t\t<img loading=\"lazy\" decoding=\"async\" src=\"https:\/\/www.isocfoundation.org\/wp-content\/uploads\/2020\/03\/PDF-icon-150x150.png\" alt=\"Pdf\" itemprop=\"image\" height=\"150\" width=\"150\" title=\"Icono PDF\" onerror=\"this.style.display='none'\"  \/>\n\t\t\t\t<\/a>\n\t<h3><a href=\"https:\/\/www.isocfoundation.org\/es\/isoc-foundation_grant-application-guidance_4_implementacion-de-proyecto-min-2\/\">M\u00f3dulo 4 &#8211; Implementaci\u00f3n del proyecto<\/a><\/h3>\n<ul>\n<li>Integraci\u00f3n del seguimiento en la implementaci\u00f3n<\/li>\n<li>Integraci\u00f3n de la evaluaci\u00f3n en la implementaci\u00f3n<\/li>\n<li>Integraci\u00f3n del aprendizaje en la implementaci\u00f3n<\/li>\n<li>Comunicaci\u00f3n<\/li>\n<li>Buenas pr\u00e1cticas<\/li>\n<li>Definiciones importantes<\/li>\n<li>Informes de fin de proyecto<\/li>\n<li>Comunicarse m\u00e1s all\u00e1 de la Fundaci\u00f3n<\/li>\n<\/ul>\n\t\t\t\t<a href=\"https:\/\/www.isocfoundation.org\/isoc-foundation_grant-application-guidance_4_implementacion-de-proyecto-min\/\" target=\"_self\" itemprop=\"url\" rel=\"noopener\">\n\t\t\t\t<img loading=\"lazy\" decoding=\"async\" src=\"https:\/\/www.isocfoundation.org\/wp-content\/uploads\/2020\/05\/files-and-folders-150x150.png\" alt=\"archivo zip\" itemprop=\"image\" height=\"150\" width=\"150\" title=\"Icono de archivo Zip\" onerror=\"this.style.display='none'\"  \/>\n\t\t\t\t<\/a>\n\t<h3><a href=\"https:\/\/www.isocfoundation.org\/es\/isoc-foundation_grant-application-guidance_resources_es-2\/\">Descargar plantillas y recursos<\/a> [610Kb Zip file]<\/h3>\n\n","protected":false},"excerpt":{"rendered":"<p>Introducci\u00f3n Internet Society Foundation se compromete a apoyar a todas las organizaciones que deseen solicitar financiaci\u00f3n, con recursos para fortalecer las solicitudes de subvenciones. As\u00ed que hemos reunido estos consejos para ayudarle a pensar no s\u00f3lo sobre los detalles de su proyecto, sino tambi\u00e9n sobre su impacto. Ver\u00e1 que estos cursos se centran en el&hellip;<\/p>\n","protected":false},"author":23,"featured_media":2784,"parent":3299,"menu_order":0,"comment_status":"closed","ping_status":"closed","template":"","meta":{"footnotes":""},"class_list":["post-3298","page","type-page","status-publish","has-post-thumbnail","hentry"],"yoast_head":"<!-- This site is optimized with the Yoast SEO plugin v27.3 - https:\/\/yoast.com\/product\/yoast-seo-wordpress\/ -->\n<title>Gu\u00eda de implementaci\u00f3n de solicitudes y proyectos de subvenciones | Internet Society Foundation<\/title>\n<meta name=\"robots\" content=\"noindex, follow\" \/>\n<meta property=\"og:locale\" content=\"es_ES\" \/>\n<meta property=\"og:type\" content=\"article\" \/>\n<meta property=\"og:title\" content=\"Gu\u00eda de implementaci\u00f3n de solicitudes y proyectos de subvenciones | Internet Society Foundation\" \/>\n<meta property=\"og:description\" content=\"Introducci\u00f3n Internet Society Foundation se compromete a apoyar a todas las organizaciones que deseen solicitar financiaci\u00f3n, con recursos para fortalecer las solicitudes de subvenciones. As\u00ed que hemos reunido estos consejos para ayudarle a pensar no s\u00f3lo sobre los detalles de su proyecto, sino tambi\u00e9n sobre su impacto. Ver\u00e1 que estos cursos se centran en el&hellip;\" \/>\n<meta property=\"og:url\" content=\"https:\/\/www.isocfoundation.org\/es\/recursos\/guia-de-implementacion-de-solicitudes-y-proyectos-de-subvenciones\/\" \/>\n<meta property=\"og:site_name\" content=\"Internet Society Foundation\" \/>\n<meta property=\"article:modified_time\" content=\"2023-08-01T14:33:18+00:00\" \/>\n<meta property=\"og:image\" content=\"https:\/\/www.isocfoundation.org\/wp-content\/uploads\/2020\/03\/Module-0-header-\u00a9-AP-Photo_Wally-Santana.jpg\" \/>\n\t<meta property=\"og:image:width\" content=\"1800\" \/>\n\t<meta property=\"og:image:height\" content=\"680\" \/>\n\t<meta property=\"og:image:type\" content=\"image\/jpeg\" \/>\n<meta name=\"twitter:card\" content=\"summary_large_image\" \/>\n<meta name=\"twitter:site\" content=\"@ISOC_Foundation\" \/>\n<meta name=\"twitter:label1\" content=\"Tiempo de lectura\" \/>\n\t<meta name=\"twitter:data1\" content=\"3 minutos\" \/>\n<script type=\"application\/ld+json\" class=\"yoast-schema-graph\">{\"@context\":\"https:\\\/\\\/schema.org\",\"@graph\":[{\"@type\":\"WebPage\",\"@id\":\"https:\\\/\\\/www.isocfoundation.org\\\/es\\\/recursos\\\/guia-de-implementacion-de-solicitudes-y-proyectos-de-subvenciones\\\/\",\"url\":\"https:\\\/\\\/www.isocfoundation.org\\\/es\\\/recursos\\\/guia-de-implementacion-de-solicitudes-y-proyectos-de-subvenciones\\\/\",\"name\":\"Gu\u00eda de implementaci\u00f3n de solicitudes y proyectos de subvenciones | Internet Society Foundation\",\"isPartOf\":{\"@id\":\"https:\\\/\\\/www.isocfoundation.org\\\/#website\"},\"primaryImageOfPage\":{\"@id\":\"https:\\\/\\\/www.isocfoundation.org\\\/es\\\/recursos\\\/guia-de-implementacion-de-solicitudes-y-proyectos-de-subvenciones\\\/#primaryimage\"},\"image\":{\"@id\":\"https:\\\/\\\/www.isocfoundation.org\\\/es\\\/recursos\\\/guia-de-implementacion-de-solicitudes-y-proyectos-de-subvenciones\\\/#primaryimage\"},\"thumbnailUrl\":\"https:\\\/\\\/www.isocfoundation.org\\\/wp-content\\\/uploads\\\/2020\\\/03\\\/Module-0-header-\u00a9-AP-Photo_Wally-Santana.jpg\",\"datePublished\":\"2020-05-07T10:04:40+00:00\",\"dateModified\":\"2023-08-01T14:33:18+00:00\",\"breadcrumb\":{\"@id\":\"https:\\\/\\\/www.isocfoundation.org\\\/es\\\/recursos\\\/guia-de-implementacion-de-solicitudes-y-proyectos-de-subvenciones\\\/#breadcrumb\"},\"inLanguage\":\"es\",\"potentialAction\":[{\"@type\":\"ReadAction\",\"target\":[\"https:\\\/\\\/www.isocfoundation.org\\\/es\\\/recursos\\\/guia-de-implementacion-de-solicitudes-y-proyectos-de-subvenciones\\\/\"]}]},{\"@type\":\"ImageObject\",\"inLanguage\":\"es\",\"@id\":\"https:\\\/\\\/www.isocfoundation.org\\\/es\\\/recursos\\\/guia-de-implementacion-de-solicitudes-y-proyectos-de-subvenciones\\\/#primaryimage\",\"url\":\"https:\\\/\\\/www.isocfoundation.org\\\/wp-content\\\/uploads\\\/2020\\\/03\\\/Module-0-header-\u00a9-AP-Photo_Wally-Santana.jpg\",\"contentUrl\":\"https:\\\/\\\/www.isocfoundation.org\\\/wp-content\\\/uploads\\\/2020\\\/03\\\/Module-0-header-\u00a9-AP-Photo_Wally-Santana.jpg\",\"width\":1800,\"height\":680,\"caption\":\"Los j\u00f3venes aldeanos se r\u00eden mientras tienen la oportunidad de cargar sus tel\u00e9fonos m\u00f3viles desde un generador en la aldea destruida de Paslang, cerca del epicentro del enorme terremoto del s\u00e1bado en el distrito de Gorkha, en Nepal, el martes 28 de abril de 2015. Las operaciones militares contin\u00faan el martes para llegar a las zonas aisladas tras el poderoso terremoto que ha devastado la naci\u00f3n y matado al menos a 4.400 personas, seg\u00fan el funcionario del distrito Surya Mohan Adhikari. (AP Photo\\\/Wally Santana)\"},{\"@type\":\"BreadcrumbList\",\"@id\":\"https:\\\/\\\/www.isocfoundation.org\\\/es\\\/recursos\\\/guia-de-implementacion-de-solicitudes-y-proyectos-de-subvenciones\\\/#breadcrumb\",\"itemListElement\":[{\"@type\":\"ListItem\",\"position\":1,\"name\":\"Home\",\"item\":\"https:\\\/\\\/www.isocfoundation.org\\\/es\\\/\"},{\"@type\":\"ListItem\",\"position\":2,\"name\":\"Recursos\",\"item\":\"https:\\\/\\\/www.isocfoundation.org\\\/es\\\/recursos\\\/\"},{\"@type\":\"ListItem\",\"position\":3,\"name\":\"Gu\u00eda de implementaci\u00f3n de solicitudes y proyectos de subvenciones\"}]},{\"@type\":\"WebSite\",\"@id\":\"https:\\\/\\\/www.isocfoundation.org\\\/#website\",\"url\":\"https:\\\/\\\/www.isocfoundation.org\\\/\",\"name\":\"Internet Society Foundation\",\"description\":\"The Internet transforms lives\",\"publisher\":{\"@id\":\"https:\\\/\\\/www.isocfoundation.org\\\/#organization\"},\"potentialAction\":[{\"@type\":\"SearchAction\",\"target\":{\"@type\":\"EntryPoint\",\"urlTemplate\":\"https:\\\/\\\/www.isocfoundation.org\\\/?s={search_term_string}\"},\"query-input\":{\"@type\":\"PropertyValueSpecification\",\"valueRequired\":true,\"valueName\":\"search_term_string\"}}],\"inLanguage\":\"es\"},{\"@type\":\"Organization\",\"@id\":\"https:\\\/\\\/www.isocfoundation.org\\\/#organization\",\"name\":\"Internet Society Foundation\",\"url\":\"https:\\\/\\\/www.isocfoundation.org\\\/\",\"logo\":{\"@type\":\"ImageObject\",\"inLanguage\":\"es\",\"@id\":\"https:\\\/\\\/www.isocfoundation.org\\\/#\\\/schema\\\/logo\\\/image\\\/\",\"url\":\"https:\\\/\\\/www.isocfoundation.org\\\/wp-content\\\/uploads\\\/2019\\\/02\\\/internet-society-foundation.jpg\",\"contentUrl\":\"https:\\\/\\\/www.isocfoundation.org\\\/wp-content\\\/uploads\\\/2019\\\/02\\\/internet-society-foundation.jpg\",\"width\":1200,\"height\":630,\"caption\":\"Internet Society Foundation\"},\"image\":{\"@id\":\"https:\\\/\\\/www.isocfoundation.org\\\/#\\\/schema\\\/logo\\\/image\\\/\"},\"sameAs\":[\"https:\\\/\\\/x.com\\\/ISOC_Foundation\"]}]}<\/script>\n<!-- \/ Yoast SEO plugin. -->","yoast_head_json":{"title":"Gu\u00eda de implementaci\u00f3n de solicitudes y proyectos de subvenciones | Internet Society Foundation","robots":{"index":"noindex","follow":"follow"},"og_locale":"es_ES","og_type":"article","og_title":"Gu\u00eda de implementaci\u00f3n de solicitudes y proyectos de subvenciones | Internet Society Foundation","og_description":"Introducci\u00f3n Internet Society Foundation se compromete a apoyar a todas las organizaciones que deseen solicitar financiaci\u00f3n, con recursos para fortalecer las solicitudes de subvenciones. As\u00ed que hemos reunido estos consejos para ayudarle a pensar no s\u00f3lo sobre los detalles de su proyecto, sino tambi\u00e9n sobre su impacto. Ver\u00e1 que estos cursos se centran en el&hellip;","og_url":"https:\/\/www.isocfoundation.org\/es\/recursos\/guia-de-implementacion-de-solicitudes-y-proyectos-de-subvenciones\/","og_site_name":"Internet Society Foundation","article_modified_time":"2023-08-01T14:33:18+00:00","og_image":[{"width":1800,"height":680,"url":"https:\/\/www.isocfoundation.org\/wp-content\/uploads\/2020\/03\/Module-0-header-\u00a9-AP-Photo_Wally-Santana.jpg","type":"image\/jpeg"}],"twitter_card":"summary_large_image","twitter_site":"@ISOC_Foundation","twitter_misc":{"Tiempo de lectura":"3 minutos"},"schema":{"@context":"https:\/\/schema.org","@graph":[{"@type":"WebPage","@id":"https:\/\/www.isocfoundation.org\/es\/recursos\/guia-de-implementacion-de-solicitudes-y-proyectos-de-subvenciones\/","url":"https:\/\/www.isocfoundation.org\/es\/recursos\/guia-de-implementacion-de-solicitudes-y-proyectos-de-subvenciones\/","name":"Gu\u00eda de implementaci\u00f3n de solicitudes y proyectos de subvenciones | Internet Society Foundation","isPartOf":{"@id":"https:\/\/www.isocfoundation.org\/#website"},"primaryImageOfPage":{"@id":"https:\/\/www.isocfoundation.org\/es\/recursos\/guia-de-implementacion-de-solicitudes-y-proyectos-de-subvenciones\/#primaryimage"},"image":{"@id":"https:\/\/www.isocfoundation.org\/es\/recursos\/guia-de-implementacion-de-solicitudes-y-proyectos-de-subvenciones\/#primaryimage"},"thumbnailUrl":"https:\/\/www.isocfoundation.org\/wp-content\/uploads\/2020\/03\/Module-0-header-\u00a9-AP-Photo_Wally-Santana.jpg","datePublished":"2020-05-07T10:04:40+00:00","dateModified":"2023-08-01T14:33:18+00:00","breadcrumb":{"@id":"https:\/\/www.isocfoundation.org\/es\/recursos\/guia-de-implementacion-de-solicitudes-y-proyectos-de-subvenciones\/#breadcrumb"},"inLanguage":"es","potentialAction":[{"@type":"ReadAction","target":["https:\/\/www.isocfoundation.org\/es\/recursos\/guia-de-implementacion-de-solicitudes-y-proyectos-de-subvenciones\/"]}]},{"@type":"ImageObject","inLanguage":"es","@id":"https:\/\/www.isocfoundation.org\/es\/recursos\/guia-de-implementacion-de-solicitudes-y-proyectos-de-subvenciones\/#primaryimage","url":"https:\/\/www.isocfoundation.org\/wp-content\/uploads\/2020\/03\/Module-0-header-\u00a9-AP-Photo_Wally-Santana.jpg","contentUrl":"https:\/\/www.isocfoundation.org\/wp-content\/uploads\/2020\/03\/Module-0-header-\u00a9-AP-Photo_Wally-Santana.jpg","width":1800,"height":680,"caption":"Los j\u00f3venes aldeanos se r\u00eden mientras tienen la oportunidad de cargar sus tel\u00e9fonos m\u00f3viles desde un generador en la aldea destruida de Paslang, cerca del epicentro del enorme terremoto del s\u00e1bado en el distrito de Gorkha, en Nepal, el martes 28 de abril de 2015. Las operaciones militares contin\u00faan el martes para llegar a las zonas aisladas tras el poderoso terremoto que ha devastado la naci\u00f3n y matado al menos a 4.400 personas, seg\u00fan el funcionario del distrito Surya Mohan Adhikari. (AP Photo\/Wally Santana)"},{"@type":"BreadcrumbList","@id":"https:\/\/www.isocfoundation.org\/es\/recursos\/guia-de-implementacion-de-solicitudes-y-proyectos-de-subvenciones\/#breadcrumb","itemListElement":[{"@type":"ListItem","position":1,"name":"Home","item":"https:\/\/www.isocfoundation.org\/es\/"},{"@type":"ListItem","position":2,"name":"Recursos","item":"https:\/\/www.isocfoundation.org\/es\/recursos\/"},{"@type":"ListItem","position":3,"name":"Gu\u00eda de implementaci\u00f3n de solicitudes y proyectos de subvenciones"}]},{"@type":"WebSite","@id":"https:\/\/www.isocfoundation.org\/#website","url":"https:\/\/www.isocfoundation.org\/","name":"Internet Society Foundation","description":"The Internet transforms lives","publisher":{"@id":"https:\/\/www.isocfoundation.org\/#organization"},"potentialAction":[{"@type":"SearchAction","target":{"@type":"EntryPoint","urlTemplate":"https:\/\/www.isocfoundation.org\/?s={search_term_string}"},"query-input":{"@type":"PropertyValueSpecification","valueRequired":true,"valueName":"search_term_string"}}],"inLanguage":"es"},{"@type":"Organization","@id":"https:\/\/www.isocfoundation.org\/#organization","name":"Internet Society Foundation","url":"https:\/\/www.isocfoundation.org\/","logo":{"@type":"ImageObject","inLanguage":"es","@id":"https:\/\/www.isocfoundation.org\/#\/schema\/logo\/image\/","url":"https:\/\/www.isocfoundation.org\/wp-content\/uploads\/2019\/02\/internet-society-foundation.jpg","contentUrl":"https:\/\/www.isocfoundation.org\/wp-content\/uploads\/2019\/02\/internet-society-foundation.jpg","width":1200,"height":630,"caption":"Internet Society Foundation"},"image":{"@id":"https:\/\/www.isocfoundation.org\/#\/schema\/logo\/image\/"},"sameAs":["https:\/\/x.com\/ISOC_Foundation"]}]}},"_links":{"self":[{"href":"https:\/\/www.isocfoundation.org\/es\/wp-json\/wp\/v2\/pages\/3298","targetHints":{"allow":["GET"]}}],"collection":[{"href":"https:\/\/www.isocfoundation.org\/es\/wp-json\/wp\/v2\/pages"}],"about":[{"href":"https:\/\/www.isocfoundation.org\/es\/wp-json\/wp\/v2\/types\/page"}],"author":[{"embeddable":true,"href":"https:\/\/www.isocfoundation.org\/es\/wp-json\/wp\/v2\/users\/23"}],"replies":[{"embeddable":true,"href":"https:\/\/www.isocfoundation.org\/es\/wp-json\/wp\/v2\/comments?post=3298"}],"version-history":[{"count":0,"href":"https:\/\/www.isocfoundation.org\/es\/wp-json\/wp\/v2\/pages\/3298\/revisions"}],"up":[{"embeddable":true,"href":"https:\/\/www.isocfoundation.org\/es\/wp-json\/wp\/v2\/pages\/3299"}],"wp:featuredmedia":[{"embeddable":true,"href":"https:\/\/www.isocfoundation.org\/es\/wp-json\/wp\/v2\/media\/2784"}],"wp:attachment":[{"href":"https:\/\/www.isocfoundation.org\/es\/wp-json\/wp\/v2\/media?parent=3298"}],"curies":[{"name":"wp","href":"https:\/\/api.w.org\/{rel}","templated":true}]}}