{"id":3299,"date":"2020-05-07T10:08:29","date_gmt":"2020-05-07T10:08:29","guid":{"rendered":"https:\/\/www.isocfoundation.org\/recursos\/"},"modified":"2020-05-15T11:15:03","modified_gmt":"2020-05-15T11:15:03","slug":"recursos","status":"publish","type":"page","link":"https:\/\/www.isocfoundation.org\/es\/recursos\/","title":{"rendered":"Recursos"},"content":{"rendered":"\n\t<p>La Internet Society Foundation se compromete a ayudar a nuestros beneficiarios a tener \u00e9xito. Y queremos que nuestros solicitantes de subvenciones presenten las solicitudes m\u00e1s s\u00f3lidas y completas posibles. Nuestro enfoque para la concesi\u00f3n de subvenciones es colaborativo, trabajar estrechamente con usted para desarrollar y gestionar grandes propuestas y proyectos impactantes que promuevan la diferencia positiva que Internet puede hacer para las personas en todas partes.<\/p>\n<p>Tambi\u00e9n estamos comprometidos a apoyar al sector filantr\u00f3pico, proporcionando herramientas \u00fatiles y aplicables que fomenten una cultura s\u00f3lida de Monitoreo, Evaluaci\u00f3n y Aprendizaje (Monitoring, Evaluation, and Learning [MEL]). Ya sea un beneficiario actual o potencial, o simplemente activo en filantrop\u00eda, los recursos disponibles a continuaci\u00f3n est\u00e1n dise\u00f1ados para ayudarlo en cada etapa a medida que aplica, desarrolla y gestiona sus propuestas.<\/p>\n\t<h3><a href=\"https:\/\/www.isocfoundation.org\/es\/recursos\/guia-de-implementacion-de-solicitudes-y-proyectos-de-subvenciones\/\">Solicitud de subvenci\u00f3n y gu\u00eda de implementaci\u00f3n del proyecto<\/a><\/h3>\n\t<h3><a href=\"https:\/\/www.isocfoundation.org\/es\/recursos\/elegibilidad-del-beneficiario\/\">Pautas de elegibilidad del beneficiario<\/a><\/h3>\n<p>&nbsp;<\/p>\n\t<p>Un conjunto de m\u00f3dulos de capacitaci\u00f3n para ayudarlo a fortalecer su propuesta con temas que incluyen: dise\u00f1o de su proyecto, establecimiento de indicadores clave de rendimiento (KPI) y creaci\u00f3n de un presupuesto.<\/p>\n\t<p>Informaci\u00f3n sobre nuestros requisitos de financiamiento y elegibilidad para el programa, as\u00ed como nuestro proceso de revisi\u00f3n de solicitudes.<\/p>\n\t<p>Tenga en cuenta que aqu\u00ed se compartir\u00e1n m\u00e1s recursos para ayudarlo a tener \u00e9xito de todas las formas posibles.  Vuelva a esta p\u00e1gina para obtener informaci\u00f3n nueva, ya que la actualizaremos con m\u00f3dulos de capacitaci\u00f3n adicionales y mucho m\u00e1s.<\/p>\n","protected":false},"excerpt":{"rendered":"<p>La Internet Society Foundation se compromete a ayudar a nuestros beneficiarios a tener \u00e9xito. Y queremos que nuestros solicitantes de subvenciones presenten las solicitudes m\u00e1s s\u00f3lidas y completas posibles. Nuestro enfoque para la concesi\u00f3n de subvenciones es colaborativo, trabajar estrechamente con usted para desarrollar y gestionar grandes propuestas y proyectos impactantes que promuevan la diferencia&hellip;<\/p>\n","protected":false},"author":25,"featured_media":0,"parent":0,"menu_order":5,"comment_status":"closed","ping_status":"closed","template":"","meta":{"footnotes":""},"class_list":["post-3299","page","type-page","status-publish","hentry"],"yoast_head":"<!-- This site is optimized with the Yoast SEO plugin v27.1.1 - https:\/\/yoast.com\/product\/yoast-seo-wordpress\/ -->\n<title>Recursos | Internet Society Foundation<\/title>\n<meta name=\"robots\" content=\"index, follow, max-snippet:-1, max-image-preview:large, max-video-preview:-1\" \/>\n<link rel=\"canonical\" href=\"https:\/\/www.isocfoundation.org\/es\/recursos\/\" \/>\n<meta property=\"og:locale\" content=\"es_ES\" \/>\n<meta property=\"og:type\" content=\"article\" \/>\n<meta property=\"og:title\" content=\"Recursos | Internet Society Foundation\" \/>\n<meta property=\"og:description\" content=\"La Internet Society Foundation se compromete a ayudar a nuestros beneficiarios a tener \u00e9xito. Y queremos que nuestros solicitantes de subvenciones presenten las solicitudes m\u00e1s s\u00f3lidas y completas posibles. Nuestro enfoque para la concesi\u00f3n de subvenciones es colaborativo, trabajar estrechamente con usted para desarrollar y gestionar grandes propuestas y proyectos impactantes que promuevan la diferencia&hellip;\" \/>\n<meta property=\"og:url\" content=\"https:\/\/www.isocfoundation.org\/es\/recursos\/\" \/>\n<meta property=\"og:site_name\" content=\"Internet Society Foundation\" \/>\n<meta property=\"article:modified_time\" content=\"2020-05-15T11:15:03+00:00\" \/>\n<meta property=\"og:image\" content=\"https:\/\/www.isocfoundation.org\/wp-content\/uploads\/2019\/02\/isoc-foundation-og.jpg\" \/>\n\t<meta property=\"og:image:width\" content=\"1200\" \/>\n\t<meta property=\"og:image:height\" content=\"630\" \/>\n\t<meta property=\"og:image:type\" content=\"image\/jpeg\" \/>\n<meta name=\"twitter:card\" content=\"summary_large_image\" \/>\n<meta name=\"twitter:site\" content=\"@ISOC_Foundation\" \/>\n<meta name=\"twitter:label1\" content=\"Tiempo de lectura\" \/>\n\t<meta name=\"twitter:data1\" content=\"1 minuto\" \/>\n<script type=\"application\/ld+json\" class=\"yoast-schema-graph\">{\"@context\":\"https:\/\/schema.org\",\"@graph\":[{\"@type\":\"WebPage\",\"@id\":\"https:\/\/www.isocfoundation.org\/es\/recursos\/\",\"url\":\"https:\/\/www.isocfoundation.org\/es\/recursos\/\",\"name\":\"Recursos | Internet Society Foundation\",\"isPartOf\":{\"@id\":\"https:\/\/www.isocfoundation.org\/#website\"},\"datePublished\":\"2020-05-07T10:08:29+00:00\",\"dateModified\":\"2020-05-15T11:15:03+00:00\",\"breadcrumb\":{\"@id\":\"https:\/\/www.isocfoundation.org\/es\/recursos\/#breadcrumb\"},\"inLanguage\":\"es\",\"potentialAction\":[{\"@type\":\"ReadAction\",\"target\":[\"https:\/\/www.isocfoundation.org\/es\/recursos\/\"]}]},{\"@type\":\"BreadcrumbList\",\"@id\":\"https:\/\/www.isocfoundation.org\/es\/recursos\/#breadcrumb\",\"itemListElement\":[{\"@type\":\"ListItem\",\"position\":1,\"name\":\"Home\",\"item\":\"https:\/\/www.isocfoundation.org\/es\/\"},{\"@type\":\"ListItem\",\"position\":2,\"name\":\"Recursos\"}]},{\"@type\":\"WebSite\",\"@id\":\"https:\/\/www.isocfoundation.org\/#website\",\"url\":\"https:\/\/www.isocfoundation.org\/\",\"name\":\"Internet Society Foundation\",\"description\":\"The Internet transforms lives\",\"publisher\":{\"@id\":\"https:\/\/www.isocfoundation.org\/#organization\"},\"potentialAction\":[{\"@type\":\"SearchAction\",\"target\":{\"@type\":\"EntryPoint\",\"urlTemplate\":\"https:\/\/www.isocfoundation.org\/?s={search_term_string}\"},\"query-input\":{\"@type\":\"PropertyValueSpecification\",\"valueRequired\":true,\"valueName\":\"search_term_string\"}}],\"inLanguage\":\"es\"},{\"@type\":\"Organization\",\"@id\":\"https:\/\/www.isocfoundation.org\/#organization\",\"name\":\"Internet Society Foundation\",\"url\":\"https:\/\/www.isocfoundation.org\/\",\"logo\":{\"@type\":\"ImageObject\",\"inLanguage\":\"es\",\"@id\":\"https:\/\/www.isocfoundation.org\/#\/schema\/logo\/image\/\",\"url\":\"https:\/\/www.isocfoundation.org\/wp-content\/uploads\/2019\/02\/internet-society-foundation.jpg\",\"contentUrl\":\"https:\/\/www.isocfoundation.org\/wp-content\/uploads\/2019\/02\/internet-society-foundation.jpg\",\"width\":1200,\"height\":630,\"caption\":\"Internet Society Foundation\"},\"image\":{\"@id\":\"https:\/\/www.isocfoundation.org\/#\/schema\/logo\/image\/\"},\"sameAs\":[\"https:\/\/x.com\/ISOC_Foundation\"]}]}<\/script>\n<!-- \/ Yoast SEO plugin. -->","yoast_head_json":{"title":"Recursos | Internet Society Foundation","robots":{"index":"index","follow":"follow","max-snippet":"max-snippet:-1","max-image-preview":"max-image-preview:large","max-video-preview":"max-video-preview:-1"},"canonical":"https:\/\/www.isocfoundation.org\/es\/recursos\/","og_locale":"es_ES","og_type":"article","og_title":"Recursos | Internet Society Foundation","og_description":"La Internet Society Foundation se compromete a ayudar a nuestros beneficiarios a tener \u00e9xito. Y queremos que nuestros solicitantes de subvenciones presenten las solicitudes m\u00e1s s\u00f3lidas y completas posibles. Nuestro enfoque para la concesi\u00f3n de subvenciones es colaborativo, trabajar estrechamente con usted para desarrollar y gestionar grandes propuestas y proyectos impactantes que promuevan la diferencia&hellip;","og_url":"https:\/\/www.isocfoundation.org\/es\/recursos\/","og_site_name":"Internet Society Foundation","article_modified_time":"2020-05-15T11:15:03+00:00","og_image":[{"width":1200,"height":630,"url":"https:\/\/www.isocfoundation.org\/wp-content\/uploads\/2019\/02\/isoc-foundation-og.jpg","type":"image\/jpeg"}],"twitter_card":"summary_large_image","twitter_site":"@ISOC_Foundation","twitter_misc":{"Tiempo de lectura":"1 minuto"},"schema":{"@context":"https:\/\/schema.org","@graph":[{"@type":"WebPage","@id":"https:\/\/www.isocfoundation.org\/es\/recursos\/","url":"https:\/\/www.isocfoundation.org\/es\/recursos\/","name":"Recursos | Internet Society Foundation","isPartOf":{"@id":"https:\/\/www.isocfoundation.org\/#website"},"datePublished":"2020-05-07T10:08:29+00:00","dateModified":"2020-05-15T11:15:03+00:00","breadcrumb":{"@id":"https:\/\/www.isocfoundation.org\/es\/recursos\/#breadcrumb"},"inLanguage":"es","potentialAction":[{"@type":"ReadAction","target":["https:\/\/www.isocfoundation.org\/es\/recursos\/"]}]},{"@type":"BreadcrumbList","@id":"https:\/\/www.isocfoundation.org\/es\/recursos\/#breadcrumb","itemListElement":[{"@type":"ListItem","position":1,"name":"Home","item":"https:\/\/www.isocfoundation.org\/es\/"},{"@type":"ListItem","position":2,"name":"Recursos"}]},{"@type":"WebSite","@id":"https:\/\/www.isocfoundation.org\/#website","url":"https:\/\/www.isocfoundation.org\/","name":"Internet Society Foundation","description":"The Internet transforms lives","publisher":{"@id":"https:\/\/www.isocfoundation.org\/#organization"},"potentialAction":[{"@type":"SearchAction","target":{"@type":"EntryPoint","urlTemplate":"https:\/\/www.isocfoundation.org\/?s={search_term_string}"},"query-input":{"@type":"PropertyValueSpecification","valueRequired":true,"valueName":"search_term_string"}}],"inLanguage":"es"},{"@type":"Organization","@id":"https:\/\/www.isocfoundation.org\/#organization","name":"Internet Society Foundation","url":"https:\/\/www.isocfoundation.org\/","logo":{"@type":"ImageObject","inLanguage":"es","@id":"https:\/\/www.isocfoundation.org\/#\/schema\/logo\/image\/","url":"https:\/\/www.isocfoundation.org\/wp-content\/uploads\/2019\/02\/internet-society-foundation.jpg","contentUrl":"https:\/\/www.isocfoundation.org\/wp-content\/uploads\/2019\/02\/internet-society-foundation.jpg","width":1200,"height":630,"caption":"Internet Society Foundation"},"image":{"@id":"https:\/\/www.isocfoundation.org\/#\/schema\/logo\/image\/"},"sameAs":["https:\/\/x.com\/ISOC_Foundation"]}]}},"_links":{"self":[{"href":"https:\/\/www.isocfoundation.org\/es\/wp-json\/wp\/v2\/pages\/3299","targetHints":{"allow":["GET"]}}],"collection":[{"href":"https:\/\/www.isocfoundation.org\/es\/wp-json\/wp\/v2\/pages"}],"about":[{"href":"https:\/\/www.isocfoundation.org\/es\/wp-json\/wp\/v2\/types\/page"}],"author":[{"embeddable":true,"href":"https:\/\/www.isocfoundation.org\/es\/wp-json\/wp\/v2\/users\/25"}],"replies":[{"embeddable":true,"href":"https:\/\/www.isocfoundation.org\/es\/wp-json\/wp\/v2\/comments?post=3299"}],"version-history":[{"count":0,"href":"https:\/\/www.isocfoundation.org\/es\/wp-json\/wp\/v2\/pages\/3299\/revisions"}],"wp:attachment":[{"href":"https:\/\/www.isocfoundation.org\/es\/wp-json\/wp\/v2\/media?parent=3299"}],"curies":[{"name":"wp","href":"https:\/\/api.w.org\/{rel}","templated":true}]}}