{"id":3380,"date":"2020-05-15T11:13:06","date_gmt":"2020-05-15T11:13:06","guid":{"rendered":"https:\/\/www.isocfoundation.org\/recursos\/elegibilidad-del-beneficiario\/"},"modified":"2022-04-09T22:36:27","modified_gmt":"2022-04-09T22:36:27","slug":"elegibilidad-del-beneficiario","status":"publish","type":"page","link":"https:\/\/www.isocfoundation.org\/es\/recursos\/elegibilidad-del-beneficiario\/","title":{"rendered":"Elegibilidad del beneficiario"},"content":{"rendered":"\n\n\t<p><em>Tenga en cuenta que la informaci\u00f3n de esta p\u00e1gina se refiere a todos los programas de financiamiento de la Internet Society Foundation, excepto el programa Beyond the Net. Para obtener informaci\u00f3n sobre las subvenciones\u00a0<\/em><a href=\"https:\/\/www.isocfoundation.org\/es\/grant-programme\/programa-de-subvenciones-pequenas-beyond-the-net\/\"><em>Beyond the Net Small<\/em><\/a><em>\u00a0o\u00a0<\/em><a href=\"https:\/\/www.isocfoundation.org\/es\/grant-programme\/programa-de-subvenciones-grandes-beyond-the-net\/\"><em>Beyond the Net Large<\/em><\/a><em>, consulte las p\u00e1ginas de financiamiento individuales.<\/em><\/p>\n<p>Un valor fundamental de la Internet Society Foundation es la transparencia. Buscamos ser transparentes en nuestras decisiones program\u00e1ticas, en las opciones de financiamiento y en nuestras interacciones con los dem\u00e1s. Con este fin, proporcionamos la siguiente informaci\u00f3n para que todos los solicitantes comprendan claramente nuestro proceso de financiamiento.<\/p>\n<h2>Requisitos para el financiamiento<\/h2>\n<p><em>Requisitos b\u00e1sicos que deben cumplir todos los solicitantes<\/em><\/p>\n<p>Con el fin de recibir financiamiento de la Internet Society Foundation, todas las organizaciones que presenten una solicitud deben cumplir con los tres (3) requisitos siguientes:<\/p>\n<ul>\n<li>Ser una organizaci\u00f3n 501(c)(3) registrada de forma legal <strong>O<\/strong> equivalente.(Antes de otorgar fondos a cualquier organizaci\u00f3n, la Fundaci\u00f3n verificar\u00e1 esta equivalencia).<\/li>\n<li>Poseer alineaci\u00f3n con los prop\u00f3sitos y actividades de Internet Society (ISOC), la organizaci\u00f3n respaldada por la Fundaci\u00f3n\u00a0<\/li>\n<li>Tener una cuenta bancaria oficial a su nombre (seg\u00fan su registro legal).<\/li>\n<\/ul>\n<h2>Lo que no financiamos<\/h2>\n<ul>\n<li>Proyectos que no se relacionan con Internet ni con la misi\u00f3n de Internet Society.<\/li>\n<li>Proyectos que proporcionan ganancia monetaria personal.<\/li>\n<li>Campa\u00f1as pol\u00edticas, registros de votantes, esfuerzos de cabildeo u otros intentos de influir en la legislaci\u00f3n.<\/li>\n<li>Dotaciones, edificios o campa\u00f1as de capital.<\/li>\n<li>Proyectos que sirven exclusivamente a fines religiosos.<\/li>\n<li>Actividades terminadas o costos incurridos antes de la adjudicaci\u00f3n, sin aprobaci\u00f3n previa.<\/li>\n<li>Ayuda para colegiatura.<\/li>\n<li>Transacciones o subvenciones prohibidas por los estatutos, la Pol\u00edtica de conflicto de intereses u otro documento rector de la Internet Society Foundation.<\/li>\n<\/ul>\n<p>Las disertaciones e investigaciones posdoctorales ser\u00e1n consideradas seg\u00fan el caso.<\/p>\n<h2>\u00bfQu\u00e9 es una organizaci\u00f3n 501(c)(3)?<\/h2>\n<p>Una organizaci\u00f3n 501(c)(3) es una organizaci\u00f3n sin fines de lucro de los Estados Unidos que ha sido aprobada por el Servicio de Impuestos Internos (IRS, por sus siglas en ingl\u00e9s) para actuar como una organizaci\u00f3n ben\u00e9fica exenta de impuestos. La Internet Society Foundation es una organizaci\u00f3n 501(c)(3).<\/p>\n<h2>Registro<\/h2>\n<p>Si usted es parte de una organizaci\u00f3n,\u00a0<em>no\u00a0<\/em>registrada como 501(c)(3), su organizaci\u00f3n puede ser elegible para la Certificaci\u00f3n de determinaci\u00f3n de equivalencia. Para entender mejor c\u00f3mo se realiza la Determinaci\u00f3n de equivalencia, consulte la secci\u00f3n Determinaci\u00f3n de equivalencia, m\u00e1s adelante.\u00a0<strong>\u00a0<\/strong><\/p>\n<p>NOTA: Antes de otorgar fondos a una organizaci\u00f3n, la Fundaci\u00f3n verificar\u00e1 la equivalencia. Si usted no es parte de una organizaci\u00f3n 501(c)(3) y determinamos que su organizaci\u00f3n no puede o no es probable que obtenga una Determinaci\u00f3n de equivalencia, la Fundaci\u00f3n\u00a0<u>no puede<\/u>\u00a0otorgarle una subvenci\u00f3n.<\/p>\n<h2>Determinaci\u00f3n de equivalencia<\/h2>\n<p>La Determinaci\u00f3n de equivalencia es un proceso en el que un donante estadounidense eval\u00faa si un presunto beneficiario internacional es equivalente a una organizaci\u00f3n ben\u00e9fica p\u00fablica estadounidense, una organizaci\u00f3n 501(c)(3). El proceso de certificaci\u00f3n lo llevan a cabo organizaciones asociadas independientes y sus asesores legales, contratados por la Fundaci\u00f3n. La designaci\u00f3n generalmente se documenta en un certificado y tiene validez por hasta dos a\u00f1os.<\/p>\n<p>Los estatutos\u00a0<a href=\"https:\/\/www.isocfoundation.org\/es\/consejo-directivo\/gobernanza-y-politicas\/estatuto-de-la-fundacion-de-internet-society\/\">de la Fundaci\u00f3n<\/a>\u00a0exigen que financiemos solo a organizaciones 501(c)(3) o a sus equivalentes. Para comprender mejor c\u00f3mo se realiza una Determinaci\u00f3n de equivalencia y qu\u00e9 documentos necesitar\u00eda proporcionar su organizaci\u00f3n para complementar el proceso de certificaci\u00f3n,\u00a0<a href=\"https:\/\/www.isocfoundation.org\/wp-content\/uploads\/2021\/04\/Guide-to-ED_Docs-Needed_2021-04-11.pdf\">consulte esta gu\u00eda.<\/a><\/p>\n<p><em>Lograr una determinaci\u00f3n de equivalencia \u00a0<\/em><\/p>\n<p>La Fundaci\u00f3n se ha asociado con\u00a0<a href=\"https:\/\/www.ngosource.org\/\">NGOsource<\/a>\u00a0y\u00a0<a href=\"https:\/\/www.paragonphilanthropy.com\/\">Paragon Philanthropy<\/a> para confirmar que todas las organizaciones beneficiarias internacionales cumplan con la calificaci\u00f3n de la Determinaci\u00f3n de equivalencia.<\/p>\n<p><strong>No es necesario que obtenga la Determinaci\u00f3n de equivalencia antes de presentar la solicitud de financiamiento a la Internet Society Foundation.<\/strong><\/p>\n<p>Si la Fundaci\u00f3n decide otorgar fondos a su organizaci\u00f3n y esta no es una organizaci\u00f3n 501(c)(3) O no tiene un Certificado de determinaci\u00f3n de equivalencia, la Fundaci\u00f3n solicitar\u00e1 y cubrir\u00e1 el costo de la certificaci\u00f3n de la Determinaci\u00f3n de equivalencia a nombre de su organizaci\u00f3n.<\/p>\n<p>Si tiene un certificado vigente de Determinaci\u00f3n de equivalencia en los archivos de NGOsource o Paragon Philanthropy, la Fundaci\u00f3n solicitar\u00e1 una copia y la mantendr\u00e1 en el expediente del historial de su organizaci\u00f3n en nuestro sistema de gesti\u00f3n de subvenciones. Si su determinaci\u00f3n debe renovarse, o si nunca tuvo una determinaci\u00f3n de equivalencia, la Fundaci\u00f3n solicitar\u00e1 a NGOsource o Paragon Philanthropy que trabajen directamente con usted para asegurarse de que tengan todos los tr\u00e1mites y documentos necesarios.<\/p>\n<h2>\u00bfQu\u00e9 es la Alineaci\u00f3n de la misi\u00f3n?<\/h2>\n<p>La Fundaci\u00f3n fue creada para promover la misi\u00f3n de Internet Society. Por lo tanto, las misiones y prop\u00f3sitos de nuestros beneficiarios tambi\u00e9n deben promover la misi\u00f3n de Internet Society de alguna manera. Para recibir fondos de la Fundaci\u00f3n, usted debe utilizar los fondos para realizar una de las siguientes actividades:<\/p>\n<ul>\n<li>Facilitar o apoyar la evoluci\u00f3n t\u00e9cnica de Internet como infraestructura de investigaci\u00f3n y educaci\u00f3n.<\/li>\n<li>Estimular a la comunidad para que participe en la evoluci\u00f3n de Internet o educarlos en su uso y aplicaci\u00f3n.<\/li>\n<li>Promover aplicaciones educativas de Internet.<\/li>\n<li>Ayudar a promover el desarrollo abierto, la evoluci\u00f3n o el uso de Internet en beneficio de las personas.<\/li>\n<li>Conectar a Internet a las comunidades y las personas que a\u00fan no est\u00e9n conectadas.<\/li>\n<li>Abogar por pol\u00edticas que sean coherentes con la visi\u00f3n de Internet que tiene Internet Society.<\/li>\n<li>Impulsar el desarrollo y la aplicaci\u00f3n de infraestructura, tecnolog\u00edas o est\u00e1ndares abiertos de Internet, etc.<\/li>\n<\/ul>\n<p><a href=\"https:\/\/www.isocfoundation.org\/es\/recursos\/requisitos-de-alineacion\/\">Obtenga m\u00e1s orientaci\u00f3n sobre nuestros requisitos de alineaci\u00f3n<\/a>.\u00a0<\/p>\n<h2>Consideraciones legales y fiscales<\/h2>\n<p>Cuando una organizaci\u00f3n solicita una subvenci\u00f3n de la Fundaci\u00f3n, estamos obligados a determinar si la organizaci\u00f3n que presenta la solicitud se cre\u00f3\u00a0<u>solo<\/u>\u00a0con fines ben\u00e9ficos y si es una verdadera organizaci\u00f3n sin fines de lucro (o se considera equivalente a trav\u00e9s de una Determinaci\u00f3n de equivalencia) y, por lo tanto, est\u00e1 potencialmente exenta de impuestos de los EE. UU.<\/p>\n<p>Antes de otorgar una subvenci\u00f3n y emitir un pago a una organizaci\u00f3n, haremos una verificaci\u00f3n con la Oficina de Control de Activos Extranjeros (OFAC, por sus siglas en ingl\u00e9s) para garantizar que los solicitantes cumplan con los protocolos del Departamento del Tesoro de los EE. UU. Por ley, estamos obligados a hacerlo. Podemos verificar informaci\u00f3n como los nombres del personal clave y los miembros de la junta, la raz\u00f3n social y el nombre com\u00fan de la organizaci\u00f3n, los voluntarios m\u00e1s importantes y los patrocinadores fiscales (si es aplicable).<\/p>\n<h2>Patrocinio fiscal<\/h2>\n<p>La Fundaci\u00f3n puede otorgar subvenciones a los patrocinadores fiscales para apoyar el trabajo innovador e importante que est\u00e1n implementando las organizaciones patrocinadas o las personas que a\u00fan no cuentan con los controles financieros u organizativos adecuados. De esta manera, los patrocinadores fiscales brindan un beneficio rentable, eficiente e impactante para los proyectos patrocinados.<\/p>\n<p>Se requiere un patrocinador fiscal cuando una organizaci\u00f3n o individuo no tiene o no puede obtener el estado de exenci\u00f3n de impuestos seg\u00fan la Secci\u00f3n 501 (c) (3) del c\u00f3digo del Servicio de Impuestos Internos de EE. UU., O su equivalente, debido a la edad, ubicaci\u00f3n, registro legal actual, u otro factor.<\/p>\n<p>Los patrocinadores fiscales potenciales y las organizaciones \/ personas patrocinadas pueden consultar<a href=\"https:\/\/www.isocfoundation.org\/wp-content\/uploads\/2021\/12\/ES-UPDATED-Guidance-for-Grantees-Fiscal-Sponsors_2021-11-30.pdf\"> la Gu\u00eda de patrocinio fiscal<\/a> de la Fundaci\u00f3n para obtener una descripci\u00f3n general de las responsabilidades y el proceso de solicitud.<\/p>\n<h2>Lo que buscamos en su solicitud de financiamiento<\/h2>\n<p>En primer lugar, su solicitud debe responder espec\u00edficamente a cada pregunta formulada. En segundo lugar, debe ser lo m\u00e1s concisa y sucinta posible. Por ejemplo, cuando preguntamos sobre la alineaci\u00f3n de la misi\u00f3n, m\u00e1s all\u00e1 de simplemente indicar cu\u00e1l es su misi\u00f3n, nos gustar\u00eda que hiciera comparaciones entre las dos misiones y nos mostrara c\u00f3mo est\u00e1n realmente alineadas.<\/p>\n<h2>Requisitos espec\u00edficos del programa<\/h2>\n<p>Para recibir una o varias subvenciones de la Fundaci\u00f3n, los solicitantes deben ser legalmente elegibles, apropiados desde el punto de vista program\u00e1tico y compartir una misi\u00f3n alineada con nosotros\u00a0<em>y<\/em>\u00a0con Internet Society, la organizaci\u00f3n respaldada por la Fundaci\u00f3n.<\/p>\n<p>Adem\u00e1s de cumplir con los requisitos b\u00e1sicos anteriores, cada\u00a0<a href=\"https:\/\/www.isocfoundation.org\/es\/programas-de-subvenciones\/\">\u00e1rea de financiamiento<\/a>\u00a0tiene sus propios requisitos espec\u00edficos que reflejan las metas y \u00e1reas de enfoque de ese programa espec\u00edfico. Lo invitamos a consultar la descripci\u00f3n detallada del \u00e1rea de financiamiento para la que planea postularse, ya que contiene detalles importantes sobre las \u00e1reas de enfoque y la elegibilidad. Las solicitudes que no cumplan con los requisitos espec\u00edficos del programa individual no se considerar\u00e1n para financiamiento, aun cuando cumplan con los requisitos b\u00e1sicos.<\/p>\n<h2>Trabajo con nuestro personal antes de financiar su organizaci\u00f3n<\/h2>\n<p>Desde el momento en el que env\u00eda una solicitud de subvenci\u00f3n, hasta justo antes de que su organizaci\u00f3n reciba formalmente una subvenci\u00f3n, la Fundaci\u00f3n tiene una serie de evaluaciones como las que describimos anteriormente. Es posible que tenga noticias de la Fundaci\u00f3n durante este per\u00edodo si buscamos m\u00e1s informaci\u00f3n para confirmar si su organizaci\u00f3n cumple con todos los criterios de elegibilidad.<\/p>\n\n","protected":false},"excerpt":{"rendered":"<p>Tenga en cuenta que la informaci\u00f3n de esta p\u00e1gina se refiere a todos los programas de financiamiento de la Internet Society Foundation, excepto el programa Beyond the Net. Para obtener informaci\u00f3n sobre las subvenciones\u00a0Beyond the Net Small\u00a0o\u00a0Beyond the Net Large, consulte las p\u00e1ginas de financiamiento individuales. Un valor fundamental de la Internet Society Foundation es&hellip;<\/p>\n","protected":false},"author":25,"featured_media":0,"parent":3299,"menu_order":0,"comment_status":"closed","ping_status":"closed","template":"","meta":{"footnotes":""},"class_list":["post-3380","page","type-page","status-publish","hentry"],"yoast_head":"<!-- This site is optimized with the Yoast SEO plugin v27.1.1 - https:\/\/yoast.com\/product\/yoast-seo-wordpress\/ -->\n<title>Elegibilidad del beneficiario | Internet Society Foundation<\/title>\n<meta name=\"robots\" content=\"noindex, follow\" \/>\n<meta property=\"og:locale\" content=\"es_ES\" \/>\n<meta property=\"og:type\" content=\"article\" \/>\n<meta property=\"og:title\" content=\"Elegibilidad del beneficiario | Internet Society Foundation\" \/>\n<meta property=\"og:description\" content=\"Tenga en cuenta que la informaci\u00f3n de esta p\u00e1gina se refiere a todos los programas de financiamiento de la Internet Society Foundation, excepto el programa Beyond the Net. Para obtener informaci\u00f3n sobre las subvenciones\u00a0Beyond the Net Small\u00a0o\u00a0Beyond the Net Large, consulte las p\u00e1ginas de financiamiento individuales. Un valor fundamental de la Internet Society Foundation es&hellip;\" \/>\n<meta property=\"og:url\" content=\"https:\/\/www.isocfoundation.org\/es\/recursos\/elegibilidad-del-beneficiario\/\" \/>\n<meta property=\"og:site_name\" content=\"Internet Society Foundation\" \/>\n<meta property=\"article:modified_time\" content=\"2022-04-09T22:36:27+00:00\" \/>\n<meta property=\"og:image\" content=\"https:\/\/www.isocfoundation.org\/wp-content\/uploads\/2019\/02\/isoc-foundation-og.jpg\" \/>\n\t<meta property=\"og:image:width\" content=\"1200\" \/>\n\t<meta property=\"og:image:height\" content=\"630\" \/>\n\t<meta property=\"og:image:type\" content=\"image\/jpeg\" \/>\n<meta name=\"twitter:card\" content=\"summary_large_image\" \/>\n<meta name=\"twitter:site\" content=\"@ISOC_Foundation\" \/>\n<meta name=\"twitter:label1\" content=\"Tiempo de lectura\" \/>\n\t<meta name=\"twitter:data1\" content=\"8 minutos\" \/>\n<script type=\"application\/ld+json\" class=\"yoast-schema-graph\">{\"@context\":\"https:\/\/schema.org\",\"@graph\":[{\"@type\":\"WebPage\",\"@id\":\"https:\/\/www.isocfoundation.org\/es\/recursos\/elegibilidad-del-beneficiario\/\",\"url\":\"https:\/\/www.isocfoundation.org\/es\/recursos\/elegibilidad-del-beneficiario\/\",\"name\":\"Elegibilidad del beneficiario | Internet Society Foundation\",\"isPartOf\":{\"@id\":\"https:\/\/www.isocfoundation.org\/#website\"},\"datePublished\":\"2020-05-15T11:13:06+00:00\",\"dateModified\":\"2022-04-09T22:36:27+00:00\",\"breadcrumb\":{\"@id\":\"https:\/\/www.isocfoundation.org\/es\/recursos\/elegibilidad-del-beneficiario\/#breadcrumb\"},\"inLanguage\":\"es\",\"potentialAction\":[{\"@type\":\"ReadAction\",\"target\":[\"https:\/\/www.isocfoundation.org\/es\/recursos\/elegibilidad-del-beneficiario\/\"]}]},{\"@type\":\"BreadcrumbList\",\"@id\":\"https:\/\/www.isocfoundation.org\/es\/recursos\/elegibilidad-del-beneficiario\/#breadcrumb\",\"itemListElement\":[{\"@type\":\"ListItem\",\"position\":1,\"name\":\"Home\",\"item\":\"https:\/\/www.isocfoundation.org\/es\/\"},{\"@type\":\"ListItem\",\"position\":2,\"name\":\"Recursos\",\"item\":\"https:\/\/www.isocfoundation.org\/es\/recursos\/\"},{\"@type\":\"ListItem\",\"position\":3,\"name\":\"Elegibilidad del beneficiario\"}]},{\"@type\":\"WebSite\",\"@id\":\"https:\/\/www.isocfoundation.org\/#website\",\"url\":\"https:\/\/www.isocfoundation.org\/\",\"name\":\"Internet Society Foundation\",\"description\":\"The Internet transforms lives\",\"publisher\":{\"@id\":\"https:\/\/www.isocfoundation.org\/#organization\"},\"potentialAction\":[{\"@type\":\"SearchAction\",\"target\":{\"@type\":\"EntryPoint\",\"urlTemplate\":\"https:\/\/www.isocfoundation.org\/?s={search_term_string}\"},\"query-input\":{\"@type\":\"PropertyValueSpecification\",\"valueRequired\":true,\"valueName\":\"search_term_string\"}}],\"inLanguage\":\"es\"},{\"@type\":\"Organization\",\"@id\":\"https:\/\/www.isocfoundation.org\/#organization\",\"name\":\"Internet Society Foundation\",\"url\":\"https:\/\/www.isocfoundation.org\/\",\"logo\":{\"@type\":\"ImageObject\",\"inLanguage\":\"es\",\"@id\":\"https:\/\/www.isocfoundation.org\/#\/schema\/logo\/image\/\",\"url\":\"https:\/\/www.isocfoundation.org\/wp-content\/uploads\/2019\/02\/internet-society-foundation.jpg\",\"contentUrl\":\"https:\/\/www.isocfoundation.org\/wp-content\/uploads\/2019\/02\/internet-society-foundation.jpg\",\"width\":1200,\"height\":630,\"caption\":\"Internet Society Foundation\"},\"image\":{\"@id\":\"https:\/\/www.isocfoundation.org\/#\/schema\/logo\/image\/\"},\"sameAs\":[\"https:\/\/x.com\/ISOC_Foundation\"]}]}<\/script>\n<!-- \/ Yoast SEO plugin. -->","yoast_head_json":{"title":"Elegibilidad del beneficiario | Internet Society Foundation","robots":{"index":"noindex","follow":"follow"},"og_locale":"es_ES","og_type":"article","og_title":"Elegibilidad del beneficiario | Internet Society Foundation","og_description":"Tenga en cuenta que la informaci\u00f3n de esta p\u00e1gina se refiere a todos los programas de financiamiento de la Internet Society Foundation, excepto el programa Beyond the Net. Para obtener informaci\u00f3n sobre las subvenciones\u00a0Beyond the Net Small\u00a0o\u00a0Beyond the Net Large, consulte las p\u00e1ginas de financiamiento individuales. Un valor fundamental de la Internet Society Foundation es&hellip;","og_url":"https:\/\/www.isocfoundation.org\/es\/recursos\/elegibilidad-del-beneficiario\/","og_site_name":"Internet Society Foundation","article_modified_time":"2022-04-09T22:36:27+00:00","og_image":[{"width":1200,"height":630,"url":"https:\/\/www.isocfoundation.org\/wp-content\/uploads\/2019\/02\/isoc-foundation-og.jpg","type":"image\/jpeg"}],"twitter_card":"summary_large_image","twitter_site":"@ISOC_Foundation","twitter_misc":{"Tiempo de lectura":"8 minutos"},"schema":{"@context":"https:\/\/schema.org","@graph":[{"@type":"WebPage","@id":"https:\/\/www.isocfoundation.org\/es\/recursos\/elegibilidad-del-beneficiario\/","url":"https:\/\/www.isocfoundation.org\/es\/recursos\/elegibilidad-del-beneficiario\/","name":"Elegibilidad del beneficiario | Internet Society Foundation","isPartOf":{"@id":"https:\/\/www.isocfoundation.org\/#website"},"datePublished":"2020-05-15T11:13:06+00:00","dateModified":"2022-04-09T22:36:27+00:00","breadcrumb":{"@id":"https:\/\/www.isocfoundation.org\/es\/recursos\/elegibilidad-del-beneficiario\/#breadcrumb"},"inLanguage":"es","potentialAction":[{"@type":"ReadAction","target":["https:\/\/www.isocfoundation.org\/es\/recursos\/elegibilidad-del-beneficiario\/"]}]},{"@type":"BreadcrumbList","@id":"https:\/\/www.isocfoundation.org\/es\/recursos\/elegibilidad-del-beneficiario\/#breadcrumb","itemListElement":[{"@type":"ListItem","position":1,"name":"Home","item":"https:\/\/www.isocfoundation.org\/es\/"},{"@type":"ListItem","position":2,"name":"Recursos","item":"https:\/\/www.isocfoundation.org\/es\/recursos\/"},{"@type":"ListItem","position":3,"name":"Elegibilidad del beneficiario"}]},{"@type":"WebSite","@id":"https:\/\/www.isocfoundation.org\/#website","url":"https:\/\/www.isocfoundation.org\/","name":"Internet Society Foundation","description":"The Internet transforms lives","publisher":{"@id":"https:\/\/www.isocfoundation.org\/#organization"},"potentialAction":[{"@type":"SearchAction","target":{"@type":"EntryPoint","urlTemplate":"https:\/\/www.isocfoundation.org\/?s={search_term_string}"},"query-input":{"@type":"PropertyValueSpecification","valueRequired":true,"valueName":"search_term_string"}}],"inLanguage":"es"},{"@type":"Organization","@id":"https:\/\/www.isocfoundation.org\/#organization","name":"Internet Society Foundation","url":"https:\/\/www.isocfoundation.org\/","logo":{"@type":"ImageObject","inLanguage":"es","@id":"https:\/\/www.isocfoundation.org\/#\/schema\/logo\/image\/","url":"https:\/\/www.isocfoundation.org\/wp-content\/uploads\/2019\/02\/internet-society-foundation.jpg","contentUrl":"https:\/\/www.isocfoundation.org\/wp-content\/uploads\/2019\/02\/internet-society-foundation.jpg","width":1200,"height":630,"caption":"Internet Society Foundation"},"image":{"@id":"https:\/\/www.isocfoundation.org\/#\/schema\/logo\/image\/"},"sameAs":["https:\/\/x.com\/ISOC_Foundation"]}]}},"_links":{"self":[{"href":"https:\/\/www.isocfoundation.org\/es\/wp-json\/wp\/v2\/pages\/3380","targetHints":{"allow":["GET"]}}],"collection":[{"href":"https:\/\/www.isocfoundation.org\/es\/wp-json\/wp\/v2\/pages"}],"about":[{"href":"https:\/\/www.isocfoundation.org\/es\/wp-json\/wp\/v2\/types\/page"}],"author":[{"embeddable":true,"href":"https:\/\/www.isocfoundation.org\/es\/wp-json\/wp\/v2\/users\/25"}],"replies":[{"embeddable":true,"href":"https:\/\/www.isocfoundation.org\/es\/wp-json\/wp\/v2\/comments?post=3380"}],"version-history":[{"count":0,"href":"https:\/\/www.isocfoundation.org\/es\/wp-json\/wp\/v2\/pages\/3380\/revisions"}],"up":[{"embeddable":true,"href":"https:\/\/www.isocfoundation.org\/es\/wp-json\/wp\/v2\/pages\/3299"}],"wp:attachment":[{"href":"https:\/\/www.isocfoundation.org\/es\/wp-json\/wp\/v2\/media?parent=3380"}],"curies":[{"name":"wp","href":"https:\/\/api.w.org\/{rel}","templated":true}]}}