{"id":4751,"date":"2021-05-05T17:28:45","date_gmt":"2021-05-05T17:28:45","guid":{"rendered":"https:\/\/www.isocfoundation.org\/recursos\/proceso-de-revision-de-la-solicitud\/"},"modified":"2025-09-17T06:34:03","modified_gmt":"2025-09-17T06:34:03","slug":"proceso-de-revision-de-la-solicitud","status":"publish","type":"page","link":"https:\/\/www.isocfoundation.org\/es\/recursos\/proceso-de-revision-de-la-solicitud\/","title":{"rendered":"Proceso de revisi\u00f3n de la solicitud"},"content":{"rendered":"\n\n\t<p>Para garantizar la transparencia y la responsabilidad en nuestro proceso de concesi\u00f3n de subvenciones, la Fundaci\u00f3n trabaja con expertos independientes para que lleven a cabo la revisi\u00f3n, calificaci\u00f3n y para que proporcionen recomendaciones sobre las solicitudes enviadas para financiamiento. Estas personas expertas son profesionales destacadas de una amplia gama de campos relacionados con Internet, incluidos el desarrollo, las pol\u00edticas, la seguridad, la investigaci\u00f3n y la innovaci\u00f3n, as\u00ed como el desarrollo internacional.<\/p>\n<p>Una vez que el equipo de la Fundaci\u00f3n recibe las solicitudes y hace una selecci\u00f3n previa, se asignan a los revisores expertos. Las solicitudes son revisadas por entre tres y cinco expertos que son elegidos de acuerdo con su conocimiento individual sobre el asunto, el pa\u00eds o la regi\u00f3n objetivo. Como parte de su revisi\u00f3n, recomiendan qu\u00e9 solicitudes deben ser financiadas y con qu\u00e9 nivel de financiamiento, as\u00ed como tambi\u00e9n documentan los comentarios para el solicitante, que son compilados y compartidos por la Fundaci\u00f3n. En todo el proceso, los expertos independientes est\u00e1n obligados a adherirse a la <a href=\"https:\/\/www.isocfoundation.org\/wp-content\/uploads\/2022\/02\/ES-COI-Guidance-2022-01.pdf\">Pol\u00edtica de conflictos de intereses de la undaci\u00f3n.<\/a><\/p>\n<p>Una vez que se han revisado todas las solicitudes para un \u00e1rea o programa de financiamiento y se han tomado las decisiones finales de financiamiento, compartimos las decisiones con cada solicitante.<\/p>\n\n","protected":false},"excerpt":{"rendered":"<p>Para garantizar la transparencia y la responsabilidad en nuestro proceso de concesi\u00f3n de subvenciones, la Fundaci\u00f3n trabaja con expertos independientes para que lleven a cabo la revisi\u00f3n, calificaci\u00f3n y para que proporcionen recomendaciones sobre las solicitudes enviadas para financiamiento. Estas personas expertas son profesionales destacadas de una amplia gama de campos relacionados con Internet, incluidos&hellip;<\/p>\n","protected":false},"author":25,"featured_media":0,"parent":3299,"menu_order":0,"comment_status":"closed","ping_status":"closed","template":"","meta":{"footnotes":""},"class_list":["post-4751","page","type-page","status-publish","hentry"],"yoast_head":"<!-- This site is optimized with the Yoast SEO plugin v27.3 - https:\/\/yoast.com\/product\/yoast-seo-wordpress\/ -->\n<title>Proceso de revisi\u00f3n de la solicitud | Internet Society Foundation<\/title>\n<meta name=\"robots\" content=\"noindex, follow\" \/>\n<meta property=\"og:locale\" content=\"es_ES\" \/>\n<meta property=\"og:type\" content=\"article\" \/>\n<meta property=\"og:title\" content=\"Proceso de revisi\u00f3n de la solicitud | Internet Society Foundation\" \/>\n<meta property=\"og:description\" content=\"Para garantizar la transparencia y la responsabilidad en nuestro proceso de concesi\u00f3n de subvenciones, la Fundaci\u00f3n trabaja con expertos independientes para que lleven a cabo la revisi\u00f3n, calificaci\u00f3n y para que proporcionen recomendaciones sobre las solicitudes enviadas para financiamiento. Estas personas expertas son profesionales destacadas de una amplia gama de campos relacionados con Internet, incluidos&hellip;\" \/>\n<meta property=\"og:url\" content=\"https:\/\/www.isocfoundation.org\/es\/recursos\/proceso-de-revision-de-la-solicitud\/\" \/>\n<meta property=\"og:site_name\" content=\"Internet Society Foundation\" \/>\n<meta property=\"article:modified_time\" content=\"2025-09-17T06:34:03+00:00\" \/>\n<meta property=\"og:image\" content=\"https:\/\/www.isocfoundation.org\/wp-content\/uploads\/2019\/02\/isoc-foundation-og.jpg\" \/>\n\t<meta property=\"og:image:width\" content=\"1200\" \/>\n\t<meta property=\"og:image:height\" content=\"630\" \/>\n\t<meta property=\"og:image:type\" content=\"image\/jpeg\" \/>\n<meta name=\"twitter:card\" content=\"summary_large_image\" \/>\n<meta name=\"twitter:site\" content=\"@ISOC_Foundation\" \/>\n<meta name=\"twitter:label1\" content=\"Tiempo de lectura\" \/>\n\t<meta name=\"twitter:data1\" content=\"1 minuto\" \/>\n<script type=\"application\/ld+json\" class=\"yoast-schema-graph\">{\"@context\":\"https:\\\/\\\/schema.org\",\"@graph\":[{\"@type\":\"WebPage\",\"@id\":\"https:\\\/\\\/www.isocfoundation.org\\\/es\\\/recursos\\\/proceso-de-revision-de-la-solicitud\\\/\",\"url\":\"https:\\\/\\\/www.isocfoundation.org\\\/es\\\/recursos\\\/proceso-de-revision-de-la-solicitud\\\/\",\"name\":\"Proceso de revisi\u00f3n de la solicitud | Internet Society Foundation\",\"isPartOf\":{\"@id\":\"https:\\\/\\\/www.isocfoundation.org\\\/#website\"},\"datePublished\":\"2021-05-05T17:28:45+00:00\",\"dateModified\":\"2025-09-17T06:34:03+00:00\",\"breadcrumb\":{\"@id\":\"https:\\\/\\\/www.isocfoundation.org\\\/es\\\/recursos\\\/proceso-de-revision-de-la-solicitud\\\/#breadcrumb\"},\"inLanguage\":\"es\",\"potentialAction\":[{\"@type\":\"ReadAction\",\"target\":[\"https:\\\/\\\/www.isocfoundation.org\\\/es\\\/recursos\\\/proceso-de-revision-de-la-solicitud\\\/\"]}]},{\"@type\":\"BreadcrumbList\",\"@id\":\"https:\\\/\\\/www.isocfoundation.org\\\/es\\\/recursos\\\/proceso-de-revision-de-la-solicitud\\\/#breadcrumb\",\"itemListElement\":[{\"@type\":\"ListItem\",\"position\":1,\"name\":\"Home\",\"item\":\"https:\\\/\\\/www.isocfoundation.org\\\/es\\\/\"},{\"@type\":\"ListItem\",\"position\":2,\"name\":\"Recursos\",\"item\":\"https:\\\/\\\/www.isocfoundation.org\\\/es\\\/recursos\\\/\"},{\"@type\":\"ListItem\",\"position\":3,\"name\":\"Proceso de revisi\u00f3n de la solicitud\"}]},{\"@type\":\"WebSite\",\"@id\":\"https:\\\/\\\/www.isocfoundation.org\\\/#website\",\"url\":\"https:\\\/\\\/www.isocfoundation.org\\\/\",\"name\":\"Internet Society Foundation\",\"description\":\"The Internet transforms lives\",\"publisher\":{\"@id\":\"https:\\\/\\\/www.isocfoundation.org\\\/#organization\"},\"potentialAction\":[{\"@type\":\"SearchAction\",\"target\":{\"@type\":\"EntryPoint\",\"urlTemplate\":\"https:\\\/\\\/www.isocfoundation.org\\\/?s={search_term_string}\"},\"query-input\":{\"@type\":\"PropertyValueSpecification\",\"valueRequired\":true,\"valueName\":\"search_term_string\"}}],\"inLanguage\":\"es\"},{\"@type\":\"Organization\",\"@id\":\"https:\\\/\\\/www.isocfoundation.org\\\/#organization\",\"name\":\"Internet Society Foundation\",\"url\":\"https:\\\/\\\/www.isocfoundation.org\\\/\",\"logo\":{\"@type\":\"ImageObject\",\"inLanguage\":\"es\",\"@id\":\"https:\\\/\\\/www.isocfoundation.org\\\/#\\\/schema\\\/logo\\\/image\\\/\",\"url\":\"https:\\\/\\\/www.isocfoundation.org\\\/wp-content\\\/uploads\\\/2019\\\/02\\\/internet-society-foundation.jpg\",\"contentUrl\":\"https:\\\/\\\/www.isocfoundation.org\\\/wp-content\\\/uploads\\\/2019\\\/02\\\/internet-society-foundation.jpg\",\"width\":1200,\"height\":630,\"caption\":\"Internet Society Foundation\"},\"image\":{\"@id\":\"https:\\\/\\\/www.isocfoundation.org\\\/#\\\/schema\\\/logo\\\/image\\\/\"},\"sameAs\":[\"https:\\\/\\\/x.com\\\/ISOC_Foundation\"]}]}<\/script>\n<!-- \/ Yoast SEO plugin. -->","yoast_head_json":{"title":"Proceso de revisi\u00f3n de la solicitud | Internet Society Foundation","robots":{"index":"noindex","follow":"follow"},"og_locale":"es_ES","og_type":"article","og_title":"Proceso de revisi\u00f3n de la solicitud | Internet Society Foundation","og_description":"Para garantizar la transparencia y la responsabilidad en nuestro proceso de concesi\u00f3n de subvenciones, la Fundaci\u00f3n trabaja con expertos independientes para que lleven a cabo la revisi\u00f3n, calificaci\u00f3n y para que proporcionen recomendaciones sobre las solicitudes enviadas para financiamiento. Estas personas expertas son profesionales destacadas de una amplia gama de campos relacionados con Internet, incluidos&hellip;","og_url":"https:\/\/www.isocfoundation.org\/es\/recursos\/proceso-de-revision-de-la-solicitud\/","og_site_name":"Internet Society Foundation","article_modified_time":"2025-09-17T06:34:03+00:00","og_image":[{"width":1200,"height":630,"url":"https:\/\/www.isocfoundation.org\/wp-content\/uploads\/2019\/02\/isoc-foundation-og.jpg","type":"image\/jpeg"}],"twitter_card":"summary_large_image","twitter_site":"@ISOC_Foundation","twitter_misc":{"Tiempo de lectura":"1 minuto"},"schema":{"@context":"https:\/\/schema.org","@graph":[{"@type":"WebPage","@id":"https:\/\/www.isocfoundation.org\/es\/recursos\/proceso-de-revision-de-la-solicitud\/","url":"https:\/\/www.isocfoundation.org\/es\/recursos\/proceso-de-revision-de-la-solicitud\/","name":"Proceso de revisi\u00f3n de la solicitud | Internet Society Foundation","isPartOf":{"@id":"https:\/\/www.isocfoundation.org\/#website"},"datePublished":"2021-05-05T17:28:45+00:00","dateModified":"2025-09-17T06:34:03+00:00","breadcrumb":{"@id":"https:\/\/www.isocfoundation.org\/es\/recursos\/proceso-de-revision-de-la-solicitud\/#breadcrumb"},"inLanguage":"es","potentialAction":[{"@type":"ReadAction","target":["https:\/\/www.isocfoundation.org\/es\/recursos\/proceso-de-revision-de-la-solicitud\/"]}]},{"@type":"BreadcrumbList","@id":"https:\/\/www.isocfoundation.org\/es\/recursos\/proceso-de-revision-de-la-solicitud\/#breadcrumb","itemListElement":[{"@type":"ListItem","position":1,"name":"Home","item":"https:\/\/www.isocfoundation.org\/es\/"},{"@type":"ListItem","position":2,"name":"Recursos","item":"https:\/\/www.isocfoundation.org\/es\/recursos\/"},{"@type":"ListItem","position":3,"name":"Proceso de revisi\u00f3n de la solicitud"}]},{"@type":"WebSite","@id":"https:\/\/www.isocfoundation.org\/#website","url":"https:\/\/www.isocfoundation.org\/","name":"Internet Society Foundation","description":"The Internet transforms lives","publisher":{"@id":"https:\/\/www.isocfoundation.org\/#organization"},"potentialAction":[{"@type":"SearchAction","target":{"@type":"EntryPoint","urlTemplate":"https:\/\/www.isocfoundation.org\/?s={search_term_string}"},"query-input":{"@type":"PropertyValueSpecification","valueRequired":true,"valueName":"search_term_string"}}],"inLanguage":"es"},{"@type":"Organization","@id":"https:\/\/www.isocfoundation.org\/#organization","name":"Internet Society Foundation","url":"https:\/\/www.isocfoundation.org\/","logo":{"@type":"ImageObject","inLanguage":"es","@id":"https:\/\/www.isocfoundation.org\/#\/schema\/logo\/image\/","url":"https:\/\/www.isocfoundation.org\/wp-content\/uploads\/2019\/02\/internet-society-foundation.jpg","contentUrl":"https:\/\/www.isocfoundation.org\/wp-content\/uploads\/2019\/02\/internet-society-foundation.jpg","width":1200,"height":630,"caption":"Internet Society Foundation"},"image":{"@id":"https:\/\/www.isocfoundation.org\/#\/schema\/logo\/image\/"},"sameAs":["https:\/\/x.com\/ISOC_Foundation"]}]}},"_links":{"self":[{"href":"https:\/\/www.isocfoundation.org\/es\/wp-json\/wp\/v2\/pages\/4751","targetHints":{"allow":["GET"]}}],"collection":[{"href":"https:\/\/www.isocfoundation.org\/es\/wp-json\/wp\/v2\/pages"}],"about":[{"href":"https:\/\/www.isocfoundation.org\/es\/wp-json\/wp\/v2\/types\/page"}],"author":[{"embeddable":true,"href":"https:\/\/www.isocfoundation.org\/es\/wp-json\/wp\/v2\/users\/25"}],"replies":[{"embeddable":true,"href":"https:\/\/www.isocfoundation.org\/es\/wp-json\/wp\/v2\/comments?post=4751"}],"version-history":[{"count":0,"href":"https:\/\/www.isocfoundation.org\/es\/wp-json\/wp\/v2\/pages\/4751\/revisions"}],"up":[{"embeddable":true,"href":"https:\/\/www.isocfoundation.org\/es\/wp-json\/wp\/v2\/pages\/3299"}],"wp:attachment":[{"href":"https:\/\/www.isocfoundation.org\/es\/wp-json\/wp\/v2\/media?parent=4751"}],"curies":[{"name":"wp","href":"https:\/\/api.w.org\/{rel}","templated":true}]}}