{"id":5918,"date":"2022-03-08T07:13:44","date_gmt":"2022-03-08T07:13:44","guid":{"rendered":"https:\/\/www.isocfoundation.org\/recursos\/requisitos-de-alineacion\/"},"modified":"2022-04-09T22:27:01","modified_gmt":"2022-04-09T22:27:01","slug":"requisitos-de-alineacion","status":"publish","type":"page","link":"https:\/\/www.isocfoundation.org\/es\/recursos\/requisitos-de-alineacion\/","title":{"rendered":"Requisitos de alineaci\u00f3n"},"content":{"rendered":"\n\n\t<p>Como organizaci\u00f3n de apoyo de Internet Society (ISOC), la Internet Society Foundation debe operar exclusivamente en beneficio de Internet Society y seguir reglas especiales seg\u00fan las leyes fiscales de EE. UU.\u00a0\u00a0 Estas reglas nos proh\u00edben otorgar subvenciones a organizaciones que no sean aquellas cuya misi\u00f3n (es decir, prop\u00f3sito(s) para existir) y actividades est\u00e9n total o parcialmente alineadas con los prop\u00f3sitos y actividades de Internet Society. Proporcionamos lo siguiente para ayudar a los solicitantes a preparar la informaci\u00f3n necesaria para la presentaci\u00f3n de su solicitud.<\/p>\n<p>Nota: estos requisitos <em>no <\/em>se aplican a lo siguiente:<\/p>\n<ul>\n<li>Solicitantes para el programa Beyond the Net<\/li>\n<li>Solicitantes para los eventos del Foro de Gobernanza de Internet<\/li>\n<li>Individuos<\/li>\n<li>Facultades y universidades <em>p\u00fablicas <\/em>de los EE. UU.<\/li>\n<\/ul>\n<p>Los prop\u00f3sitos y actividades de ISOC se pueden encontrar en sus <a href=\"https:\/\/www.internetsociety.org\/about-internet-society\/governance-policies\/articles-of-incorporation\/\">estatutos.<\/a> y se detallan m\u00e1s en su <a href=\"https:\/\/www.internetsociety.org\/mission\/\">declaraci\u00f3n de misi\u00f3n y tres \u00e1reas de enfoque<\/a>.\u00a0 Estos se resumen de la siguiente manera:<\/p>\n<ol>\n<li>Facilitar o apoyar la evoluci\u00f3n t\u00e9cnica de Internet como infraestructura de investigaci\u00f3n y educaci\u00f3n<\/li>\n<li>Estimular a la comunidad para que participe en la evoluci\u00f3n de Internet o educarlos en su uso y aplicaci\u00f3n.<\/li>\n<li>Promover aplicaciones educativas de Internet<\/li>\n<li>Ayudar a promover la evoluci\u00f3n, el uso o el desarrollo abierto de Internet en beneficio de las personas<\/li>\n<li>Conectar a Internet a las comunidades y las personas que a\u00fan no est\u00e9n conectadas<\/li>\n<li>Abogar por pol\u00edticas que sean coherentes con la visi\u00f3n de Internet que tiene Internet Society.<\/li>\n<li>Impulsar el desarrollo y la aplicaci\u00f3n de infraestructura, tecnolog\u00edas o est\u00e1ndares abiertos de Internet, etc.<\/li>\n<\/ol>\n<p>Por lo tanto, la Fundaci\u00f3n pide a los solicitantes que proporcionen evidencia de la alineaci\u00f3n de su propia misi\u00f3n y actividades con las de Internet Society y que demuestren que el proyecto propuesto encaja claramente dentro de uno de los prop\u00f3sitos de Internet Society como se describi\u00f3 anteriormente.<\/p>\n<p><em>Para obtener una lista completa de los criterios de elegibilidad de la Fundaci\u00f3n, visite nuestra <\/em><a href=\"https:\/\/www.isocfoundation.org\/es\/recursos\/elegibilidad-del-beneficiario\/\">p\u00e1gina web de Elegibilidad del Beneficiario<\/a><em>.<\/em><\/p>\n<h3>C\u00f3mo puede demostrar la alineaci\u00f3n<\/h3>\n<p>Cada organizaci\u00f3n es diferente y tambi\u00e9n lo es la documentaci\u00f3n disponible que pueda tener para demostrar la alineaci\u00f3n.\u00a0 En su formulario de solicitud en Fluxx, se le pedir\u00e1 que elija cu\u00e1l de los siete prop\u00f3sitos y actividades de Internet Society se alinea m\u00e1s con los suyos (puede haber m\u00e1s de uno).\u00a0 Luego puede elegir qu\u00e9 informaci\u00f3n de apoyo le gustar\u00eda compartir para demostrar la alineaci\u00f3n de la forma m\u00e1s clara.\u00a0 Esto puede incluir, pero no se limita a:<\/p>\n<ul>\n<li>Cargar una copia de lo siguiente:\n<ul>\n<li>Documento(s) de la organizaci\u00f3n (es decir, la formaci\u00f3n)<\/li>\n<li>Declaraci\u00f3n de impuestos reciente<\/li>\n<\/ul>\n<\/li>\n<\/ul>\n<p>Se aceptan traducciones al ingl\u00e9s.<\/p>\n<ul>\n<li>Proporcione un v\u00ednculo de su sitio web a:\n<ul>\n<li>Su declaraci\u00f3n de Misi\u00f3n<\/li>\n<li>Su prop\u00f3sito (es decir, la raz\u00f3n) para existir<\/li>\n<li>Los programas y actividades importantes<\/li>\n<\/ul>\n<\/li>\n<\/ul>\n<p><em>Si tiene preguntas o inquietudes sobre la alineaci\u00f3n de la misi\u00f3n y las actividades, comun\u00edquese con el personal de la Fundaci\u00f3n en <\/em><a href=\"mailto:Foundation@isocfoundation.org\">Foundation@isocfoundation.org<\/a><em>\u00a0 <\/em><\/p>\n\n","protected":false},"excerpt":{"rendered":"<p>Como organizaci\u00f3n de apoyo de Internet Society (ISOC), la Internet Society Foundation debe operar exclusivamente en beneficio de Internet Society y seguir reglas especiales seg\u00fan las leyes fiscales de EE. UU.\u00a0\u00a0 Estas reglas nos proh\u00edben otorgar subvenciones a organizaciones que no sean aquellas cuya misi\u00f3n (es decir, prop\u00f3sito(s) para existir) y actividades est\u00e9n total o&hellip;<\/p>\n","protected":false},"author":25,"featured_media":0,"parent":3299,"menu_order":0,"comment_status":"closed","ping_status":"closed","template":"","meta":{"footnotes":""},"class_list":["post-5918","page","type-page","status-publish","hentry"],"yoast_head":"<!-- This site is optimized with the Yoast SEO plugin v27.1.1 - https:\/\/yoast.com\/product\/yoast-seo-wordpress\/ -->\n<title>Requisitos de alineaci\u00f3n | Internet Society Foundation<\/title>\n<meta name=\"robots\" content=\"noindex, follow\" \/>\n<meta property=\"og:locale\" content=\"es_ES\" \/>\n<meta property=\"og:type\" content=\"article\" \/>\n<meta property=\"og:title\" content=\"Requisitos de alineaci\u00f3n | Internet Society Foundation\" \/>\n<meta property=\"og:description\" content=\"Como organizaci\u00f3n de apoyo de Internet Society (ISOC), la Internet Society Foundation debe operar exclusivamente en beneficio de Internet Society y seguir reglas especiales seg\u00fan las leyes fiscales de EE. UU.\u00a0\u00a0 Estas reglas nos proh\u00edben otorgar subvenciones a organizaciones que no sean aquellas cuya misi\u00f3n (es decir, prop\u00f3sito(s) para existir) y actividades est\u00e9n total o&hellip;\" \/>\n<meta property=\"og:url\" content=\"https:\/\/www.isocfoundation.org\/es\/recursos\/requisitos-de-alineacion\/\" \/>\n<meta property=\"og:site_name\" content=\"Internet Society Foundation\" \/>\n<meta property=\"article:modified_time\" content=\"2022-04-09T22:27:01+00:00\" \/>\n<meta property=\"og:image\" content=\"https:\/\/www.isocfoundation.org\/wp-content\/uploads\/2019\/02\/isoc-foundation-og.jpg\" \/>\n\t<meta property=\"og:image:width\" content=\"1200\" \/>\n\t<meta property=\"og:image:height\" content=\"630\" \/>\n\t<meta property=\"og:image:type\" content=\"image\/jpeg\" \/>\n<meta name=\"twitter:card\" content=\"summary_large_image\" \/>\n<meta name=\"twitter:site\" content=\"@ISOC_Foundation\" \/>\n<meta name=\"twitter:label1\" content=\"Tiempo de lectura\" \/>\n\t<meta name=\"twitter:data1\" content=\"3 minutos\" \/>\n<script type=\"application\/ld+json\" class=\"yoast-schema-graph\">{\"@context\":\"https:\/\/schema.org\",\"@graph\":[{\"@type\":\"WebPage\",\"@id\":\"https:\/\/www.isocfoundation.org\/es\/recursos\/requisitos-de-alineacion\/\",\"url\":\"https:\/\/www.isocfoundation.org\/es\/recursos\/requisitos-de-alineacion\/\",\"name\":\"Requisitos de alineaci\u00f3n | Internet Society Foundation\",\"isPartOf\":{\"@id\":\"https:\/\/www.isocfoundation.org\/#website\"},\"datePublished\":\"2022-03-08T07:13:44+00:00\",\"dateModified\":\"2022-04-09T22:27:01+00:00\",\"breadcrumb\":{\"@id\":\"https:\/\/www.isocfoundation.org\/es\/recursos\/requisitos-de-alineacion\/#breadcrumb\"},\"inLanguage\":\"es\",\"potentialAction\":[{\"@type\":\"ReadAction\",\"target\":[\"https:\/\/www.isocfoundation.org\/es\/recursos\/requisitos-de-alineacion\/\"]}]},{\"@type\":\"BreadcrumbList\",\"@id\":\"https:\/\/www.isocfoundation.org\/es\/recursos\/requisitos-de-alineacion\/#breadcrumb\",\"itemListElement\":[{\"@type\":\"ListItem\",\"position\":1,\"name\":\"Home\",\"item\":\"https:\/\/www.isocfoundation.org\/es\/\"},{\"@type\":\"ListItem\",\"position\":2,\"name\":\"Recursos\",\"item\":\"https:\/\/www.isocfoundation.org\/es\/recursos\/\"},{\"@type\":\"ListItem\",\"position\":3,\"name\":\"Requisitos de alineaci\u00f3n\"}]},{\"@type\":\"WebSite\",\"@id\":\"https:\/\/www.isocfoundation.org\/#website\",\"url\":\"https:\/\/www.isocfoundation.org\/\",\"name\":\"Internet Society Foundation\",\"description\":\"The Internet transforms lives\",\"publisher\":{\"@id\":\"https:\/\/www.isocfoundation.org\/#organization\"},\"potentialAction\":[{\"@type\":\"SearchAction\",\"target\":{\"@type\":\"EntryPoint\",\"urlTemplate\":\"https:\/\/www.isocfoundation.org\/?s={search_term_string}\"},\"query-input\":{\"@type\":\"PropertyValueSpecification\",\"valueRequired\":true,\"valueName\":\"search_term_string\"}}],\"inLanguage\":\"es\"},{\"@type\":\"Organization\",\"@id\":\"https:\/\/www.isocfoundation.org\/#organization\",\"name\":\"Internet Society Foundation\",\"url\":\"https:\/\/www.isocfoundation.org\/\",\"logo\":{\"@type\":\"ImageObject\",\"inLanguage\":\"es\",\"@id\":\"https:\/\/www.isocfoundation.org\/#\/schema\/logo\/image\/\",\"url\":\"https:\/\/www.isocfoundation.org\/wp-content\/uploads\/2019\/02\/internet-society-foundation.jpg\",\"contentUrl\":\"https:\/\/www.isocfoundation.org\/wp-content\/uploads\/2019\/02\/internet-society-foundation.jpg\",\"width\":1200,\"height\":630,\"caption\":\"Internet Society Foundation\"},\"image\":{\"@id\":\"https:\/\/www.isocfoundation.org\/#\/schema\/logo\/image\/\"},\"sameAs\":[\"https:\/\/x.com\/ISOC_Foundation\"]}]}<\/script>\n<!-- \/ Yoast SEO plugin. -->","yoast_head_json":{"title":"Requisitos de alineaci\u00f3n | Internet Society Foundation","robots":{"index":"noindex","follow":"follow"},"og_locale":"es_ES","og_type":"article","og_title":"Requisitos de alineaci\u00f3n | Internet Society Foundation","og_description":"Como organizaci\u00f3n de apoyo de Internet Society (ISOC), la Internet Society Foundation debe operar exclusivamente en beneficio de Internet Society y seguir reglas especiales seg\u00fan las leyes fiscales de EE. UU.\u00a0\u00a0 Estas reglas nos proh\u00edben otorgar subvenciones a organizaciones que no sean aquellas cuya misi\u00f3n (es decir, prop\u00f3sito(s) para existir) y actividades est\u00e9n total o&hellip;","og_url":"https:\/\/www.isocfoundation.org\/es\/recursos\/requisitos-de-alineacion\/","og_site_name":"Internet Society Foundation","article_modified_time":"2022-04-09T22:27:01+00:00","og_image":[{"width":1200,"height":630,"url":"https:\/\/www.isocfoundation.org\/wp-content\/uploads\/2019\/02\/isoc-foundation-og.jpg","type":"image\/jpeg"}],"twitter_card":"summary_large_image","twitter_site":"@ISOC_Foundation","twitter_misc":{"Tiempo de lectura":"3 minutos"},"schema":{"@context":"https:\/\/schema.org","@graph":[{"@type":"WebPage","@id":"https:\/\/www.isocfoundation.org\/es\/recursos\/requisitos-de-alineacion\/","url":"https:\/\/www.isocfoundation.org\/es\/recursos\/requisitos-de-alineacion\/","name":"Requisitos de alineaci\u00f3n | Internet Society Foundation","isPartOf":{"@id":"https:\/\/www.isocfoundation.org\/#website"},"datePublished":"2022-03-08T07:13:44+00:00","dateModified":"2022-04-09T22:27:01+00:00","breadcrumb":{"@id":"https:\/\/www.isocfoundation.org\/es\/recursos\/requisitos-de-alineacion\/#breadcrumb"},"inLanguage":"es","potentialAction":[{"@type":"ReadAction","target":["https:\/\/www.isocfoundation.org\/es\/recursos\/requisitos-de-alineacion\/"]}]},{"@type":"BreadcrumbList","@id":"https:\/\/www.isocfoundation.org\/es\/recursos\/requisitos-de-alineacion\/#breadcrumb","itemListElement":[{"@type":"ListItem","position":1,"name":"Home","item":"https:\/\/www.isocfoundation.org\/es\/"},{"@type":"ListItem","position":2,"name":"Recursos","item":"https:\/\/www.isocfoundation.org\/es\/recursos\/"},{"@type":"ListItem","position":3,"name":"Requisitos de alineaci\u00f3n"}]},{"@type":"WebSite","@id":"https:\/\/www.isocfoundation.org\/#website","url":"https:\/\/www.isocfoundation.org\/","name":"Internet Society Foundation","description":"The Internet transforms lives","publisher":{"@id":"https:\/\/www.isocfoundation.org\/#organization"},"potentialAction":[{"@type":"SearchAction","target":{"@type":"EntryPoint","urlTemplate":"https:\/\/www.isocfoundation.org\/?s={search_term_string}"},"query-input":{"@type":"PropertyValueSpecification","valueRequired":true,"valueName":"search_term_string"}}],"inLanguage":"es"},{"@type":"Organization","@id":"https:\/\/www.isocfoundation.org\/#organization","name":"Internet Society Foundation","url":"https:\/\/www.isocfoundation.org\/","logo":{"@type":"ImageObject","inLanguage":"es","@id":"https:\/\/www.isocfoundation.org\/#\/schema\/logo\/image\/","url":"https:\/\/www.isocfoundation.org\/wp-content\/uploads\/2019\/02\/internet-society-foundation.jpg","contentUrl":"https:\/\/www.isocfoundation.org\/wp-content\/uploads\/2019\/02\/internet-society-foundation.jpg","width":1200,"height":630,"caption":"Internet Society Foundation"},"image":{"@id":"https:\/\/www.isocfoundation.org\/#\/schema\/logo\/image\/"},"sameAs":["https:\/\/x.com\/ISOC_Foundation"]}]}},"_links":{"self":[{"href":"https:\/\/www.isocfoundation.org\/es\/wp-json\/wp\/v2\/pages\/5918","targetHints":{"allow":["GET"]}}],"collection":[{"href":"https:\/\/www.isocfoundation.org\/es\/wp-json\/wp\/v2\/pages"}],"about":[{"href":"https:\/\/www.isocfoundation.org\/es\/wp-json\/wp\/v2\/types\/page"}],"author":[{"embeddable":true,"href":"https:\/\/www.isocfoundation.org\/es\/wp-json\/wp\/v2\/users\/25"}],"replies":[{"embeddable":true,"href":"https:\/\/www.isocfoundation.org\/es\/wp-json\/wp\/v2\/comments?post=5918"}],"version-history":[{"count":0,"href":"https:\/\/www.isocfoundation.org\/es\/wp-json\/wp\/v2\/pages\/5918\/revisions"}],"up":[{"embeddable":true,"href":"https:\/\/www.isocfoundation.org\/es\/wp-json\/wp\/v2\/pages\/3299"}],"wp:attachment":[{"href":"https:\/\/www.isocfoundation.org\/es\/wp-json\/wp\/v2\/media?parent=5918"}],"curies":[{"name":"wp","href":"https:\/\/api.w.org\/{rel}","templated":true}]}}