{"id":10157,"date":"2024-01-26T17:35:02","date_gmt":"2024-01-26T17:35:02","guid":{"rendered":"https:\/\/www.isocfoundation.org\/financement-administratif-de-lantenne-listes-des-couts\/"},"modified":"2025-12-15T16:35:33","modified_gmt":"2025-12-15T16:35:33","slug":"financement-administratif-de-lantenne-listes-des-couts","status":"publish","type":"page","link":"https:\/\/www.isocfoundation.org\/fr\/financement-administratif-de-lantenne-listes-des-couts\/","title":{"rendered":"Financement administratifd\u2019un chapitre : Listes des co\u00fbts"},"content":{"rendered":"\n<p>1. Enregistrement officiel d\u2019un chapitre<\/p>\n\n\n\n<ul class=\"wp-block-list\">\n<li>Enregistrement \u00a0d\u2019un chapitre<\/li>\n\n\n\n<li>Co\u00fbts annuels d\u2019enregistrement \/ de renouvellement<\/li>\n\n\n\n<li>Frais juridiques<\/li>\n\n\n\n<li>Ouverture d\u2019un compte bancaire et frais annuels<\/li>\n\n\n\n<li>Assurance responsabilit\u00e9 civile pour les responsables des chapitres<\/li>\n<\/ul>\n\n\n\n<p>2. Soutien administratif g\u00e9n\u00e9ral<\/p>\n\n\n\n<ul class=\"wp-block-list\">\n<li>Location de bureau<\/li>\n\n\n\n<li>Papeterie de bureau<\/li>\n\n\n\n<li>Frais d\u2019entretien du mobilier et du mat\u00e9riel de bureau<\/li>\n\n\n\n<li>Comptabilit\u00e9 \/ traitement des factures<\/li>\n\n\n\n<li>Frais d\u2019audit de l\u2019organisation<\/li>\n\n\n\n<li>R\u00e9mun\u00e9ration du personnel r\u00e9mun\u00e9r\u00e9<\/li>\n\n\n\n<li>Licence Zoom (ou autre outil de vid\u00e9oconf\u00e9rence)<\/li>\n\n\n\n<li>Outils de vote (par exemple, licence Survey Monkey)<\/li>\n<\/ul>\n\n\n\n<p>3. Gestion des membres<\/p>\n\n\n\n<ul class=\"wp-block-list\">\n<li>Cartes de membre pour les dirigeants et les membres<\/li>\n\n\n\n<li>Cartes de visite des membres du bureau et du conseil d\u2019administration<\/li>\n\n\n\n<li>Administration des membres<\/li>\n<\/ul>\n\n\n\n<p>4. D\u00e9veloppement d\u2019un site Web avec h\u00e9bergement<\/p>\n\n\n\n<ul class=\"wp-block-list\">\n<li>Enregistrement du domaine du site Web<\/li>\n\n\n\n<li>Gestion du site Web<\/li>\n\n\n\n<li>Services d\u2019h\u00e9bergement<\/li>\n<\/ul>\n\n\n\n<p>5. Assembl\u00e9e g\u00e9n\u00e9rale<\/p>\n\n\n\n<ul class=\"wp-block-list\">\n<li>Assembl\u00e9e g\u00e9n\u00e9rale annuelle, r\u00e9union de l\u2019\u00e9quipe consultative<\/li>\n\n\n\n<li>R\u00e9union des groupes d\u2019experts\/sous-comit\u00e9s<\/li>\n\n\n\n<li>Mise \u00e0 jour du site Web et promotion du mat\u00e9riel<\/li>\n<\/ul>\n\n\n\n<p>6. Marketing, publicit\u00e9 et image de marque<\/p>\n\n\n\n<ul class=\"wp-block-list\">\n<li>Cadeaux et mat\u00e9riel promotionnel pour les \u00e9v\u00e9nements \u00a0d\u2019un chapitre<\/li>\n\n\n\n<li>Promotion sur les r\u00e9seaux sociaux des \u00e9v\u00e9nements organis\u00e9s par un chapitre<\/li>\n<\/ul>\n","protected":false},"excerpt":{"rendered":"<p>1. Enregistrement officiel d\u2019un chapitre 2. Soutien administratif g\u00e9n\u00e9ral 3. Gestion des membres 4. D\u00e9veloppement d\u2019un site Web avec h\u00e9bergement 5. Assembl\u00e9e g\u00e9n\u00e9rale 6. Marketing, publicit\u00e9 et image de marque<\/p>\n","protected":false},"author":23,"featured_media":0,"parent":0,"menu_order":0,"comment_status":"closed","ping_status":"closed","template":"","meta":{"footnotes":""},"class_list":["post-10157","page","type-page","status-publish","hentry"],"yoast_head":"<!-- This site is optimized with the Yoast SEO plugin v27.3 - https:\/\/yoast.com\/product\/yoast-seo-wordpress\/ -->\n<title>Financement administratifd\u2019un chapitre : Listes des co\u00fbts | Internet Society Foundation<\/title>\n<meta name=\"robots\" content=\"index, follow, max-snippet:-1, max-image-preview:large, max-video-preview:-1\" \/>\n<link rel=\"canonical\" href=\"https:\/\/www.isocfoundation.org\/fr\/financement-administratif-de-lantenne-listes-des-couts\/\" \/>\n<meta property=\"og:locale\" content=\"fr_FR\" \/>\n<meta property=\"og:type\" content=\"article\" \/>\n<meta property=\"og:title\" content=\"Financement administratifd\u2019un chapitre : Listes des co\u00fbts | Internet Society Foundation\" \/>\n<meta property=\"og:description\" content=\"1. Enregistrement officiel d\u2019un chapitre 2. Soutien administratif g\u00e9n\u00e9ral 3. Gestion des membres 4. D\u00e9veloppement d\u2019un site Web avec h\u00e9bergement 5. Assembl\u00e9e g\u00e9n\u00e9rale 6. Marketing, publicit\u00e9 et image de marque\" \/>\n<meta property=\"og:url\" content=\"https:\/\/www.isocfoundation.org\/fr\/financement-administratif-de-lantenne-listes-des-couts\/\" \/>\n<meta property=\"og:site_name\" content=\"Internet Society Foundation\" \/>\n<meta property=\"article:modified_time\" content=\"2025-12-15T16:35:33+00:00\" \/>\n<meta property=\"og:image\" content=\"https:\/\/www.isocfoundation.org\/wp-content\/uploads\/2019\/02\/isoc-foundation-og.jpg\" \/>\n\t<meta property=\"og:image:width\" content=\"1200\" \/>\n\t<meta property=\"og:image:height\" content=\"630\" \/>\n\t<meta property=\"og:image:type\" content=\"image\/jpeg\" \/>\n<meta name=\"twitter:card\" content=\"summary_large_image\" \/>\n<meta name=\"twitter:site\" content=\"@ISOC_Foundation\" \/>\n<meta name=\"twitter:label1\" content=\"Dur\u00e9e de lecture estim\u00e9e\" \/>\n\t<meta name=\"twitter:data1\" content=\"1 minute\" \/>\n<script type=\"application\/ld+json\" class=\"yoast-schema-graph\">{\"@context\":\"https:\\\/\\\/schema.org\",\"@graph\":[{\"@type\":\"WebPage\",\"@id\":\"https:\\\/\\\/www.isocfoundation.org\\\/fr\\\/financement-administratif-de-lantenne-listes-des-couts\\\/\",\"url\":\"https:\\\/\\\/www.isocfoundation.org\\\/fr\\\/financement-administratif-de-lantenne-listes-des-couts\\\/\",\"name\":\"Financement administratifd\u2019un chapitre : Listes des co\u00fbts | Internet Society Foundation\",\"isPartOf\":{\"@id\":\"https:\\\/\\\/www.isocfoundation.org\\\/#website\"},\"datePublished\":\"2024-01-26T17:35:02+00:00\",\"dateModified\":\"2025-12-15T16:35:33+00:00\",\"breadcrumb\":{\"@id\":\"https:\\\/\\\/www.isocfoundation.org\\\/fr\\\/financement-administratif-de-lantenne-listes-des-couts\\\/#breadcrumb\"},\"inLanguage\":\"fr-FR\",\"potentialAction\":[{\"@type\":\"ReadAction\",\"target\":[\"https:\\\/\\\/www.isocfoundation.org\\\/fr\\\/financement-administratif-de-lantenne-listes-des-couts\\\/\"]}]},{\"@type\":\"BreadcrumbList\",\"@id\":\"https:\\\/\\\/www.isocfoundation.org\\\/fr\\\/financement-administratif-de-lantenne-listes-des-couts\\\/#breadcrumb\",\"itemListElement\":[{\"@type\":\"ListItem\",\"position\":1,\"name\":\"Home\",\"item\":\"https:\\\/\\\/www.isocfoundation.org\\\/fr\\\/\"},{\"@type\":\"ListItem\",\"position\":2,\"name\":\"Financement administratifd\u2019un chapitre : Listes des co\u00fbts\"}]},{\"@type\":\"WebSite\",\"@id\":\"https:\\\/\\\/www.isocfoundation.org\\\/#website\",\"url\":\"https:\\\/\\\/www.isocfoundation.org\\\/\",\"name\":\"Internet Society Foundation\",\"description\":\"The Internet transforms lives\",\"publisher\":{\"@id\":\"https:\\\/\\\/www.isocfoundation.org\\\/#organization\"},\"potentialAction\":[{\"@type\":\"SearchAction\",\"target\":{\"@type\":\"EntryPoint\",\"urlTemplate\":\"https:\\\/\\\/www.isocfoundation.org\\\/?s={search_term_string}\"},\"query-input\":{\"@type\":\"PropertyValueSpecification\",\"valueRequired\":true,\"valueName\":\"search_term_string\"}}],\"inLanguage\":\"fr-FR\"},{\"@type\":\"Organization\",\"@id\":\"https:\\\/\\\/www.isocfoundation.org\\\/#organization\",\"name\":\"Internet Society Foundation\",\"url\":\"https:\\\/\\\/www.isocfoundation.org\\\/\",\"logo\":{\"@type\":\"ImageObject\",\"inLanguage\":\"fr-FR\",\"@id\":\"https:\\\/\\\/www.isocfoundation.org\\\/#\\\/schema\\\/logo\\\/image\\\/\",\"url\":\"https:\\\/\\\/www.isocfoundation.org\\\/wp-content\\\/uploads\\\/2019\\\/02\\\/internet-society-foundation.jpg\",\"contentUrl\":\"https:\\\/\\\/www.isocfoundation.org\\\/wp-content\\\/uploads\\\/2019\\\/02\\\/internet-society-foundation.jpg\",\"width\":1200,\"height\":630,\"caption\":\"Internet Society Foundation\"},\"image\":{\"@id\":\"https:\\\/\\\/www.isocfoundation.org\\\/#\\\/schema\\\/logo\\\/image\\\/\"},\"sameAs\":[\"https:\\\/\\\/x.com\\\/ISOC_Foundation\"]}]}<\/script>\n<!-- \/ Yoast SEO plugin. -->","yoast_head_json":{"title":"Financement administratifd\u2019un chapitre : Listes des co\u00fbts | Internet Society Foundation","robots":{"index":"index","follow":"follow","max-snippet":"max-snippet:-1","max-image-preview":"max-image-preview:large","max-video-preview":"max-video-preview:-1"},"canonical":"https:\/\/www.isocfoundation.org\/fr\/financement-administratif-de-lantenne-listes-des-couts\/","og_locale":"fr_FR","og_type":"article","og_title":"Financement administratifd\u2019un chapitre : Listes des co\u00fbts | Internet Society Foundation","og_description":"1. Enregistrement officiel d\u2019un chapitre 2. Soutien administratif g\u00e9n\u00e9ral 3. Gestion des membres 4. D\u00e9veloppement d\u2019un site Web avec h\u00e9bergement 5. Assembl\u00e9e g\u00e9n\u00e9rale 6. Marketing, publicit\u00e9 et image de marque","og_url":"https:\/\/www.isocfoundation.org\/fr\/financement-administratif-de-lantenne-listes-des-couts\/","og_site_name":"Internet Society Foundation","article_modified_time":"2025-12-15T16:35:33+00:00","og_image":[{"width":1200,"height":630,"url":"https:\/\/www.isocfoundation.org\/wp-content\/uploads\/2019\/02\/isoc-foundation-og.jpg","type":"image\/jpeg"}],"twitter_card":"summary_large_image","twitter_site":"@ISOC_Foundation","twitter_misc":{"Dur\u00e9e de lecture estim\u00e9e":"1 minute"},"schema":{"@context":"https:\/\/schema.org","@graph":[{"@type":"WebPage","@id":"https:\/\/www.isocfoundation.org\/fr\/financement-administratif-de-lantenne-listes-des-couts\/","url":"https:\/\/www.isocfoundation.org\/fr\/financement-administratif-de-lantenne-listes-des-couts\/","name":"Financement administratifd\u2019un chapitre : Listes des co\u00fbts | Internet Society Foundation","isPartOf":{"@id":"https:\/\/www.isocfoundation.org\/#website"},"datePublished":"2024-01-26T17:35:02+00:00","dateModified":"2025-12-15T16:35:33+00:00","breadcrumb":{"@id":"https:\/\/www.isocfoundation.org\/fr\/financement-administratif-de-lantenne-listes-des-couts\/#breadcrumb"},"inLanguage":"fr-FR","potentialAction":[{"@type":"ReadAction","target":["https:\/\/www.isocfoundation.org\/fr\/financement-administratif-de-lantenne-listes-des-couts\/"]}]},{"@type":"BreadcrumbList","@id":"https:\/\/www.isocfoundation.org\/fr\/financement-administratif-de-lantenne-listes-des-couts\/#breadcrumb","itemListElement":[{"@type":"ListItem","position":1,"name":"Home","item":"https:\/\/www.isocfoundation.org\/fr\/"},{"@type":"ListItem","position":2,"name":"Financement administratifd\u2019un chapitre : Listes des co\u00fbts"}]},{"@type":"WebSite","@id":"https:\/\/www.isocfoundation.org\/#website","url":"https:\/\/www.isocfoundation.org\/","name":"Internet Society Foundation","description":"The Internet transforms lives","publisher":{"@id":"https:\/\/www.isocfoundation.org\/#organization"},"potentialAction":[{"@type":"SearchAction","target":{"@type":"EntryPoint","urlTemplate":"https:\/\/www.isocfoundation.org\/?s={search_term_string}"},"query-input":{"@type":"PropertyValueSpecification","valueRequired":true,"valueName":"search_term_string"}}],"inLanguage":"fr-FR"},{"@type":"Organization","@id":"https:\/\/www.isocfoundation.org\/#organization","name":"Internet Society Foundation","url":"https:\/\/www.isocfoundation.org\/","logo":{"@type":"ImageObject","inLanguage":"fr-FR","@id":"https:\/\/www.isocfoundation.org\/#\/schema\/logo\/image\/","url":"https:\/\/www.isocfoundation.org\/wp-content\/uploads\/2019\/02\/internet-society-foundation.jpg","contentUrl":"https:\/\/www.isocfoundation.org\/wp-content\/uploads\/2019\/02\/internet-society-foundation.jpg","width":1200,"height":630,"caption":"Internet Society Foundation"},"image":{"@id":"https:\/\/www.isocfoundation.org\/#\/schema\/logo\/image\/"},"sameAs":["https:\/\/x.com\/ISOC_Foundation"]}]}},"_links":{"self":[{"href":"https:\/\/www.isocfoundation.org\/fr\/wp-json\/wp\/v2\/pages\/10157","targetHints":{"allow":["GET"]}}],"collection":[{"href":"https:\/\/www.isocfoundation.org\/fr\/wp-json\/wp\/v2\/pages"}],"about":[{"href":"https:\/\/www.isocfoundation.org\/fr\/wp-json\/wp\/v2\/types\/page"}],"author":[{"embeddable":true,"href":"https:\/\/www.isocfoundation.org\/fr\/wp-json\/wp\/v2\/users\/23"}],"replies":[{"embeddable":true,"href":"https:\/\/www.isocfoundation.org\/fr\/wp-json\/wp\/v2\/comments?post=10157"}],"version-history":[{"count":0,"href":"https:\/\/www.isocfoundation.org\/fr\/wp-json\/wp\/v2\/pages\/10157\/revisions"}],"wp:attachment":[{"href":"https:\/\/www.isocfoundation.org\/fr\/wp-json\/wp\/v2\/media?parent=10157"}],"curies":[{"name":"wp","href":"https:\/\/api.w.org\/{rel}","templated":true}]}}