{"id":10163,"date":"2024-01-26T17:35:19","date_gmt":"2024-01-26T17:35:19","guid":{"rendered":"https:\/\/www.isocfoundation.org\/charte-de-lantenne\/"},"modified":"2025-12-15T16:22:26","modified_gmt":"2025-12-15T16:22:26","slug":"charte-de-lantenne","status":"publish","type":"page","link":"https:\/\/www.isocfoundation.org\/fr\/charte-de-lantenne\/","title":{"rendered":"Charte de l&rsquo;antenne"},"content":{"rendered":"\n<p><strong>Charte \u00a0des Chapitres<\/strong><\/p>\n\n\n\n<p>Une fois que vous aurez \u00a0d\u00e9pos\u00e9 votre candidature pour cr\u00e9er un chapitre et que vous aurez pass\u00e9 le processus d\u2019\u00e9valuation, vous recevrez l\u2019accord de charte de \u00a0chapitre de l\u2019Internet Society qui d\u00e9crit le soutien que votre chapitre recevra de l\u2019Internet Society ainsi que les normes minimales que vous devrez respecter en tant \u00a0que chapitre de l\u2019Internet Society.<\/p>\n\n\n\n<p><a href=\"https:\/\/www.isocfoundation.org\/wp-content\/uploads\/2024\/01\/2018-2020-ISOC_Chapter_Charter_Agreement-Apr2020.pdf\" target=\"_blank\" rel=\"noreferrer noopener\"><a href=\"https:\/\/www.isocfoundation.org\/wp-content\/uploads\/2024\/01\/2018-2020-ISOC_Chapter_Charter_Agreement-Apr2020.pdf\" target=\"_blank\" rel=\"noreferrer noopener\">Accord de charte de chapitre de l\u2019Internet Society<\/a><\/a><\/p>\n\n\n\n<h2 class=\"wp-block-heading\">Renouvellement<\/h2>\n\n\n\n<p>Les chapitres qui ne respectent pas une ou plusieurs des normes minimales disposeront d\u2019une p\u00e9riode de trois mois pour retrouver le niveau de performanceexig\u00e9. Si, \u00e0 l\u2019issue de cette p\u00e9riode de trois mois, le niveau des normes minimales n\u2019est pas retrouv\u00e9, \u00a0le chapitre sera plac\u00e9 en instance de \u00ab renouvellement \u00bb pour une dur\u00e9e maximale d\u2019un an. Au cours de cette p\u00e9riode, il sera demand\u00e9 \u00a0au chapitre de prendre les mesures n\u00e9cessaires dans les domaines manquants pour se remettre \u00e0 niveau. Pendant la p\u00e9riode derenouvellement, aucune bourse ni aucun financement d\u2019\u00e9v\u00e9nement ne seraaccord\u00e9 au chapitre.<\/p>\n\n\n\n<h2 class=\"wp-block-heading\">Retrait de charte<\/h2>\n\n\n\n<p>Si, apr\u00e8s la p\u00e9riode de renouvellement, &nbsp;le chapitre ne parvient toujours pas \u00e0 satisfaire les normes minimales, l\u2019Internet Society se r\u00e9serve le droit de retirer l\u2019accord de charte du chapitre.<\/p>\n\n\n\n<p>Dans cette circonstance malheureuse, l\u2019organisme accr\u00e9dit\u00e9 en tant que chapitre pourra soit se dissoudre, soit continuer \u00e0 fonctionner en tant qu\u2019organisation ind\u00e9pendante, sans affiliation future avec l\u2019Internet Society. Nous vous demandons simplement de ne plus utiliser la propri\u00e9t\u00e9 intellectuelle &nbsp;de l\u2019Internet Society, les documents de l\u2019Internet Society et ses outils destin\u00e9s \u00e0 ses chapitres.<\/p>\n\n\n\n<p>Si le chapitre conteste la d\u00e9cision de retrait de la charte, il a le droit de faire appel aupr\u00e8s de ses pairs et de demander au Conseil d\u2019administration un appel final pour conserver son statut actif, la d\u00e9cision du Conseil d\u2019administration sera alors d\u00e9finitive.<\/p>\n","protected":false},"excerpt":{"rendered":"<p>Charte \u00a0des Chapitres Une fois que vous aurez \u00a0d\u00e9pos\u00e9 votre candidature pour cr\u00e9er un chapitre et que vous aurez pass\u00e9 le processus d\u2019\u00e9valuation, vous recevrez l\u2019accord de charte de \u00a0chapitre de l\u2019Internet Society qui d\u00e9crit le soutien que votre chapitre recevra de l\u2019Internet Society ainsi que les normes minimales que vous devrez respecter en tant&hellip;<\/p>\n","protected":false},"author":23,"featured_media":0,"parent":0,"menu_order":0,"comment_status":"closed","ping_status":"closed","template":"","meta":{"footnotes":""},"class_list":["post-10163","page","type-page","status-publish","hentry"],"yoast_head":"<!-- This site is optimized with the Yoast SEO plugin v27.1.1 - https:\/\/yoast.com\/product\/yoast-seo-wordpress\/ -->\n<title>Charte de l&#039;antenne | Internet Society Foundation<\/title>\n<meta name=\"robots\" content=\"index, follow, max-snippet:-1, max-image-preview:large, max-video-preview:-1\" \/>\n<link rel=\"canonical\" href=\"https:\/\/www.isocfoundation.org\/fr\/charte-de-lantenne\/\" \/>\n<meta property=\"og:locale\" content=\"fr_FR\" \/>\n<meta property=\"og:type\" content=\"article\" \/>\n<meta property=\"og:title\" content=\"Charte de l&#039;antenne | Internet Society Foundation\" \/>\n<meta property=\"og:description\" content=\"Charte \u00a0des Chapitres Une fois que vous aurez \u00a0d\u00e9pos\u00e9 votre candidature pour cr\u00e9er un chapitre et que vous aurez pass\u00e9 le processus d\u2019\u00e9valuation, vous recevrez l\u2019accord de charte de \u00a0chapitre de l\u2019Internet Society qui d\u00e9crit le soutien que votre chapitre recevra de l\u2019Internet Society ainsi que les normes minimales que vous devrez respecter en tant&hellip;\" \/>\n<meta property=\"og:url\" content=\"https:\/\/www.isocfoundation.org\/fr\/charte-de-lantenne\/\" \/>\n<meta property=\"og:site_name\" content=\"Internet Society Foundation\" \/>\n<meta property=\"article:modified_time\" content=\"2025-12-15T16:22:26+00:00\" \/>\n<meta property=\"og:image\" content=\"https:\/\/www.isocfoundation.org\/wp-content\/uploads\/2019\/02\/isoc-foundation-og.jpg\" \/>\n\t<meta property=\"og:image:width\" content=\"1200\" \/>\n\t<meta property=\"og:image:height\" content=\"630\" \/>\n\t<meta property=\"og:image:type\" content=\"image\/jpeg\" \/>\n<meta name=\"twitter:card\" content=\"summary_large_image\" \/>\n<meta name=\"twitter:site\" content=\"@ISOC_Foundation\" \/>\n<meta name=\"twitter:label1\" content=\"Dur\u00e9e de lecture estim\u00e9e\" \/>\n\t<meta name=\"twitter:data1\" content=\"2 minutes\" \/>\n<script type=\"application\/ld+json\" class=\"yoast-schema-graph\">{\"@context\":\"https:\/\/schema.org\",\"@graph\":[{\"@type\":\"WebPage\",\"@id\":\"https:\/\/www.isocfoundation.org\/fr\/charte-de-lantenne\/\",\"url\":\"https:\/\/www.isocfoundation.org\/fr\/charte-de-lantenne\/\",\"name\":\"Charte de l'antenne | Internet Society Foundation\",\"isPartOf\":{\"@id\":\"https:\/\/www.isocfoundation.org\/#website\"},\"datePublished\":\"2024-01-26T17:35:19+00:00\",\"dateModified\":\"2025-12-15T16:22:26+00:00\",\"breadcrumb\":{\"@id\":\"https:\/\/www.isocfoundation.org\/fr\/charte-de-lantenne\/#breadcrumb\"},\"inLanguage\":\"fr-FR\",\"potentialAction\":[{\"@type\":\"ReadAction\",\"target\":[\"https:\/\/www.isocfoundation.org\/fr\/charte-de-lantenne\/\"]}]},{\"@type\":\"BreadcrumbList\",\"@id\":\"https:\/\/www.isocfoundation.org\/fr\/charte-de-lantenne\/#breadcrumb\",\"itemListElement\":[{\"@type\":\"ListItem\",\"position\":1,\"name\":\"Home\",\"item\":\"https:\/\/www.isocfoundation.org\/fr\/\"},{\"@type\":\"ListItem\",\"position\":2,\"name\":\"Charte de l&#8217;antenne\"}]},{\"@type\":\"WebSite\",\"@id\":\"https:\/\/www.isocfoundation.org\/#website\",\"url\":\"https:\/\/www.isocfoundation.org\/\",\"name\":\"Internet Society Foundation\",\"description\":\"The Internet transforms lives\",\"publisher\":{\"@id\":\"https:\/\/www.isocfoundation.org\/#organization\"},\"potentialAction\":[{\"@type\":\"SearchAction\",\"target\":{\"@type\":\"EntryPoint\",\"urlTemplate\":\"https:\/\/www.isocfoundation.org\/?s={search_term_string}\"},\"query-input\":{\"@type\":\"PropertyValueSpecification\",\"valueRequired\":true,\"valueName\":\"search_term_string\"}}],\"inLanguage\":\"fr-FR\"},{\"@type\":\"Organization\",\"@id\":\"https:\/\/www.isocfoundation.org\/#organization\",\"name\":\"Internet Society Foundation\",\"url\":\"https:\/\/www.isocfoundation.org\/\",\"logo\":{\"@type\":\"ImageObject\",\"inLanguage\":\"fr-FR\",\"@id\":\"https:\/\/www.isocfoundation.org\/#\/schema\/logo\/image\/\",\"url\":\"https:\/\/www.isocfoundation.org\/wp-content\/uploads\/2019\/02\/internet-society-foundation.jpg\",\"contentUrl\":\"https:\/\/www.isocfoundation.org\/wp-content\/uploads\/2019\/02\/internet-society-foundation.jpg\",\"width\":1200,\"height\":630,\"caption\":\"Internet Society Foundation\"},\"image\":{\"@id\":\"https:\/\/www.isocfoundation.org\/#\/schema\/logo\/image\/\"},\"sameAs\":[\"https:\/\/x.com\/ISOC_Foundation\"]}]}<\/script>\n<!-- \/ Yoast SEO plugin. -->","yoast_head_json":{"title":"Charte de l'antenne | Internet Society Foundation","robots":{"index":"index","follow":"follow","max-snippet":"max-snippet:-1","max-image-preview":"max-image-preview:large","max-video-preview":"max-video-preview:-1"},"canonical":"https:\/\/www.isocfoundation.org\/fr\/charte-de-lantenne\/","og_locale":"fr_FR","og_type":"article","og_title":"Charte de l'antenne | Internet Society Foundation","og_description":"Charte \u00a0des Chapitres Une fois que vous aurez \u00a0d\u00e9pos\u00e9 votre candidature pour cr\u00e9er un chapitre et que vous aurez pass\u00e9 le processus d\u2019\u00e9valuation, vous recevrez l\u2019accord de charte de \u00a0chapitre de l\u2019Internet Society qui d\u00e9crit le soutien que votre chapitre recevra de l\u2019Internet Society ainsi que les normes minimales que vous devrez respecter en tant&hellip;","og_url":"https:\/\/www.isocfoundation.org\/fr\/charte-de-lantenne\/","og_site_name":"Internet Society Foundation","article_modified_time":"2025-12-15T16:22:26+00:00","og_image":[{"width":1200,"height":630,"url":"https:\/\/www.isocfoundation.org\/wp-content\/uploads\/2019\/02\/isoc-foundation-og.jpg","type":"image\/jpeg"}],"twitter_card":"summary_large_image","twitter_site":"@ISOC_Foundation","twitter_misc":{"Dur\u00e9e de lecture estim\u00e9e":"2 minutes"},"schema":{"@context":"https:\/\/schema.org","@graph":[{"@type":"WebPage","@id":"https:\/\/www.isocfoundation.org\/fr\/charte-de-lantenne\/","url":"https:\/\/www.isocfoundation.org\/fr\/charte-de-lantenne\/","name":"Charte de l'antenne | Internet Society Foundation","isPartOf":{"@id":"https:\/\/www.isocfoundation.org\/#website"},"datePublished":"2024-01-26T17:35:19+00:00","dateModified":"2025-12-15T16:22:26+00:00","breadcrumb":{"@id":"https:\/\/www.isocfoundation.org\/fr\/charte-de-lantenne\/#breadcrumb"},"inLanguage":"fr-FR","potentialAction":[{"@type":"ReadAction","target":["https:\/\/www.isocfoundation.org\/fr\/charte-de-lantenne\/"]}]},{"@type":"BreadcrumbList","@id":"https:\/\/www.isocfoundation.org\/fr\/charte-de-lantenne\/#breadcrumb","itemListElement":[{"@type":"ListItem","position":1,"name":"Home","item":"https:\/\/www.isocfoundation.org\/fr\/"},{"@type":"ListItem","position":2,"name":"Charte de l&#8217;antenne"}]},{"@type":"WebSite","@id":"https:\/\/www.isocfoundation.org\/#website","url":"https:\/\/www.isocfoundation.org\/","name":"Internet Society Foundation","description":"The Internet transforms lives","publisher":{"@id":"https:\/\/www.isocfoundation.org\/#organization"},"potentialAction":[{"@type":"SearchAction","target":{"@type":"EntryPoint","urlTemplate":"https:\/\/www.isocfoundation.org\/?s={search_term_string}"},"query-input":{"@type":"PropertyValueSpecification","valueRequired":true,"valueName":"search_term_string"}}],"inLanguage":"fr-FR"},{"@type":"Organization","@id":"https:\/\/www.isocfoundation.org\/#organization","name":"Internet Society Foundation","url":"https:\/\/www.isocfoundation.org\/","logo":{"@type":"ImageObject","inLanguage":"fr-FR","@id":"https:\/\/www.isocfoundation.org\/#\/schema\/logo\/image\/","url":"https:\/\/www.isocfoundation.org\/wp-content\/uploads\/2019\/02\/internet-society-foundation.jpg","contentUrl":"https:\/\/www.isocfoundation.org\/wp-content\/uploads\/2019\/02\/internet-society-foundation.jpg","width":1200,"height":630,"caption":"Internet Society Foundation"},"image":{"@id":"https:\/\/www.isocfoundation.org\/#\/schema\/logo\/image\/"},"sameAs":["https:\/\/x.com\/ISOC_Foundation"]}]}},"_links":{"self":[{"href":"https:\/\/www.isocfoundation.org\/fr\/wp-json\/wp\/v2\/pages\/10163","targetHints":{"allow":["GET"]}}],"collection":[{"href":"https:\/\/www.isocfoundation.org\/fr\/wp-json\/wp\/v2\/pages"}],"about":[{"href":"https:\/\/www.isocfoundation.org\/fr\/wp-json\/wp\/v2\/types\/page"}],"author":[{"embeddable":true,"href":"https:\/\/www.isocfoundation.org\/fr\/wp-json\/wp\/v2\/users\/23"}],"replies":[{"embeddable":true,"href":"https:\/\/www.isocfoundation.org\/fr\/wp-json\/wp\/v2\/comments?post=10163"}],"version-history":[{"count":0,"href":"https:\/\/www.isocfoundation.org\/fr\/wp-json\/wp\/v2\/pages\/10163\/revisions"}],"wp:attachment":[{"href":"https:\/\/www.isocfoundation.org\/fr\/wp-json\/wp\/v2\/media?parent=10163"}],"curies":[{"name":"wp","href":"https:\/\/api.w.org\/{rel}","templated":true}]}}