{"id":1038,"date":"2019-06-18T15:09:45","date_gmt":"2019-06-18T15:09:45","guid":{"rendered":"https:\/\/www.isocfoundation.org\/?page_id=1038"},"modified":"2026-04-14T18:38:03","modified_gmt":"2026-04-14T18:38:03","slug":"accueil","status":"publish","type":"page","link":"https:\/\/www.isocfoundation.org\/fr\/","title":{"rendered":"Domicile"},"content":{"rendered":"\n\n\t<h2>La Fondation Internet Society existe pour soutenir la diff\u00e9rence positive qu&rsquo;Internet peut faire pour les gens du monde entier. Il promeut le d\u00e9veloppement d&rsquo;Internet en tant qu&rsquo;infrastructure technique mondiale, ressource pour enrichir la vie des gens et force pour le bien dans la soci\u00e9t\u00e9.<\/h2>\n\t\t\t<a href=\"https:\/\/www.isocfoundation.org\/fr\/a-propos-de\/\"  target=\"_self\">\n\t\t\t\t\t\t\tPour en savoir plus\n\t\t\t\t\t<\/a>\n\t\t\t\t\t\t\t<button aria-label=\"previous\" type=\"button\">\n<\/button>\n\t\t\t\t<button aria-label=\"next\" type=\"button\">\n<\/button>\n\t\t<ul>\n\t\t\t\t<li>\n\t\t\t<a href=\"https:\/\/www.isocfoundation.org\/fr\/grant-programme\/connectivite-centree-sur-la-communaute\/\" target=\"_self\"><img decoding=\"async\" loading=\"false\" src=\"https:\/\/www.isocfoundation.org\/wp-content\/uploads\/2026\/03\/CCC-antenna.jpg\" alt=\"A man assembles an Internet device in a mountain.\" \/><\/a>\t\t\t\n\t\t\t\t<h3>Programme de subventions pour une connectivit\u00e9 centr\u00e9e sur la communaut\u00e9<\/h3><p>Son objectif est d&rsquo;aider les communaut\u00e9s \u00e0 r\u00e9duire la fracture num\u00e9rique en soutenant les organisations dans le d\u00e9veloppement et l&rsquo;\u00e9largissement de l&rsquo;acc\u00e8s \u00e0 Internet et dans l&rsquo;augmentation de son adoption au sein des communaut\u00e9s exclues du num\u00e9rique.<\/p>\n\t\t\t<a href=\"https:\/\/www.isocfoundation.org\/fr\/grant-programme\/connectivite-centree-sur-la-communaute\/\"  target=\"_self\">\n\t\t\t\t\t\t\tEn savoir plus et postuler\n\t\t\t\t\t<\/a>\n<a href=\"https:\/\/www.isocfoundation.org\/fr\/grant-programme\/connectivite-centree-sur-la-communaute\/\"  target=\"_self\"><img decoding=\"async\" loading=\"false\" src=\"https:\/\/www.isocfoundation.org\/wp-content\/uploads\/2026\/03\/CCC-antenna.jpg\" alt=\"A man assembles an Internet device in a mountain.\" \/><\/a>\t\t\t\n\t\t<\/li>\n\t\t\t<li>\n\t\t\t<a href=\"https:\/\/www.isocfoundation.org\/fr\/grant-programme\/evenements-du-forum-sur-la-gouvernance-de-linternet\/\" target=\"_self\"><img decoding=\"async\" loading=\"false\" src=\"https:\/\/www.isocfoundation.org\/wp-content\/uploads\/2026\/02\/IGF-Berlin-mural-1.jpg\" alt=\"IGF 2019 Berlin poster featuring a vibrant design \" \/><\/a>\t\t\t\n\t\t\t\t<h3>Soutien aux \u00e9v\u00e9nements du Forum sur la Gouvernance de l&rsquo;Internet<\/h3><p>Soutien \u00e0 l&rsquo;organisation des initiatives nationales et r\u00e9gionales (INR) reconnues par le Secr\u00e9tariat du Forum sur la Gouvernance de l&rsquo;Internet (FGI) des Nations Unies, ainsi que des \u00c9coles nationales et r\u00e9gionales sur la gouvernance de l&rsquo;Internet.<\/p>\n\t\t\t<a href=\"https:\/\/www.isocfoundation.org\/fr\/grant-programme\/evenements-du-forum-sur-la-gouvernance-de-linternet\/\"  target=\"_self\">\n\t\t\t\t\t\t\tEn savoir plus et postuler\n\t\t\t\t\t<\/a>\n<a href=\"https:\/\/www.isocfoundation.org\/fr\/grant-programme\/evenements-du-forum-sur-la-gouvernance-de-linternet\/\"  target=\"_self\"><img decoding=\"async\" loading=\"false\" src=\"https:\/\/www.isocfoundation.org\/wp-content\/uploads\/2026\/02\/IGF-Berlin-mural-1.jpg\" alt=\"IGF 2019 Berlin poster featuring a vibrant design \" \/><\/a>\t\t\t\n\t\t<\/li>\n\t\t\t<li>\n\t\t\t<a href=\"https:\/\/www.isocfoundation.org\/fr\/grant-programme\/infrastructures-de-peering-durables\/\" target=\"_self\"><img decoding=\"async\" loading=\"false\" src=\"https:\/\/www.isocfoundation.org\/wp-content\/uploads\/2026\/01\/men-data-center.jpg\" alt=\"two men talking at a data center\" \/><\/a>\t\t\t\n\t\t\t\t<h3>Programme de financement d&rsquo;infrastructures de peering durables<\/h3><p>Soutient les communaut\u00e9s locales dans la construction ou l&rsquo;am\u00e9lioration des IXP et le d\u00e9veloppement des organisations et des communaut\u00e9s qui soutiennent le peering et l&rsquo;interconnexion.<\/p>\n\t\t\t<a href=\"https:\/\/www.isocfoundation.org\/fr\/grant-programme\/infrastructures-de-peering-durables\/\"  target=\"_self\">\n\t\t\t\t\t\t\tEn savoir plus et postuler\n\t\t\t\t\t<\/a>\n<a href=\"https:\/\/www.isocfoundation.org\/fr\/grant-programme\/infrastructures-de-peering-durables\/\"  target=\"_self\"><img decoding=\"async\" loading=\"false\" src=\"https:\/\/www.isocfoundation.org\/wp-content\/uploads\/2026\/01\/men-data-center.jpg\" alt=\"two men talking at a data center\" \/><\/a>\t\t\t\n\t\t<\/li>\n\t\t\t<li>\n\t\t\t<a href=\"https:\/\/www.isocfoundation.org\/fr\/grant-programme\/programme-de-subvention-beyond-the-net\/\" target=\"_self\"><img decoding=\"async\" loading=\"false\" src=\"https:\/\/www.isocfoundation.org\/wp-content\/uploads\/2026\/02\/BtN.jpg\" alt=\"A man paints a pink building with a yellow frame\" \/><\/a>\t\t\t\n\t\t\t\t<h3>Programme de financement Beyond the Net<\/h3><p>Soutient les chapitres de l&rsquo;Internet Society dans la mise en \u0153uvre de projets innovants ayant un impact local, en facilitant un acc\u00e8s significatif \u00e0 un Internet ouvert, fiable et connect\u00e9 \u00e0 l&rsquo;\u00e9chelle mondiale, tout en renfor\u00e7ant la pr\u00e9sence des chapitres au sein de leurs communaut\u00e9s locales avoisinantes.<\/p>\n\t\t\t<a href=\"https:\/\/www.isocfoundation.org\/fr\/grant-programme\/programme-de-subvention-beyond-the-net\/\"  target=\"_self\">\n\t\t\t\t\t\t\tEn savoir plus et postuler\n\t\t\t\t\t<\/a>\n<a href=\"https:\/\/www.isocfoundation.org\/fr\/grant-programme\/programme-de-subvention-beyond-the-net\/\"  target=\"_self\"><img decoding=\"async\" loading=\"false\" src=\"https:\/\/www.isocfoundation.org\/wp-content\/uploads\/2026\/02\/BtN.jpg\" alt=\"A man paints a pink building with a yellow frame\" \/><\/a>\t\t\t\n\t\t<\/li>\n\t\t\t<li>\n\t\t\t<a href=\"https:\/\/www.isocfoundation.org\/fr\/grant-programme\/programme-de-subventions-pour-la-recherche\/\" target=\"_self\"><img decoding=\"async\" loading=\"false\" src=\"https:\/\/www.isocfoundation.org\/wp-content\/uploads\/2020\/08\/ISOC-IMAGE-80-RGB-1.jpg\" alt=\"\" \/><\/a>\t\t\t\n\t\t\t\t<h3>Programme de subventions de recherche<\/h3><p>Le Programme de subventions de recherche soutient les collaborations de recherche mondiales qui font progresser la compr\u00e9hension d&rsquo;Internet et de sa valeur pour tous.<\/p>\n\t\t\t<a href=\"https:\/\/www.isocfoundation.org\/fr\/grant-programme\/programme-de-subventions-pour-la-recherche\/\"  target=\"_self\">\n\t\t\t\t\t\t\tEn savoir plus et postuler\n\t\t\t\t\t<\/a>\n<a href=\"https:\/\/www.isocfoundation.org\/fr\/grant-programme\/programme-de-subventions-pour-la-recherche\/\"  target=\"_self\"><img decoding=\"async\" loading=\"false\" src=\"https:\/\/www.isocfoundation.org\/wp-content\/uploads\/2020\/08\/ISOC-IMAGE-80-RGB-1.jpg\" alt=\"\" \/><\/a>\t\t\t\n\t\t<\/li>\n\t\t<\/ul>\n\t<h2><strong>Parcourez et recherchez les projets que nous finan\u00e7ons dans le monde entier<\/strong><\/h2>\n\t\t\t<a href=\"https:\/\/www.isocfoundation.org\/about\/project-map\/\"  target=\"_self\">\n\t\t\t\t\t\t\tVoir nos projets\n\t\t\t\t\t<\/a>\n<h2>\n\t\t\tDerni\u00e8res nouvelles et histoires\t<\/h2>\n\t\t\t<a href=\"https:\/\/www.isocfoundation.org\/fr\/histoires\/\"  target=\"_self\">\n\t\t\t\t\t\t\tEn savoir plus sur notre impact\n\t\t\t\t\t<\/a>\n\t\t\t<a href=\"https:\/\/www.isocfoundation.org\/fr\/nouvelles\/\"  target=\"_self\">\n\t\t\t\t\t\t\tVoir plus d&rsquo;actualit\u00e9s\n\t\t\t\t\t<\/a>\n\n","protected":false},"excerpt":{"rendered":"<p>La Fondation Internet Society existe pour soutenir la diff\u00e9rence positive qu&rsquo;Internet peut faire pour les gens du monde entier. Il promeut le d\u00e9veloppement d&rsquo;Internet en tant qu&rsquo;infrastructure technique mondiale, ressource pour enrichir la vie des gens et force pour le bien dans la soci\u00e9t\u00e9. Pour en savoir plus Programme de subventions pour une connectivit\u00e9 centr\u00e9e&hellip;<\/p>\n","protected":false},"author":1,"featured_media":568,"parent":3596,"menu_order":0,"comment_status":"closed","ping_status":"closed","template":"","meta":{"footnotes":""},"class_list":["post-1038","page","type-page","status-publish","has-post-thumbnail","hentry"],"yoast_head":"<!-- This site is optimized with the Yoast SEO plugin v27.3 - https:\/\/yoast.com\/product\/yoast-seo-wordpress\/ -->\n<title>Internet Society Foundation<\/title>\n<meta name=\"description\" content=\"La Fondation Internet Society se concentre sur le financement d\u2019initiatives qui renforcent le fonctionnement et la port\u00e9e d\u2019Internet afin qu\u2019il puisse servir efficacement tout le monde. En savoir plus sur notre travail.\" \/>\n<meta name=\"robots\" content=\"index, follow, max-snippet:-1, max-image-preview:large, max-video-preview:-1\" \/>\n<link rel=\"canonical\" href=\"https:\/\/www.isocfoundation.org\/fr\/\" \/>\n<meta property=\"og:locale\" content=\"fr_FR\" \/>\n<meta property=\"og:type\" content=\"article\" \/>\n<meta property=\"og:description\" content=\"La Fondation Internet Society se concentre sur le financement d\u2019initiatives qui renforcent le fonctionnement et la port\u00e9e d\u2019Internet afin qu\u2019il puisse servir efficacement tout le monde. En savoir plus sur notre travail.\" \/>\n<meta property=\"og:url\" content=\"https:\/\/www.isocfoundation.org\/fr\/\" \/>\n<meta property=\"og:site_name\" content=\"Internet Society Foundation\" \/>\n<meta property=\"article:modified_time\" content=\"2026-04-14T18:38:03+00:00\" \/>\n<meta property=\"og:image\" content=\"https:\/\/www.isocfoundation.org\/wp-content\/uploads\/2019\/02\/isoc-foundation-og.jpg\" \/>\n\t<meta property=\"og:image:width\" content=\"1200\" \/>\n\t<meta property=\"og:image:height\" content=\"630\" \/>\n\t<meta property=\"og:image:type\" content=\"image\/jpeg\" \/>\n<meta name=\"twitter:card\" content=\"summary_large_image\" \/>\n<meta name=\"twitter:site\" content=\"@ISOC_Foundation\" \/>\n<meta name=\"twitter:label1\" content=\"Dur\u00e9e de lecture estim\u00e9e\" \/>\n\t<meta name=\"twitter:data1\" content=\"6 minutes\" \/>\n<script type=\"application\/ld+json\" class=\"yoast-schema-graph\">{\"@context\":\"https:\\\/\\\/schema.org\",\"@graph\":[{\"@type\":\"WebPage\",\"@id\":\"https:\\\/\\\/www.isocfoundation.org\\\/fr\\\/\",\"url\":\"https:\\\/\\\/www.isocfoundation.org\\\/fr\\\/\",\"name\":\"\",\"isPartOf\":{\"@id\":\"https:\\\/\\\/www.isocfoundation.org\\\/#website\"},\"primaryImageOfPage\":{\"@id\":\"https:\\\/\\\/www.isocfoundation.org\\\/fr\\\/#primaryimage\"},\"image\":{\"@id\":\"https:\\\/\\\/www.isocfoundation.org\\\/fr\\\/#primaryimage\"},\"thumbnailUrl\":\"https:\\\/\\\/www.isocfoundation.org\\\/wp-content\\\/uploads\\\/2019\\\/02\\\/internet-society-foundation.jpg\",\"datePublished\":\"2019-06-18T15:09:45+00:00\",\"dateModified\":\"2026-04-14T18:38:03+00:00\",\"description\":\"La Fondation Internet Society se concentre sur le financement d\u2019initiatives qui renforcent le fonctionnement et la port\u00e9e d\u2019Internet afin qu\u2019il puisse servir efficacement tout le monde. En savoir plus sur notre travail.\",\"breadcrumb\":{\"@id\":\"https:\\\/\\\/www.isocfoundation.org\\\/fr\\\/#breadcrumb\"},\"inLanguage\":\"fr-FR\",\"potentialAction\":[{\"@type\":\"ReadAction\",\"target\":[\"https:\\\/\\\/www.isocfoundation.org\\\/fr\\\/\"]}]},{\"@type\":\"ImageObject\",\"inLanguage\":\"fr-FR\",\"@id\":\"https:\\\/\\\/www.isocfoundation.org\\\/fr\\\/#primaryimage\",\"url\":\"https:\\\/\\\/www.isocfoundation.org\\\/wp-content\\\/uploads\\\/2019\\\/02\\\/internet-society-foundation.jpg\",\"contentUrl\":\"https:\\\/\\\/www.isocfoundation.org\\\/wp-content\\\/uploads\\\/2019\\\/02\\\/internet-society-foundation.jpg\",\"width\":1200,\"height\":630},{\"@type\":\"BreadcrumbList\",\"@id\":\"https:\\\/\\\/www.isocfoundation.org\\\/fr\\\/#breadcrumb\",\"itemListElement\":[{\"@type\":\"ListItem\",\"position\":1,\"name\":\"Home\",\"item\":\"https:\\\/\\\/www.isocfoundation.org\\\/fr\\\/\"},{\"@type\":\"ListItem\",\"position\":2,\"name\":\"Plan d&#8217;action\",\"item\":\"https:\\\/\\\/www.isocfoundation.org\\\/fr\\\/plan-daction\\\/\"},{\"@type\":\"ListItem\",\"position\":3,\"name\":\"Domicile\"}]},{\"@type\":\"WebSite\",\"@id\":\"https:\\\/\\\/www.isocfoundation.org\\\/#website\",\"url\":\"https:\\\/\\\/www.isocfoundation.org\\\/\",\"name\":\"Internet Society Foundation\",\"description\":\"The Internet transforms lives\",\"publisher\":{\"@id\":\"https:\\\/\\\/www.isocfoundation.org\\\/#organization\"},\"potentialAction\":[{\"@type\":\"SearchAction\",\"target\":{\"@type\":\"EntryPoint\",\"urlTemplate\":\"https:\\\/\\\/www.isocfoundation.org\\\/?s={search_term_string}\"},\"query-input\":{\"@type\":\"PropertyValueSpecification\",\"valueRequired\":true,\"valueName\":\"search_term_string\"}}],\"inLanguage\":\"fr-FR\"},{\"@type\":\"Organization\",\"@id\":\"https:\\\/\\\/www.isocfoundation.org\\\/#organization\",\"name\":\"Internet Society Foundation\",\"url\":\"https:\\\/\\\/www.isocfoundation.org\\\/\",\"logo\":{\"@type\":\"ImageObject\",\"inLanguage\":\"fr-FR\",\"@id\":\"https:\\\/\\\/www.isocfoundation.org\\\/#\\\/schema\\\/logo\\\/image\\\/\",\"url\":\"https:\\\/\\\/www.isocfoundation.org\\\/wp-content\\\/uploads\\\/2019\\\/02\\\/internet-society-foundation.jpg\",\"contentUrl\":\"https:\\\/\\\/www.isocfoundation.org\\\/wp-content\\\/uploads\\\/2019\\\/02\\\/internet-society-foundation.jpg\",\"width\":1200,\"height\":630,\"caption\":\"Internet Society Foundation\"},\"image\":{\"@id\":\"https:\\\/\\\/www.isocfoundation.org\\\/#\\\/schema\\\/logo\\\/image\\\/\"},\"sameAs\":[\"https:\\\/\\\/x.com\\\/ISOC_Foundation\"]}]}<\/script>\n<!-- \/ Yoast SEO plugin. -->","yoast_head_json":{"title":"Internet Society Foundation","description":"La Fondation Internet Society se concentre sur le financement d\u2019initiatives qui renforcent le fonctionnement et la port\u00e9e d\u2019Internet afin qu\u2019il puisse servir efficacement tout le monde. En savoir plus sur notre travail.","robots":{"index":"index","follow":"follow","max-snippet":"max-snippet:-1","max-image-preview":"max-image-preview:large","max-video-preview":"max-video-preview:-1"},"canonical":"https:\/\/www.isocfoundation.org\/fr\/","og_locale":"fr_FR","og_type":"article","og_description":"La Fondation Internet Society se concentre sur le financement d\u2019initiatives qui renforcent le fonctionnement et la port\u00e9e d\u2019Internet afin qu\u2019il puisse servir efficacement tout le monde. En savoir plus sur notre travail.","og_url":"https:\/\/www.isocfoundation.org\/fr\/","og_site_name":"Internet Society Foundation","article_modified_time":"2026-04-14T18:38:03+00:00","og_image":[{"width":1200,"height":630,"url":"https:\/\/www.isocfoundation.org\/wp-content\/uploads\/2019\/02\/isoc-foundation-og.jpg","type":"image\/jpeg"}],"twitter_card":"summary_large_image","twitter_site":"@ISOC_Foundation","twitter_misc":{"Dur\u00e9e de lecture estim\u00e9e":"6 minutes"},"schema":{"@context":"https:\/\/schema.org","@graph":[{"@type":"WebPage","@id":"https:\/\/www.isocfoundation.org\/fr\/","url":"https:\/\/www.isocfoundation.org\/fr\/","name":"","isPartOf":{"@id":"https:\/\/www.isocfoundation.org\/#website"},"primaryImageOfPage":{"@id":"https:\/\/www.isocfoundation.org\/fr\/#primaryimage"},"image":{"@id":"https:\/\/www.isocfoundation.org\/fr\/#primaryimage"},"thumbnailUrl":"https:\/\/www.isocfoundation.org\/wp-content\/uploads\/2019\/02\/internet-society-foundation.jpg","datePublished":"2019-06-18T15:09:45+00:00","dateModified":"2026-04-14T18:38:03+00:00","description":"La Fondation Internet Society se concentre sur le financement d\u2019initiatives qui renforcent le fonctionnement et la port\u00e9e d\u2019Internet afin qu\u2019il puisse servir efficacement tout le monde. En savoir plus sur notre travail.","breadcrumb":{"@id":"https:\/\/www.isocfoundation.org\/fr\/#breadcrumb"},"inLanguage":"fr-FR","potentialAction":[{"@type":"ReadAction","target":["https:\/\/www.isocfoundation.org\/fr\/"]}]},{"@type":"ImageObject","inLanguage":"fr-FR","@id":"https:\/\/www.isocfoundation.org\/fr\/#primaryimage","url":"https:\/\/www.isocfoundation.org\/wp-content\/uploads\/2019\/02\/internet-society-foundation.jpg","contentUrl":"https:\/\/www.isocfoundation.org\/wp-content\/uploads\/2019\/02\/internet-society-foundation.jpg","width":1200,"height":630},{"@type":"BreadcrumbList","@id":"https:\/\/www.isocfoundation.org\/fr\/#breadcrumb","itemListElement":[{"@type":"ListItem","position":1,"name":"Home","item":"https:\/\/www.isocfoundation.org\/fr\/"},{"@type":"ListItem","position":2,"name":"Plan d&#8217;action","item":"https:\/\/www.isocfoundation.org\/fr\/plan-daction\/"},{"@type":"ListItem","position":3,"name":"Domicile"}]},{"@type":"WebSite","@id":"https:\/\/www.isocfoundation.org\/#website","url":"https:\/\/www.isocfoundation.org\/","name":"Internet Society Foundation","description":"The Internet transforms lives","publisher":{"@id":"https:\/\/www.isocfoundation.org\/#organization"},"potentialAction":[{"@type":"SearchAction","target":{"@type":"EntryPoint","urlTemplate":"https:\/\/www.isocfoundation.org\/?s={search_term_string}"},"query-input":{"@type":"PropertyValueSpecification","valueRequired":true,"valueName":"search_term_string"}}],"inLanguage":"fr-FR"},{"@type":"Organization","@id":"https:\/\/www.isocfoundation.org\/#organization","name":"Internet Society Foundation","url":"https:\/\/www.isocfoundation.org\/","logo":{"@type":"ImageObject","inLanguage":"fr-FR","@id":"https:\/\/www.isocfoundation.org\/#\/schema\/logo\/image\/","url":"https:\/\/www.isocfoundation.org\/wp-content\/uploads\/2019\/02\/internet-society-foundation.jpg","contentUrl":"https:\/\/www.isocfoundation.org\/wp-content\/uploads\/2019\/02\/internet-society-foundation.jpg","width":1200,"height":630,"caption":"Internet Society Foundation"},"image":{"@id":"https:\/\/www.isocfoundation.org\/#\/schema\/logo\/image\/"},"sameAs":["https:\/\/x.com\/ISOC_Foundation"]}]}},"_links":{"self":[{"href":"https:\/\/www.isocfoundation.org\/fr\/wp-json\/wp\/v2\/pages\/1038","targetHints":{"allow":["GET"]}}],"collection":[{"href":"https:\/\/www.isocfoundation.org\/fr\/wp-json\/wp\/v2\/pages"}],"about":[{"href":"https:\/\/www.isocfoundation.org\/fr\/wp-json\/wp\/v2\/types\/page"}],"author":[{"embeddable":true,"href":"https:\/\/www.isocfoundation.org\/fr\/wp-json\/wp\/v2\/users\/1"}],"replies":[{"embeddable":true,"href":"https:\/\/www.isocfoundation.org\/fr\/wp-json\/wp\/v2\/comments?post=1038"}],"version-history":[{"count":15,"href":"https:\/\/www.isocfoundation.org\/fr\/wp-json\/wp\/v2\/pages\/1038\/revisions"}],"predecessor-version":[{"id":21102,"href":"https:\/\/www.isocfoundation.org\/fr\/wp-json\/wp\/v2\/pages\/1038\/revisions\/21102"}],"up":[{"embeddable":true,"href":"https:\/\/www.isocfoundation.org\/fr\/wp-json\/wp\/v2\/pages\/3596"}],"wp:featuredmedia":[{"embeddable":true,"href":"https:\/\/www.isocfoundation.org\/fr\/wp-json\/wp\/v2\/media\/568"}],"wp:attachment":[{"href":"https:\/\/www.isocfoundation.org\/fr\/wp-json\/wp\/v2\/media?parent=1038"}],"curies":[{"name":"wp","href":"https:\/\/api.w.org\/{rel}","templated":true}]}}