{"id":1089,"date":"2019-02-15T02:46:21","date_gmt":"2019-02-15T02:46:21","guid":{"rendered":"https:\/\/www.isocfoundation.org\/?page_id=496"},"modified":"2022-02-14T12:30:28","modified_gmt":"2022-02-14T12:30:28","slug":"conseil-dadministration","status":"publish","type":"page","link":"https:\/\/www.isocfoundation.org\/fr\/conseil-dadministration\/","title":{"rendered":"Conseil d\u2019administration"},"content":{"rendered":"\n<p>La Fondation Internet Society est dirig\u00e9e par un Conseil d&rsquo;administration compos\u00e9 des membres actuels du <a href=\"https:\/\/www.internetsociety.org\/board-of-trustees\/\">Conseil d&rsquo;administration de l&rsquo;Internet Society<\/a>.<\/p>\n<p>En voici les membres (s\u00e9lectionnez un nom pour afficher sa biographie sur le site Web de l&rsquo;Internet Society):<\/p>\n<ul>\n<li><a href=\"https:\/\/www.internetsociety.org\/author\/barnes\/\">Richard Barnes<\/a>,<\/li>\n<li><a href=\"https:\/\/www.internetsociety.org\/author\/diop\/\">Maimouna Diop<\/a><\/li>\n<li><a href=\"https:\/\/www.internetsociety.org\/author\/ebersman\/\">Paul Ebersman<\/a><\/li>\n<li><a href=\"https:\/\/www.internetsociety.org\/author\/haberman\/\">Brian Haberman<\/a><\/li>\n<li><a href=\"https:\/\/www.internetsociety.org\/author\/hardie\/\">Ted Hardie,&nbsp;<\/a>Board Chair<\/li>\n<li><a href=\"https:\/\/www.internetsociety.org\/author\/martinez\/\">Luis Martinez<\/a><\/li>\n<li><a href=\"https:\/\/www.internetsociety.org\/author\/pepper\/\">Robert Pepper&nbsp;<\/a><\/li>\n<li><a href=\"https:\/\/www.internetsociety.org\/author\/peterson\/\">Jon Peterson<\/a><\/li>\n<li><a href=\"https:\/\/www.internetsociety.org\/author\/sadowsky\/\">George Sadowsky<\/a><\/li>\n<li><a href=\"https:\/\/www.internetsociety.org\/author\/shabbir\/\">Muhammad Shabbir<\/a><\/li>\n<li><a href=\"https:\/\/www.internetsociety.org\/author\/thomson\/\">Laura Thomson,<\/a> Treasurer<\/li>\n<\/ul>\n<p><a href=\"https:\/\/www.internetsociety.org\/author\/sullivan\/\">Andrew Sullivan<\/a>, le pr\u00e9sident et PDG de l&rsquo;Internet Society, est \u00e9galement pr\u00e9sident et PDG de la Fondation Internet Society.<\/p>\n<p>Les membres du Conseil d&rsquo;administration comprennent :<\/p>\n<ul>\n<li>Quatre membres \u00e9lus par les <a href=\"https:\/\/www.internetsociety.org\/chapters\/\">chapitres<\/a> de l&rsquo;Internet Society<\/li>\n<li>Quatre membres \u00e9lus par les <a href=\"https:\/\/www.internetsociety.org\/about-internet-society\/organization-members\/\">organisations membres<\/a> de l&rsquo;Internet Society<\/li>\n<li>Quatre membres nomm\u00e9s par le <a href=\"https:\/\/www.ietf.org\/\">Groupe de travail en ing\u00e9nierie Internet<\/a> (IETF)<\/li>\n<\/ul>\n<p>Vous trouverez plus d&rsquo;informations sur les politiques, proc\u00e9dures, r\u00e9solutions, r\u00e9unions et \u00e9lections du Conseil de l&rsquo;Internet Society dans la <a href=\"https:\/\/www.internetsociety.org\/board-of-trustees\/\">section Conseil d&rsquo;administration du site Web de l&rsquo;Internet Society<\/a>.<\/p>\n<p>Le conseil de fondation peut \u00eatre contact\u00e9 par email \u00e0: <a href=\"mailto:board-chair@isocfoundation.org\">board-chair@isocfoundation.org<\/a><\/p>\n<h2><a href=\"https:\/\/www.isocfoundation.org\/fr\/conseil-dadministration\/comites\/\">Comit\u00e9s<\/a><\/h2>\n<p>Le Conseil d&rsquo;administration de la Fondation Internet Society a mis en place les Comit\u00e9s suivants pour ex\u00e9cuter les t\u00e2ches du Conseil :<\/p>\n<ul>\n<li><a href=\"https:\/\/www.isocfoundation.org\/fr\/conseil-dadministration\/comites\/comite-consultatif-du-programme\/\">Comit\u00e9 consultatif du programme<\/a><\/li>\n<li><a href=\"https:\/\/www.isocfoundation.org\/board-of-trustees\/committees\/audit-committee-2\/\">Comit\u00e9 de v\u00e9rification<\/a><\/li>\n<li><a href=\"https:\/\/www.isocfoundation.org\/board-of-trustees\/committees\/compensation-committee\/\">Comit\u00e9 des r\u00e9mun\u00e9rations<\/a><\/li>\n<li><a href=\"https:\/\/www.isocfoundation.org\/board-of-trustees\/committees\/executive-committee\/\">Comit\u00e9 ex\u00e9cutif<\/a><\/li>\n<li><a href=\"https:\/\/www.isocfoundation.org\/board-of-trustees\/committees\/finance-committee\/\">Commission des finances<\/a><\/li>\n<\/ul>\n\t<h2><a href=\"https:\/\/www.isocfoundation.org\/fr\/conseil-dadministration\/reunions\/\">R\u00e9unions<\/a><\/h2>\n<p>Les r\u00e9unions du Conseil d&rsquo;administration de la Fondation Internet Society se tiennent actuellement conjointement aux <a href=\"https:\/\/www.internetsociety.org\/fr\/board-of-trustees\/meetings\/\">r\u00e9unions ordinaires du Conseil d&rsquo;administration de l&rsquo;Internet Society<\/a>. La premi\u00e8re r\u00e9union du Conseil d&rsquo;administration de la Fondation s&rsquo;est tenue le 1er juillet 2018.<\/p>\n<h4><a href=\"https:\/\/www.isocfoundation.org\/fr\/conseil-dadministration\/reunions\/\">Agendas des r\u00e9unions <\/a><\/h4>\n\t<h2><a href=\"https:\/\/www.isocfoundation.org\/fr\/conseil-dadministration\/minutes\/\">Minutes<\/a><\/h2>\n<p>Les minutes du Conseil d&rsquo;administration de la Fondation Internet Society sont publi\u00e9es apr\u00e8s avoir \u00e9t\u00e9 approuv\u00e9es, g\u00e9n\u00e9ralement lors de la r\u00e9union suivante du Conseil.<\/p>\n<h4><a href=\"https:\/\/www.isocfoundation.org\/fr\/conseil-dadministration\/minutes\/\">Minutes du Conseil<\/a><\/h4>\n\t<h2><a href=\"https:\/\/www.isocfoundation.org\/fr\/conseil-dadministration\/resolutions\/\">R\u00e9solutions<\/a><\/h2>\n<ul>\n<li><a href=\"https:\/\/www.isocfoundation.org\/fr\/conseil-dadministration\/resolutions\/\">Liste des r\u00e9solutions<\/a> adopt\u00e9es par le Conseil d&rsquo;administration de la Fondation Internet Society<\/li>\n<\/ul>\n<h2><a href=\"https:\/\/www.isocfoundation.org\/fr\/conseil-dadministration\/gouvernance-et-politiques\/\">Gouvernance<\/a><\/h2>\n<ul>\n<li><a href=\"https:\/\/www.isocfoundation.org\/fr\/conseil-dadministration\/gouvernance-et-politiques\/reglements-de-la-fondation-internet-society\/\">R\u00e8glements de la Fondation Internet Society<\/a> adopt\u00e9s par le Conseil le 13 d\u00e9cembre 2017<\/li>\n<\/ul>\n","protected":false},"excerpt":{"rendered":"<p>La Fondation Internet Society est dirig\u00e9e par un Conseil d&rsquo;administration compos\u00e9 des membres actuels du Conseil d&rsquo;administration de l&rsquo;Internet Society. En voici les membres (s\u00e9lectionnez un nom pour afficher sa biographie sur le site Web de l&rsquo;Internet Society): Richard Barnes, Maimouna Diop Paul Ebersman Brian Haberman Ted Hardie,&nbsp;Board Chair Luis Martinez Robert Pepper&nbsp; Jon Peterson&hellip;<\/p>\n","protected":false},"author":2,"featured_media":0,"parent":0,"menu_order":2,"comment_status":"closed","ping_status":"closed","template":"","meta":{"footnotes":""},"class_list":["post-1089","page","type-page","status-publish","hentry"],"yoast_head":"<!-- This site is optimized with the Yoast SEO plugin v27.3 - https:\/\/yoast.com\/product\/yoast-seo-wordpress\/ -->\n<title>Conseil d\u2019administration | Internet Society Foundation<\/title>\n<meta name=\"robots\" content=\"index, follow, max-snippet:-1, max-image-preview:large, max-video-preview:-1\" \/>\n<link rel=\"canonical\" href=\"https:\/\/www.isocfoundation.org\/fr\/conseil-dadministration\/\" \/>\n<meta property=\"og:locale\" content=\"fr_FR\" \/>\n<meta property=\"og:type\" content=\"article\" \/>\n<meta property=\"og:title\" content=\"Conseil d\u2019administration | Internet Society Foundation\" \/>\n<meta property=\"og:description\" content=\"La Fondation Internet Society est dirig\u00e9e par un Conseil d&rsquo;administration compos\u00e9 des membres actuels du Conseil d&rsquo;administration de l&rsquo;Internet Society. En voici les membres (s\u00e9lectionnez un nom pour afficher sa biographie sur le site Web de l&rsquo;Internet Society): Richard Barnes, Maimouna Diop Paul Ebersman Brian Haberman Ted Hardie,&nbsp;Board Chair Luis Martinez Robert Pepper&nbsp; Jon Peterson&hellip;\" \/>\n<meta property=\"og:url\" content=\"https:\/\/www.isocfoundation.org\/fr\/conseil-dadministration\/\" \/>\n<meta property=\"og:site_name\" content=\"Internet Society Foundation\" \/>\n<meta property=\"article:modified_time\" content=\"2022-02-14T12:30:28+00:00\" \/>\n<meta property=\"og:image\" content=\"https:\/\/www.isocfoundation.org\/wp-content\/uploads\/2019\/02\/isoc-foundation-og.jpg\" \/>\n\t<meta property=\"og:image:width\" content=\"1200\" \/>\n\t<meta property=\"og:image:height\" content=\"630\" \/>\n\t<meta property=\"og:image:type\" content=\"image\/jpeg\" \/>\n<meta name=\"twitter:card\" content=\"summary_large_image\" \/>\n<meta name=\"twitter:site\" content=\"@ISOC_Foundation\" \/>\n<meta name=\"twitter:label1\" content=\"Dur\u00e9e de lecture estim\u00e9e\" \/>\n\t<meta name=\"twitter:data1\" content=\"2 minutes\" \/>\n<script type=\"application\/ld+json\" class=\"yoast-schema-graph\">{\"@context\":\"https:\\\/\\\/schema.org\",\"@graph\":[{\"@type\":\"WebPage\",\"@id\":\"https:\\\/\\\/www.isocfoundation.org\\\/fr\\\/conseil-dadministration\\\/\",\"url\":\"https:\\\/\\\/www.isocfoundation.org\\\/fr\\\/conseil-dadministration\\\/\",\"name\":\"Conseil d\u2019administration | Internet Society Foundation\",\"isPartOf\":{\"@id\":\"https:\\\/\\\/www.isocfoundation.org\\\/#website\"},\"datePublished\":\"2019-02-15T02:46:21+00:00\",\"dateModified\":\"2022-02-14T12:30:28+00:00\",\"breadcrumb\":{\"@id\":\"https:\\\/\\\/www.isocfoundation.org\\\/fr\\\/conseil-dadministration\\\/#breadcrumb\"},\"inLanguage\":\"fr-FR\",\"potentialAction\":[{\"@type\":\"ReadAction\",\"target\":[\"https:\\\/\\\/www.isocfoundation.org\\\/fr\\\/conseil-dadministration\\\/\"]}]},{\"@type\":\"BreadcrumbList\",\"@id\":\"https:\\\/\\\/www.isocfoundation.org\\\/fr\\\/conseil-dadministration\\\/#breadcrumb\",\"itemListElement\":[{\"@type\":\"ListItem\",\"position\":1,\"name\":\"Home\",\"item\":\"https:\\\/\\\/www.isocfoundation.org\\\/fr\\\/\"},{\"@type\":\"ListItem\",\"position\":2,\"name\":\"Conseil d\u2019administration\"}]},{\"@type\":\"WebSite\",\"@id\":\"https:\\\/\\\/www.isocfoundation.org\\\/#website\",\"url\":\"https:\\\/\\\/www.isocfoundation.org\\\/\",\"name\":\"Internet Society Foundation\",\"description\":\"The Internet transforms lives\",\"publisher\":{\"@id\":\"https:\\\/\\\/www.isocfoundation.org\\\/#organization\"},\"potentialAction\":[{\"@type\":\"SearchAction\",\"target\":{\"@type\":\"EntryPoint\",\"urlTemplate\":\"https:\\\/\\\/www.isocfoundation.org\\\/?s={search_term_string}\"},\"query-input\":{\"@type\":\"PropertyValueSpecification\",\"valueRequired\":true,\"valueName\":\"search_term_string\"}}],\"inLanguage\":\"fr-FR\"},{\"@type\":\"Organization\",\"@id\":\"https:\\\/\\\/www.isocfoundation.org\\\/#organization\",\"name\":\"Internet Society Foundation\",\"url\":\"https:\\\/\\\/www.isocfoundation.org\\\/\",\"logo\":{\"@type\":\"ImageObject\",\"inLanguage\":\"fr-FR\",\"@id\":\"https:\\\/\\\/www.isocfoundation.org\\\/#\\\/schema\\\/logo\\\/image\\\/\",\"url\":\"https:\\\/\\\/www.isocfoundation.org\\\/wp-content\\\/uploads\\\/2019\\\/02\\\/internet-society-foundation.jpg\",\"contentUrl\":\"https:\\\/\\\/www.isocfoundation.org\\\/wp-content\\\/uploads\\\/2019\\\/02\\\/internet-society-foundation.jpg\",\"width\":1200,\"height\":630,\"caption\":\"Internet Society Foundation\"},\"image\":{\"@id\":\"https:\\\/\\\/www.isocfoundation.org\\\/#\\\/schema\\\/logo\\\/image\\\/\"},\"sameAs\":[\"https:\\\/\\\/x.com\\\/ISOC_Foundation\"]}]}<\/script>\n<!-- \/ Yoast SEO plugin. -->","yoast_head_json":{"title":"Conseil d\u2019administration | Internet Society Foundation","robots":{"index":"index","follow":"follow","max-snippet":"max-snippet:-1","max-image-preview":"max-image-preview:large","max-video-preview":"max-video-preview:-1"},"canonical":"https:\/\/www.isocfoundation.org\/fr\/conseil-dadministration\/","og_locale":"fr_FR","og_type":"article","og_title":"Conseil d\u2019administration | Internet Society Foundation","og_description":"La Fondation Internet Society est dirig\u00e9e par un Conseil d&rsquo;administration compos\u00e9 des membres actuels du Conseil d&rsquo;administration de l&rsquo;Internet Society. En voici les membres (s\u00e9lectionnez un nom pour afficher sa biographie sur le site Web de l&rsquo;Internet Society): Richard Barnes, Maimouna Diop Paul Ebersman Brian Haberman Ted Hardie,&nbsp;Board Chair Luis Martinez Robert Pepper&nbsp; Jon Peterson&hellip;","og_url":"https:\/\/www.isocfoundation.org\/fr\/conseil-dadministration\/","og_site_name":"Internet Society Foundation","article_modified_time":"2022-02-14T12:30:28+00:00","og_image":[{"width":1200,"height":630,"url":"https:\/\/www.isocfoundation.org\/wp-content\/uploads\/2019\/02\/isoc-foundation-og.jpg","type":"image\/jpeg"}],"twitter_card":"summary_large_image","twitter_site":"@ISOC_Foundation","twitter_misc":{"Dur\u00e9e de lecture estim\u00e9e":"2 minutes"},"schema":{"@context":"https:\/\/schema.org","@graph":[{"@type":"WebPage","@id":"https:\/\/www.isocfoundation.org\/fr\/conseil-dadministration\/","url":"https:\/\/www.isocfoundation.org\/fr\/conseil-dadministration\/","name":"Conseil d\u2019administration | Internet Society Foundation","isPartOf":{"@id":"https:\/\/www.isocfoundation.org\/#website"},"datePublished":"2019-02-15T02:46:21+00:00","dateModified":"2022-02-14T12:30:28+00:00","breadcrumb":{"@id":"https:\/\/www.isocfoundation.org\/fr\/conseil-dadministration\/#breadcrumb"},"inLanguage":"fr-FR","potentialAction":[{"@type":"ReadAction","target":["https:\/\/www.isocfoundation.org\/fr\/conseil-dadministration\/"]}]},{"@type":"BreadcrumbList","@id":"https:\/\/www.isocfoundation.org\/fr\/conseil-dadministration\/#breadcrumb","itemListElement":[{"@type":"ListItem","position":1,"name":"Home","item":"https:\/\/www.isocfoundation.org\/fr\/"},{"@type":"ListItem","position":2,"name":"Conseil d\u2019administration"}]},{"@type":"WebSite","@id":"https:\/\/www.isocfoundation.org\/#website","url":"https:\/\/www.isocfoundation.org\/","name":"Internet Society Foundation","description":"The Internet transforms lives","publisher":{"@id":"https:\/\/www.isocfoundation.org\/#organization"},"potentialAction":[{"@type":"SearchAction","target":{"@type":"EntryPoint","urlTemplate":"https:\/\/www.isocfoundation.org\/?s={search_term_string}"},"query-input":{"@type":"PropertyValueSpecification","valueRequired":true,"valueName":"search_term_string"}}],"inLanguage":"fr-FR"},{"@type":"Organization","@id":"https:\/\/www.isocfoundation.org\/#organization","name":"Internet Society Foundation","url":"https:\/\/www.isocfoundation.org\/","logo":{"@type":"ImageObject","inLanguage":"fr-FR","@id":"https:\/\/www.isocfoundation.org\/#\/schema\/logo\/image\/","url":"https:\/\/www.isocfoundation.org\/wp-content\/uploads\/2019\/02\/internet-society-foundation.jpg","contentUrl":"https:\/\/www.isocfoundation.org\/wp-content\/uploads\/2019\/02\/internet-society-foundation.jpg","width":1200,"height":630,"caption":"Internet Society Foundation"},"image":{"@id":"https:\/\/www.isocfoundation.org\/#\/schema\/logo\/image\/"},"sameAs":["https:\/\/x.com\/ISOC_Foundation"]}]}},"_links":{"self":[{"href":"https:\/\/www.isocfoundation.org\/fr\/wp-json\/wp\/v2\/pages\/1089","targetHints":{"allow":["GET"]}}],"collection":[{"href":"https:\/\/www.isocfoundation.org\/fr\/wp-json\/wp\/v2\/pages"}],"about":[{"href":"https:\/\/www.isocfoundation.org\/fr\/wp-json\/wp\/v2\/types\/page"}],"author":[{"embeddable":true,"href":"https:\/\/www.isocfoundation.org\/fr\/wp-json\/wp\/v2\/users\/2"}],"replies":[{"embeddable":true,"href":"https:\/\/www.isocfoundation.org\/fr\/wp-json\/wp\/v2\/comments?post=1089"}],"version-history":[{"count":0,"href":"https:\/\/www.isocfoundation.org\/fr\/wp-json\/wp\/v2\/pages\/1089\/revisions"}],"wp:attachment":[{"href":"https:\/\/www.isocfoundation.org\/fr\/wp-json\/wp\/v2\/media?parent=1089"}],"curies":[{"name":"wp","href":"https:\/\/api.w.org\/{rel}","templated":true}]}}