{"id":1099,"date":"2019-03-05T21:50:29","date_gmt":"2019-03-05T21:50:29","guid":{"rendered":"https:\/\/www.isocfoundation.org\/?page_id=604"},"modified":"2021-03-05T20:36:46","modified_gmt":"2021-03-05T20:36:46","slug":"resolutions","status":"publish","type":"page","link":"https:\/\/www.isocfoundation.org\/fr\/conseil-dadministration\/resolutions\/","title":{"rendered":"R\u00e9solutions"},"content":{"rendered":"\n<p>Le <a href=\"https:\/\/www.isocfoundation.org\/fr\/conseil-dadministration\/\">Conseil d\u2019administration<\/a> de la Fondation Internet Society a approuv\u00e9 les r\u00e9solutions suivantes lors de ses r\u00e9unions :<\/p>\n\n\n\n<h2 class=\"wp-block-heading\">R\u00e9solutions de 2019<\/h2>\n\n\n\n<p><strong>R\u00e9solution F2019-01 : \u00c9tablir un Comit\u00e9 Consultatif du Programme du Conseil d\u2019administration de la Fondation<br><\/strong>IL EST R\u00c9SOLU que le Conseil de la Fondation Internet Society \u00e9tablit un Comit\u00e9 Consultatif du Programme et approuve la Charte telle que pr\u00e9sent\u00e9e.<\/p>\n\n\n\n<p><strong>R\u00e9solution 2019-02 : Nommer les membres du Comit\u00e9 Consultatif du Programme<br><\/strong>IL EST R\u00c9SOLU que le Conseil nomme Hans Peter Dittler (Pr\u00e9sident), Richard Barnes, John Levine, Robert Pepper et Olga Cavalli au Comit\u00e9 Consultatif du Programme pour exercer cette fonction jusqu\u2019\u00e0 l\u2019Assembl\u00e9e g\u00e9n\u00e9rale annuelle de 2019.<\/p>\n\n\n\n<h2 class=\"wp-block-heading\">R\u00e9solutions de 2018<\/h2>\n\n\n\n<p><strong>R\u00c9SOLUTION F2018-01 : S\u00e9lectionner les cadres de la Fondation<\/strong><br>IL EST R\u00c9SOLU que les personnes suivantes sont nomm\u00e9es cadres de la Fondation et exerceront ces fonctions jusqu&rsquo;\u00e0 la prochaine Assembl\u00e9e g\u00e9n\u00e9rale annuelle de l&rsquo;Internet Society :<\/p>\n\n\n\n<ul class=\"wp-block-list\"><li>Pr\u00e9sident&#8211;Gonzalo Camarillo<\/li><li>Pr\u00e9sident et PDG&#8211;Kathryn Brown<\/li><li>Tr\u00e9sorier&#8211;Sean Turner<\/li><li>Secr\u00e9taire&#8211;John Levine<\/li><\/ul>\n\n\n\n<p><strong>R\u00c9SOLUTION F2018-02 : Budget et recrutement de la Fondation<\/strong><br>IL EST R\u00c9SOLU que la proposition de budget et de recrutement pour le reste de l&rsquo;ann\u00e9e 2018 dans la forme pr\u00e9sent\u00e9e \u00e0 la r\u00e9union est accept\u00e9e par la pr\u00e9sente.<\/p>\n\n\n\n<p><strong>R\u00c9SOLUTION F2018-03 : Approuver les minutes de la premi\u00e8re r\u00e9union du Conseil de la Fondation<\/strong><br>IL EST R\u00c9SOLU que les minutes de la premi\u00e8re r\u00e9union du Conseil d\u2019administration, qui s&rsquo;est tenue \u00e0 Panama City le 1er juillet 2018, sont approuv\u00e9es.<\/p>\n\n\n\n<p><strong>R\u00c9SOLUTION F2018-04 : \u00c9lection d&rsquo;Andrew Sullivan au poste de pr\u00e9sident et PDG<\/strong><br>Andrew Sullivan a \u00e9t\u00e9 \u00e9lu Pr\u00e9sident et PDG de la Fondation par un vote \u00e0 bulletin secret. Le r\u00e9sultat a \u00e9t\u00e9 de 12 voix pour Andrew, pas d&rsquo;abstention<\/p>\n\n\n\n<p><strong>R\u00c9SOLUTION F2018-05 : Approuver le budget 2019 de la Fondation<\/strong><br>IL EST R\u00c9SOLU que le Conseil de la Fondation Internet Society approuve le budget 2019 de la Fondation tel que pr\u00e9sent\u00e9.<\/p>\n\n\n\n<p><strong>R\u00c9SOLUTION 2018-06 : Approuver la contribution \u00e0 la r\u00e9serve op\u00e9rationnelle de l&rsquo;IETF LLC<\/strong><br>ATTENDU QUE l&rsquo;Internet Society et IETF Administration LLC (\u00ab IETF \u00bb) sont parties \u00e0 l&rsquo;accord concernant la soci\u00e9t\u00e9 \u00e0 responsabilit\u00e9 limit\u00e9e d&rsquo;IETF Administration LLC dat\u00e9 du 27 ao\u00fbt 2018 (\u00ab Accord \u00bb) ; et<br> ATTENDU QUE l&rsquo;Annexe B de l&rsquo;accord pr\u00e9voit en outre que l&rsquo;Internet Society verserait \u00e0 l&rsquo;IETF une somme d&rsquo;argent destin\u00e9e \u00e0 servir de r\u00e9serve op\u00e9rationnelle \u00e9gale \u00e0 la perte nette budg\u00e9t\u00e9e de l&rsquo;IETF pour 2019 (telle que ce terme est d\u00e9fini dans l&rsquo;accord) multipli\u00e9e par trois (la \u00ab Contribution \u00e0 la r\u00e9serve op\u00e9rationnelle \u00bb) ; et<br> ATTENDU que l&rsquo;IETF a r\u00e9cemment approuv\u00e9 son budget pour 2019 ; et<br> ATTENDU QUE, sur la base de ce budget et des termes de l&rsquo;Annexe B de l&rsquo;accord, le montant de la contribution \u00e0 la r\u00e9serve op\u00e9rationnelle est estim\u00e9 \u00e0 13,65 millions de dollars ; et<br> ATTENDU QUE la Fondation Internet Society financera 3,25 millions de dollars de la contribution \u00e0 la r\u00e9serve op\u00e9rationnelle et que l&rsquo;Internet Society financera le solde restant,<br> IL EST R\u00c9SOLU que la contribution de la Fondation Internet Society \u00e0 la r\u00e9serve op\u00e9rationnelle de l&rsquo;IETF est approuv\u00e9e par la pr\u00e9sente.<br> IL EST \u00c9GALEMENT R\u00c9SOLU que l&rsquo;obligation de l&rsquo;Internet Society de financer la contribution \u00e0 la r\u00e9serve op\u00e9rationnelle est soumise \u00e0 l&rsquo;approbation pr\u00e9alable du directeur financier de l&rsquo;Internet Society, ou de son d\u00e9l\u00e9gu\u00e9, d&rsquo;une politique d&rsquo;investissement pour l&rsquo;IETF.<\/p>\n\n\n\n<p><strong>R\u00c9SOLUTION F2018-07 : Approuver la contribution au budget op\u00e9rationnel 2020 de l&rsquo;IETF LLC<\/strong> <br>ATTENDU QUE l&rsquo;Internet Society et IETF Administration LLC (\u00ab IETF \u00bb) sont parties \u00e0 l&rsquo;accord concernant la soci\u00e9t\u00e9 \u00e0 responsabilit\u00e9 limit\u00e9e d&rsquo;IETF Administration LLC dat\u00e9 du 27 ao\u00fbt 2018 (\u00ab Accord \u00bb) ; et<br> ATTENDU QUE l&rsquo;annexe B de l&rsquo;accord pr\u00e9voit que l&rsquo;Internet Society versera 5 000 000 $ \u00e0 l&rsquo;IETF pour financer ses d\u00e9penses op\u00e9rationnelles annuelles pour l&rsquo;ann\u00e9e budg\u00e9taire 2020 (la \u00ab Contribution aux d\u00e9penses op\u00e9rationnelles \u00bb), cette contribution devant \u00eatre vers\u00e9e avant le 31 d\u00e9cembre 2019 ; et<br> ATTENDU QUE la Fondation Internet Society versera 5 000 000 $ de la contribution aux d\u00e9penses op\u00e9rationnelles au nom de l&rsquo;Internet Society ;<br> IL EST R\u00c9SOLU que la contribution de la Fondation Internet Society aux d\u00e9penses op\u00e9rationnelles de l&rsquo;IETF est approuv\u00e9e par la pr\u00e9sente.<\/p>\n\n\n\n<p><strong>R\u00c9SOLUTION F2018-08 : Approuver la contribution au budget op\u00e9rationnel 2019 de l&rsquo;IETF LLC<\/strong> <br>ATTENDU QUE l&rsquo;Internet Society et IETF Administration LLC (\u00ab IETF \u00bb) sont parties \u00e0 l&rsquo;accord concernant la soci\u00e9t\u00e9 \u00e0 responsabilit\u00e9 limit\u00e9e d&rsquo;IETF Administration LLC dat\u00e9 du 27 ao\u00fbt 2018 (\u00ab Accord \u00bb) ; et<br> ATTENDU QUE l&rsquo;annexe B de l&rsquo;accord pr\u00e9voit que l&rsquo;Internet Society versera 5 000 000 $ \u00e0 l&rsquo;IETF pour financer ses d\u00e9penses op\u00e9rationnelles annuelles pour l&rsquo;ann\u00e9e budg\u00e9taire 2019 (la \u00ab Contribution aux d\u00e9penses op\u00e9rationnelles \u00bb), cette contribution devant \u00eatre vers\u00e9e avant le 31 d\u00e9cembre 2018 ; et<br> ATTENDU QUE la Fondation Internet Society versera 5 000 000 $ de la contribution aux d\u00e9penses op\u00e9rationnelles au nom de l&rsquo;Internet Society ;<br> IL EST R\u00c9SOLU que la contribution de la Fondation Internet Society aux d\u00e9penses op\u00e9rationnelles de l&rsquo;IETF est approuv\u00e9e par la pr\u00e9sente.<\/p>\n\n\n\n<p><strong>R\u00e9solution F2018-09 : Approuver les minutes de la deuxi\u00e8me r\u00e9union du Conseil de la Fondation<br><\/strong>IL EST R\u00c9SOLU que les minutes de la deuxi\u00e8me r\u00e9union du Conseil d\u2019administration, qui s\u2019est tenue \u00e0 Bangkok le 10 novembre 2018, sont approuv\u00e9es.<\/p>\n","protected":false},"excerpt":{"rendered":"<p>Le Conseil d\u2019administration de la Fondation Internet Society a approuv\u00e9 les r\u00e9solutions suivantes lors de ses r\u00e9unions : R\u00e9solutions de 2019 R\u00e9solution F2019-01 : \u00c9tablir un Comit\u00e9 Consultatif du Programme du Conseil d\u2019administration de la FondationIL EST R\u00c9SOLU que le Conseil de la Fondation Internet Society \u00e9tablit un Comit\u00e9 Consultatif du Programme et approuve la&hellip;<\/p>\n","protected":false},"author":2,"featured_media":0,"parent":1089,"menu_order":3,"comment_status":"closed","ping_status":"closed","template":"","meta":{"footnotes":""},"class_list":["post-1099","page","type-page","status-publish","hentry"],"yoast_head":"<!-- This site is optimized with the Yoast SEO plugin v27.3 - https:\/\/yoast.com\/product\/yoast-seo-wordpress\/ -->\n<title>R\u00e9solutions | Internet Society Foundation<\/title>\n<meta name=\"robots\" content=\"index, follow, max-snippet:-1, max-image-preview:large, max-video-preview:-1\" \/>\n<link rel=\"canonical\" href=\"https:\/\/www.isocfoundation.org\/fr\/conseil-dadministration\/resolutions\/\" \/>\n<meta property=\"og:locale\" content=\"fr_FR\" \/>\n<meta property=\"og:type\" content=\"article\" \/>\n<meta property=\"og:title\" content=\"R\u00e9solutions | Internet Society Foundation\" \/>\n<meta property=\"og:description\" content=\"Le Conseil d\u2019administration de la Fondation Internet Society a approuv\u00e9 les r\u00e9solutions suivantes lors de ses r\u00e9unions : R\u00e9solutions de 2019 R\u00e9solution F2019-01 : \u00c9tablir un Comit\u00e9 Consultatif du Programme du Conseil d\u2019administration de la FondationIL EST R\u00c9SOLU que le Conseil de la Fondation Internet Society \u00e9tablit un Comit\u00e9 Consultatif du Programme et approuve la&hellip;\" \/>\n<meta property=\"og:url\" content=\"https:\/\/www.isocfoundation.org\/fr\/conseil-dadministration\/resolutions\/\" \/>\n<meta property=\"og:site_name\" content=\"Internet Society Foundation\" \/>\n<meta property=\"article:modified_time\" content=\"2021-03-05T20:36:46+00:00\" \/>\n<meta property=\"og:image\" content=\"https:\/\/www.isocfoundation.org\/wp-content\/uploads\/2019\/02\/isoc-foundation-og.jpg\" \/>\n\t<meta property=\"og:image:width\" content=\"1200\" \/>\n\t<meta property=\"og:image:height\" content=\"630\" \/>\n\t<meta property=\"og:image:type\" content=\"image\/jpeg\" \/>\n<meta name=\"twitter:card\" content=\"summary_large_image\" \/>\n<meta name=\"twitter:site\" content=\"@ISOC_Foundation\" \/>\n<meta name=\"twitter:label1\" content=\"Dur\u00e9e de lecture estim\u00e9e\" \/>\n\t<meta name=\"twitter:data1\" content=\"4 minutes\" \/>\n<script type=\"application\/ld+json\" class=\"yoast-schema-graph\">{\"@context\":\"https:\\\/\\\/schema.org\",\"@graph\":[{\"@type\":\"WebPage\",\"@id\":\"https:\\\/\\\/www.isocfoundation.org\\\/fr\\\/conseil-dadministration\\\/resolutions\\\/\",\"url\":\"https:\\\/\\\/www.isocfoundation.org\\\/fr\\\/conseil-dadministration\\\/resolutions\\\/\",\"name\":\"R\u00e9solutions | Internet Society Foundation\",\"isPartOf\":{\"@id\":\"https:\\\/\\\/www.isocfoundation.org\\\/#website\"},\"datePublished\":\"2019-03-05T21:50:29+00:00\",\"dateModified\":\"2021-03-05T20:36:46+00:00\",\"breadcrumb\":{\"@id\":\"https:\\\/\\\/www.isocfoundation.org\\\/fr\\\/conseil-dadministration\\\/resolutions\\\/#breadcrumb\"},\"inLanguage\":\"fr-FR\",\"potentialAction\":[{\"@type\":\"ReadAction\",\"target\":[\"https:\\\/\\\/www.isocfoundation.org\\\/fr\\\/conseil-dadministration\\\/resolutions\\\/\"]}]},{\"@type\":\"BreadcrumbList\",\"@id\":\"https:\\\/\\\/www.isocfoundation.org\\\/fr\\\/conseil-dadministration\\\/resolutions\\\/#breadcrumb\",\"itemListElement\":[{\"@type\":\"ListItem\",\"position\":1,\"name\":\"Home\",\"item\":\"https:\\\/\\\/www.isocfoundation.org\\\/fr\\\/\"},{\"@type\":\"ListItem\",\"position\":2,\"name\":\"Conseil d\u2019administration\",\"item\":\"https:\\\/\\\/www.isocfoundation.org\\\/fr\\\/conseil-dadministration\\\/\"},{\"@type\":\"ListItem\",\"position\":3,\"name\":\"R\u00e9solutions\"}]},{\"@type\":\"WebSite\",\"@id\":\"https:\\\/\\\/www.isocfoundation.org\\\/#website\",\"url\":\"https:\\\/\\\/www.isocfoundation.org\\\/\",\"name\":\"Internet Society Foundation\",\"description\":\"The Internet transforms lives\",\"publisher\":{\"@id\":\"https:\\\/\\\/www.isocfoundation.org\\\/#organization\"},\"potentialAction\":[{\"@type\":\"SearchAction\",\"target\":{\"@type\":\"EntryPoint\",\"urlTemplate\":\"https:\\\/\\\/www.isocfoundation.org\\\/?s={search_term_string}\"},\"query-input\":{\"@type\":\"PropertyValueSpecification\",\"valueRequired\":true,\"valueName\":\"search_term_string\"}}],\"inLanguage\":\"fr-FR\"},{\"@type\":\"Organization\",\"@id\":\"https:\\\/\\\/www.isocfoundation.org\\\/#organization\",\"name\":\"Internet Society Foundation\",\"url\":\"https:\\\/\\\/www.isocfoundation.org\\\/\",\"logo\":{\"@type\":\"ImageObject\",\"inLanguage\":\"fr-FR\",\"@id\":\"https:\\\/\\\/www.isocfoundation.org\\\/#\\\/schema\\\/logo\\\/image\\\/\",\"url\":\"https:\\\/\\\/www.isocfoundation.org\\\/wp-content\\\/uploads\\\/2019\\\/02\\\/internet-society-foundation.jpg\",\"contentUrl\":\"https:\\\/\\\/www.isocfoundation.org\\\/wp-content\\\/uploads\\\/2019\\\/02\\\/internet-society-foundation.jpg\",\"width\":1200,\"height\":630,\"caption\":\"Internet Society Foundation\"},\"image\":{\"@id\":\"https:\\\/\\\/www.isocfoundation.org\\\/#\\\/schema\\\/logo\\\/image\\\/\"},\"sameAs\":[\"https:\\\/\\\/x.com\\\/ISOC_Foundation\"]}]}<\/script>\n<!-- \/ Yoast SEO plugin. -->","yoast_head_json":{"title":"R\u00e9solutions | Internet Society Foundation","robots":{"index":"index","follow":"follow","max-snippet":"max-snippet:-1","max-image-preview":"max-image-preview:large","max-video-preview":"max-video-preview:-1"},"canonical":"https:\/\/www.isocfoundation.org\/fr\/conseil-dadministration\/resolutions\/","og_locale":"fr_FR","og_type":"article","og_title":"R\u00e9solutions | Internet Society Foundation","og_description":"Le Conseil d\u2019administration de la Fondation Internet Society a approuv\u00e9 les r\u00e9solutions suivantes lors de ses r\u00e9unions : R\u00e9solutions de 2019 R\u00e9solution F2019-01 : \u00c9tablir un Comit\u00e9 Consultatif du Programme du Conseil d\u2019administration de la FondationIL EST R\u00c9SOLU que le Conseil de la Fondation Internet Society \u00e9tablit un Comit\u00e9 Consultatif du Programme et approuve la&hellip;","og_url":"https:\/\/www.isocfoundation.org\/fr\/conseil-dadministration\/resolutions\/","og_site_name":"Internet Society Foundation","article_modified_time":"2021-03-05T20:36:46+00:00","og_image":[{"width":1200,"height":630,"url":"https:\/\/www.isocfoundation.org\/wp-content\/uploads\/2019\/02\/isoc-foundation-og.jpg","type":"image\/jpeg"}],"twitter_card":"summary_large_image","twitter_site":"@ISOC_Foundation","twitter_misc":{"Dur\u00e9e de lecture estim\u00e9e":"4 minutes"},"schema":{"@context":"https:\/\/schema.org","@graph":[{"@type":"WebPage","@id":"https:\/\/www.isocfoundation.org\/fr\/conseil-dadministration\/resolutions\/","url":"https:\/\/www.isocfoundation.org\/fr\/conseil-dadministration\/resolutions\/","name":"R\u00e9solutions | Internet Society Foundation","isPartOf":{"@id":"https:\/\/www.isocfoundation.org\/#website"},"datePublished":"2019-03-05T21:50:29+00:00","dateModified":"2021-03-05T20:36:46+00:00","breadcrumb":{"@id":"https:\/\/www.isocfoundation.org\/fr\/conseil-dadministration\/resolutions\/#breadcrumb"},"inLanguage":"fr-FR","potentialAction":[{"@type":"ReadAction","target":["https:\/\/www.isocfoundation.org\/fr\/conseil-dadministration\/resolutions\/"]}]},{"@type":"BreadcrumbList","@id":"https:\/\/www.isocfoundation.org\/fr\/conseil-dadministration\/resolutions\/#breadcrumb","itemListElement":[{"@type":"ListItem","position":1,"name":"Home","item":"https:\/\/www.isocfoundation.org\/fr\/"},{"@type":"ListItem","position":2,"name":"Conseil d\u2019administration","item":"https:\/\/www.isocfoundation.org\/fr\/conseil-dadministration\/"},{"@type":"ListItem","position":3,"name":"R\u00e9solutions"}]},{"@type":"WebSite","@id":"https:\/\/www.isocfoundation.org\/#website","url":"https:\/\/www.isocfoundation.org\/","name":"Internet Society Foundation","description":"The Internet transforms lives","publisher":{"@id":"https:\/\/www.isocfoundation.org\/#organization"},"potentialAction":[{"@type":"SearchAction","target":{"@type":"EntryPoint","urlTemplate":"https:\/\/www.isocfoundation.org\/?s={search_term_string}"},"query-input":{"@type":"PropertyValueSpecification","valueRequired":true,"valueName":"search_term_string"}}],"inLanguage":"fr-FR"},{"@type":"Organization","@id":"https:\/\/www.isocfoundation.org\/#organization","name":"Internet Society Foundation","url":"https:\/\/www.isocfoundation.org\/","logo":{"@type":"ImageObject","inLanguage":"fr-FR","@id":"https:\/\/www.isocfoundation.org\/#\/schema\/logo\/image\/","url":"https:\/\/www.isocfoundation.org\/wp-content\/uploads\/2019\/02\/internet-society-foundation.jpg","contentUrl":"https:\/\/www.isocfoundation.org\/wp-content\/uploads\/2019\/02\/internet-society-foundation.jpg","width":1200,"height":630,"caption":"Internet Society Foundation"},"image":{"@id":"https:\/\/www.isocfoundation.org\/#\/schema\/logo\/image\/"},"sameAs":["https:\/\/x.com\/ISOC_Foundation"]}]}},"_links":{"self":[{"href":"https:\/\/www.isocfoundation.org\/fr\/wp-json\/wp\/v2\/pages\/1099","targetHints":{"allow":["GET"]}}],"collection":[{"href":"https:\/\/www.isocfoundation.org\/fr\/wp-json\/wp\/v2\/pages"}],"about":[{"href":"https:\/\/www.isocfoundation.org\/fr\/wp-json\/wp\/v2\/types\/page"}],"author":[{"embeddable":true,"href":"https:\/\/www.isocfoundation.org\/fr\/wp-json\/wp\/v2\/users\/2"}],"replies":[{"embeddable":true,"href":"https:\/\/www.isocfoundation.org\/fr\/wp-json\/wp\/v2\/comments?post=1099"}],"version-history":[{"count":0,"href":"https:\/\/www.isocfoundation.org\/fr\/wp-json\/wp\/v2\/pages\/1099\/revisions"}],"up":[{"embeddable":true,"href":"https:\/\/www.isocfoundation.org\/fr\/wp-json\/wp\/v2\/pages\/1089"}],"wp:attachment":[{"href":"https:\/\/www.isocfoundation.org\/fr\/wp-json\/wp\/v2\/media?parent=1099"}],"curies":[{"name":"wp","href":"https:\/\/api.w.org\/{rel}","templated":true}]}}