{"id":1109,"date":"2019-02-12T17:04:42","date_gmt":"2019-02-12T22:04:42","guid":{"rendered":"https:\/\/www.isocfoundation.org\/?page_id=382"},"modified":"2024-10-30T14:24:49","modified_gmt":"2024-10-30T14:24:49","slug":"carrieres","status":"publish","type":"page","link":"https:\/\/www.isocfoundation.org\/fr\/carrieres\/","title":{"rendered":"Carri\u00e8res"},"content":{"rendered":"\n\n\t\t\t\t<img decoding=\"async\" src=\"https:\/\/www.isocfoundation.org\/wp-content\/plugins\/bb-plugin\/img\/pixel.png\" alt=\"\" itemprop=\"image\" onerror=\"this.style.display='none'\"  \/>\n\t<figure data-toolset-blocks-image=\"1\"><\/figure>\n<p>La Fondation Internet Society est une organisation \u00e0 but non lucratif qui \u0153uvre de concert avec l&rsquo;<a href=\"https:\/\/www.internetsociety.org\/fr\/\" target=\"_blank\" rel=\"noreferrer noopener\">Internet Society<\/a>. Elle vise \u00e0 d\u00e9montrer et \u00e0 soutenir la diff\u00e9rence positive que peut apporter Internet dans la vie des individus partout dans le monde, et \u00e0 promouvoir le d\u00e9veloppement d&rsquo;Internet comme une infrastructure technique mondiale, une ressource pour enrichir la vie de chacun et une force positive pour la soci\u00e9t\u00e9. N&rsquo;h\u00e9sitez pas \u00e0 revenir r\u00e9guli\u00e8rement pour consulter les postes qui pourraient s&rsquo;ouvrir au sein de nos \u00e9quipes.<\/p>\n<p>La Fondation s&rsquo;engage en faveur d&rsquo;une culture de la diversit\u00e9 et de l&rsquo;inclusion, au sein de laquelle tous les individus sont valoris\u00e9s pour leurs contributions sp\u00e9cifiques.\u00a0Nos membres constituent notre ressource la plus importante. La somme de toutes les diff\u00e9rences individuelles, les exp\u00e9riences de vie, les connaissances et les types d&rsquo;inventivit\u00e9, d&rsquo;innovation, d&rsquo;expression de soi, de capacit\u00e9s et de talent uniques que notre personnel met \u00e0 profit dans son travail repr\u00e9sente un \u00e9l\u00e9ment crucial, non seulement de notre culture, mais aussi de notre r\u00e9putation et de la r\u00e9ussite de la Fondation.<\/p>\n<p>La Fondation souscrit au principe de l&rsquo;\u00e9galit\u00e9 d&rsquo;acc\u00e8s \u00e0 l&#8217;emploi.\u00a0Les d\u00e9cisions d&#8217;embauche et celles qui s&rsquo;y rapportent sont prises sans consid\u00e9ration pour le genre, la race, l&rsquo;\u00e2ge, le handicap, la religion, le pays d&rsquo;origine, la couleur ou tout autre \u00e9l\u00e9ment constitutif d&rsquo;un groupe prot\u00e9g\u00e9.<\/p>\n\t<style>\n#BambooHR-Footer {\ndisplay:none;\nvisibility: hidden\n}\n.BambooHR-ATS-board h2 { font-size:30px !important }\n.BambooHR-ATS-Department-List div, .BambooHR-ATS-Department-List a {\ncolor:#0C1C2C;\nfont-weight:normal !important\n}\n<\/style><div id=\"BambooHR\"><script src=\"https:\/\/internetsociety.bamboohr.com\/js\/jobs2.php\" type=\"text\/javascript\"><\/script><\/div>\n\n","protected":false},"excerpt":{"rendered":"<p>La Fondation Internet Society est une organisation \u00e0 but non lucratif qui \u0153uvre de concert avec l&rsquo;Internet Society. Elle vise \u00e0 d\u00e9montrer et \u00e0 soutenir la diff\u00e9rence positive que peut apporter Internet dans la vie des individus partout dans le monde, et \u00e0 promouvoir le d\u00e9veloppement d&rsquo;Internet comme une infrastructure technique mondiale, une ressource pour&hellip;<\/p>\n","protected":false},"author":2,"featured_media":0,"parent":0,"menu_order":5,"comment_status":"closed","ping_status":"closed","template":"","meta":{"footnotes":""},"class_list":["post-1109","page","type-page","status-publish","hentry"],"yoast_head":"<!-- This site is optimized with the Yoast SEO plugin v27.3 - https:\/\/yoast.com\/product\/yoast-seo-wordpress\/ -->\n<title>Carri\u00e8res | Internet Society Foundation<\/title>\n<meta name=\"robots\" content=\"index, follow, max-snippet:-1, max-image-preview:large, max-video-preview:-1\" \/>\n<link rel=\"canonical\" href=\"https:\/\/www.isocfoundation.org\/fr\/carrieres\/\" \/>\n<meta property=\"og:locale\" content=\"fr_FR\" \/>\n<meta property=\"og:type\" content=\"article\" \/>\n<meta property=\"og:title\" content=\"Carri\u00e8res | Internet Society Foundation\" \/>\n<meta property=\"og:description\" content=\"La Fondation Internet Society est une organisation \u00e0 but non lucratif qui \u0153uvre de concert avec l&rsquo;Internet Society. Elle vise \u00e0 d\u00e9montrer et \u00e0 soutenir la diff\u00e9rence positive que peut apporter Internet dans la vie des individus partout dans le monde, et \u00e0 promouvoir le d\u00e9veloppement d&rsquo;Internet comme une infrastructure technique mondiale, une ressource pour&hellip;\" \/>\n<meta property=\"og:url\" content=\"https:\/\/www.isocfoundation.org\/fr\/carrieres\/\" \/>\n<meta property=\"og:site_name\" content=\"Internet Society Foundation\" \/>\n<meta property=\"article:modified_time\" content=\"2024-10-30T14:24:49+00:00\" \/>\n<meta property=\"og:image\" content=\"https:\/\/www.isocfoundation.org\/wp-content\/plugins\/bb-plugin\/img\/pixel.png\" \/>\n<meta name=\"twitter:card\" content=\"summary_large_image\" \/>\n<meta name=\"twitter:site\" content=\"@ISOC_Foundation\" \/>\n<meta name=\"twitter:label1\" content=\"Dur\u00e9e de lecture estim\u00e9e\" \/>\n\t<meta name=\"twitter:data1\" content=\"2 minutes\" \/>\n<script type=\"application\/ld+json\" class=\"yoast-schema-graph\">{\"@context\":\"https:\\\/\\\/schema.org\",\"@graph\":[{\"@type\":\"WebPage\",\"@id\":\"https:\\\/\\\/www.isocfoundation.org\\\/fr\\\/carrieres\\\/\",\"url\":\"https:\\\/\\\/www.isocfoundation.org\\\/fr\\\/carrieres\\\/\",\"name\":\"Carri\u00e8res | Internet Society Foundation\",\"isPartOf\":{\"@id\":\"https:\\\/\\\/www.isocfoundation.org\\\/#website\"},\"primaryImageOfPage\":{\"@id\":\"https:\\\/\\\/www.isocfoundation.org\\\/fr\\\/carrieres\\\/#primaryimage\"},\"image\":{\"@id\":\"https:\\\/\\\/www.isocfoundation.org\\\/fr\\\/carrieres\\\/#primaryimage\"},\"thumbnailUrl\":\"https:\\\/\\\/www.isocfoundation.org\\\/wp-content\\\/plugins\\\/bb-plugin\\\/img\\\/pixel.png\",\"datePublished\":\"2019-02-12T22:04:42+00:00\",\"dateModified\":\"2024-10-30T14:24:49+00:00\",\"breadcrumb\":{\"@id\":\"https:\\\/\\\/www.isocfoundation.org\\\/fr\\\/carrieres\\\/#breadcrumb\"},\"inLanguage\":\"fr-FR\",\"potentialAction\":[{\"@type\":\"ReadAction\",\"target\":[\"https:\\\/\\\/www.isocfoundation.org\\\/fr\\\/carrieres\\\/\"]}]},{\"@type\":\"ImageObject\",\"inLanguage\":\"fr-FR\",\"@id\":\"https:\\\/\\\/www.isocfoundation.org\\\/fr\\\/carrieres\\\/#primaryimage\",\"url\":\"https:\\\/\\\/www.isocfoundation.org\\\/wp-content\\\/plugins\\\/bb-plugin\\\/img\\\/pixel.png\",\"contentUrl\":\"https:\\\/\\\/www.isocfoundation.org\\\/wp-content\\\/plugins\\\/bb-plugin\\\/img\\\/pixel.png\"},{\"@type\":\"BreadcrumbList\",\"@id\":\"https:\\\/\\\/www.isocfoundation.org\\\/fr\\\/carrieres\\\/#breadcrumb\",\"itemListElement\":[{\"@type\":\"ListItem\",\"position\":1,\"name\":\"Home\",\"item\":\"https:\\\/\\\/www.isocfoundation.org\\\/fr\\\/\"},{\"@type\":\"ListItem\",\"position\":2,\"name\":\"Carri\u00e8res\"}]},{\"@type\":\"WebSite\",\"@id\":\"https:\\\/\\\/www.isocfoundation.org\\\/#website\",\"url\":\"https:\\\/\\\/www.isocfoundation.org\\\/\",\"name\":\"Internet Society Foundation\",\"description\":\"The Internet transforms lives\",\"publisher\":{\"@id\":\"https:\\\/\\\/www.isocfoundation.org\\\/#organization\"},\"potentialAction\":[{\"@type\":\"SearchAction\",\"target\":{\"@type\":\"EntryPoint\",\"urlTemplate\":\"https:\\\/\\\/www.isocfoundation.org\\\/?s={search_term_string}\"},\"query-input\":{\"@type\":\"PropertyValueSpecification\",\"valueRequired\":true,\"valueName\":\"search_term_string\"}}],\"inLanguage\":\"fr-FR\"},{\"@type\":\"Organization\",\"@id\":\"https:\\\/\\\/www.isocfoundation.org\\\/#organization\",\"name\":\"Internet Society Foundation\",\"url\":\"https:\\\/\\\/www.isocfoundation.org\\\/\",\"logo\":{\"@type\":\"ImageObject\",\"inLanguage\":\"fr-FR\",\"@id\":\"https:\\\/\\\/www.isocfoundation.org\\\/#\\\/schema\\\/logo\\\/image\\\/\",\"url\":\"https:\\\/\\\/www.isocfoundation.org\\\/wp-content\\\/uploads\\\/2019\\\/02\\\/internet-society-foundation.jpg\",\"contentUrl\":\"https:\\\/\\\/www.isocfoundation.org\\\/wp-content\\\/uploads\\\/2019\\\/02\\\/internet-society-foundation.jpg\",\"width\":1200,\"height\":630,\"caption\":\"Internet Society Foundation\"},\"image\":{\"@id\":\"https:\\\/\\\/www.isocfoundation.org\\\/#\\\/schema\\\/logo\\\/image\\\/\"},\"sameAs\":[\"https:\\\/\\\/x.com\\\/ISOC_Foundation\"]}]}<\/script>\n<!-- \/ Yoast SEO plugin. -->","yoast_head_json":{"title":"Carri\u00e8res | Internet Society Foundation","robots":{"index":"index","follow":"follow","max-snippet":"max-snippet:-1","max-image-preview":"max-image-preview:large","max-video-preview":"max-video-preview:-1"},"canonical":"https:\/\/www.isocfoundation.org\/fr\/carrieres\/","og_locale":"fr_FR","og_type":"article","og_title":"Carri\u00e8res | Internet Society Foundation","og_description":"La Fondation Internet Society est une organisation \u00e0 but non lucratif qui \u0153uvre de concert avec l&rsquo;Internet Society. Elle vise \u00e0 d\u00e9montrer et \u00e0 soutenir la diff\u00e9rence positive que peut apporter Internet dans la vie des individus partout dans le monde, et \u00e0 promouvoir le d\u00e9veloppement d&rsquo;Internet comme une infrastructure technique mondiale, une ressource pour&hellip;","og_url":"https:\/\/www.isocfoundation.org\/fr\/carrieres\/","og_site_name":"Internet Society Foundation","article_modified_time":"2024-10-30T14:24:49+00:00","og_image":[{"url":"https:\/\/www.isocfoundation.org\/wp-content\/plugins\/bb-plugin\/img\/pixel.png","type":"","width":"","height":""}],"twitter_card":"summary_large_image","twitter_site":"@ISOC_Foundation","twitter_misc":{"Dur\u00e9e de lecture estim\u00e9e":"2 minutes"},"schema":{"@context":"https:\/\/schema.org","@graph":[{"@type":"WebPage","@id":"https:\/\/www.isocfoundation.org\/fr\/carrieres\/","url":"https:\/\/www.isocfoundation.org\/fr\/carrieres\/","name":"Carri\u00e8res | Internet Society Foundation","isPartOf":{"@id":"https:\/\/www.isocfoundation.org\/#website"},"primaryImageOfPage":{"@id":"https:\/\/www.isocfoundation.org\/fr\/carrieres\/#primaryimage"},"image":{"@id":"https:\/\/www.isocfoundation.org\/fr\/carrieres\/#primaryimage"},"thumbnailUrl":"https:\/\/www.isocfoundation.org\/wp-content\/plugins\/bb-plugin\/img\/pixel.png","datePublished":"2019-02-12T22:04:42+00:00","dateModified":"2024-10-30T14:24:49+00:00","breadcrumb":{"@id":"https:\/\/www.isocfoundation.org\/fr\/carrieres\/#breadcrumb"},"inLanguage":"fr-FR","potentialAction":[{"@type":"ReadAction","target":["https:\/\/www.isocfoundation.org\/fr\/carrieres\/"]}]},{"@type":"ImageObject","inLanguage":"fr-FR","@id":"https:\/\/www.isocfoundation.org\/fr\/carrieres\/#primaryimage","url":"https:\/\/www.isocfoundation.org\/wp-content\/plugins\/bb-plugin\/img\/pixel.png","contentUrl":"https:\/\/www.isocfoundation.org\/wp-content\/plugins\/bb-plugin\/img\/pixel.png"},{"@type":"BreadcrumbList","@id":"https:\/\/www.isocfoundation.org\/fr\/carrieres\/#breadcrumb","itemListElement":[{"@type":"ListItem","position":1,"name":"Home","item":"https:\/\/www.isocfoundation.org\/fr\/"},{"@type":"ListItem","position":2,"name":"Carri\u00e8res"}]},{"@type":"WebSite","@id":"https:\/\/www.isocfoundation.org\/#website","url":"https:\/\/www.isocfoundation.org\/","name":"Internet Society Foundation","description":"The Internet transforms lives","publisher":{"@id":"https:\/\/www.isocfoundation.org\/#organization"},"potentialAction":[{"@type":"SearchAction","target":{"@type":"EntryPoint","urlTemplate":"https:\/\/www.isocfoundation.org\/?s={search_term_string}"},"query-input":{"@type":"PropertyValueSpecification","valueRequired":true,"valueName":"search_term_string"}}],"inLanguage":"fr-FR"},{"@type":"Organization","@id":"https:\/\/www.isocfoundation.org\/#organization","name":"Internet Society Foundation","url":"https:\/\/www.isocfoundation.org\/","logo":{"@type":"ImageObject","inLanguage":"fr-FR","@id":"https:\/\/www.isocfoundation.org\/#\/schema\/logo\/image\/","url":"https:\/\/www.isocfoundation.org\/wp-content\/uploads\/2019\/02\/internet-society-foundation.jpg","contentUrl":"https:\/\/www.isocfoundation.org\/wp-content\/uploads\/2019\/02\/internet-society-foundation.jpg","width":1200,"height":630,"caption":"Internet Society Foundation"},"image":{"@id":"https:\/\/www.isocfoundation.org\/#\/schema\/logo\/image\/"},"sameAs":["https:\/\/x.com\/ISOC_Foundation"]}]}},"_links":{"self":[{"href":"https:\/\/www.isocfoundation.org\/fr\/wp-json\/wp\/v2\/pages\/1109","targetHints":{"allow":["GET"]}}],"collection":[{"href":"https:\/\/www.isocfoundation.org\/fr\/wp-json\/wp\/v2\/pages"}],"about":[{"href":"https:\/\/www.isocfoundation.org\/fr\/wp-json\/wp\/v2\/types\/page"}],"author":[{"embeddable":true,"href":"https:\/\/www.isocfoundation.org\/fr\/wp-json\/wp\/v2\/users\/2"}],"replies":[{"embeddable":true,"href":"https:\/\/www.isocfoundation.org\/fr\/wp-json\/wp\/v2\/comments?post=1109"}],"version-history":[{"count":0,"href":"https:\/\/www.isocfoundation.org\/fr\/wp-json\/wp\/v2\/pages\/1109\/revisions"}],"wp:attachment":[{"href":"https:\/\/www.isocfoundation.org\/fr\/wp-json\/wp\/v2\/media?parent=1109"}],"curies":[{"name":"wp","href":"https:\/\/api.w.org\/{rel}","templated":true}]}}