{"id":1115,"date":"2019-05-13T03:45:18","date_gmt":"2019-05-13T03:45:18","guid":{"rendered":"https:\/\/www.isocfoundation.org\/?page_id=892"},"modified":"2026-03-24T09:55:22","modified_gmt":"2026-03-24T09:55:22","slug":"programmes-de-bourses","status":"publish","type":"page","link":"https:\/\/www.isocfoundation.org\/fr\/programmes-de-bourses\/","title":{"rendered":"Domaines de financement"},"content":{"rendered":"\n\n\t<h2>Nous soutenons la communaut\u00e9 mondiale de l&rsquo;internet &#8211; chercheurs, d\u00e9veloppeurs, organisations \u00e0 but non lucratif, \u00e9ducateurs et autres &#8211; par le biais des programmes de subvention suivants :<\/h2>\n<figure itemscope itemtype=\"https:\/\/schema.org\/ImageObject\">\n\t\t\t\t<a href=\"https:\/\/www.isocfoundation.org\/grant-programme\/beyond-the-net-large-grants\/\"  target=\"_self\" itemprop=\"url\">\n\t\t\t\t<img decoding=\"async\" src=\"https:\/\/www.isocfoundation.org\/wp-content\/uploads\/2019\/06\/Large-grants_2-2.jpg\" alt=\"Un hombre conecta un edificio a Internet. \" height=\"680\" width=\"1800\" title=\"Large grants_2 (2)\" onerror=\"this.style.display='none'\" loading=\"lazy\" \/>\n\t\t\t\t<\/a>\n\t<\/figure>\n\t<h3><a href=\"https:\/\/www.isocfoundation.org\/fr\/grant-programme\/programme-de-subvention-beyond-the-net\/\">Programme de subvention Beyond the Net<\/a><\/h3>\n<p>Le programme de subventions de grande envergure Beyond the Net offre un financement pour aider les chapitres de l&rsquo;Internet Society \u00e0 mettre en \u0153uvre des projets innovants au niveau local&#8230;<\/p>\n<figure itemscope itemtype=\"https:\/\/schema.org\/ImageObject\">\n\t\t\t\t<a href=\"https:\/\/www.isocfoundation.org\/grant-programme\/bolt-grant-program\/\"  target=\"_self\" itemprop=\"url\">\n\t\t\t\t<img decoding=\"async\" src=\"https:\/\/www.isocfoundation.org\/wp-content\/uploads\/2021\/09\/shutterstock_1419591842-e1632908609836.jpg\" alt=\"group of people using sticky notes in a meeting\" height=\"667\" width=\"1000\" onerror=\"this.style.display='none'\" loading=\"lazy\" \/>\n\t\t\t\t<\/a>\n\t<\/figure>\n\t<h3><a href=\"https:\/\/www.isocfoundation.org\/es\/grant-programme\/programa-de-subvenciones-bolt-2\/\">Programme de subventions BOLT<\/a><\/h3>\n<p>Le programme de subventions BOLT (Building Opportunities\/Leveraging Technologies) soutient les innovations techniques et sociales qui favorisent la connectivit\u00e9 de l&rsquo;internet.<\/p>\n<figure itemscope itemtype=\"https:\/\/schema.org\/ImageObject\">\n\t\t\t\t<a href=\"https:\/\/www.isocfoundation.org\/grant-programme\/scills-grant-programme\/\"  target=\"_self\" itemprop=\"url\">\n\t\t\t\t<img decoding=\"async\" src=\"https:\/\/www.isocfoundation.org\/wp-content\/uploads\/2025\/11\/3.-Internet-setup-in-a-Center-1024x684.jpg\" alt=\"Un homme assemble un appareil Internet dans une montagne.\" height=\"684\" width=\"1024\" onerror=\"this.style.display='none'\" loading=\"lazy\" \/>\n\t\t\t\t<\/a>\n\t<\/figure>\n\t<h3><a href=\"https:\/\/www.isocfoundation.org\/fr\/grant-programme\/connectivite-centree-sur-la-communaute\/\">Programme de subventions pour une connectivit\u00e9 centr\u00e9e sur la communaut\u00e9<\/a><\/h3>\n<p>Le programme de subventions pour une connectivit\u00e9 centr\u00e9e sur la communaut\u00e9 (CCC) de la Fondation Internet Society &#8211; qui s&rsquo;inscrit au c\u0153ur de l&rsquo;action de l&rsquo;Internet Society pour aider les communaut\u00e9s \u00e0 r\u00e9duire la fracture num\u00e9rique &#8211; vise \u00e0 relever ces d\u00e9fis en soutenant des organisations dans le d\u00e9veloppement et l&rsquo;extension de l&rsquo;acc\u00e8s \u00e0 Internet, ainsi que dans l&rsquo;adoption du num\u00e9rique au sein des communaut\u00e9s exclues.<\/p>\n<figure itemscope itemtype=\"https:\/\/schema.org\/ImageObject\">\n\t\t\t\t<a href=\"https:\/\/www.isocfoundation.org\/grant-programme\/internet-governance-forum-events\/\"  target=\"_self\" itemprop=\"url\">\n\t\t\t\t<img decoding=\"async\" src=\"https:\/\/www.isocfoundation.org\/wp-content\/uploads\/2020\/02\/IGF-Berlin-mural-1.png\" alt=\"IGF 2019 Berlin mural\" height=\"964\" width=\"2552\" title=\"IGF Berlin mural\" onerror=\"this.style.display='none'\" loading=\"lazy\" \/>\n\t\t\t\t<\/a>\n\t<\/figure>\n\t<h3><a href=\"https:\/\/www.isocfoundation.org\/es\/grant-programme\/eventos-del-foro-de-gobernanza-de-internet\/\">\u00c9v\u00e9nements du Forum sur la gouvernance de l&rsquo;Internet<\/a><\/h3>\n<p>Le programme de financement du Forum sur la gouvernance de l&rsquo;Internet (IGF) soutient l&rsquo;organisation d&rsquo;\u00e9v\u00e9nements IGF aux niveaux local, national, r\u00e9gional et mondial, ainsi que les \u00e9coles de gouvernance de l&rsquo;Internet. L&rsquo;objectif de l&rsquo;IGF est d&rsquo;encourager un dialogue multipartite ouvert et inclusif sur les observations politiques li\u00e9es \u00e0 la gouvernance de l&rsquo;Internet. L&rsquo;objectif des \u00e9coles de gouvernance de l&rsquo;Internet est de s&rsquo;assurer que les diff\u00e9rents acteurs disposent des comp\u00e9tences n\u00e9cessaires pour participer aux structures de gouvernance de l&rsquo;Internet et fa\u00e7onner l&rsquo;avenir de l&rsquo;Internet.<\/p>\n<figure itemscope itemtype=\"https:\/\/schema.org\/ImageObject\">\n\t\t\t\t<a href=\"https:\/\/www.internetsociety.org\/action-plan\/encryption\/\"  target=\"_blank\" rel=\"noopener\"  itemprop=\"url\">\n\t\t\t\t<img decoding=\"async\" src=\"https:\/\/www.isocfoundation.org\/wp-content\/uploads\/2026\/03\/GED-Rwanda-Chapter.jpg\" alt=\"A group of individuals seated at desks, working on computers\" height=\"801\" width=\"1200\" title=\"GED-Rwanda-Chapter\" onerror=\"this.style.display='none'\" loading=\"lazy\" \/>\n\t\t\t\t<\/a>\n\t<\/figure>\n\t<h3><a href=\"https:\/\/www.isocfoundation.org\/fr\/grant-programme\/evenements-de-la-journee-mondiale-du-chiffrement\/\">\u00c9v\u00e9nements de la Journ\u00e9e mondiale du chiffrement<\/a><\/h3>\n<p>Le financement des \u00c9v\u00e9nements de la Journ\u00e9e mondiale du chiffrement par la Fondation Internet Society soutient des activit\u00e9s men\u00e9es par la communaut\u00e9, qui c\u00e9l\u00e8brent et d\u00e9fendent un chiffrement fort de bout en bout, un pilier essentiel d&rsquo;un Internet s\u00fbr et digne de confiance.<\/p>\n<figure itemscope itemtype=\"https:\/\/schema.org\/ImageObject\">\n\t\t\t\t<a href=\"https:\/\/www.isocfoundation.org\/grant-programme\/beyond-the-net-small-grants\/\"  target=\"_self\" itemprop=\"url\">\n\t\t\t\t<img decoding=\"async\" src=\"https:\/\/www.isocfoundation.org\/wp-content\/uploads\/2026\/02\/woman-computer-afrisig.jpg\" alt=\"A woman in a red sweater gazes intently at her laptop screen.\" height=\"451\" width=\"1300\" title=\"woman-computer-afrisig\" onerror=\"this.style.display='none'\" loading=\"lazy\" \/>\n\t\t\t\t<\/a>\n\t<\/figure>\n\t<h3><a href=\"https:\/\/www.isocfoundation.org\/fr\/grant-programme\/programme-de-financements-du-fonds-common-good-cyber\/\">Programme de financements du Fonds Common Good Cyber<\/a><\/h3>\n<p>Le Fonds Common Good Cyber (CGCF), lanc\u00e9 en 2025 en \u00e9troite collaboration avec le Comit\u00e9 de l&rsquo;\u00e9cosyst\u00e8me Common Good Cyber, ainsi qu&rsquo;un Comit\u00e9 consultatif strat\u00e9gique, a pour mission de venir en aide aux organisations \u00e0 but non lucratif \u0153uvrant pour renforcer l&rsquo;\u00e9cosyst\u00e8me de cybers\u00e9curit\u00e9 d&rsquo;int\u00e9r\u00eat public.<\/p>\n<figure itemscope itemtype=\"https:\/\/schema.org\/ImageObject\">\n\t\t\t\t<a href=\"https:\/\/www.isocfoundation.org\/grant-programme\/beyond-the-net-small-grants\/\"  target=\"_self\" itemprop=\"url\">\n\t\t\t\t<img decoding=\"async\" src=\"https:\/\/www.isocfoundation.org\/wp-content\/uploads\/2024\/01\/ethiopia-chapter-launches.jpg\" alt=\"Members of the Ethiopia ISOC chapter gather to celebrate its launch\" height=\"550\" width=\"1280\" title=\"ethiopia-chapter-launches\" onerror=\"this.style.display='none'\" loading=\"lazy\" \/>\n\t\t\t\t<\/a>\n\t<\/figure>\n\t<h3><a href=\"https:\/\/www.isocfoundation.org\/fr\/grant-programme\/financement-de-ladministration-des-antennes\/\">Financement pour les frais administratifs des chapitres<\/a><\/h3>\n<p>Le programme de financement pour les frais administratifs des chapitres offre une aide financi\u00e8re annuelle pour aider les chapitres de l&rsquo;Internet Society \u00e0 g\u00e9rer leurs activit\u00e9s quotidiennes et \u00e0 optimiser leur efficacit\u00e9.<\/p>\n<figure itemscope itemtype=\"https:\/\/schema.org\/ImageObject\">\n\t\t\t\t<a href=\"https:\/\/www.internetsociety.org\/funding-areas\/sustainable-peering-ixp\/\"  target=\"_blank\" rel=\"noopener\"  itemprop=\"url\">\n\t\t\t\t<img decoding=\"async\" src=\"https:\/\/www.isocfoundation.org\/wp-content\/uploads\/2026\/01\/men-data-center.jpg\" alt=\"two men talking at a data center\" height=\"550\" width=\"1280\" title=\"men-data-center\" onerror=\"this.style.display='none'\" loading=\"lazy\" \/>\n\t\t\t\t<\/a>\n\t<\/figure>\n\t<h3><a href=\"https:\/\/www.isocfoundation.org\/fr\/grant-programme\/infrastructures-de-peering-durables\/\">Programme de financement d&rsquo;infrastructures de peering durables<br \/>\n<\/a><\/h3>\n<p>Le programme de financement \u00ab Sustainable Peering Infrastructure \u00bb soutient les communaut\u00e9s locales dans la construction ou l&rsquo;am\u00e9lioration des IXP et dans le d\u00e9veloppement des organisations et des communaut\u00e9s qui soutiennent le peering et l&rsquo;interconnexion.<\/p>\n<figure itemscope itemtype=\"https:\/\/schema.org\/ImageObject\">\n\t\t\t\t<a href=\"https:\/\/www.isocfoundation.org\/grant-programme\/research-grant-programme\/\"  target=\"_self\" itemprop=\"url\">\n\t\t\t\t<img decoding=\"async\" src=\"https:\/\/www.isocfoundation.org\/wp-content\/uploads\/2020\/08\/ISOC-IMAGE-80-RGB-1-1.jpg\" alt=\"Un parc \u00e9olien\" height=\"452\" width=\"1200\" title=\"ISOC-IMAGE-80-RGB-1\" onerror=\"this.style.display='none'\" loading=\"lazy\" \/>\n\t\t\t\t<\/a>\n\t<\/figure>\n\t<h3><a href=\"https:\/\/www.isocfoundation.org\/es\/grant-programme\/programa-de-becas-de-investigacion\/\">Programme de subventions pour la recherche<\/a><\/h3>\n<p>Le programme de subventions pour la recherche soutient les collaborations mondiales en mati\u00e8re de recherche qui font progresser la compr\u00e9hension de l&rsquo;internet et de sa valeur pour tous.<\/p>\n<figure itemscope itemtype=\"https:\/\/schema.org\/ImageObject\">\n\t\t\t\t<a href=\"https:\/\/www.isocfoundation.org\/grant-programme\/resiliency-grant-program\/\"  target=\"_self\" itemprop=\"url\">\n\t\t\t\t<img decoding=\"async\" src=\"https:\/\/www.isocfoundation.org\/wp-content\/uploads\/2021\/07\/-apt.int_NepalPicture1-e1627460127748.jpg\" alt=\"Two men fitting antennae on top of a room in front of the Himalaya mountains in Nepal\" height=\"989\" width=\"1502\" title=\"\u00a9 apt.int_NepalPicture1\" onerror=\"this.style.display='none'\" loading=\"lazy\" \/>\n\t\t\t\t<\/a>\n\t<\/figure>\n\t<h3><a href=\"https:\/\/www.isocfoundation.org\/es\/grant-programme\/resiliency-grant-program\/\">Programme de subventions pour la r\u00e9silience<\/a><\/h3>\n<p>Le programme de subventions pour la r\u00e9silience (Resiliency Grant Program) aide les communaut\u00e9s \u00e0 se pr\u00e9parer et \u00e0 se reconnecter rapidement \u00e0 l&rsquo;internet apr\u00e8s des catastrophes li\u00e9es au climat.<\/p>\n<figure itemscope itemtype=\"https:\/\/schema.org\/ImageObject\">\n\t\t\t\t<a href=\"https:\/\/www.isocfoundation.org\/grant-programme\/scills-grant-programme\/\"  target=\"_self\" itemprop=\"url\">\n\t\t\t\t<img decoding=\"async\" src=\"https:\/\/www.isocfoundation.org\/wp-content\/uploads\/2020\/03\/SCILLS-banner-2-1024x387.png\" alt=\"Young women around a computer in Patna, Bihar, India\" height=\"387\" width=\"1024\" title=\"Young women around a computer in Patna, Bihar, India\" onerror=\"this.style.display='none'\" loading=\"lazy\" \/>\n\t\t\t\t<\/a>\n\t<\/figure>\n\t<h3><a href=\"https:\/\/www.isocfoundation.org\/es\/grant-programme\/programa-de-subvenciones-scills\/\">Programme de subventions SCILLS<\/a><\/h3>\nLe programme de subventions SCILLS (Strengthening Communities\/Improving Lives and Livelihoods) favorise la croissance \u00e9conomique et augmente les possibilit\u00e9s d&rsquo;\u00e9ducation en aidant les individus et les communaut\u00e9s \u00e0 utiliser l&rsquo;internet de mani\u00e8re plus inform\u00e9e et plus comp\u00e9tente.\n\n","protected":false},"excerpt":{"rendered":"<p>Nous soutenons la communaut\u00e9 mondiale de l&rsquo;internet &#8211; chercheurs, d\u00e9veloppeurs, organisations \u00e0 but non lucratif, \u00e9ducateurs et autres &#8211; par le biais des programmes de subvention suivants : Programme de subvention Beyond the Net Le programme de subventions de grande envergure Beyond the Net offre un financement pour aider les chapitres de l&rsquo;Internet Society \u00e0&hellip;<\/p>\n","protected":false},"author":1,"featured_media":0,"parent":0,"menu_order":8,"comment_status":"closed","ping_status":"closed","template":"","meta":{"footnotes":""},"class_list":["post-1115","page","type-page","status-publish","hentry"],"yoast_head":"<!-- This site is optimized with the Yoast SEO plugin v27.3 - https:\/\/yoast.com\/product\/yoast-seo-wordpress\/ -->\n<title>Domaines de financement | Internet Society Foundation<\/title>\n<meta name=\"robots\" content=\"index, follow, max-snippet:-1, max-image-preview:large, max-video-preview:-1\" \/>\n<link rel=\"canonical\" href=\"https:\/\/www.isocfoundation.org\/fr\/programmes-de-bourses\/\" \/>\n<meta property=\"og:locale\" content=\"fr_FR\" \/>\n<meta property=\"og:type\" content=\"article\" \/>\n<meta property=\"og:title\" content=\"Domaines de financement | Internet Society Foundation\" \/>\n<meta property=\"og:description\" content=\"Nous soutenons la communaut\u00e9 mondiale de l&rsquo;internet &#8211; chercheurs, d\u00e9veloppeurs, organisations \u00e0 but non lucratif, \u00e9ducateurs et autres &#8211; par le biais des programmes de subvention suivants : Programme de subvention Beyond the Net Le programme de subventions de grande envergure Beyond the Net offre un financement pour aider les chapitres de l&rsquo;Internet Society \u00e0&hellip;\" \/>\n<meta property=\"og:url\" content=\"https:\/\/www.isocfoundation.org\/fr\/programmes-de-bourses\/\" \/>\n<meta property=\"og:site_name\" content=\"Internet Society Foundation\" \/>\n<meta property=\"article:modified_time\" content=\"2026-03-24T09:55:22+00:00\" \/>\n<meta property=\"og:image\" content=\"https:\/\/www.isocfoundation.org\/wp-content\/uploads\/2019\/06\/Large-grants_2-2.jpg\" \/>\n<meta name=\"twitter:card\" content=\"summary_large_image\" \/>\n<meta name=\"twitter:site\" content=\"@ISOC_Foundation\" \/>\n<meta name=\"twitter:label1\" content=\"Dur\u00e9e de lecture estim\u00e9e\" \/>\n\t<meta name=\"twitter:data1\" content=\"5 minutes\" \/>\n<script type=\"application\/ld+json\" class=\"yoast-schema-graph\">{\"@context\":\"https:\\\/\\\/schema.org\",\"@graph\":[{\"@type\":\"WebPage\",\"@id\":\"https:\\\/\\\/www.isocfoundation.org\\\/fr\\\/programmes-de-bourses\\\/\",\"url\":\"https:\\\/\\\/www.isocfoundation.org\\\/fr\\\/programmes-de-bourses\\\/\",\"name\":\"Domaines de financement | Internet Society Foundation\",\"isPartOf\":{\"@id\":\"https:\\\/\\\/www.isocfoundation.org\\\/#website\"},\"primaryImageOfPage\":{\"@id\":\"https:\\\/\\\/www.isocfoundation.org\\\/fr\\\/programmes-de-bourses\\\/#primaryimage\"},\"image\":{\"@id\":\"https:\\\/\\\/www.isocfoundation.org\\\/fr\\\/programmes-de-bourses\\\/#primaryimage\"},\"thumbnailUrl\":\"https:\\\/\\\/www.isocfoundation.org\\\/wp-content\\\/uploads\\\/2019\\\/06\\\/Large-grants_2-2.jpg\",\"datePublished\":\"2019-05-13T03:45:18+00:00\",\"dateModified\":\"2026-03-24T09:55:22+00:00\",\"breadcrumb\":{\"@id\":\"https:\\\/\\\/www.isocfoundation.org\\\/fr\\\/programmes-de-bourses\\\/#breadcrumb\"},\"inLanguage\":\"fr-FR\",\"potentialAction\":[{\"@type\":\"ReadAction\",\"target\":[\"https:\\\/\\\/www.isocfoundation.org\\\/fr\\\/programmes-de-bourses\\\/\"]}]},{\"@type\":\"ImageObject\",\"inLanguage\":\"fr-FR\",\"@id\":\"https:\\\/\\\/www.isocfoundation.org\\\/fr\\\/programmes-de-bourses\\\/#primaryimage\",\"url\":\"https:\\\/\\\/www.isocfoundation.org\\\/wp-content\\\/uploads\\\/2019\\\/06\\\/Large-grants_2-2.jpg\",\"contentUrl\":\"https:\\\/\\\/www.isocfoundation.org\\\/wp-content\\\/uploads\\\/2019\\\/06\\\/Large-grants_2-2.jpg\"},{\"@type\":\"BreadcrumbList\",\"@id\":\"https:\\\/\\\/www.isocfoundation.org\\\/fr\\\/programmes-de-bourses\\\/#breadcrumb\",\"itemListElement\":[{\"@type\":\"ListItem\",\"position\":1,\"name\":\"Home\",\"item\":\"https:\\\/\\\/www.isocfoundation.org\\\/fr\\\/\"},{\"@type\":\"ListItem\",\"position\":2,\"name\":\"Domaines de financement\"}]},{\"@type\":\"WebSite\",\"@id\":\"https:\\\/\\\/www.isocfoundation.org\\\/#website\",\"url\":\"https:\\\/\\\/www.isocfoundation.org\\\/\",\"name\":\"Internet Society Foundation\",\"description\":\"The Internet transforms lives\",\"publisher\":{\"@id\":\"https:\\\/\\\/www.isocfoundation.org\\\/#organization\"},\"potentialAction\":[{\"@type\":\"SearchAction\",\"target\":{\"@type\":\"EntryPoint\",\"urlTemplate\":\"https:\\\/\\\/www.isocfoundation.org\\\/?s={search_term_string}\"},\"query-input\":{\"@type\":\"PropertyValueSpecification\",\"valueRequired\":true,\"valueName\":\"search_term_string\"}}],\"inLanguage\":\"fr-FR\"},{\"@type\":\"Organization\",\"@id\":\"https:\\\/\\\/www.isocfoundation.org\\\/#organization\",\"name\":\"Internet Society Foundation\",\"url\":\"https:\\\/\\\/www.isocfoundation.org\\\/\",\"logo\":{\"@type\":\"ImageObject\",\"inLanguage\":\"fr-FR\",\"@id\":\"https:\\\/\\\/www.isocfoundation.org\\\/#\\\/schema\\\/logo\\\/image\\\/\",\"url\":\"https:\\\/\\\/www.isocfoundation.org\\\/wp-content\\\/uploads\\\/2019\\\/02\\\/internet-society-foundation.jpg\",\"contentUrl\":\"https:\\\/\\\/www.isocfoundation.org\\\/wp-content\\\/uploads\\\/2019\\\/02\\\/internet-society-foundation.jpg\",\"width\":1200,\"height\":630,\"caption\":\"Internet Society Foundation\"},\"image\":{\"@id\":\"https:\\\/\\\/www.isocfoundation.org\\\/#\\\/schema\\\/logo\\\/image\\\/\"},\"sameAs\":[\"https:\\\/\\\/x.com\\\/ISOC_Foundation\"]}]}<\/script>\n<!-- \/ Yoast SEO plugin. -->","yoast_head_json":{"title":"Domaines de financement | Internet Society Foundation","robots":{"index":"index","follow":"follow","max-snippet":"max-snippet:-1","max-image-preview":"max-image-preview:large","max-video-preview":"max-video-preview:-1"},"canonical":"https:\/\/www.isocfoundation.org\/fr\/programmes-de-bourses\/","og_locale":"fr_FR","og_type":"article","og_title":"Domaines de financement | Internet Society Foundation","og_description":"Nous soutenons la communaut\u00e9 mondiale de l&rsquo;internet &#8211; chercheurs, d\u00e9veloppeurs, organisations \u00e0 but non lucratif, \u00e9ducateurs et autres &#8211; par le biais des programmes de subvention suivants : Programme de subvention Beyond the Net Le programme de subventions de grande envergure Beyond the Net offre un financement pour aider les chapitres de l&rsquo;Internet Society \u00e0&hellip;","og_url":"https:\/\/www.isocfoundation.org\/fr\/programmes-de-bourses\/","og_site_name":"Internet Society Foundation","article_modified_time":"2026-03-24T09:55:22+00:00","og_image":[{"url":"https:\/\/www.isocfoundation.org\/wp-content\/uploads\/2019\/06\/Large-grants_2-2.jpg","type":"","width":"","height":""}],"twitter_card":"summary_large_image","twitter_site":"@ISOC_Foundation","twitter_misc":{"Dur\u00e9e de lecture estim\u00e9e":"5 minutes"},"schema":{"@context":"https:\/\/schema.org","@graph":[{"@type":"WebPage","@id":"https:\/\/www.isocfoundation.org\/fr\/programmes-de-bourses\/","url":"https:\/\/www.isocfoundation.org\/fr\/programmes-de-bourses\/","name":"Domaines de financement | Internet Society Foundation","isPartOf":{"@id":"https:\/\/www.isocfoundation.org\/#website"},"primaryImageOfPage":{"@id":"https:\/\/www.isocfoundation.org\/fr\/programmes-de-bourses\/#primaryimage"},"image":{"@id":"https:\/\/www.isocfoundation.org\/fr\/programmes-de-bourses\/#primaryimage"},"thumbnailUrl":"https:\/\/www.isocfoundation.org\/wp-content\/uploads\/2019\/06\/Large-grants_2-2.jpg","datePublished":"2019-05-13T03:45:18+00:00","dateModified":"2026-03-24T09:55:22+00:00","breadcrumb":{"@id":"https:\/\/www.isocfoundation.org\/fr\/programmes-de-bourses\/#breadcrumb"},"inLanguage":"fr-FR","potentialAction":[{"@type":"ReadAction","target":["https:\/\/www.isocfoundation.org\/fr\/programmes-de-bourses\/"]}]},{"@type":"ImageObject","inLanguage":"fr-FR","@id":"https:\/\/www.isocfoundation.org\/fr\/programmes-de-bourses\/#primaryimage","url":"https:\/\/www.isocfoundation.org\/wp-content\/uploads\/2019\/06\/Large-grants_2-2.jpg","contentUrl":"https:\/\/www.isocfoundation.org\/wp-content\/uploads\/2019\/06\/Large-grants_2-2.jpg"},{"@type":"BreadcrumbList","@id":"https:\/\/www.isocfoundation.org\/fr\/programmes-de-bourses\/#breadcrumb","itemListElement":[{"@type":"ListItem","position":1,"name":"Home","item":"https:\/\/www.isocfoundation.org\/fr\/"},{"@type":"ListItem","position":2,"name":"Domaines de financement"}]},{"@type":"WebSite","@id":"https:\/\/www.isocfoundation.org\/#website","url":"https:\/\/www.isocfoundation.org\/","name":"Internet Society Foundation","description":"The Internet transforms lives","publisher":{"@id":"https:\/\/www.isocfoundation.org\/#organization"},"potentialAction":[{"@type":"SearchAction","target":{"@type":"EntryPoint","urlTemplate":"https:\/\/www.isocfoundation.org\/?s={search_term_string}"},"query-input":{"@type":"PropertyValueSpecification","valueRequired":true,"valueName":"search_term_string"}}],"inLanguage":"fr-FR"},{"@type":"Organization","@id":"https:\/\/www.isocfoundation.org\/#organization","name":"Internet Society Foundation","url":"https:\/\/www.isocfoundation.org\/","logo":{"@type":"ImageObject","inLanguage":"fr-FR","@id":"https:\/\/www.isocfoundation.org\/#\/schema\/logo\/image\/","url":"https:\/\/www.isocfoundation.org\/wp-content\/uploads\/2019\/02\/internet-society-foundation.jpg","contentUrl":"https:\/\/www.isocfoundation.org\/wp-content\/uploads\/2019\/02\/internet-society-foundation.jpg","width":1200,"height":630,"caption":"Internet Society Foundation"},"image":{"@id":"https:\/\/www.isocfoundation.org\/#\/schema\/logo\/image\/"},"sameAs":["https:\/\/x.com\/ISOC_Foundation"]}]}},"_links":{"self":[{"href":"https:\/\/www.isocfoundation.org\/fr\/wp-json\/wp\/v2\/pages\/1115","targetHints":{"allow":["GET"]}}],"collection":[{"href":"https:\/\/www.isocfoundation.org\/fr\/wp-json\/wp\/v2\/pages"}],"about":[{"href":"https:\/\/www.isocfoundation.org\/fr\/wp-json\/wp\/v2\/types\/page"}],"author":[{"embeddable":true,"href":"https:\/\/www.isocfoundation.org\/fr\/wp-json\/wp\/v2\/users\/1"}],"replies":[{"embeddable":true,"href":"https:\/\/www.isocfoundation.org\/fr\/wp-json\/wp\/v2\/comments?post=1115"}],"version-history":[{"count":2,"href":"https:\/\/www.isocfoundation.org\/fr\/wp-json\/wp\/v2\/pages\/1115\/revisions"}],"predecessor-version":[{"id":20874,"href":"https:\/\/www.isocfoundation.org\/fr\/wp-json\/wp\/v2\/pages\/1115\/revisions\/20874"}],"wp:attachment":[{"href":"https:\/\/www.isocfoundation.org\/fr\/wp-json\/wp\/v2\/media?parent=1115"}],"curies":[{"name":"wp","href":"https:\/\/api.w.org\/{rel}","templated":true}]}}