{"id":14444,"date":"2025-05-30T10:56:21","date_gmt":"2025-05-30T10:56:21","guid":{"rendered":"https:\/\/www.isocfoundation.org\/boite-a-outils-de-communication-pour-les-partenaires-beneficiaires-de-subventions\/"},"modified":"2026-04-20T16:00:07","modified_gmt":"2026-04-20T16:00:07","slug":"boite-a-outils-de-communication-pour-les-partenaires-beneficiaires-de-subventions","status":"publish","type":"page","link":"https:\/\/www.isocfoundation.org\/fr\/boite-a-outils-de-communication-pour-les-partenaires-beneficiaires-de-subventions\/","title":{"rendered":"Bo\u00eete \u00e0 outils de communication pour les partenaires b\u00e9n\u00e9ficiaires de subventions"},"content":{"rendered":"\n\n\t<h2>F\u00e9licitations pour votre subvention !<\/h2>\n<p>Le financement accord\u00e9 par la Fondation Internet Society est une r\u00e9ussite importante que nous vous encourageons \u00e0 partager avec votre communaut\u00e9. Cette bo\u00eete \u00e0 outils de communication pour les partenaires b\u00e9n\u00e9ficiaires de subventions vous fournit des conseils pour vous aider \u00e0 faire conna\u00eetre votre projet. Elle comprend :<\/p>\n<ul>\n<li><a href=\"#acknowledgement\">Recommandations pour mentionner l&rsquo;Internet Society Foundation<\/a><\/li>\n<li><a href=\"https:\/\/www.isocfoundation.org\/fr\/2-tirer-le-meilleur-parti-du-processus-dannonce-des-subventions\/\">Tirer le meilleur parti du processus d&rsquo;annonce des subventions de l&rsquo;Internet Society Foundation<\/a><\/li>\n<li><a href=\"https:\/\/www.isocfoundation.org\/fr\/3-partager-votre-actualite-avec-le-public\/\">Id\u00e9es pour partager votre actualit\u00e9 avec le public<\/a><\/li>\n<li><a href=\"https:\/\/www.isocfoundation.org\/fr\/4-un-recit-percutant\/\">R\u00e9cits percutants<\/a><\/li>\n<li><a href=\"https:\/\/www.isocfoundation.org\/resources\/internet-society-foundation-logo-usage\/\">Logos<\/a><\/li>\n<\/ul>\n<h2>Rester en contact avec l&rsquo;Internet Society Foundation<\/h2>\n<p>En plus des recommandations ci-dessus, tirez le meilleur parti de votre relation avec l&rsquo;Internet Society Foundation en restant en contact :<\/p>\n<ul>\n<li><a href=\"https:\/\/www.facebook.com\/ISOCfoundation\/\" target=\"_blank\" rel=\"noopener\">Aimez-nous sur Facebook<\/a><\/li>\n<li><a href=\"https:\/\/twitter.com\/ISOC_Foundation\" target=\"_blank\" rel=\"noopener\">Suivez-nous sur X\/Twitter<\/a><\/li>\n<li><a href=\"http:\/\/instagram.com\/isoc_foundation\/\" target=\"_blank\" rel=\"noopener\">Suivez-nous sur Instagram<\/a><\/li>\n<li><a href=\"https:\/\/www.linkedin.com\/company\/internet-society-foundation\/\" target=\"_blank\" rel=\"noopener\">Suivez-nous sur LinkedIn<\/a><\/li>\n<li><a href=\"https:\/\/www.youtube.com\/c\/InternetSocietyFoundation\" target=\"_blank\" rel=\"noopener\">Visitez et abonnez-vous \u00e0 notre cha\u00eene YouTube<\/a><\/li>\n<\/ul>\n<h2>\n\t\t\tInscrivez-vous \u00e0 notre newsletter\t<\/h2>\n\t<h2>Recommandations de la Fondation Internet Society en mati\u00e8re de mention<\/h2>\n<p>Les directives ci-dessous font r\u00e9f\u00e9rence \u00e0 la \u00ab mention \u00bb, au \u00ab logo \u00bb et au \u00ab texte standard de la Fondation Internet Society \u00bb. Voici ce que nous entendons par ces termes :<\/p>\n<h3>Mention<\/h3>\n<p><strong>Pour les travaux dont la Fondation ISOC est l&rsquo;unique bailleur de fonds<\/strong><\/p>\n<p>\u00ab Ce projet a \u00e9t\u00e9 rendu possible gr\u00e2ce au financement de la Fondation Internet Society \u00bb.<\/p>\n<p><strong>Pour les travaux dont l&rsquo;ISOC Foundation est l&rsquo;un des bailleurs de fonds<\/strong><\/p>\n<p>\u00ab Ce projet a \u00e9t\u00e9 rendu possible en partie gr\u00e2ce au financement de l&rsquo;Internet Society Foundation \u00bb.<\/p>\n<p><strong>Pour les travaux b\u00e9n\u00e9ficiant d&rsquo;un parrainage fiscal<\/strong><\/p>\n<p>\u00ab Ce projet a \u00e9t\u00e9 rendu possible gr\u00e2ce au financement de [nom du parrain fiscal] en partenariat avec la Fondation Internet Society \u00bb.<\/p>\n<h3>Logo<\/h3>\n<p>Veuillez consulter les <a href=\"https:\/\/www.isocfoundation.org\/resources\/internet-society-foundation-logo-usage\/\">directives relatives au logo de la Fondation Internet Society<\/a><\/p>\n<h3>Reconnaissance du soutien dans les produits subventionn\u00e9s<\/h3>\n<p>Nous encourageons la reconnaissance du soutien de la Fondation Internet Society dans tous les produits, publications et sites Web d\u00e9velopp\u00e9s gr\u00e2ce au financement de la Fondation Internet Society. La reconnaissance doit inclure la mention et le logo de la Fondation Internet Society, si l&rsquo;espace le permet. Les affiches ou brochures concernant les programmes et projets financ\u00e9s par la Fondation Internet Society peuvent \u00e9galement inclure le logo de la Fondation Internet Society.<\/p>\n<h3>Reconnaissance du soutien dans la publicit\u00e9 et les \u00e9v\u00e9nements publics<\/h3>\n<h3>Communiqu\u00e9s de presse<\/h3>\nLe texte standard et le logo de la Fondation Internet Society doivent \u00eatre utilis\u00e9s dans vos communiqu\u00e9s de presse :\n<br \/>\n<strong>Texte standard<\/strong>\n\u00ab \u00c0 propos de la Fondation Internet Society La Fondation Internet Society croit au pouvoir transformateur de l&rsquo;Internet pour am\u00e9liorer la vie de tous. Guid\u00e9s par notre vision d&rsquo;un Internet pour tous, nous soutenons des initiatives qui favorisent un Internet ouvert, connect\u00e9 \u00e0 l&rsquo;\u00e9chelle mondiale, s\u00e9curis\u00e9 et fiable. Gr\u00e2ce \u00e0 un financement strat\u00e9gique et \u00e0 des partenariats, nous \u00e9largissons l&rsquo;acc\u00e8s au num\u00e9rique, encourageons l&rsquo;innovation et relevons les d\u00e9fis majeurs dans les domaines de l&rsquo;\u00e9ducation, de la sant\u00e9 et des opportunit\u00e9s \u00e9conomiques. Depuis 2019, nous \u0153uvrons \u00e0 lib\u00e9rer tout le potentiel de l&rsquo;Internet pour les communaut\u00e9s du monde entier \u00bb.\n<p><strong><a href=\"https:\/\/www.isocfoundation.org\/resources\/internet-society-foundation-logo-usage\/\">Directives relatives au logo<\/a><\/strong><\/p>\n<h3>R\u00e9seaux sociaux<\/h3>\n<p>Vous pouvez utiliser les messages publi\u00e9s par la Fondation Internet Society sur les r\u00e9seaux sociaux le jour de l&rsquo;annonce de l&rsquo;octroi des subventions. N&rsquo;h\u00e9sitez pas \u00e0 partager les messages de la Fondation Internet Society sur les r\u00e9seaux sociaux concernant le programme de subventions et \u00e0 \u00ab aimer \u00bb ou commenter nos publications. Si vous publiez vos propres messages, veillez \u00e0 nous mentionner afin que nous puissions les voir et les relayer si possible.<\/p>\n<h3>\u00c9v\u00e9nements avec la presse<\/h3>\n<p>Le soutien de l&rsquo;Internet Society Foundation doit \u00eatre mentionn\u00e9 verbalement lors de toutes les interviews avec les m\u00e9dias, y compris \u00e0 la radio, \u00e0 la t\u00e9l\u00e9vision et lors des conf\u00e9rences de presse.<\/p>\n<h3>\u00c9v\u00e9nements publics<\/h3>\n<p>Lors des programmes ou des rassemblements publics li\u00e9s \u00e0 votre bourse, mentionnez oralement l&rsquo;Internet Society Foundation. Affichez le logo sur la signal\u00e9tique lors des \u00e9v\u00e9nements. <a href=\"https:\/\/www.isocfoundation.org\/resources\/internet-society-foundation-logo-usage\/\">Consultez les directives relatives au logo de la Fondation pour plus de d\u00e9tails<\/a>.<\/p>\n<h3>Enregistrements audio\/vid\u00e9o<\/h3>\n<p>Les diffusions audio\/vid\u00e9o doivent inclure la mention de reconnaissance (voir ci-dessus). Les diffusions vid\u00e9o doivent afficher le logo de la Fondation Internet Society.<\/p>\n<p>Pour toute question concernant les formes de mention, veuillez contacter le bureau de la communication \u00e0 l&rsquo;adresse <a href=\"mailto:communications@isocfoundation.org\">communications@isocfoundation.org<\/a>.<\/p>\n<figure itemscope itemtype=\"https:\/\/schema.org\/ImageObject\">\n\t\t\t\t<img decoding=\"async\" src=\"https:\/\/www.isocfoundation.org\/wp-content\/uploads\/2024\/01\/Schools-in-Kyrgyzstan-1024x681.webp\" alt=\"Jalal-Abad region \/ Kyrgyzstan - 06.25.2018 : Children in the classroom in a rural school\n\" height=\"681\" width=\"1024\" title=\"Schools in Kyrgyzstan\" onerror=\"this.style.display='none'\" loading=\"lazy\" \/>\n\t\t<figcaption>Children in the classroom in a rural school in Kyrgyzstan\nCredit: Shutterstock\/ \n<\/figcaption>\n\t<\/figure>\n\t\t\t<a href=\"https:\/\/www.isocfoundation.org\/fr\/2-tirer-le-meilleur-parti-du-processus-dannonce-des-subventions\/\"  target=\"_self\">\n\t\t\t\t\t\t\tEnsuite : Tirer le meilleur parti de l&rsquo;annonce de votre subvention\n\t\t\t\t\t<\/a>\n\t<h3>Contact pour les communications<\/h3>\n<p>Si vous avez des questions, veuillez contacter notre bureau de communication :<\/p>\n<strong>E-mail<\/strong><br \/>\n <a href=\"mailto:communications@isocfoundation.org\">communications@isocfoundation.org<\/a>\n\t<h3>Bo\u00eete \u00e0 outils de communication pour les partenaires b\u00e9n\u00e9ficiaires de subventions<\/h3>\n<ul>\n<li><strong>Directives de mention de l&rsquo;Internet Society Foundation<\/strong><\/li>\n<li><a href=\"https:\/\/www.isocfoundation.org\/fr\/2-tirer-le-meilleur-parti-du-processus-dannonce-des-subventions\/\">Tirer le meilleur parti du processus d&rsquo;annonce des subventions de la Fondation Internet Society<\/a><\/li>\n<li><a href=\"https:\/\/www.isocfoundation.org\/fr\/3-partager-votre-actualite-avec-le-public\/\">Id\u00e9es pour partager vos actualit\u00e9s avec le public<\/a><\/li>\n<li><a href=\"https:\/\/www.isocfoundation.org\/fr\/4-un-recit-percutant\/\">R\u00e9cits percutantss<\/a><\/li>\n<li><a href=\"https:\/\/www.isocfoundation.org\/resources\/internet-society-foundation-logo-usage\/\">Logos<\/a><\/li>\n<\/ul>\n\n","protected":false},"excerpt":{"rendered":"<p>F\u00e9licitations pour votre subvention ! Le financement accord\u00e9 par la Fondation Internet Society est une r\u00e9ussite importante que nous vous encourageons \u00e0 partager avec votre communaut\u00e9. Cette bo\u00eete \u00e0 outils de communication pour les partenaires b\u00e9n\u00e9ficiaires de subventions vous fournit des conseils pour vous aider \u00e0 faire conna\u00eetre votre projet. Elle comprend : Recommandations pour&hellip;<\/p>\n","protected":false},"author":23,"featured_media":13341,"parent":0,"menu_order":0,"comment_status":"closed","ping_status":"closed","template":"","meta":{"footnotes":""},"class_list":["post-14444","page","type-page","status-publish","has-post-thumbnail","hentry"],"yoast_head":"<!-- This site is optimized with the Yoast SEO plugin v27.3 - https:\/\/yoast.com\/product\/yoast-seo-wordpress\/ -->\n<title>Bo\u00eete \u00e0 outils de communication pour les partenaires b\u00e9n\u00e9ficiaires de subventions | Internet Society Foundation<\/title>\n<meta name=\"robots\" content=\"index, follow, max-snippet:-1, max-image-preview:large, max-video-preview:-1\" \/>\n<link rel=\"canonical\" href=\"https:\/\/www.isocfoundation.org\/fr\/boite-a-outils-de-communication-pour-les-partenaires-beneficiaires-de-subventions\/\" \/>\n<meta property=\"og:locale\" content=\"fr_FR\" \/>\n<meta property=\"og:type\" content=\"article\" \/>\n<meta property=\"og:title\" content=\"Bo\u00eete \u00e0 outils de communication pour les partenaires b\u00e9n\u00e9ficiaires de subventions | Internet Society Foundation\" \/>\n<meta property=\"og:description\" content=\"F\u00e9licitations pour votre subvention ! Le financement accord\u00e9 par la Fondation Internet Society est une r\u00e9ussite importante que nous vous encourageons \u00e0 partager avec votre communaut\u00e9. Cette bo\u00eete \u00e0 outils de communication pour les partenaires b\u00e9n\u00e9ficiaires de subventions vous fournit des conseils pour vous aider \u00e0 faire conna\u00eetre votre projet. Elle comprend : Recommandations pour&hellip;\" \/>\n<meta property=\"og:url\" content=\"https:\/\/www.isocfoundation.org\/fr\/boite-a-outils-de-communication-pour-les-partenaires-beneficiaires-de-subventions\/\" \/>\n<meta property=\"og:site_name\" content=\"Internet Society Foundation\" \/>\n<meta property=\"article:modified_time\" content=\"2026-04-20T16:00:07+00:00\" \/>\n<meta property=\"og:image\" content=\"https:\/\/www.isocfoundation.org\/wp-content\/uploads\/2023\/04\/imagen-1024x576.png\" \/>\n\t<meta property=\"og:image:width\" content=\"1024\" \/>\n\t<meta property=\"og:image:height\" content=\"576\" \/>\n\t<meta property=\"og:image:type\" content=\"image\/png\" \/>\n<meta name=\"twitter:card\" content=\"summary_large_image\" \/>\n<meta name=\"twitter:site\" content=\"@ISOC_Foundation\" \/>\n<meta name=\"twitter:label1\" content=\"Dur\u00e9e de lecture estim\u00e9e\" \/>\n\t<meta name=\"twitter:data1\" content=\"4 minutes\" \/>\n<script type=\"application\/ld+json\" class=\"yoast-schema-graph\">{\"@context\":\"https:\\\/\\\/schema.org\",\"@graph\":[{\"@type\":\"WebPage\",\"@id\":\"https:\\\/\\\/www.isocfoundation.org\\\/fr\\\/boite-a-outils-de-communication-pour-les-partenaires-beneficiaires-de-subventions\\\/\",\"url\":\"https:\\\/\\\/www.isocfoundation.org\\\/fr\\\/boite-a-outils-de-communication-pour-les-partenaires-beneficiaires-de-subventions\\\/\",\"name\":\"Bo\u00eete \u00e0 outils de communication pour les partenaires b\u00e9n\u00e9ficiaires de subventions | Internet Society Foundation\",\"isPartOf\":{\"@id\":\"https:\\\/\\\/www.isocfoundation.org\\\/#website\"},\"primaryImageOfPage\":{\"@id\":\"https:\\\/\\\/www.isocfoundation.org\\\/fr\\\/boite-a-outils-de-communication-pour-les-partenaires-beneficiaires-de-subventions\\\/#primaryimage\"},\"image\":{\"@id\":\"https:\\\/\\\/www.isocfoundation.org\\\/fr\\\/boite-a-outils-de-communication-pour-les-partenaires-beneficiaires-de-subventions\\\/#primaryimage\"},\"thumbnailUrl\":\"https:\\\/\\\/www.isocfoundation.org\\\/wp-content\\\/uploads\\\/2023\\\/04\\\/imagen.jpg\",\"datePublished\":\"2025-05-30T10:56:21+00:00\",\"dateModified\":\"2026-04-20T16:00:07+00:00\",\"breadcrumb\":{\"@id\":\"https:\\\/\\\/www.isocfoundation.org\\\/fr\\\/boite-a-outils-de-communication-pour-les-partenaires-beneficiaires-de-subventions\\\/#breadcrumb\"},\"inLanguage\":\"fr-FR\",\"potentialAction\":[{\"@type\":\"ReadAction\",\"target\":[\"https:\\\/\\\/www.isocfoundation.org\\\/fr\\\/boite-a-outils-de-communication-pour-les-partenaires-beneficiaires-de-subventions\\\/\"]}]},{\"@type\":\"ImageObject\",\"inLanguage\":\"fr-FR\",\"@id\":\"https:\\\/\\\/www.isocfoundation.org\\\/fr\\\/boite-a-outils-de-communication-pour-les-partenaires-beneficiaires-de-subventions\\\/#primaryimage\",\"url\":\"https:\\\/\\\/www.isocfoundation.org\\\/wp-content\\\/uploads\\\/2023\\\/04\\\/imagen.jpg\",\"contentUrl\":\"https:\\\/\\\/www.isocfoundation.org\\\/wp-content\\\/uploads\\\/2023\\\/04\\\/imagen.jpg\",\"width\":2048,\"height\":1152},{\"@type\":\"BreadcrumbList\",\"@id\":\"https:\\\/\\\/www.isocfoundation.org\\\/fr\\\/boite-a-outils-de-communication-pour-les-partenaires-beneficiaires-de-subventions\\\/#breadcrumb\",\"itemListElement\":[{\"@type\":\"ListItem\",\"position\":1,\"name\":\"Home\",\"item\":\"https:\\\/\\\/www.isocfoundation.org\\\/fr\\\/\"},{\"@type\":\"ListItem\",\"position\":2,\"name\":\"Bo\u00eete \u00e0 outils de communication pour les partenaires b\u00e9n\u00e9ficiaires de subventions\"}]},{\"@type\":\"WebSite\",\"@id\":\"https:\\\/\\\/www.isocfoundation.org\\\/#website\",\"url\":\"https:\\\/\\\/www.isocfoundation.org\\\/\",\"name\":\"Internet Society Foundation\",\"description\":\"The Internet transforms lives\",\"publisher\":{\"@id\":\"https:\\\/\\\/www.isocfoundation.org\\\/#organization\"},\"potentialAction\":[{\"@type\":\"SearchAction\",\"target\":{\"@type\":\"EntryPoint\",\"urlTemplate\":\"https:\\\/\\\/www.isocfoundation.org\\\/?s={search_term_string}\"},\"query-input\":{\"@type\":\"PropertyValueSpecification\",\"valueRequired\":true,\"valueName\":\"search_term_string\"}}],\"inLanguage\":\"fr-FR\"},{\"@type\":\"Organization\",\"@id\":\"https:\\\/\\\/www.isocfoundation.org\\\/#organization\",\"name\":\"Internet Society Foundation\",\"url\":\"https:\\\/\\\/www.isocfoundation.org\\\/\",\"logo\":{\"@type\":\"ImageObject\",\"inLanguage\":\"fr-FR\",\"@id\":\"https:\\\/\\\/www.isocfoundation.org\\\/#\\\/schema\\\/logo\\\/image\\\/\",\"url\":\"https:\\\/\\\/www.isocfoundation.org\\\/wp-content\\\/uploads\\\/2019\\\/02\\\/internet-society-foundation.jpg\",\"contentUrl\":\"https:\\\/\\\/www.isocfoundation.org\\\/wp-content\\\/uploads\\\/2019\\\/02\\\/internet-society-foundation.jpg\",\"width\":1200,\"height\":630,\"caption\":\"Internet Society Foundation\"},\"image\":{\"@id\":\"https:\\\/\\\/www.isocfoundation.org\\\/#\\\/schema\\\/logo\\\/image\\\/\"},\"sameAs\":[\"https:\\\/\\\/x.com\\\/ISOC_Foundation\"]}]}<\/script>\n<!-- \/ Yoast SEO plugin. -->","yoast_head_json":{"title":"Bo\u00eete \u00e0 outils de communication pour les partenaires b\u00e9n\u00e9ficiaires de subventions | Internet Society Foundation","robots":{"index":"index","follow":"follow","max-snippet":"max-snippet:-1","max-image-preview":"max-image-preview:large","max-video-preview":"max-video-preview:-1"},"canonical":"https:\/\/www.isocfoundation.org\/fr\/boite-a-outils-de-communication-pour-les-partenaires-beneficiaires-de-subventions\/","og_locale":"fr_FR","og_type":"article","og_title":"Bo\u00eete \u00e0 outils de communication pour les partenaires b\u00e9n\u00e9ficiaires de subventions | Internet Society Foundation","og_description":"F\u00e9licitations pour votre subvention ! Le financement accord\u00e9 par la Fondation Internet Society est une r\u00e9ussite importante que nous vous encourageons \u00e0 partager avec votre communaut\u00e9. Cette bo\u00eete \u00e0 outils de communication pour les partenaires b\u00e9n\u00e9ficiaires de subventions vous fournit des conseils pour vous aider \u00e0 faire conna\u00eetre votre projet. Elle comprend : Recommandations pour&hellip;","og_url":"https:\/\/www.isocfoundation.org\/fr\/boite-a-outils-de-communication-pour-les-partenaires-beneficiaires-de-subventions\/","og_site_name":"Internet Society Foundation","article_modified_time":"2026-04-20T16:00:07+00:00","og_image":[{"width":1024,"height":576,"url":"https:\/\/www.isocfoundation.org\/wp-content\/uploads\/2023\/04\/imagen-1024x576.png","type":"image\/png"}],"twitter_card":"summary_large_image","twitter_site":"@ISOC_Foundation","twitter_misc":{"Dur\u00e9e de lecture estim\u00e9e":"4 minutes"},"schema":{"@context":"https:\/\/schema.org","@graph":[{"@type":"WebPage","@id":"https:\/\/www.isocfoundation.org\/fr\/boite-a-outils-de-communication-pour-les-partenaires-beneficiaires-de-subventions\/","url":"https:\/\/www.isocfoundation.org\/fr\/boite-a-outils-de-communication-pour-les-partenaires-beneficiaires-de-subventions\/","name":"Bo\u00eete \u00e0 outils de communication pour les partenaires b\u00e9n\u00e9ficiaires de subventions | Internet Society Foundation","isPartOf":{"@id":"https:\/\/www.isocfoundation.org\/#website"},"primaryImageOfPage":{"@id":"https:\/\/www.isocfoundation.org\/fr\/boite-a-outils-de-communication-pour-les-partenaires-beneficiaires-de-subventions\/#primaryimage"},"image":{"@id":"https:\/\/www.isocfoundation.org\/fr\/boite-a-outils-de-communication-pour-les-partenaires-beneficiaires-de-subventions\/#primaryimage"},"thumbnailUrl":"https:\/\/www.isocfoundation.org\/wp-content\/uploads\/2023\/04\/imagen.jpg","datePublished":"2025-05-30T10:56:21+00:00","dateModified":"2026-04-20T16:00:07+00:00","breadcrumb":{"@id":"https:\/\/www.isocfoundation.org\/fr\/boite-a-outils-de-communication-pour-les-partenaires-beneficiaires-de-subventions\/#breadcrumb"},"inLanguage":"fr-FR","potentialAction":[{"@type":"ReadAction","target":["https:\/\/www.isocfoundation.org\/fr\/boite-a-outils-de-communication-pour-les-partenaires-beneficiaires-de-subventions\/"]}]},{"@type":"ImageObject","inLanguage":"fr-FR","@id":"https:\/\/www.isocfoundation.org\/fr\/boite-a-outils-de-communication-pour-les-partenaires-beneficiaires-de-subventions\/#primaryimage","url":"https:\/\/www.isocfoundation.org\/wp-content\/uploads\/2023\/04\/imagen.jpg","contentUrl":"https:\/\/www.isocfoundation.org\/wp-content\/uploads\/2023\/04\/imagen.jpg","width":2048,"height":1152},{"@type":"BreadcrumbList","@id":"https:\/\/www.isocfoundation.org\/fr\/boite-a-outils-de-communication-pour-les-partenaires-beneficiaires-de-subventions\/#breadcrumb","itemListElement":[{"@type":"ListItem","position":1,"name":"Home","item":"https:\/\/www.isocfoundation.org\/fr\/"},{"@type":"ListItem","position":2,"name":"Bo\u00eete \u00e0 outils de communication pour les partenaires b\u00e9n\u00e9ficiaires de subventions"}]},{"@type":"WebSite","@id":"https:\/\/www.isocfoundation.org\/#website","url":"https:\/\/www.isocfoundation.org\/","name":"Internet Society Foundation","description":"The Internet transforms lives","publisher":{"@id":"https:\/\/www.isocfoundation.org\/#organization"},"potentialAction":[{"@type":"SearchAction","target":{"@type":"EntryPoint","urlTemplate":"https:\/\/www.isocfoundation.org\/?s={search_term_string}"},"query-input":{"@type":"PropertyValueSpecification","valueRequired":true,"valueName":"search_term_string"}}],"inLanguage":"fr-FR"},{"@type":"Organization","@id":"https:\/\/www.isocfoundation.org\/#organization","name":"Internet Society Foundation","url":"https:\/\/www.isocfoundation.org\/","logo":{"@type":"ImageObject","inLanguage":"fr-FR","@id":"https:\/\/www.isocfoundation.org\/#\/schema\/logo\/image\/","url":"https:\/\/www.isocfoundation.org\/wp-content\/uploads\/2019\/02\/internet-society-foundation.jpg","contentUrl":"https:\/\/www.isocfoundation.org\/wp-content\/uploads\/2019\/02\/internet-society-foundation.jpg","width":1200,"height":630,"caption":"Internet Society Foundation"},"image":{"@id":"https:\/\/www.isocfoundation.org\/#\/schema\/logo\/image\/"},"sameAs":["https:\/\/x.com\/ISOC_Foundation"]}]}},"_links":{"self":[{"href":"https:\/\/www.isocfoundation.org\/fr\/wp-json\/wp\/v2\/pages\/14444","targetHints":{"allow":["GET"]}}],"collection":[{"href":"https:\/\/www.isocfoundation.org\/fr\/wp-json\/wp\/v2\/pages"}],"about":[{"href":"https:\/\/www.isocfoundation.org\/fr\/wp-json\/wp\/v2\/types\/page"}],"author":[{"embeddable":true,"href":"https:\/\/www.isocfoundation.org\/fr\/wp-json\/wp\/v2\/users\/23"}],"replies":[{"embeddable":true,"href":"https:\/\/www.isocfoundation.org\/fr\/wp-json\/wp\/v2\/comments?post=14444"}],"version-history":[{"count":3,"href":"https:\/\/www.isocfoundation.org\/fr\/wp-json\/wp\/v2\/pages\/14444\/revisions"}],"predecessor-version":[{"id":21110,"href":"https:\/\/www.isocfoundation.org\/fr\/wp-json\/wp\/v2\/pages\/14444\/revisions\/21110"}],"wp:featuredmedia":[{"embeddable":true,"href":"https:\/\/www.isocfoundation.org\/fr\/wp-json\/wp\/v2\/media\/13341"}],"wp:attachment":[{"href":"https:\/\/www.isocfoundation.org\/fr\/wp-json\/wp\/v2\/media?parent=14444"}],"curies":[{"name":"wp","href":"https:\/\/api.w.org\/{rel}","templated":true}]}}