{"id":19119,"date":"2025-11-19T19:04:17","date_gmt":"2025-11-19T19:04:17","guid":{"rendered":"https:\/\/www.isocfoundation.org\/?page_id=19119"},"modified":"2026-03-25T09:45:09","modified_gmt":"2026-03-25T09:45:09","slug":"plan-daction-2026","status":"publish","type":"page","link":"https:\/\/www.isocfoundation.org\/fr\/a-propos-de\/plan-daction-2026\/","title":{"rendered":"Plan d\u2019action 2026"},"content":{"rendered":"\n<h1>\n\t\t\tPlan d&rsquo;action 2026\t<\/h1>\n\t<p><strong>En 2026, nous entamerons la deuxi\u00e8me ann\u00e9e de mise en \u0153uvre de la <a href=\"https:\/\/www.internetsociety.org\/fr\/resources\/doc\/2024\/strategie-2030\/\">Strat\u00e9gie 2030 de l&rsquo;Internet Society<\/a>. L&rsquo;objectif de la <a href=\"https:\/\/www.isocfoundation.org\/fr\/?_gl=1%2A1jqg0wf%2A_up%2AMQ..%2A_ga%2AMTQ3MDQyNzg1My4xNzYyMzY1MjQ1%2A_ga_BQY6ZNFJLB%2AczE3NjIzNjUyNDMkbzEkZzAkdDE3NjIzNjUyNDMkajYwJGwwJGgw\">Fondation Internet Society<\/a> reste clair: agir comme une organisation de soutien solide et fiable, qui amplifie l&rsquo;impact de l&rsquo;<a href=\"https:\/\/www.internetsociety.org\/fr\/\">Internet Society<\/a><\/strong><strong> \u00e0 l&rsquo;\u00e9chelle mondiale.<\/strong>\u00a0\u00a0<\/p>\n<p>Nous nous engageons \u00e0 faire en sorte que toutes les personnes, partout dans le monde, aient acc\u00e8s \u00e0 un Internet abordable, fiable et r\u00e9silient, qui soit s\u00e9curis\u00e9, s\u00fbr et respectueux des droits en ligne. Par nos actions, nous contribuons \u00e0 renforcer la communaut\u00e9 Internet \u00e0 l&rsquo;\u00e9chelle mondiale et \u00e0 faire progresser les objectifs strat\u00e9giques qui d\u00e9termineront l&rsquo;avenir d&rsquo;Internet.\u00a0<\/p>\n<p>La Fondation Internet Society contribue aux objectifs strat\u00e9giques 2030 en pr\u00e9parant les futurs leaders d&rsquo;Internet, en g\u00e9n\u00e9rant un impact via le financement d&rsquo;initiatives align\u00e9es sur sa mission, en assurant sa p\u00e9rennit\u00e9 financi\u00e8re gr\u00e2ce \u00e0 la g\u00e9n\u00e9ration de revenus, et en construisant une marque mondiale reconnue. Ensemble, nous \u0153uvrons \u00e0 faire progresser de mani\u00e8re concr\u00e8te la connectivit\u00e9 universelle et inclusive.\u00a0<\/p>\n<p><strong>Le Plan d&rsquo;action 2026 repr\u00e9sente une nouvelle \u00e9tape dans notre cheminement collectif vers un Internet ouvert, mondialement connect\u00e9, s\u00fbr et digne de confiance.<\/strong> Cette ann\u00e9e marque une nouvelle phase pour la Fondation, alors que nous d\u00e9veloppons nos initiatives afin de rendre Internet plus accessible, plus s\u00fbr et plus inclusif pour les communaut\u00e9s du monde entier.\u00a0\u00a0<\/p>\n<p>Guid\u00e9s par notre conviction que l&rsquo;Internet est une force au service du bien, nous restons engag\u00e9s \u00e0 soutenir des id\u00e9es audacieuses, un leadership local et des solutions collaboratives favorisant une connectivit\u00e9 significative et des opportunit\u00e9s num\u00e9riques pour tout le monde.\u00a0<\/p>\n<p>Le <a href=\"https:\/\/www.isocfoundation.org\/fr\/a-propos-de\/plan-daction-2026\/\"><b>Plan d&rsquo;action de la Fondation Internet Society<\/b><\/a>, conjointement avec le <a href=\"https:\/\/www.internetsociety.org\/fr\/action-plan\/2026\/\"><b>Plan d&rsquo;action 2026 de l&rsquo;Internet Society<\/b><\/a>, refl\u00e8te notre engagement commun \u00e0 cr\u00e9er un <b>Internet pour tout le monde.<\/b>\u00a0\u00a0<\/p>\n<figure itemscope itemtype=\"https:\/\/schema.org\/ImageObject\">\n\t\t\t\t<a href=\"https:\/\/www.isocfoundation.org\/wp-content\/uploads\/2024\/11\/20241116_Action-Plan-English.pdf\"  target=\"_blank\" rel=\"noopener\"  itemprop=\"url\">\n\t\t\t\t<img decoding=\"async\" src=\"https:\/\/www.isocfoundation.org\/wp-content\/uploads\/2025\/11\/AP2026-Cover-FR-1.png\" alt=\"Couverture du Plan d&#039;action 2026 repr\u00e9sentant deux personnes et l&#039;infrastructure Internet, version fran\u00e7aise.\" height=\"952\" width=\"670\" onerror=\"this.style.display='none'\" loading=\"lazy\" \/>\n\t\t\t\t<\/a>\n\t<\/figure>\n\t\t\t<a href=\"https:\/\/www.isocfoundation.org\/wp-content\/uploads\/2025\/11\/2026-Foundation-Action-Plan-FR.pdf\"  target=\"_blank\" rel=\"noopener\"    rel=\"noopener\">\n\t\t\t\t\t\t\tT\u00e9l\u00e9charger le Plan d&rsquo;action 2026\n\t\t\t\t\t<\/a>\n\n","protected":false},"excerpt":{"rendered":"<p>Plan d&rsquo;action 2026 En 2026, nous entamerons la deuxi\u00e8me ann\u00e9e de mise en \u0153uvre de la Strat\u00e9gie 2030 de l&rsquo;Internet Society. L&rsquo;objectif de la Fondation Internet Society reste clair: agir comme une organisation de soutien solide et fiable, qui amplifie l&rsquo;impact de l&rsquo;Internet Society \u00e0 l&rsquo;\u00e9chelle mondiale.\u00a0\u00a0 Nous nous engageons \u00e0 faire en sorte que&hellip;<\/p>\n","protected":false},"author":25,"featured_media":19073,"parent":1087,"menu_order":0,"comment_status":"closed","ping_status":"closed","template":"","meta":{"footnotes":""},"class_list":["post-19119","page","type-page","status-publish","has-post-thumbnail","hentry"],"yoast_head":"<!-- This site is optimized with the Yoast SEO plugin v27.3 - https:\/\/yoast.com\/product\/yoast-seo-wordpress\/ -->\n<title>Plan d\u2019action 2026 | Internet Society Foundation<\/title>\n<meta name=\"robots\" content=\"index, follow, max-snippet:-1, max-image-preview:large, max-video-preview:-1\" \/>\n<link rel=\"canonical\" href=\"https:\/\/www.isocfoundation.org\/fr\/a-propos-de\/plan-daction-2026\/\" \/>\n<meta property=\"og:locale\" content=\"fr_FR\" \/>\n<meta property=\"og:type\" content=\"article\" \/>\n<meta property=\"og:title\" content=\"Plan d\u2019action 2026 | Internet Society Foundation\" \/>\n<meta property=\"og:description\" content=\"Plan d&rsquo;action 2026 En 2026, nous entamerons la deuxi\u00e8me ann\u00e9e de mise en \u0153uvre de la Strat\u00e9gie 2030 de l&rsquo;Internet Society. L&rsquo;objectif de la Fondation Internet Society reste clair: agir comme une organisation de soutien solide et fiable, qui amplifie l&rsquo;impact de l&rsquo;Internet Society \u00e0 l&rsquo;\u00e9chelle mondiale.\u00a0\u00a0 Nous nous engageons \u00e0 faire en sorte que&hellip;\" \/>\n<meta property=\"og:url\" content=\"https:\/\/www.isocfoundation.org\/fr\/a-propos-de\/plan-daction-2026\/\" \/>\n<meta property=\"og:site_name\" content=\"Internet Society Foundation\" \/>\n<meta property=\"article:modified_time\" content=\"2026-03-25T09:45:09+00:00\" \/>\n<meta property=\"og:image\" content=\"https:\/\/www.isocfoundation.org\/wp-content\/uploads\/2025\/11\/AP2026-Banner-image.png\" \/>\n\t<meta property=\"og:image:width\" content=\"1800\" \/>\n\t<meta property=\"og:image:height\" content=\"680\" \/>\n\t<meta property=\"og:image:type\" content=\"image\/png\" \/>\n<meta name=\"twitter:card\" content=\"summary_large_image\" \/>\n<meta name=\"twitter:site\" content=\"@ISOC_Foundation\" \/>\n<meta name=\"twitter:label1\" content=\"Dur\u00e9e de lecture estim\u00e9e\" \/>\n\t<meta name=\"twitter:data1\" content=\"2 minutes\" \/>\n<script type=\"application\/ld+json\" class=\"yoast-schema-graph\">{\"@context\":\"https:\\\/\\\/schema.org\",\"@graph\":[{\"@type\":\"WebPage\",\"@id\":\"https:\\\/\\\/www.isocfoundation.org\\\/fr\\\/a-propos-de\\\/plan-daction-2026\\\/\",\"url\":\"https:\\\/\\\/www.isocfoundation.org\\\/fr\\\/a-propos-de\\\/plan-daction-2026\\\/\",\"name\":\"Plan d\u2019action 2026 | Internet Society Foundation\",\"isPartOf\":{\"@id\":\"https:\\\/\\\/www.isocfoundation.org\\\/#website\"},\"primaryImageOfPage\":{\"@id\":\"https:\\\/\\\/www.isocfoundation.org\\\/fr\\\/a-propos-de\\\/plan-daction-2026\\\/#primaryimage\"},\"image\":{\"@id\":\"https:\\\/\\\/www.isocfoundation.org\\\/fr\\\/a-propos-de\\\/plan-daction-2026\\\/#primaryimage\"},\"thumbnailUrl\":\"https:\\\/\\\/www.isocfoundation.org\\\/wp-content\\\/uploads\\\/2025\\\/11\\\/AP2026-Banner-image.png\",\"datePublished\":\"2025-11-19T19:04:17+00:00\",\"dateModified\":\"2026-03-25T09:45:09+00:00\",\"breadcrumb\":{\"@id\":\"https:\\\/\\\/www.isocfoundation.org\\\/fr\\\/a-propos-de\\\/plan-daction-2026\\\/#breadcrumb\"},\"inLanguage\":\"fr-FR\",\"potentialAction\":[{\"@type\":\"ReadAction\",\"target\":[\"https:\\\/\\\/www.isocfoundation.org\\\/fr\\\/a-propos-de\\\/plan-daction-2026\\\/\"]}]},{\"@type\":\"ImageObject\",\"inLanguage\":\"fr-FR\",\"@id\":\"https:\\\/\\\/www.isocfoundation.org\\\/fr\\\/a-propos-de\\\/plan-daction-2026\\\/#primaryimage\",\"url\":\"https:\\\/\\\/www.isocfoundation.org\\\/wp-content\\\/uploads\\\/2025\\\/11\\\/AP2026-Banner-image.png\",\"contentUrl\":\"https:\\\/\\\/www.isocfoundation.org\\\/wp-content\\\/uploads\\\/2025\\\/11\\\/AP2026-Banner-image.png\",\"width\":1800,\"height\":680,\"caption\":\"A man and a woman are on the top of a mountain showing Internet infrastructure.\"},{\"@type\":\"BreadcrumbList\",\"@id\":\"https:\\\/\\\/www.isocfoundation.org\\\/fr\\\/a-propos-de\\\/plan-daction-2026\\\/#breadcrumb\",\"itemListElement\":[{\"@type\":\"ListItem\",\"position\":1,\"name\":\"Home\",\"item\":\"https:\\\/\\\/www.isocfoundation.org\\\/fr\\\/\"},{\"@type\":\"ListItem\",\"position\":2,\"name\":\"\u00c0 propos de\",\"item\":\"https:\\\/\\\/www.isocfoundation.org\\\/fr\\\/a-propos-de\\\/\"},{\"@type\":\"ListItem\",\"position\":3,\"name\":\"Plan d\u2019action 2026\"}]},{\"@type\":\"WebSite\",\"@id\":\"https:\\\/\\\/www.isocfoundation.org\\\/#website\",\"url\":\"https:\\\/\\\/www.isocfoundation.org\\\/\",\"name\":\"Internet Society Foundation\",\"description\":\"The Internet transforms lives\",\"publisher\":{\"@id\":\"https:\\\/\\\/www.isocfoundation.org\\\/#organization\"},\"potentialAction\":[{\"@type\":\"SearchAction\",\"target\":{\"@type\":\"EntryPoint\",\"urlTemplate\":\"https:\\\/\\\/www.isocfoundation.org\\\/?s={search_term_string}\"},\"query-input\":{\"@type\":\"PropertyValueSpecification\",\"valueRequired\":true,\"valueName\":\"search_term_string\"}}],\"inLanguage\":\"fr-FR\"},{\"@type\":\"Organization\",\"@id\":\"https:\\\/\\\/www.isocfoundation.org\\\/#organization\",\"name\":\"Internet Society Foundation\",\"url\":\"https:\\\/\\\/www.isocfoundation.org\\\/\",\"logo\":{\"@type\":\"ImageObject\",\"inLanguage\":\"fr-FR\",\"@id\":\"https:\\\/\\\/www.isocfoundation.org\\\/#\\\/schema\\\/logo\\\/image\\\/\",\"url\":\"https:\\\/\\\/www.isocfoundation.org\\\/wp-content\\\/uploads\\\/2019\\\/02\\\/internet-society-foundation.jpg\",\"contentUrl\":\"https:\\\/\\\/www.isocfoundation.org\\\/wp-content\\\/uploads\\\/2019\\\/02\\\/internet-society-foundation.jpg\",\"width\":1200,\"height\":630,\"caption\":\"Internet Society Foundation\"},\"image\":{\"@id\":\"https:\\\/\\\/www.isocfoundation.org\\\/#\\\/schema\\\/logo\\\/image\\\/\"},\"sameAs\":[\"https:\\\/\\\/x.com\\\/ISOC_Foundation\"]}]}<\/script>\n<!-- \/ Yoast SEO plugin. -->","yoast_head_json":{"title":"Plan d\u2019action 2026 | Internet Society Foundation","robots":{"index":"index","follow":"follow","max-snippet":"max-snippet:-1","max-image-preview":"max-image-preview:large","max-video-preview":"max-video-preview:-1"},"canonical":"https:\/\/www.isocfoundation.org\/fr\/a-propos-de\/plan-daction-2026\/","og_locale":"fr_FR","og_type":"article","og_title":"Plan d\u2019action 2026 | Internet Society Foundation","og_description":"Plan d&rsquo;action 2026 En 2026, nous entamerons la deuxi\u00e8me ann\u00e9e de mise en \u0153uvre de la Strat\u00e9gie 2030 de l&rsquo;Internet Society. L&rsquo;objectif de la Fondation Internet Society reste clair: agir comme une organisation de soutien solide et fiable, qui amplifie l&rsquo;impact de l&rsquo;Internet Society \u00e0 l&rsquo;\u00e9chelle mondiale.\u00a0\u00a0 Nous nous engageons \u00e0 faire en sorte que&hellip;","og_url":"https:\/\/www.isocfoundation.org\/fr\/a-propos-de\/plan-daction-2026\/","og_site_name":"Internet Society Foundation","article_modified_time":"2026-03-25T09:45:09+00:00","og_image":[{"width":1800,"height":680,"url":"https:\/\/www.isocfoundation.org\/wp-content\/uploads\/2025\/11\/AP2026-Banner-image.png","type":"image\/png"}],"twitter_card":"summary_large_image","twitter_site":"@ISOC_Foundation","twitter_misc":{"Dur\u00e9e de lecture estim\u00e9e":"2 minutes"},"schema":{"@context":"https:\/\/schema.org","@graph":[{"@type":"WebPage","@id":"https:\/\/www.isocfoundation.org\/fr\/a-propos-de\/plan-daction-2026\/","url":"https:\/\/www.isocfoundation.org\/fr\/a-propos-de\/plan-daction-2026\/","name":"Plan d\u2019action 2026 | Internet Society Foundation","isPartOf":{"@id":"https:\/\/www.isocfoundation.org\/#website"},"primaryImageOfPage":{"@id":"https:\/\/www.isocfoundation.org\/fr\/a-propos-de\/plan-daction-2026\/#primaryimage"},"image":{"@id":"https:\/\/www.isocfoundation.org\/fr\/a-propos-de\/plan-daction-2026\/#primaryimage"},"thumbnailUrl":"https:\/\/www.isocfoundation.org\/wp-content\/uploads\/2025\/11\/AP2026-Banner-image.png","datePublished":"2025-11-19T19:04:17+00:00","dateModified":"2026-03-25T09:45:09+00:00","breadcrumb":{"@id":"https:\/\/www.isocfoundation.org\/fr\/a-propos-de\/plan-daction-2026\/#breadcrumb"},"inLanguage":"fr-FR","potentialAction":[{"@type":"ReadAction","target":["https:\/\/www.isocfoundation.org\/fr\/a-propos-de\/plan-daction-2026\/"]}]},{"@type":"ImageObject","inLanguage":"fr-FR","@id":"https:\/\/www.isocfoundation.org\/fr\/a-propos-de\/plan-daction-2026\/#primaryimage","url":"https:\/\/www.isocfoundation.org\/wp-content\/uploads\/2025\/11\/AP2026-Banner-image.png","contentUrl":"https:\/\/www.isocfoundation.org\/wp-content\/uploads\/2025\/11\/AP2026-Banner-image.png","width":1800,"height":680,"caption":"A man and a woman are on the top of a mountain showing Internet infrastructure."},{"@type":"BreadcrumbList","@id":"https:\/\/www.isocfoundation.org\/fr\/a-propos-de\/plan-daction-2026\/#breadcrumb","itemListElement":[{"@type":"ListItem","position":1,"name":"Home","item":"https:\/\/www.isocfoundation.org\/fr\/"},{"@type":"ListItem","position":2,"name":"\u00c0 propos de","item":"https:\/\/www.isocfoundation.org\/fr\/a-propos-de\/"},{"@type":"ListItem","position":3,"name":"Plan d\u2019action 2026"}]},{"@type":"WebSite","@id":"https:\/\/www.isocfoundation.org\/#website","url":"https:\/\/www.isocfoundation.org\/","name":"Internet Society Foundation","description":"The Internet transforms lives","publisher":{"@id":"https:\/\/www.isocfoundation.org\/#organization"},"potentialAction":[{"@type":"SearchAction","target":{"@type":"EntryPoint","urlTemplate":"https:\/\/www.isocfoundation.org\/?s={search_term_string}"},"query-input":{"@type":"PropertyValueSpecification","valueRequired":true,"valueName":"search_term_string"}}],"inLanguage":"fr-FR"},{"@type":"Organization","@id":"https:\/\/www.isocfoundation.org\/#organization","name":"Internet Society Foundation","url":"https:\/\/www.isocfoundation.org\/","logo":{"@type":"ImageObject","inLanguage":"fr-FR","@id":"https:\/\/www.isocfoundation.org\/#\/schema\/logo\/image\/","url":"https:\/\/www.isocfoundation.org\/wp-content\/uploads\/2019\/02\/internet-society-foundation.jpg","contentUrl":"https:\/\/www.isocfoundation.org\/wp-content\/uploads\/2019\/02\/internet-society-foundation.jpg","width":1200,"height":630,"caption":"Internet Society Foundation"},"image":{"@id":"https:\/\/www.isocfoundation.org\/#\/schema\/logo\/image\/"},"sameAs":["https:\/\/x.com\/ISOC_Foundation"]}]}},"_links":{"self":[{"href":"https:\/\/www.isocfoundation.org\/fr\/wp-json\/wp\/v2\/pages\/19119","targetHints":{"allow":["GET"]}}],"collection":[{"href":"https:\/\/www.isocfoundation.org\/fr\/wp-json\/wp\/v2\/pages"}],"about":[{"href":"https:\/\/www.isocfoundation.org\/fr\/wp-json\/wp\/v2\/types\/page"}],"author":[{"embeddable":true,"href":"https:\/\/www.isocfoundation.org\/fr\/wp-json\/wp\/v2\/users\/25"}],"replies":[{"embeddable":true,"href":"https:\/\/www.isocfoundation.org\/fr\/wp-json\/wp\/v2\/comments?post=19119"}],"version-history":[{"count":1,"href":"https:\/\/www.isocfoundation.org\/fr\/wp-json\/wp\/v2\/pages\/19119\/revisions"}],"predecessor-version":[{"id":20912,"href":"https:\/\/www.isocfoundation.org\/fr\/wp-json\/wp\/v2\/pages\/19119\/revisions\/20912"}],"up":[{"embeddable":true,"href":"https:\/\/www.isocfoundation.org\/fr\/wp-json\/wp\/v2\/pages\/1087"}],"wp:featuredmedia":[{"embeddable":true,"href":"https:\/\/www.isocfoundation.org\/fr\/wp-json\/wp\/v2\/media\/19073"}],"wp:attachment":[{"href":"https:\/\/www.isocfoundation.org\/fr\/wp-json\/wp\/v2\/media?parent=19119"}],"curies":[{"name":"wp","href":"https:\/\/api.w.org\/{rel}","templated":true}]}}