{"id":20907,"date":"2026-03-31T16:41:27","date_gmt":"2026-03-31T16:41:27","guid":{"rendered":"https:\/\/www.isocfoundation.org\/?page_id=20907"},"modified":"2026-03-31T17:02:35","modified_gmt":"2026-03-31T17:02:35","slug":"rapport-annuel-2025","status":"publish","type":"page","link":"https:\/\/www.isocfoundation.org\/fr\/a-propos-de\/rapport-annuel-2025\/","title":{"rendered":"Rapport annuel 2025"},"content":{"rendered":"\n<h1>\n\t\t\tRapport annuel 2025\t<\/h1>\n\t<h2>Internet change la vie, mais seulement lorsque les gens peuvent y acc\u00e9der et l&rsquo;utiliser en toute s\u00e9curit\u00e9.<\/h2>\n<p>Internet Society et la Fondation Internet Society fonctionnent comme des parties compl\u00e9mentaires d&rsquo;un seul \u00e9cosyst\u00e8me orient\u00e9 vers une mission. Ensemble, nous harmonisons la strat\u00e9gie, les programmes et les investissements afin de faire progresser nos\u00a0<strong><a href=\"https:\/\/www.internetsociety.org\/fr\/resources\/doc\/2024\/strategie-2030\/\">objectifs communs pour 2030<\/a><\/strong> : en \u00e9largissant l&rsquo;acc\u00e8s abordable et fiable, et en veillant \u00e0 ce que les personnes partout dans le monde soient en s\u00e9curit\u00e9 et prot\u00e9g\u00e9es en ligne.<\/p>\n<p>En 2025, nous avons travaill\u00e9 dans 150 pays et territoires, en soutenant des initiatives de connectivit\u00e9 centr\u00e9es sur les communaut\u00e9s, en contribuant \u00e0 pr\u00e9server le mod\u00e8le multipartite de gouvernance de l&rsquo;Internet, en amplifiant notre impact philanthropique gr\u00e2ce \u00e0 de nouveaux partenariats de financement, et bien plus encore.\u00a0<\/p>\n<p>Ce rapport offre un aper\u00e7u de nos r\u00e9alisations communes, rendues possibles gr\u00e2ce \u00e0 notre travail en \u00e9troite collaboration avec notre communaut\u00e9 mondiale et nos partenaires.<\/p>\n<h3>Leur engagement et leur collaboration extraordinaires ont fait de 2025, la premi\u00e8re ann\u00e9e de notre ambitieuse strat\u00e9gie quinquennale, un succ\u00e8s.<\/h3>\n<figure itemscope itemtype=\"https:\/\/schema.org\/ImageObject\">\n\t\t\t\t<a href=\"https:\/\/www.isocfoundation.org\/wp-content\/uploads\/2024\/11\/20241116_Action-Plan-English.pdf\"  target=\"_blank\" rel=\"noopener\"  itemprop=\"url\">\n\t\t\t\t<img decoding=\"async\" src=\"https:\/\/www.isocfoundation.org\/wp-content\/uploads\/2026\/03\/2025-Annual-Report-FR-cover.jpg\" alt=\"2025 Rapport annuel\" height=\"574\" width=\"400\" title=\"Screenshot\" onerror=\"this.style.display='none'\" loading=\"lazy\" \/>\n\t\t\t\t<\/a>\n\t<\/figure>\n\t\t\t<a href=\"https:\/\/www.isocfoundation.org\/wp-content\/uploads\/2026\/03\/2025-Annual-Report_FR.pdf\"  target=\"_self\">\n\t\t\t\t\t\t\tLire notre rapport\n\t\t\t\t\t<\/a>\n\n","protected":false},"excerpt":{"rendered":"<p>Rapport annuel 2025 Internet change la vie, mais seulement lorsque les gens peuvent y acc\u00e9der et l&rsquo;utiliser en toute s\u00e9curit\u00e9. Internet Society et la Fondation Internet Society fonctionnent comme des parties compl\u00e9mentaires d&rsquo;un seul \u00e9cosyst\u00e8me orient\u00e9 vers une mission. Ensemble, nous harmonisons la strat\u00e9gie, les programmes et les investissements afin de faire progresser nos\u00a0objectifs communs&hellip;<\/p>\n","protected":false},"author":3,"featured_media":20915,"parent":1087,"menu_order":0,"comment_status":"closed","ping_status":"closed","template":"","meta":{"footnotes":""},"class_list":["post-20907","page","type-page","status-publish","has-post-thumbnail","hentry"],"yoast_head":"<!-- This site is optimized with the Yoast SEO plugin v27.3 - https:\/\/yoast.com\/product\/yoast-seo-wordpress\/ -->\n<title>Rapport annuel 2025 | Internet Society Foundation<\/title>\n<meta name=\"description\" content=\"Ce rapport offre un aper\u00e7u de nos r\u00e9alisations communes en 2025, rendues possibles gr\u00e2ce \u00e0 notre travail en \u00e9troite collaboration avec notre communaut\u00e9 mondiale et nos partenaires.\" \/>\n<meta name=\"robots\" content=\"index, follow, max-snippet:-1, max-image-preview:large, max-video-preview:-1\" \/>\n<link rel=\"canonical\" href=\"https:\/\/www.isocfoundation.org\/fr\/a-propos-de\/rapport-annuel-2025\/\" \/>\n<meta property=\"og:locale\" content=\"fr_FR\" \/>\n<meta property=\"og:type\" content=\"article\" \/>\n<meta property=\"og:title\" content=\"Rapport annuel 2025 | Internet Society Foundation\" \/>\n<meta property=\"og:description\" content=\"Ce rapport offre un aper\u00e7u de nos r\u00e9alisations communes en 2025, rendues possibles gr\u00e2ce \u00e0 notre travail en \u00e9troite collaboration avec notre communaut\u00e9 mondiale et nos partenaires.\" \/>\n<meta property=\"og:url\" content=\"https:\/\/www.isocfoundation.org\/fr\/a-propos-de\/rapport-annuel-2025\/\" \/>\n<meta property=\"og:site_name\" content=\"Internet Society Foundation\" \/>\n<meta property=\"article:modified_time\" content=\"2026-03-31T17:02:35+00:00\" \/>\n<meta property=\"og:image\" content=\"https:\/\/www.isocfoundation.org\/wp-content\/uploads\/2026\/03\/Ann-Joesoef-girls.jpg\" \/>\n\t<meta property=\"og:image:width\" content=\"1800\" \/>\n\t<meta property=\"og:image:height\" content=\"1197\" \/>\n\t<meta property=\"og:image:type\" content=\"image\/jpeg\" \/>\n<meta name=\"twitter:card\" content=\"summary_large_image\" \/>\n<meta name=\"twitter:site\" content=\"@ISOC_Foundation\" \/>\n<meta name=\"twitter:label1\" content=\"Dur\u00e9e de lecture estim\u00e9e\" \/>\n\t<meta name=\"twitter:data1\" content=\"1 minute\" \/>\n<script type=\"application\/ld+json\" class=\"yoast-schema-graph\">{\"@context\":\"https:\\\/\\\/schema.org\",\"@graph\":[{\"@type\":\"WebPage\",\"@id\":\"https:\\\/\\\/www.isocfoundation.org\\\/fr\\\/a-propos-de\\\/rapport-annuel-2025\\\/\",\"url\":\"https:\\\/\\\/www.isocfoundation.org\\\/fr\\\/a-propos-de\\\/rapport-annuel-2025\\\/\",\"name\":\"Rapport annuel 2025 | Internet Society Foundation\",\"isPartOf\":{\"@id\":\"https:\\\/\\\/www.isocfoundation.org\\\/#website\"},\"primaryImageOfPage\":{\"@id\":\"https:\\\/\\\/www.isocfoundation.org\\\/fr\\\/a-propos-de\\\/rapport-annuel-2025\\\/#primaryimage\"},\"image\":{\"@id\":\"https:\\\/\\\/www.isocfoundation.org\\\/fr\\\/a-propos-de\\\/rapport-annuel-2025\\\/#primaryimage\"},\"thumbnailUrl\":\"https:\\\/\\\/www.isocfoundation.org\\\/wp-content\\\/uploads\\\/2026\\\/03\\\/Ann-Joesoef-girls.jpg\",\"datePublished\":\"2026-03-31T16:41:27+00:00\",\"dateModified\":\"2026-03-31T17:02:35+00:00\",\"description\":\"Ce rapport offre un aper\u00e7u de nos r\u00e9alisations communes en 2025, rendues possibles gr\u00e2ce \u00e0 notre travail en \u00e9troite collaboration avec notre communaut\u00e9 mondiale et nos partenaires.\",\"breadcrumb\":{\"@id\":\"https:\\\/\\\/www.isocfoundation.org\\\/fr\\\/a-propos-de\\\/rapport-annuel-2025\\\/#breadcrumb\"},\"inLanguage\":\"fr-FR\",\"potentialAction\":[{\"@type\":\"ReadAction\",\"target\":[\"https:\\\/\\\/www.isocfoundation.org\\\/fr\\\/a-propos-de\\\/rapport-annuel-2025\\\/\"]}]},{\"@type\":\"ImageObject\",\"inLanguage\":\"fr-FR\",\"@id\":\"https:\\\/\\\/www.isocfoundation.org\\\/fr\\\/a-propos-de\\\/rapport-annuel-2025\\\/#primaryimage\",\"url\":\"https:\\\/\\\/www.isocfoundation.org\\\/wp-content\\\/uploads\\\/2026\\\/03\\\/Ann-Joesoef-girls.jpg\",\"contentUrl\":\"https:\\\/\\\/www.isocfoundation.org\\\/wp-content\\\/uploads\\\/2026\\\/03\\\/Ann-Joesoef-girls.jpg\",\"width\":1800,\"height\":1197,\"caption\":\"A group of girls sitting on a sidewalk with a woman in the middle holding laptop\"},{\"@type\":\"BreadcrumbList\",\"@id\":\"https:\\\/\\\/www.isocfoundation.org\\\/fr\\\/a-propos-de\\\/rapport-annuel-2025\\\/#breadcrumb\",\"itemListElement\":[{\"@type\":\"ListItem\",\"position\":1,\"name\":\"Home\",\"item\":\"https:\\\/\\\/www.isocfoundation.org\\\/fr\\\/\"},{\"@type\":\"ListItem\",\"position\":2,\"name\":\"\u00c0 propos de\",\"item\":\"https:\\\/\\\/www.isocfoundation.org\\\/fr\\\/a-propos-de\\\/\"},{\"@type\":\"ListItem\",\"position\":3,\"name\":\"Rapport annuel 2025\"}]},{\"@type\":\"WebSite\",\"@id\":\"https:\\\/\\\/www.isocfoundation.org\\\/#website\",\"url\":\"https:\\\/\\\/www.isocfoundation.org\\\/\",\"name\":\"Internet Society Foundation\",\"description\":\"The Internet transforms lives\",\"publisher\":{\"@id\":\"https:\\\/\\\/www.isocfoundation.org\\\/#organization\"},\"potentialAction\":[{\"@type\":\"SearchAction\",\"target\":{\"@type\":\"EntryPoint\",\"urlTemplate\":\"https:\\\/\\\/www.isocfoundation.org\\\/?s={search_term_string}\"},\"query-input\":{\"@type\":\"PropertyValueSpecification\",\"valueRequired\":true,\"valueName\":\"search_term_string\"}}],\"inLanguage\":\"fr-FR\"},{\"@type\":\"Organization\",\"@id\":\"https:\\\/\\\/www.isocfoundation.org\\\/#organization\",\"name\":\"Internet Society Foundation\",\"url\":\"https:\\\/\\\/www.isocfoundation.org\\\/\",\"logo\":{\"@type\":\"ImageObject\",\"inLanguage\":\"fr-FR\",\"@id\":\"https:\\\/\\\/www.isocfoundation.org\\\/#\\\/schema\\\/logo\\\/image\\\/\",\"url\":\"https:\\\/\\\/www.isocfoundation.org\\\/wp-content\\\/uploads\\\/2019\\\/02\\\/internet-society-foundation.jpg\",\"contentUrl\":\"https:\\\/\\\/www.isocfoundation.org\\\/wp-content\\\/uploads\\\/2019\\\/02\\\/internet-society-foundation.jpg\",\"width\":1200,\"height\":630,\"caption\":\"Internet Society Foundation\"},\"image\":{\"@id\":\"https:\\\/\\\/www.isocfoundation.org\\\/#\\\/schema\\\/logo\\\/image\\\/\"},\"sameAs\":[\"https:\\\/\\\/x.com\\\/ISOC_Foundation\"]}]}<\/script>\n<!-- \/ Yoast SEO plugin. -->","yoast_head_json":{"title":"Rapport annuel 2025 | Internet Society Foundation","description":"Ce rapport offre un aper\u00e7u de nos r\u00e9alisations communes en 2025, rendues possibles gr\u00e2ce \u00e0 notre travail en \u00e9troite collaboration avec notre communaut\u00e9 mondiale et nos partenaires.","robots":{"index":"index","follow":"follow","max-snippet":"max-snippet:-1","max-image-preview":"max-image-preview:large","max-video-preview":"max-video-preview:-1"},"canonical":"https:\/\/www.isocfoundation.org\/fr\/a-propos-de\/rapport-annuel-2025\/","og_locale":"fr_FR","og_type":"article","og_title":"Rapport annuel 2025 | Internet Society Foundation","og_description":"Ce rapport offre un aper\u00e7u de nos r\u00e9alisations communes en 2025, rendues possibles gr\u00e2ce \u00e0 notre travail en \u00e9troite collaboration avec notre communaut\u00e9 mondiale et nos partenaires.","og_url":"https:\/\/www.isocfoundation.org\/fr\/a-propos-de\/rapport-annuel-2025\/","og_site_name":"Internet Society Foundation","article_modified_time":"2026-03-31T17:02:35+00:00","og_image":[{"width":1800,"height":1197,"url":"https:\/\/www.isocfoundation.org\/wp-content\/uploads\/2026\/03\/Ann-Joesoef-girls.jpg","type":"image\/jpeg"}],"twitter_card":"summary_large_image","twitter_site":"@ISOC_Foundation","twitter_misc":{"Dur\u00e9e de lecture estim\u00e9e":"1 minute"},"schema":{"@context":"https:\/\/schema.org","@graph":[{"@type":"WebPage","@id":"https:\/\/www.isocfoundation.org\/fr\/a-propos-de\/rapport-annuel-2025\/","url":"https:\/\/www.isocfoundation.org\/fr\/a-propos-de\/rapport-annuel-2025\/","name":"Rapport annuel 2025 | Internet Society Foundation","isPartOf":{"@id":"https:\/\/www.isocfoundation.org\/#website"},"primaryImageOfPage":{"@id":"https:\/\/www.isocfoundation.org\/fr\/a-propos-de\/rapport-annuel-2025\/#primaryimage"},"image":{"@id":"https:\/\/www.isocfoundation.org\/fr\/a-propos-de\/rapport-annuel-2025\/#primaryimage"},"thumbnailUrl":"https:\/\/www.isocfoundation.org\/wp-content\/uploads\/2026\/03\/Ann-Joesoef-girls.jpg","datePublished":"2026-03-31T16:41:27+00:00","dateModified":"2026-03-31T17:02:35+00:00","description":"Ce rapport offre un aper\u00e7u de nos r\u00e9alisations communes en 2025, rendues possibles gr\u00e2ce \u00e0 notre travail en \u00e9troite collaboration avec notre communaut\u00e9 mondiale et nos partenaires.","breadcrumb":{"@id":"https:\/\/www.isocfoundation.org\/fr\/a-propos-de\/rapport-annuel-2025\/#breadcrumb"},"inLanguage":"fr-FR","potentialAction":[{"@type":"ReadAction","target":["https:\/\/www.isocfoundation.org\/fr\/a-propos-de\/rapport-annuel-2025\/"]}]},{"@type":"ImageObject","inLanguage":"fr-FR","@id":"https:\/\/www.isocfoundation.org\/fr\/a-propos-de\/rapport-annuel-2025\/#primaryimage","url":"https:\/\/www.isocfoundation.org\/wp-content\/uploads\/2026\/03\/Ann-Joesoef-girls.jpg","contentUrl":"https:\/\/www.isocfoundation.org\/wp-content\/uploads\/2026\/03\/Ann-Joesoef-girls.jpg","width":1800,"height":1197,"caption":"A group of girls sitting on a sidewalk with a woman in the middle holding laptop"},{"@type":"BreadcrumbList","@id":"https:\/\/www.isocfoundation.org\/fr\/a-propos-de\/rapport-annuel-2025\/#breadcrumb","itemListElement":[{"@type":"ListItem","position":1,"name":"Home","item":"https:\/\/www.isocfoundation.org\/fr\/"},{"@type":"ListItem","position":2,"name":"\u00c0 propos de","item":"https:\/\/www.isocfoundation.org\/fr\/a-propos-de\/"},{"@type":"ListItem","position":3,"name":"Rapport annuel 2025"}]},{"@type":"WebSite","@id":"https:\/\/www.isocfoundation.org\/#website","url":"https:\/\/www.isocfoundation.org\/","name":"Internet Society Foundation","description":"The Internet transforms lives","publisher":{"@id":"https:\/\/www.isocfoundation.org\/#organization"},"potentialAction":[{"@type":"SearchAction","target":{"@type":"EntryPoint","urlTemplate":"https:\/\/www.isocfoundation.org\/?s={search_term_string}"},"query-input":{"@type":"PropertyValueSpecification","valueRequired":true,"valueName":"search_term_string"}}],"inLanguage":"fr-FR"},{"@type":"Organization","@id":"https:\/\/www.isocfoundation.org\/#organization","name":"Internet Society Foundation","url":"https:\/\/www.isocfoundation.org\/","logo":{"@type":"ImageObject","inLanguage":"fr-FR","@id":"https:\/\/www.isocfoundation.org\/#\/schema\/logo\/image\/","url":"https:\/\/www.isocfoundation.org\/wp-content\/uploads\/2019\/02\/internet-society-foundation.jpg","contentUrl":"https:\/\/www.isocfoundation.org\/wp-content\/uploads\/2019\/02\/internet-society-foundation.jpg","width":1200,"height":630,"caption":"Internet Society Foundation"},"image":{"@id":"https:\/\/www.isocfoundation.org\/#\/schema\/logo\/image\/"},"sameAs":["https:\/\/x.com\/ISOC_Foundation"]}]}},"_links":{"self":[{"href":"https:\/\/www.isocfoundation.org\/fr\/wp-json\/wp\/v2\/pages\/20907","targetHints":{"allow":["GET"]}}],"collection":[{"href":"https:\/\/www.isocfoundation.org\/fr\/wp-json\/wp\/v2\/pages"}],"about":[{"href":"https:\/\/www.isocfoundation.org\/fr\/wp-json\/wp\/v2\/types\/page"}],"author":[{"embeddable":true,"href":"https:\/\/www.isocfoundation.org\/fr\/wp-json\/wp\/v2\/users\/3"}],"replies":[{"embeddable":true,"href":"https:\/\/www.isocfoundation.org\/fr\/wp-json\/wp\/v2\/comments?post=20907"}],"version-history":[{"count":14,"href":"https:\/\/www.isocfoundation.org\/fr\/wp-json\/wp\/v2\/pages\/20907\/revisions"}],"predecessor-version":[{"id":20981,"href":"https:\/\/www.isocfoundation.org\/fr\/wp-json\/wp\/v2\/pages\/20907\/revisions\/20981"}],"up":[{"embeddable":true,"href":"https:\/\/www.isocfoundation.org\/fr\/wp-json\/wp\/v2\/pages\/1087"}],"wp:featuredmedia":[{"embeddable":true,"href":"https:\/\/www.isocfoundation.org\/fr\/wp-json\/wp\/v2\/media\/20915"}],"wp:attachment":[{"href":"https:\/\/www.isocfoundation.org\/fr\/wp-json\/wp\/v2\/media?parent=20907"}],"curies":[{"name":"wp","href":"https:\/\/api.w.org\/{rel}","templated":true}]}}