{"id":3149,"date":"2020-04-17T10:12:16","date_gmt":"2020-04-17T10:12:16","guid":{"rendered":"https:\/\/www.isocfoundation.org\/ressources\/"},"modified":"2020-05-21T11:09:06","modified_gmt":"2020-05-21T11:09:06","slug":"ressources","status":"publish","type":"page","link":"https:\/\/www.isocfoundation.org\/fr\/ressources\/","title":{"rendered":"Ressources"},"content":{"rendered":"\n\t<p>La Fondation Internet Society s\u2019engage \u00e0 aider nos b\u00e9n\u00e9ficiaires \u00e0 r\u00e9ussir. Nous voulons que nos demandeurs de subvention soumettent des demandes solides et les plus compl\u00e8tes possibles. Lorsque nous octroyons des bourses, nous encourageons la collaboration, en travaillant \u00e9troitement avec vous pour d\u00e9velopper et g\u00e9rer d\u2019excellentes propositions et des projets percutants qui favorisent la diff\u00e9rence positive que l\u2019Internet peut faire aux gens partout dans le monde.<\/p>\n<p>Nous nous engageons \u00e9galement \u00e0 soutenir le secteur philanthropique, en fournissant des outils utiles et applicables qui favorisent une culture forte de suivi, d\u2019\u00e9valuation et d\u2019apprentissage (SEA). Que vous soyez un b\u00e9n\u00e9ficiaire actuel ou potentiel, ou tout simplement actif dans le domaine de la philanthropie, les ressources disponibles ci-dessous sont con\u00e7ues pour vous aider \u00e0 chaque \u00e9tape de votre application, du d\u00e9veloppement et la mise en \u0153uvre de vos projets.<\/p>\n\t<h3><a href=\"https:\/\/www.isocfoundation.org\/fr\/ressources\/guide-de-demande-de-subvention-et-de-mise-en-oeuvre-de-projet\/\"> Guide de demande de subvention et de mise en \u0153uvre de projet<\/a><\/h3>\n\t<h3><a href=\"https:\/\/www.isocfoundation.org\/fr\/ressources\/admissibilite-des-beneficiaires\/\">Orientations sur l\u2019admissibilit\u00e9 des b\u00e9n\u00e9ficiaires <\/a><\/h3>\n<p>&nbsp;<\/p>\n\t<p>Un ensemble de modules de formation pour vous aider \u00e0 renforcer votre proposition avec des sujets tels que : la conception de votre projet, l\u2019\u00e9tablissement d\u2019indicateurs de performance cl\u00e9s (IPC) et la cr\u00e9ation d\u2019un budget.<\/p>\n\t<p>Informations sur nos conditions de financement et d\u2019admissibilit\u00e9 au programme, ainsi que sur notre processus de r\u00e9vision des demandes.<\/p>\n\t<p>Notez que plus de ressources seront partag\u00e9es ici pour vous aider \u00e0 r\u00e9ussir. S\u2019il vous pla\u00eet continuez \u00e8 visiter cette page pour de nouvelles informations, car nous allons la mettre \u00e0 jour avec des modules de formation suppl\u00e9mentaires et bien plus encore.<\/p>\n","protected":false},"excerpt":{"rendered":"<p>La Fondation Internet Society s\u2019engage \u00e0 aider nos b\u00e9n\u00e9ficiaires \u00e0 r\u00e9ussir. Nous voulons que nos demandeurs de subvention soumettent des demandes solides et les plus compl\u00e8tes possibles. Lorsque nous octroyons des bourses, nous encourageons la collaboration, en travaillant \u00e9troitement avec vous pour d\u00e9velopper et g\u00e9rer d\u2019excellentes propositions et des projets percutants qui favorisent la diff\u00e9rence&hellip;<\/p>\n","protected":false},"author":25,"featured_media":0,"parent":0,"menu_order":5,"comment_status":"closed","ping_status":"closed","template":"","meta":{"footnotes":""},"class_list":["post-3149","page","type-page","status-publish","hentry"],"yoast_head":"<!-- This site is optimized with the Yoast SEO plugin v27.1.1 - https:\/\/yoast.com\/product\/yoast-seo-wordpress\/ -->\n<title>Ressources | Internet Society Foundation<\/title>\n<meta name=\"robots\" content=\"index, follow, max-snippet:-1, max-image-preview:large, max-video-preview:-1\" \/>\n<link rel=\"canonical\" href=\"https:\/\/www.isocfoundation.org\/fr\/ressources\/\" \/>\n<meta property=\"og:locale\" content=\"fr_FR\" \/>\n<meta property=\"og:type\" content=\"article\" \/>\n<meta property=\"og:title\" content=\"Ressources | Internet Society Foundation\" \/>\n<meta property=\"og:description\" content=\"La Fondation Internet Society s\u2019engage \u00e0 aider nos b\u00e9n\u00e9ficiaires \u00e0 r\u00e9ussir. Nous voulons que nos demandeurs de subvention soumettent des demandes solides et les plus compl\u00e8tes possibles. Lorsque nous octroyons des bourses, nous encourageons la collaboration, en travaillant \u00e9troitement avec vous pour d\u00e9velopper et g\u00e9rer d\u2019excellentes propositions et des projets percutants qui favorisent la diff\u00e9rence&hellip;\" \/>\n<meta property=\"og:url\" content=\"https:\/\/www.isocfoundation.org\/fr\/ressources\/\" \/>\n<meta property=\"og:site_name\" content=\"Internet Society Foundation\" \/>\n<meta property=\"article:modified_time\" content=\"2020-05-21T11:09:06+00:00\" \/>\n<meta property=\"og:image\" content=\"https:\/\/www.isocfoundation.org\/wp-content\/uploads\/2019\/02\/isoc-foundation-og.jpg\" \/>\n\t<meta property=\"og:image:width\" content=\"1200\" \/>\n\t<meta property=\"og:image:height\" content=\"630\" \/>\n\t<meta property=\"og:image:type\" content=\"image\/jpeg\" \/>\n<meta name=\"twitter:card\" content=\"summary_large_image\" \/>\n<meta name=\"twitter:site\" content=\"@ISOC_Foundation\" \/>\n<meta name=\"twitter:label1\" content=\"Dur\u00e9e de lecture estim\u00e9e\" \/>\n\t<meta name=\"twitter:data1\" content=\"1 minute\" \/>\n<script type=\"application\/ld+json\" class=\"yoast-schema-graph\">{\"@context\":\"https:\/\/schema.org\",\"@graph\":[{\"@type\":\"WebPage\",\"@id\":\"https:\/\/www.isocfoundation.org\/fr\/ressources\/\",\"url\":\"https:\/\/www.isocfoundation.org\/fr\/ressources\/\",\"name\":\"Ressources | Internet Society Foundation\",\"isPartOf\":{\"@id\":\"https:\/\/www.isocfoundation.org\/#website\"},\"datePublished\":\"2020-04-17T10:12:16+00:00\",\"dateModified\":\"2020-05-21T11:09:06+00:00\",\"breadcrumb\":{\"@id\":\"https:\/\/www.isocfoundation.org\/fr\/ressources\/#breadcrumb\"},\"inLanguage\":\"fr-FR\",\"potentialAction\":[{\"@type\":\"ReadAction\",\"target\":[\"https:\/\/www.isocfoundation.org\/fr\/ressources\/\"]}]},{\"@type\":\"BreadcrumbList\",\"@id\":\"https:\/\/www.isocfoundation.org\/fr\/ressources\/#breadcrumb\",\"itemListElement\":[{\"@type\":\"ListItem\",\"position\":1,\"name\":\"Home\",\"item\":\"https:\/\/www.isocfoundation.org\/fr\/\"},{\"@type\":\"ListItem\",\"position\":2,\"name\":\"Ressources\"}]},{\"@type\":\"WebSite\",\"@id\":\"https:\/\/www.isocfoundation.org\/#website\",\"url\":\"https:\/\/www.isocfoundation.org\/\",\"name\":\"Internet Society Foundation\",\"description\":\"The Internet transforms lives\",\"publisher\":{\"@id\":\"https:\/\/www.isocfoundation.org\/#organization\"},\"potentialAction\":[{\"@type\":\"SearchAction\",\"target\":{\"@type\":\"EntryPoint\",\"urlTemplate\":\"https:\/\/www.isocfoundation.org\/?s={search_term_string}\"},\"query-input\":{\"@type\":\"PropertyValueSpecification\",\"valueRequired\":true,\"valueName\":\"search_term_string\"}}],\"inLanguage\":\"fr-FR\"},{\"@type\":\"Organization\",\"@id\":\"https:\/\/www.isocfoundation.org\/#organization\",\"name\":\"Internet Society Foundation\",\"url\":\"https:\/\/www.isocfoundation.org\/\",\"logo\":{\"@type\":\"ImageObject\",\"inLanguage\":\"fr-FR\",\"@id\":\"https:\/\/www.isocfoundation.org\/#\/schema\/logo\/image\/\",\"url\":\"https:\/\/www.isocfoundation.org\/wp-content\/uploads\/2019\/02\/internet-society-foundation.jpg\",\"contentUrl\":\"https:\/\/www.isocfoundation.org\/wp-content\/uploads\/2019\/02\/internet-society-foundation.jpg\",\"width\":1200,\"height\":630,\"caption\":\"Internet Society Foundation\"},\"image\":{\"@id\":\"https:\/\/www.isocfoundation.org\/#\/schema\/logo\/image\/\"},\"sameAs\":[\"https:\/\/x.com\/ISOC_Foundation\"]}]}<\/script>\n<!-- \/ Yoast SEO plugin. -->","yoast_head_json":{"title":"Ressources | Internet Society Foundation","robots":{"index":"index","follow":"follow","max-snippet":"max-snippet:-1","max-image-preview":"max-image-preview:large","max-video-preview":"max-video-preview:-1"},"canonical":"https:\/\/www.isocfoundation.org\/fr\/ressources\/","og_locale":"fr_FR","og_type":"article","og_title":"Ressources | Internet Society Foundation","og_description":"La Fondation Internet Society s\u2019engage \u00e0 aider nos b\u00e9n\u00e9ficiaires \u00e0 r\u00e9ussir. Nous voulons que nos demandeurs de subvention soumettent des demandes solides et les plus compl\u00e8tes possibles. Lorsque nous octroyons des bourses, nous encourageons la collaboration, en travaillant \u00e9troitement avec vous pour d\u00e9velopper et g\u00e9rer d\u2019excellentes propositions et des projets percutants qui favorisent la diff\u00e9rence&hellip;","og_url":"https:\/\/www.isocfoundation.org\/fr\/ressources\/","og_site_name":"Internet Society Foundation","article_modified_time":"2020-05-21T11:09:06+00:00","og_image":[{"width":1200,"height":630,"url":"https:\/\/www.isocfoundation.org\/wp-content\/uploads\/2019\/02\/isoc-foundation-og.jpg","type":"image\/jpeg"}],"twitter_card":"summary_large_image","twitter_site":"@ISOC_Foundation","twitter_misc":{"Dur\u00e9e de lecture estim\u00e9e":"1 minute"},"schema":{"@context":"https:\/\/schema.org","@graph":[{"@type":"WebPage","@id":"https:\/\/www.isocfoundation.org\/fr\/ressources\/","url":"https:\/\/www.isocfoundation.org\/fr\/ressources\/","name":"Ressources | Internet Society Foundation","isPartOf":{"@id":"https:\/\/www.isocfoundation.org\/#website"},"datePublished":"2020-04-17T10:12:16+00:00","dateModified":"2020-05-21T11:09:06+00:00","breadcrumb":{"@id":"https:\/\/www.isocfoundation.org\/fr\/ressources\/#breadcrumb"},"inLanguage":"fr-FR","potentialAction":[{"@type":"ReadAction","target":["https:\/\/www.isocfoundation.org\/fr\/ressources\/"]}]},{"@type":"BreadcrumbList","@id":"https:\/\/www.isocfoundation.org\/fr\/ressources\/#breadcrumb","itemListElement":[{"@type":"ListItem","position":1,"name":"Home","item":"https:\/\/www.isocfoundation.org\/fr\/"},{"@type":"ListItem","position":2,"name":"Ressources"}]},{"@type":"WebSite","@id":"https:\/\/www.isocfoundation.org\/#website","url":"https:\/\/www.isocfoundation.org\/","name":"Internet Society Foundation","description":"The Internet transforms lives","publisher":{"@id":"https:\/\/www.isocfoundation.org\/#organization"},"potentialAction":[{"@type":"SearchAction","target":{"@type":"EntryPoint","urlTemplate":"https:\/\/www.isocfoundation.org\/?s={search_term_string}"},"query-input":{"@type":"PropertyValueSpecification","valueRequired":true,"valueName":"search_term_string"}}],"inLanguage":"fr-FR"},{"@type":"Organization","@id":"https:\/\/www.isocfoundation.org\/#organization","name":"Internet Society Foundation","url":"https:\/\/www.isocfoundation.org\/","logo":{"@type":"ImageObject","inLanguage":"fr-FR","@id":"https:\/\/www.isocfoundation.org\/#\/schema\/logo\/image\/","url":"https:\/\/www.isocfoundation.org\/wp-content\/uploads\/2019\/02\/internet-society-foundation.jpg","contentUrl":"https:\/\/www.isocfoundation.org\/wp-content\/uploads\/2019\/02\/internet-society-foundation.jpg","width":1200,"height":630,"caption":"Internet Society Foundation"},"image":{"@id":"https:\/\/www.isocfoundation.org\/#\/schema\/logo\/image\/"},"sameAs":["https:\/\/x.com\/ISOC_Foundation"]}]}},"_links":{"self":[{"href":"https:\/\/www.isocfoundation.org\/fr\/wp-json\/wp\/v2\/pages\/3149","targetHints":{"allow":["GET"]}}],"collection":[{"href":"https:\/\/www.isocfoundation.org\/fr\/wp-json\/wp\/v2\/pages"}],"about":[{"href":"https:\/\/www.isocfoundation.org\/fr\/wp-json\/wp\/v2\/types\/page"}],"author":[{"embeddable":true,"href":"https:\/\/www.isocfoundation.org\/fr\/wp-json\/wp\/v2\/users\/25"}],"replies":[{"embeddable":true,"href":"https:\/\/www.isocfoundation.org\/fr\/wp-json\/wp\/v2\/comments?post=3149"}],"version-history":[{"count":0,"href":"https:\/\/www.isocfoundation.org\/fr\/wp-json\/wp\/v2\/pages\/3149\/revisions"}],"wp:attachment":[{"href":"https:\/\/www.isocfoundation.org\/fr\/wp-json\/wp\/v2\/media?parent=3149"}],"curies":[{"name":"wp","href":"https:\/\/api.w.org\/{rel}","templated":true}]}}