{"id":4743,"date":"2021-05-05T17:22:16","date_gmt":"2021-05-05T17:22:16","guid":{"rendered":"https:\/\/www.isocfoundation.org\/ressources\/application-review-process\/"},"modified":"2025-09-17T06:36:24","modified_gmt":"2025-09-17T06:36:24","slug":"application-review-process","status":"publish","type":"page","link":"https:\/\/www.isocfoundation.org\/fr\/ressources\/application-review-process\/","title":{"rendered":"Processus d&rsquo;examen des demandes"},"content":{"rendered":"\n\n\t<p>Afin d&rsquo;assurer la transparence et la responsabilit\u00e9 de notre processus d&rsquo;octroi de bourses, la Fondation travaille avec des experts ind\u00e9pendants pour l&rsquo;examen, l&rsquo;\u00e9valuation et les recommandations concernant les demandes de financement soumises. Ces experts sont des acteurs de renom dans de nombreux domaines li\u00e9s \u00e0 Internet, notamment le d\u00e9veloppement, les politiques, la s\u00e9curit\u00e9, la recherche et l&rsquo;innovation, ainsi que le d\u00e9veloppement international.<\/p>\n<p>Une fois les demandes re\u00e7ues et la premi\u00e8re s\u00e9lection effectu\u00e9e par l&rsquo;\u00e9quipe de la Fondation, elles seront attribu\u00e9es aux experts pour examen. Les demandes sont \u00e9valu\u00e9es par trois \u00e0 cinq experts, s\u00e9lectionn\u00e9s pour leurs connaissances personnelles dans le domaine en question et\/ou le pays ou la r\u00e9gion cible. Dans le cadre de leur \u00e9valuation, ils recommanderont les demandes \u00e0 financer et le niveau de financement n\u00e9cessaire, et feront part de leurs commentaires pour le demandeur, qui seront compil\u00e9s et partag\u00e9s par la Fondation. Durant l&rsquo;int\u00e9gralit\u00e9 de ce processus, les experts ind\u00e9pendants doivent respecter la <a href=\"https:\/\/www.isocfoundation.org\/wp-content\/uploads\/2022\/02\/FR-COI-Guidance-2022-01.pdf\">Politique sur les conflits d&rsquo;int\u00e9r\u00eats de la Fondation.<\/a><\/p>\n<p>Lorsque toutes les demandes pour un domaine de financement ou un programme auront \u00e9t\u00e9 \u00e9valu\u00e9es et que les d\u00e9cisions de financement finales auront \u00e9t\u00e9 prises, nous partagerons les d\u00e9cisions avec tous les demandeurs.<\/p>\n\n","protected":false},"excerpt":{"rendered":"<p>Afin d&rsquo;assurer la transparence et la responsabilit\u00e9 de notre processus d&rsquo;octroi de bourses, la Fondation travaille avec des experts ind\u00e9pendants pour l&rsquo;examen, l&rsquo;\u00e9valuation et les recommandations concernant les demandes de financement soumises. Ces experts sont des acteurs de renom dans de nombreux domaines li\u00e9s \u00e0 Internet, notamment le d\u00e9veloppement, les politiques, la s\u00e9curit\u00e9, la recherche&hellip;<\/p>\n","protected":false},"author":25,"featured_media":0,"parent":3149,"menu_order":0,"comment_status":"closed","ping_status":"closed","template":"","meta":{"footnotes":""},"class_list":["post-4743","page","type-page","status-publish","hentry"],"yoast_head":"<!-- This site is optimized with the Yoast SEO plugin v27.3 - https:\/\/yoast.com\/product\/yoast-seo-wordpress\/ -->\n<title>Processus d&#039;examen des demandes | Internet Society Foundation<\/title>\n<meta name=\"robots\" content=\"noindex, follow\" \/>\n<meta property=\"og:locale\" content=\"fr_FR\" \/>\n<meta property=\"og:type\" content=\"article\" \/>\n<meta property=\"og:title\" content=\"Processus d&#039;examen des demandes | Internet Society Foundation\" \/>\n<meta property=\"og:description\" content=\"Afin d&rsquo;assurer la transparence et la responsabilit\u00e9 de notre processus d&rsquo;octroi de bourses, la Fondation travaille avec des experts ind\u00e9pendants pour l&rsquo;examen, l&rsquo;\u00e9valuation et les recommandations concernant les demandes de financement soumises. Ces experts sont des acteurs de renom dans de nombreux domaines li\u00e9s \u00e0 Internet, notamment le d\u00e9veloppement, les politiques, la s\u00e9curit\u00e9, la recherche&hellip;\" \/>\n<meta property=\"og:url\" content=\"https:\/\/www.isocfoundation.org\/fr\/ressources\/application-review-process\/\" \/>\n<meta property=\"og:site_name\" content=\"Internet Society Foundation\" \/>\n<meta property=\"article:modified_time\" content=\"2025-09-17T06:36:24+00:00\" \/>\n<meta property=\"og:image\" content=\"https:\/\/www.isocfoundation.org\/wp-content\/uploads\/2019\/02\/isoc-foundation-og.jpg\" \/>\n\t<meta property=\"og:image:width\" content=\"1200\" \/>\n\t<meta property=\"og:image:height\" content=\"630\" \/>\n\t<meta property=\"og:image:type\" content=\"image\/jpeg\" \/>\n<meta name=\"twitter:card\" content=\"summary_large_image\" \/>\n<meta name=\"twitter:site\" content=\"@ISOC_Foundation\" \/>\n<meta name=\"twitter:label1\" content=\"Dur\u00e9e de lecture estim\u00e9e\" \/>\n\t<meta name=\"twitter:data1\" content=\"1 minute\" \/>\n<script type=\"application\/ld+json\" class=\"yoast-schema-graph\">{\"@context\":\"https:\\\/\\\/schema.org\",\"@graph\":[{\"@type\":\"WebPage\",\"@id\":\"https:\\\/\\\/www.isocfoundation.org\\\/fr\\\/ressources\\\/application-review-process\\\/\",\"url\":\"https:\\\/\\\/www.isocfoundation.org\\\/fr\\\/ressources\\\/application-review-process\\\/\",\"name\":\"Processus d'examen des demandes | Internet Society Foundation\",\"isPartOf\":{\"@id\":\"https:\\\/\\\/www.isocfoundation.org\\\/#website\"},\"datePublished\":\"2021-05-05T17:22:16+00:00\",\"dateModified\":\"2025-09-17T06:36:24+00:00\",\"breadcrumb\":{\"@id\":\"https:\\\/\\\/www.isocfoundation.org\\\/fr\\\/ressources\\\/application-review-process\\\/#breadcrumb\"},\"inLanguage\":\"fr-FR\",\"potentialAction\":[{\"@type\":\"ReadAction\",\"target\":[\"https:\\\/\\\/www.isocfoundation.org\\\/fr\\\/ressources\\\/application-review-process\\\/\"]}]},{\"@type\":\"BreadcrumbList\",\"@id\":\"https:\\\/\\\/www.isocfoundation.org\\\/fr\\\/ressources\\\/application-review-process\\\/#breadcrumb\",\"itemListElement\":[{\"@type\":\"ListItem\",\"position\":1,\"name\":\"Home\",\"item\":\"https:\\\/\\\/www.isocfoundation.org\\\/fr\\\/\"},{\"@type\":\"ListItem\",\"position\":2,\"name\":\"Ressources\",\"item\":\"https:\\\/\\\/www.isocfoundation.org\\\/fr\\\/ressources\\\/\"},{\"@type\":\"ListItem\",\"position\":3,\"name\":\"Processus d&rsquo;examen des demandes\"}]},{\"@type\":\"WebSite\",\"@id\":\"https:\\\/\\\/www.isocfoundation.org\\\/#website\",\"url\":\"https:\\\/\\\/www.isocfoundation.org\\\/\",\"name\":\"Internet Society Foundation\",\"description\":\"The Internet transforms lives\",\"publisher\":{\"@id\":\"https:\\\/\\\/www.isocfoundation.org\\\/#organization\"},\"potentialAction\":[{\"@type\":\"SearchAction\",\"target\":{\"@type\":\"EntryPoint\",\"urlTemplate\":\"https:\\\/\\\/www.isocfoundation.org\\\/?s={search_term_string}\"},\"query-input\":{\"@type\":\"PropertyValueSpecification\",\"valueRequired\":true,\"valueName\":\"search_term_string\"}}],\"inLanguage\":\"fr-FR\"},{\"@type\":\"Organization\",\"@id\":\"https:\\\/\\\/www.isocfoundation.org\\\/#organization\",\"name\":\"Internet Society Foundation\",\"url\":\"https:\\\/\\\/www.isocfoundation.org\\\/\",\"logo\":{\"@type\":\"ImageObject\",\"inLanguage\":\"fr-FR\",\"@id\":\"https:\\\/\\\/www.isocfoundation.org\\\/#\\\/schema\\\/logo\\\/image\\\/\",\"url\":\"https:\\\/\\\/www.isocfoundation.org\\\/wp-content\\\/uploads\\\/2019\\\/02\\\/internet-society-foundation.jpg\",\"contentUrl\":\"https:\\\/\\\/www.isocfoundation.org\\\/wp-content\\\/uploads\\\/2019\\\/02\\\/internet-society-foundation.jpg\",\"width\":1200,\"height\":630,\"caption\":\"Internet Society Foundation\"},\"image\":{\"@id\":\"https:\\\/\\\/www.isocfoundation.org\\\/#\\\/schema\\\/logo\\\/image\\\/\"},\"sameAs\":[\"https:\\\/\\\/x.com\\\/ISOC_Foundation\"]}]}<\/script>\n<!-- \/ Yoast SEO plugin. -->","yoast_head_json":{"title":"Processus d'examen des demandes | Internet Society Foundation","robots":{"index":"noindex","follow":"follow"},"og_locale":"fr_FR","og_type":"article","og_title":"Processus d'examen des demandes | Internet Society Foundation","og_description":"Afin d&rsquo;assurer la transparence et la responsabilit\u00e9 de notre processus d&rsquo;octroi de bourses, la Fondation travaille avec des experts ind\u00e9pendants pour l&rsquo;examen, l&rsquo;\u00e9valuation et les recommandations concernant les demandes de financement soumises. Ces experts sont des acteurs de renom dans de nombreux domaines li\u00e9s \u00e0 Internet, notamment le d\u00e9veloppement, les politiques, la s\u00e9curit\u00e9, la recherche&hellip;","og_url":"https:\/\/www.isocfoundation.org\/fr\/ressources\/application-review-process\/","og_site_name":"Internet Society Foundation","article_modified_time":"2025-09-17T06:36:24+00:00","og_image":[{"width":1200,"height":630,"url":"https:\/\/www.isocfoundation.org\/wp-content\/uploads\/2019\/02\/isoc-foundation-og.jpg","type":"image\/jpeg"}],"twitter_card":"summary_large_image","twitter_site":"@ISOC_Foundation","twitter_misc":{"Dur\u00e9e de lecture estim\u00e9e":"1 minute"},"schema":{"@context":"https:\/\/schema.org","@graph":[{"@type":"WebPage","@id":"https:\/\/www.isocfoundation.org\/fr\/ressources\/application-review-process\/","url":"https:\/\/www.isocfoundation.org\/fr\/ressources\/application-review-process\/","name":"Processus d'examen des demandes | Internet Society Foundation","isPartOf":{"@id":"https:\/\/www.isocfoundation.org\/#website"},"datePublished":"2021-05-05T17:22:16+00:00","dateModified":"2025-09-17T06:36:24+00:00","breadcrumb":{"@id":"https:\/\/www.isocfoundation.org\/fr\/ressources\/application-review-process\/#breadcrumb"},"inLanguage":"fr-FR","potentialAction":[{"@type":"ReadAction","target":["https:\/\/www.isocfoundation.org\/fr\/ressources\/application-review-process\/"]}]},{"@type":"BreadcrumbList","@id":"https:\/\/www.isocfoundation.org\/fr\/ressources\/application-review-process\/#breadcrumb","itemListElement":[{"@type":"ListItem","position":1,"name":"Home","item":"https:\/\/www.isocfoundation.org\/fr\/"},{"@type":"ListItem","position":2,"name":"Ressources","item":"https:\/\/www.isocfoundation.org\/fr\/ressources\/"},{"@type":"ListItem","position":3,"name":"Processus d&rsquo;examen des demandes"}]},{"@type":"WebSite","@id":"https:\/\/www.isocfoundation.org\/#website","url":"https:\/\/www.isocfoundation.org\/","name":"Internet Society Foundation","description":"The Internet transforms lives","publisher":{"@id":"https:\/\/www.isocfoundation.org\/#organization"},"potentialAction":[{"@type":"SearchAction","target":{"@type":"EntryPoint","urlTemplate":"https:\/\/www.isocfoundation.org\/?s={search_term_string}"},"query-input":{"@type":"PropertyValueSpecification","valueRequired":true,"valueName":"search_term_string"}}],"inLanguage":"fr-FR"},{"@type":"Organization","@id":"https:\/\/www.isocfoundation.org\/#organization","name":"Internet Society Foundation","url":"https:\/\/www.isocfoundation.org\/","logo":{"@type":"ImageObject","inLanguage":"fr-FR","@id":"https:\/\/www.isocfoundation.org\/#\/schema\/logo\/image\/","url":"https:\/\/www.isocfoundation.org\/wp-content\/uploads\/2019\/02\/internet-society-foundation.jpg","contentUrl":"https:\/\/www.isocfoundation.org\/wp-content\/uploads\/2019\/02\/internet-society-foundation.jpg","width":1200,"height":630,"caption":"Internet Society Foundation"},"image":{"@id":"https:\/\/www.isocfoundation.org\/#\/schema\/logo\/image\/"},"sameAs":["https:\/\/x.com\/ISOC_Foundation"]}]}},"_links":{"self":[{"href":"https:\/\/www.isocfoundation.org\/fr\/wp-json\/wp\/v2\/pages\/4743","targetHints":{"allow":["GET"]}}],"collection":[{"href":"https:\/\/www.isocfoundation.org\/fr\/wp-json\/wp\/v2\/pages"}],"about":[{"href":"https:\/\/www.isocfoundation.org\/fr\/wp-json\/wp\/v2\/types\/page"}],"author":[{"embeddable":true,"href":"https:\/\/www.isocfoundation.org\/fr\/wp-json\/wp\/v2\/users\/25"}],"replies":[{"embeddable":true,"href":"https:\/\/www.isocfoundation.org\/fr\/wp-json\/wp\/v2\/comments?post=4743"}],"version-history":[{"count":0,"href":"https:\/\/www.isocfoundation.org\/fr\/wp-json\/wp\/v2\/pages\/4743\/revisions"}],"up":[{"embeddable":true,"href":"https:\/\/www.isocfoundation.org\/fr\/wp-json\/wp\/v2\/pages\/3149"}],"wp:attachment":[{"href":"https:\/\/www.isocfoundation.org\/fr\/wp-json\/wp\/v2\/media?parent=4743"}],"curies":[{"name":"wp","href":"https:\/\/api.w.org\/{rel}","templated":true}]}}