{"id":4986,"date":"2021-06-25T14:33:14","date_gmt":"2021-06-25T14:33:14","guid":{"rendered":"https:\/\/www.isocfoundation.org\/ressources\/attentes-en-matiere-de-gestion-et-de-rapports-relatifs-aux-bourses\/"},"modified":"2021-06-25T14:38:24","modified_gmt":"2021-06-25T14:38:24","slug":"attentes-en-matiere-de-gestion-et-de-rapports-relatifs-aux-bourses","status":"publish","type":"page","link":"https:\/\/www.isocfoundation.org\/fr\/ressources\/attentes-en-matiere-de-gestion-et-de-rapports-relatifs-aux-bourses\/","title":{"rendered":"Attentes en mati\u00e8re de gestion et de rapports relatifs aux bourses"},"content":{"rendered":"\n\n\t<h2>Gestion des bourses<\/h2>\n<p>La gestion ad\u00e9quate des bourses est une bonne pratique essentielle de la gestion de projet et d&rsquo;organisation dont la Fondation Internet Society (la Fondation) souhaite que nous fassions preuve nous-m\u00eames, en tant que bailleur de fonds, ainsi que nos b\u00e9n\u00e9ficiaires. Pourquoi ? Une bonne gestion est cruciale pour :<\/p>\n<ul>\n<li>Mieux comprendre ce qui est n\u00e9cessaire pour parvenir aux r\u00e9sultats souhait\u00e9s<\/li>\n<li>Respecter les l\u00e9gislations locales et nationales<\/li>\n<li>Vous offrir, en tant que b\u00e9n\u00e9ficiaires, les meilleures chances de r\u00e9ussir vos campagnes de financement ult\u00e9rieures, en faisant preuve de transparence, et<\/li>\n<li>Veiller \u00e0 ce que les ressources de la Fondation soient utilis\u00e9es pour concr\u00e9tiser notre mission et les objectifs pour lesquels la bourse a \u00e9t\u00e9 octroy\u00e9e.<\/li>\n<\/ul>\n<p>Une bonne gestion des bourses implique de <strong>comprendre les attentes li\u00e9es aux bourses<\/strong>, \u00e0 la fois en interne, vis-\u00e0-vis de votre \u00e9quipe, et en externe, vis-\u00e0-vis de la Fondation.\u00a0 Ces attentes vous seront pr\u00e9sent\u00e9es de mani\u00e8re plus d\u00e9taill\u00e9e dans votre convention de bourse, dans notre syst\u00e8me de gestion des bourses et dans le cadre d&rsquo;entretiens avec votre responsable de programme. Pour s&rsquo;y pr\u00e9parer, votre organisation peut :<\/p>\n<ul>\n<li>Organiser une r\u00e9union de d\u00e9marrage avec les principaux membres de votre organisation pour d\u00e9finir vos attentes en mati\u00e8re de d\u00e9lais, de r\u00f4les et de responsabilit\u00e9s, ainsi que l&rsquo;impact attendu<\/li>\n<li>Si besoin, inviter votre contact aupr\u00e8s de la Fondation pour que nous puissions \u00e9galement vous faire part de nos attentes<\/li>\n<li>Consulter nos exigences en mati\u00e8re de rapports, notamment tout mod\u00e8le que vous pourriez devoir remplir, et les pr\u00e9senter \u00e0 vos coll\u00e8gues travaillant sur le projet<\/li>\n<li>Prendre le temps de se renseigner sur les activit\u00e9s interdites dans votre pays, afin de vous assurer que les activit\u00e9s propos\u00e9es dans le cadre de la bourse sont l\u00e9gales et appropri\u00e9es<\/li>\n<li>Veiller \u00e0 bien comprendre les diff\u00e9rents types de frais qui vous incomberont dans le cadre de la mise en \u0153uvre de votre projet :<\/li>\n<\/ul>\n<style>\ntable, tr, th, td {margin: 20px; border: 1px solid black; padding: 10px; border-collapse: collapse; vertical-align: text-top;}<\/style>\n<table border=\"\" width=\"60%\">\n<tbody>\n<tr>\n<td width=\"120\"><strong>Frais directs<\/strong><\/td>\n<td width=\"468\">Les d\u00e9penses li\u00e9es \u00e0 la mise en \u0153uvre d&rsquo;un projet sp\u00e9cifique<\/td>\n<\/tr>\n<tr>\n<td width=\"120\"><strong>Frais indirects<\/strong><\/td>\n<td width=\"468\">Parfois appel\u00e9s frais g\u00e9n\u00e9raux<br \/>\nLes d\u00e9penses g\u00e9n\u00e9rales aff\u00e9rentes \u00e0 l&rsquo;administration de l&rsquo;ensemble de votre organisation, difficilement attribuables \u00e0 un projet sp\u00e9cifique<\/td>\n<\/tr>\n<\/tbody>\n<\/table>\n<h2>Qu&rsquo;attend-on de moi, en tant que b\u00e9n\u00e9ficiaire ?<\/h2>\n<h3>Comptes rendus r\u00e9guliers (rapports)<\/h3>\n<p>En tant que b\u00e9n\u00e9ficiaire, vous devez nous transmettre r\u00e9guli\u00e8rement des informations sur la progression de votre bourse, et prouver que les fonds ont \u00e9t\u00e9 consacr\u00e9s aux fins pr\u00e9vues.\u00a0 Les rapports r\u00e9guliers sont l&rsquo;occasion de mettre en valeur le travail formidable que vous avez r\u00e9alis\u00e9 avec les fonds de la bourse. Il s&rsquo;agit \u00e9galement du meilleur cadre pour tenir la Fondation inform\u00e9e et lui faire part de tout probl\u00e8me \u00e9ventuel relatif \u00e0 la bourse.<\/p>\n<p>La qualit\u00e9 de vos rapports illustre votre capacit\u00e9 \u00e0 g\u00e9rer la bourse, et les documents cr\u00e9\u00e9s dans ce cadre se r\u00e9v\u00e9leront tr\u00e8s utiles pour d\u00e9montrer votre exp\u00e9rience lors de vos prochaines demandes de bourse, aupr\u00e8s de la Fondation ou de tout autre organisme.<\/p>\n<p>Les informations exhaustives sur votre progression, comprenant notamment des rapports financiers, sont claires et d\u00e9taill\u00e9es, et correspondent \u00e0 votre demande originale de bourse et au budget propos\u00e9. En compl\u00e9ment des rapports relatifs au programme qui illustrent les r\u00e9sultats et la progression vers les indicateurs cl\u00e9s de performance, il pourra \u00e9galement vous \u00eatre demand\u00e9 de fournir des justificatifs pour les d\u00e9penses aff\u00e9rentes au projet. Les informations dont vous nous faites part, ainsi que les autres documents, nous fournissent des donn\u00e9es cruciales sur l&rsquo;activit\u00e9 de la bourse, permettent de justifier du travail accompli et de tenir un registre, et contribuent enfin \u00e0 une bonne pr\u00e9paration aux audits. De m\u00eame, le prochain versement de votre financement ne sera \u00e9mis que lorsque les documents attendus de votre part auront \u00e9t\u00e9 valid\u00e9s par le personnel de la Fondation.<\/p>\n<p>Il est donc primordial d&rsquo;envoyer toutes les informations dans les d\u00e9lais impartis. Notez bien les p\u00e9riodes et les dates limites des rapports sur votre calendrier, et informez-en tous vos coll\u00e8gues travaillant sur le projet. Parlez-en notamment \u00e0 vos coll\u00e8gues charg\u00e9s de la mise en \u0153uvre du projet, ainsi qu&rsquo;\u00e0 ceux charg\u00e9s du suivi et des rapports.<\/p>\n<h3>Formats des rapports de la Fondation<\/h3>\n<p>Les rapports peuvent prendre diff\u00e9rentes formes, d\u00e9termin\u00e9es par votre responsable de programme en fonction de diff\u00e9rents facteurs, tels que le programme de la Fondation, le montant octroy\u00e9, le type de projet et les d\u00e9penses aff\u00e9rentes, le calendrier des informations p\u00e9riodiques (au d\u00e9but ou \u00e0 la fin du projet), etc.\u00a0 Le format des informations financi\u00e8res sera \u00e9galement d\u00e9termin\u00e9 par votre responsable de programme.<\/p>\n<p>Les attentes et les caract\u00e9ristiques sp\u00e9cifiques \u00e0 votre bourse en ce qui concerne les rapports seront disponibles sur le portail des b\u00e9n\u00e9ficiaires avant la signature de votre convention de bourse. Assurez-vous d&rsquo;avoir bien lu ces informations pour savoir ce qui est attendu de votre part avant les \u00e9ch\u00e9ances, et n&rsquo;h\u00e9sitez pas \u00e0 poser des questions \u00e0 votre contact au sein de la Fondation.<\/p>\n<h3>Respect des exigences de rapports<\/h3>\n<p>Tous vos rapports seront examin\u00e9s par le personnel de la Fondation, et seront valid\u00e9s ou renvoy\u00e9s pour obtenir un compl\u00e9ment d&rsquo;information de votre part. Nous vous sugg\u00e9rons d&rsquo;appliquer les mesures suivantes afin de bien pr\u00e9parer votre rapport et d&rsquo;\u00e9viter un retard de paiement en raison du blocage de la validation.<\/p>\n<ul>\n<li>\u00c9tablissez un calendrier avec les dates limites id\u00e9ales pour vous assurer de respecter les d\u00e9lais pour les rapports.<\/li>\n<li>Cr\u00e9ez et documentez vos propres politiques en mati\u00e8re de suivi et de rapports financiers pour bien g\u00e9rer les d\u00e9penses aff\u00e9rentes \u00e0 la bourse.<\/li>\n<li>Si la Fondation vous a fourni un mod\u00e8le de rapport financier, assurez-vous qu&rsquo;il soit bien rempli.<\/li>\n<li>Si des postes budg\u00e9taires ont \u00e9t\u00e9 modifi\u00e9s par rapport \u00e0 votre demande de financement, indiquez clairement ces modifications dans votre rapport, en expliquant pourquoi elles ont \u00e9t\u00e9 n\u00e9cessaires.<\/li>\n<li>Si vous deviez obtenir une validation pr\u00e9alable de la part de la Fondation avant d&rsquo;effectuer ces modifications, mentionnez cette validation et l&rsquo;avenant \u00e0 la convention de bourse, le cas \u00e9ch\u00e9ant. Conform\u00e9ment \u00e0 votre convention de bourse, toute modification sup\u00e9rieure \u00e0 10 % d&rsquo;une cat\u00e9gorie de frais du budget de votre demande n\u00e9cessite une validation pr\u00e9alable de la part de la Fondation.<\/li>\n<li>Conservez tous les documents tels que les re\u00e7us et factures pour tout ce que vous achetez avec les fonds de la bourse.Conservez-les durant au moins quatre (4) ann\u00e9es apr\u00e8s la conclusion de la convention, conform\u00e9ment \u00e0 votre convention de bourse.<\/li>\n<li>Gardez \u00e9galement un exemplaire des contrats sign\u00e9s, en particulier pour le personnel et les consultants travaillant dans le cadre de votre bourse.<\/li>\n<\/ul>\n<p>N&rsquo;h\u00e9sitez pas \u00e0 poser toute question relative aux pr\u00e9sentes instructions \u00e0 votre contact au sein de la Fondation. Les informations que vous nous fournissez nous aident \u00e0 am\u00e9liorer et \u00e0 renforcer notre travail visant \u00e0 permettre aux communaut\u00e9s de lib\u00e9rer le potentiel d&rsquo;Internet pour relever les d\u00e9fis d&rsquo;un monde en perp\u00e9tuelle \u00e9volution. Nous vous remercions d&rsquo;avoir consacr\u00e9 votre temps et votre r\u00e9flexion \u00e0 faire part de vos succ\u00e8s \u00e0 la Fondation.<\/p>\n\n","protected":false},"excerpt":{"rendered":"<p>Gestion des bourses La gestion ad\u00e9quate des bourses est une bonne pratique essentielle de la gestion de projet et d&rsquo;organisation dont la Fondation Internet Society (la Fondation) souhaite que nous fassions preuve nous-m\u00eames, en tant que bailleur de fonds, ainsi que nos b\u00e9n\u00e9ficiaires. Pourquoi ? Une bonne gestion est cruciale pour : Mieux comprendre ce&hellip;<\/p>\n","protected":false},"author":25,"featured_media":0,"parent":3149,"menu_order":0,"comment_status":"closed","ping_status":"closed","template":"","meta":{"footnotes":""},"class_list":["post-4986","page","type-page","status-publish","hentry"],"yoast_head":"<!-- This site is optimized with the Yoast SEO plugin v27.3 - https:\/\/yoast.com\/product\/yoast-seo-wordpress\/ -->\n<title>Attentes en mati\u00e8re de gestion et de rapports relatifs aux bourses | Internet Society Foundation<\/title>\n<meta name=\"robots\" content=\"noindex, follow\" \/>\n<meta property=\"og:locale\" content=\"fr_FR\" \/>\n<meta property=\"og:type\" content=\"article\" \/>\n<meta property=\"og:title\" content=\"Attentes en mati\u00e8re de gestion et de rapports relatifs aux bourses | Internet Society Foundation\" \/>\n<meta property=\"og:description\" content=\"Gestion des bourses La gestion ad\u00e9quate des bourses est une bonne pratique essentielle de la gestion de projet et d&rsquo;organisation dont la Fondation Internet Society (la Fondation) souhaite que nous fassions preuve nous-m\u00eames, en tant que bailleur de fonds, ainsi que nos b\u00e9n\u00e9ficiaires. Pourquoi ? Une bonne gestion est cruciale pour : Mieux comprendre ce&hellip;\" \/>\n<meta property=\"og:url\" content=\"https:\/\/www.isocfoundation.org\/fr\/ressources\/attentes-en-matiere-de-gestion-et-de-rapports-relatifs-aux-bourses\/\" \/>\n<meta property=\"og:site_name\" content=\"Internet Society Foundation\" \/>\n<meta property=\"article:modified_time\" content=\"2021-06-25T14:38:24+00:00\" \/>\n<meta property=\"og:image\" content=\"https:\/\/www.isocfoundation.org\/wp-content\/uploads\/2019\/02\/isoc-foundation-og.jpg\" \/>\n\t<meta property=\"og:image:width\" content=\"1200\" \/>\n\t<meta property=\"og:image:height\" content=\"630\" \/>\n\t<meta property=\"og:image:type\" content=\"image\/jpeg\" \/>\n<meta name=\"twitter:card\" content=\"summary_large_image\" \/>\n<meta name=\"twitter:site\" content=\"@ISOC_Foundation\" \/>\n<script type=\"application\/ld+json\" class=\"yoast-schema-graph\">{\"@context\":\"https:\\\/\\\/schema.org\",\"@graph\":[{\"@type\":\"WebPage\",\"@id\":\"https:\\\/\\\/www.isocfoundation.org\\\/fr\\\/ressources\\\/attentes-en-matiere-de-gestion-et-de-rapports-relatifs-aux-bourses\\\/\",\"url\":\"https:\\\/\\\/www.isocfoundation.org\\\/fr\\\/ressources\\\/attentes-en-matiere-de-gestion-et-de-rapports-relatifs-aux-bourses\\\/\",\"name\":\"Attentes en mati\u00e8re de gestion et de rapports relatifs aux bourses | Internet Society Foundation\",\"isPartOf\":{\"@id\":\"https:\\\/\\\/www.isocfoundation.org\\\/#website\"},\"datePublished\":\"2021-06-25T14:33:14+00:00\",\"dateModified\":\"2021-06-25T14:38:24+00:00\",\"breadcrumb\":{\"@id\":\"https:\\\/\\\/www.isocfoundation.org\\\/fr\\\/ressources\\\/attentes-en-matiere-de-gestion-et-de-rapports-relatifs-aux-bourses\\\/#breadcrumb\"},\"inLanguage\":\"fr-FR\",\"potentialAction\":[{\"@type\":\"ReadAction\",\"target\":[\"https:\\\/\\\/www.isocfoundation.org\\\/fr\\\/ressources\\\/attentes-en-matiere-de-gestion-et-de-rapports-relatifs-aux-bourses\\\/\"]}]},{\"@type\":\"BreadcrumbList\",\"@id\":\"https:\\\/\\\/www.isocfoundation.org\\\/fr\\\/ressources\\\/attentes-en-matiere-de-gestion-et-de-rapports-relatifs-aux-bourses\\\/#breadcrumb\",\"itemListElement\":[{\"@type\":\"ListItem\",\"position\":1,\"name\":\"Home\",\"item\":\"https:\\\/\\\/www.isocfoundation.org\\\/fr\\\/\"},{\"@type\":\"ListItem\",\"position\":2,\"name\":\"Ressources\",\"item\":\"https:\\\/\\\/www.isocfoundation.org\\\/fr\\\/ressources\\\/\"},{\"@type\":\"ListItem\",\"position\":3,\"name\":\"Attentes en mati\u00e8re de gestion et de rapports relatifs aux bourses\"}]},{\"@type\":\"WebSite\",\"@id\":\"https:\\\/\\\/www.isocfoundation.org\\\/#website\",\"url\":\"https:\\\/\\\/www.isocfoundation.org\\\/\",\"name\":\"Internet Society Foundation\",\"description\":\"The Internet transforms lives\",\"publisher\":{\"@id\":\"https:\\\/\\\/www.isocfoundation.org\\\/#organization\"},\"potentialAction\":[{\"@type\":\"SearchAction\",\"target\":{\"@type\":\"EntryPoint\",\"urlTemplate\":\"https:\\\/\\\/www.isocfoundation.org\\\/?s={search_term_string}\"},\"query-input\":{\"@type\":\"PropertyValueSpecification\",\"valueRequired\":true,\"valueName\":\"search_term_string\"}}],\"inLanguage\":\"fr-FR\"},{\"@type\":\"Organization\",\"@id\":\"https:\\\/\\\/www.isocfoundation.org\\\/#organization\",\"name\":\"Internet Society Foundation\",\"url\":\"https:\\\/\\\/www.isocfoundation.org\\\/\",\"logo\":{\"@type\":\"ImageObject\",\"inLanguage\":\"fr-FR\",\"@id\":\"https:\\\/\\\/www.isocfoundation.org\\\/#\\\/schema\\\/logo\\\/image\\\/\",\"url\":\"https:\\\/\\\/www.isocfoundation.org\\\/wp-content\\\/uploads\\\/2019\\\/02\\\/internet-society-foundation.jpg\",\"contentUrl\":\"https:\\\/\\\/www.isocfoundation.org\\\/wp-content\\\/uploads\\\/2019\\\/02\\\/internet-society-foundation.jpg\",\"width\":1200,\"height\":630,\"caption\":\"Internet Society Foundation\"},\"image\":{\"@id\":\"https:\\\/\\\/www.isocfoundation.org\\\/#\\\/schema\\\/logo\\\/image\\\/\"},\"sameAs\":[\"https:\\\/\\\/x.com\\\/ISOC_Foundation\"]}]}<\/script>\n<!-- \/ Yoast SEO plugin. -->","yoast_head_json":{"title":"Attentes en mati\u00e8re de gestion et de rapports relatifs aux bourses | Internet Society Foundation","robots":{"index":"noindex","follow":"follow"},"og_locale":"fr_FR","og_type":"article","og_title":"Attentes en mati\u00e8re de gestion et de rapports relatifs aux bourses | Internet Society Foundation","og_description":"Gestion des bourses La gestion ad\u00e9quate des bourses est une bonne pratique essentielle de la gestion de projet et d&rsquo;organisation dont la Fondation Internet Society (la Fondation) souhaite que nous fassions preuve nous-m\u00eames, en tant que bailleur de fonds, ainsi que nos b\u00e9n\u00e9ficiaires. Pourquoi ? Une bonne gestion est cruciale pour : Mieux comprendre ce&hellip;","og_url":"https:\/\/www.isocfoundation.org\/fr\/ressources\/attentes-en-matiere-de-gestion-et-de-rapports-relatifs-aux-bourses\/","og_site_name":"Internet Society Foundation","article_modified_time":"2021-06-25T14:38:24+00:00","og_image":[{"width":1200,"height":630,"url":"https:\/\/www.isocfoundation.org\/wp-content\/uploads\/2019\/02\/isoc-foundation-og.jpg","type":"image\/jpeg"}],"twitter_card":"summary_large_image","twitter_site":"@ISOC_Foundation","schema":{"@context":"https:\/\/schema.org","@graph":[{"@type":"WebPage","@id":"https:\/\/www.isocfoundation.org\/fr\/ressources\/attentes-en-matiere-de-gestion-et-de-rapports-relatifs-aux-bourses\/","url":"https:\/\/www.isocfoundation.org\/fr\/ressources\/attentes-en-matiere-de-gestion-et-de-rapports-relatifs-aux-bourses\/","name":"Attentes en mati\u00e8re de gestion et de rapports relatifs aux bourses | Internet Society Foundation","isPartOf":{"@id":"https:\/\/www.isocfoundation.org\/#website"},"datePublished":"2021-06-25T14:33:14+00:00","dateModified":"2021-06-25T14:38:24+00:00","breadcrumb":{"@id":"https:\/\/www.isocfoundation.org\/fr\/ressources\/attentes-en-matiere-de-gestion-et-de-rapports-relatifs-aux-bourses\/#breadcrumb"},"inLanguage":"fr-FR","potentialAction":[{"@type":"ReadAction","target":["https:\/\/www.isocfoundation.org\/fr\/ressources\/attentes-en-matiere-de-gestion-et-de-rapports-relatifs-aux-bourses\/"]}]},{"@type":"BreadcrumbList","@id":"https:\/\/www.isocfoundation.org\/fr\/ressources\/attentes-en-matiere-de-gestion-et-de-rapports-relatifs-aux-bourses\/#breadcrumb","itemListElement":[{"@type":"ListItem","position":1,"name":"Home","item":"https:\/\/www.isocfoundation.org\/fr\/"},{"@type":"ListItem","position":2,"name":"Ressources","item":"https:\/\/www.isocfoundation.org\/fr\/ressources\/"},{"@type":"ListItem","position":3,"name":"Attentes en mati\u00e8re de gestion et de rapports relatifs aux bourses"}]},{"@type":"WebSite","@id":"https:\/\/www.isocfoundation.org\/#website","url":"https:\/\/www.isocfoundation.org\/","name":"Internet Society Foundation","description":"The Internet transforms lives","publisher":{"@id":"https:\/\/www.isocfoundation.org\/#organization"},"potentialAction":[{"@type":"SearchAction","target":{"@type":"EntryPoint","urlTemplate":"https:\/\/www.isocfoundation.org\/?s={search_term_string}"},"query-input":{"@type":"PropertyValueSpecification","valueRequired":true,"valueName":"search_term_string"}}],"inLanguage":"fr-FR"},{"@type":"Organization","@id":"https:\/\/www.isocfoundation.org\/#organization","name":"Internet Society Foundation","url":"https:\/\/www.isocfoundation.org\/","logo":{"@type":"ImageObject","inLanguage":"fr-FR","@id":"https:\/\/www.isocfoundation.org\/#\/schema\/logo\/image\/","url":"https:\/\/www.isocfoundation.org\/wp-content\/uploads\/2019\/02\/internet-society-foundation.jpg","contentUrl":"https:\/\/www.isocfoundation.org\/wp-content\/uploads\/2019\/02\/internet-society-foundation.jpg","width":1200,"height":630,"caption":"Internet Society Foundation"},"image":{"@id":"https:\/\/www.isocfoundation.org\/#\/schema\/logo\/image\/"},"sameAs":["https:\/\/x.com\/ISOC_Foundation"]}]}},"_links":{"self":[{"href":"https:\/\/www.isocfoundation.org\/fr\/wp-json\/wp\/v2\/pages\/4986","targetHints":{"allow":["GET"]}}],"collection":[{"href":"https:\/\/www.isocfoundation.org\/fr\/wp-json\/wp\/v2\/pages"}],"about":[{"href":"https:\/\/www.isocfoundation.org\/fr\/wp-json\/wp\/v2\/types\/page"}],"author":[{"embeddable":true,"href":"https:\/\/www.isocfoundation.org\/fr\/wp-json\/wp\/v2\/users\/25"}],"replies":[{"embeddable":true,"href":"https:\/\/www.isocfoundation.org\/fr\/wp-json\/wp\/v2\/comments?post=4986"}],"version-history":[{"count":0,"href":"https:\/\/www.isocfoundation.org\/fr\/wp-json\/wp\/v2\/pages\/4986\/revisions"}],"up":[{"embeddable":true,"href":"https:\/\/www.isocfoundation.org\/fr\/wp-json\/wp\/v2\/pages\/3149"}],"wp:attachment":[{"href":"https:\/\/www.isocfoundation.org\/fr\/wp-json\/wp\/v2\/media?parent=4986"}],"curies":[{"name":"wp","href":"https:\/\/api.w.org\/{rel}","templated":true}]}}