{"id":5916,"date":"2022-03-08T07:13:40","date_gmt":"2022-03-08T07:13:40","guid":{"rendered":"https:\/\/www.isocfoundation.org\/ressources\/exigences-dalignement\/"},"modified":"2022-04-09T22:10:50","modified_gmt":"2022-04-09T22:10:50","slug":"exigences-dalignement","status":"publish","type":"page","link":"https:\/\/www.isocfoundation.org\/fr\/ressources\/exigences-dalignement\/","title":{"rendered":"Exigences en mati\u00e8re d&rsquo;alignement"},"content":{"rendered":"\n\n\t<p>En tant qu&rsquo;organisation soutenant l&rsquo;ISOC, la Fondation doit servir exclusivement les int\u00e9r\u00eats de l&rsquo;ISOC et suivre la r\u00e9glementation sp\u00e9cifique du code fiscal des \u00c9tats-Unis. Cette r\u00e9glementation nous interdit d&rsquo;accorder des bourses \u00e0 des organisations dont la mission (c&rsquo;est-\u00e0-dire la raison d&rsquo;\u00eatre) et les activit\u00e9s ne correspondent pas, au moins en partie, aux objectifs et activit\u00e9s de l&rsquo;ISOC. Les informations ci-dessous ont pour but d&rsquo;aider les demandeurs \u00e0 pr\u00e9parer les informations n\u00e9cessaires \u00e0 leur demande.<\/p>\n<p>Remarque : ces r\u00e8gles <em>ne s&rsquo;appliquent pas<\/em> dans les cas suivants :<\/p>\n<ul>\n<li>Demandeurs pour le programme Beyond the Net<\/li>\n<li>Demandeurs pour les \u00e9v\u00e9nements du Forum pour la gouvernance de l&rsquo;Internet<\/li>\n<li>Particuliers<\/li>\n<li>Universit\u00e9s <em>publiques<\/em> am\u00e9ricaines<\/li>\n<\/ul>\n<p>Les objectifs et activit\u00e9s de l&rsquo;ISOC sont d\u00e9finis dans ses <a href=\"https:\/\/www.internetsociety.org\/about-internet-society\/governance-policies\/articles-of-incorporation\/\">statuts<\/a> et pr\u00e9sent\u00e9s de mani\u00e8re plus d\u00e9taill\u00e9e dans <a href=\"https:\/\/www.internetsociety.org\/mission\/\">sa d\u00e9claration de mission et ses trois domaines cibl\u00e9s<\/a>. Ceux-ci sont r\u00e9sum\u00e9s ainsi :<\/p>\n<ol>\n<li>Faciliter ou soutenir l&rsquo;\u00e9volution technique d&rsquo;Internet en tant qu&rsquo;infrastructure pour la recherche et l&rsquo;\u00e9ducation<\/li>\n<li>Impliquer la communaut\u00e9 dans l&rsquo;\u00e9volution d&rsquo;Internet, ou la former \u00e0 son utilisation et \u00e0 ses applications<\/li>\n<li>Promouvoir les applications p\u00e9dagogiques d&rsquo;Internet<\/li>\n<li>Contribuer \u00e0 la promotion du d\u00e9veloppement, de l&rsquo;\u00e9volution ou de l&rsquo;utilisation ouverts d&rsquo;Internet pour aider les individus<\/li>\n<li>Connecter les communaut\u00e9s et les particuliers non connect\u00e9s \u00e0 Internet<\/li>\n<li>D\u00e9fendre une politique conforme \u00e0 la vision d&rsquo;Internet de l&rsquo;ISOC<\/li>\n<li>Faire progresser le d\u00e9veloppement et l&rsquo;application des infrastructures, des technologies ou des normes ouvertes (notamment) d&rsquo;Internet<\/li>\n<\/ol>\n<p>La Fondation demande donc aux demandeurs de fournir des justificatifs de l&rsquo;alignement de leurs propres missions et activit\u00e9s avec celles de l&rsquo;ISOC et de d\u00e9montrer que le projet propos\u00e9 correspond clairement \u00e0 l&rsquo;un des objectifs de l&rsquo;ISOC d\u00e9finis ci-dessus.<\/p>\n<p><em>Pour une liste compl\u00e8te des crit\u00e8res d&rsquo;\u00e9ligibilit\u00e9 de la Fondation, veuillez visiter notre <\/em><a href=\"https:\/\/www.isocfoundation.org\/fr\/ressources\/admissibilite-des-beneficiaires\/\">page Web \u00c9ligibilit\u00e9 des b\u00e9n\u00e9ficiaires<\/a><em>.<\/em><\/p>\n<h2>Comment d\u00e9montrer son alignement<\/h2>\n<p>Chaque organisation est diff\u00e9rente, et il en va de m\u00eame pour les documents dont vous pouvez disposer \u00e0 cette fin. Dans notre formulaire de demande dans Fluxx, il vous sera demand\u00e9 de s\u00e9lectionner parmi les sept objectifs et activit\u00e9s de l&rsquo;ISOC celui ou celle qui correspond le mieux aux v\u00f4tres (vous pourrez en indiquer plusieurs). Vous pourrez alors choisir les pi\u00e8ces justificatives que vous souhaitez fournir pour d\u00e9montrer clairement cet alignement. Il peut notamment s&rsquo;agir de ce qui suit :<\/p>\n<ul>\n<li>T\u00e9l\u00e9charger une copie :\n<ul>\n<li>Des documents de votre organisation (par exemple ses documents constitutifs)<\/li>\n<li>D&rsquo;une d\u00e9claration fiscale r\u00e9cente<\/li>\n<\/ul>\n<\/li>\n<\/ul>\n<p>Les traductions en anglais sont accept\u00e9es.<\/p>\n<ul>\n<li>Fournir un lien de votre site Internet, vers :\n<ul>\n<li>Votre d\u00e9claration de mission<\/li>\n<li>Votre objectif (c&rsquo;est-\u00e0-dire votre raison d&rsquo;\u00eatre)<\/li>\n<li>Vos programmes et principales activit\u00e9s<\/li>\n<\/ul>\n<\/li>\n<\/ul>\n<p><em>Si vous avez des questions ou des pr\u00e9occupations concernant l&rsquo;alignement sur la mission et l&rsquo;activit\u00e9, veuillez contacter le personnel de la Fondation \u00e0 l&rsquo;adresse <\/em><a href=\"mailto:Foundation@isocfoundation.org\">Foundation@isocfoundation.org<\/a><em>\u00a0 <\/em><\/p>\n\n","protected":false},"excerpt":{"rendered":"<p>En tant qu&rsquo;organisation soutenant l&rsquo;ISOC, la Fondation doit servir exclusivement les int\u00e9r\u00eats de l&rsquo;ISOC et suivre la r\u00e9glementation sp\u00e9cifique du code fiscal des \u00c9tats-Unis. Cette r\u00e9glementation nous interdit d&rsquo;accorder des bourses \u00e0 des organisations dont la mission (c&rsquo;est-\u00e0-dire la raison d&rsquo;\u00eatre) et les activit\u00e9s ne correspondent pas, au moins en partie, aux objectifs et activit\u00e9s&hellip;<\/p>\n","protected":false},"author":25,"featured_media":0,"parent":3149,"menu_order":0,"comment_status":"closed","ping_status":"closed","template":"","meta":{"footnotes":""},"class_list":["post-5916","page","type-page","status-publish","hentry"],"yoast_head":"<!-- This site is optimized with the Yoast SEO plugin v27.1.1 - https:\/\/yoast.com\/product\/yoast-seo-wordpress\/ -->\n<title>Exigences en mati\u00e8re d&#039;alignement | Internet Society Foundation<\/title>\n<meta name=\"robots\" content=\"noindex, follow\" \/>\n<meta property=\"og:locale\" content=\"fr_FR\" \/>\n<meta property=\"og:type\" content=\"article\" \/>\n<meta property=\"og:title\" content=\"Exigences en mati\u00e8re d&#039;alignement | Internet Society Foundation\" \/>\n<meta property=\"og:description\" content=\"En tant qu&rsquo;organisation soutenant l&rsquo;ISOC, la Fondation doit servir exclusivement les int\u00e9r\u00eats de l&rsquo;ISOC et suivre la r\u00e9glementation sp\u00e9cifique du code fiscal des \u00c9tats-Unis. Cette r\u00e9glementation nous interdit d&rsquo;accorder des bourses \u00e0 des organisations dont la mission (c&rsquo;est-\u00e0-dire la raison d&rsquo;\u00eatre) et les activit\u00e9s ne correspondent pas, au moins en partie, aux objectifs et activit\u00e9s&hellip;\" \/>\n<meta property=\"og:url\" content=\"https:\/\/www.isocfoundation.org\/fr\/ressources\/exigences-dalignement\/\" \/>\n<meta property=\"og:site_name\" content=\"Internet Society Foundation\" \/>\n<meta property=\"article:modified_time\" content=\"2022-04-09T22:10:50+00:00\" \/>\n<meta property=\"og:image\" content=\"https:\/\/www.isocfoundation.org\/wp-content\/uploads\/2019\/02\/isoc-foundation-og.jpg\" \/>\n\t<meta property=\"og:image:width\" content=\"1200\" \/>\n\t<meta property=\"og:image:height\" content=\"630\" \/>\n\t<meta property=\"og:image:type\" content=\"image\/jpeg\" \/>\n<meta name=\"twitter:card\" content=\"summary_large_image\" \/>\n<meta name=\"twitter:site\" content=\"@ISOC_Foundation\" \/>\n<meta name=\"twitter:label1\" content=\"Dur\u00e9e de lecture estim\u00e9e\" \/>\n\t<meta name=\"twitter:data1\" content=\"2 minutes\" \/>\n<script type=\"application\/ld+json\" class=\"yoast-schema-graph\">{\"@context\":\"https:\/\/schema.org\",\"@graph\":[{\"@type\":\"WebPage\",\"@id\":\"https:\/\/www.isocfoundation.org\/fr\/ressources\/exigences-dalignement\/\",\"url\":\"https:\/\/www.isocfoundation.org\/fr\/ressources\/exigences-dalignement\/\",\"name\":\"Exigences en mati\u00e8re d'alignement | Internet Society Foundation\",\"isPartOf\":{\"@id\":\"https:\/\/www.isocfoundation.org\/#website\"},\"datePublished\":\"2022-03-08T07:13:40+00:00\",\"dateModified\":\"2022-04-09T22:10:50+00:00\",\"breadcrumb\":{\"@id\":\"https:\/\/www.isocfoundation.org\/fr\/ressources\/exigences-dalignement\/#breadcrumb\"},\"inLanguage\":\"fr-FR\",\"potentialAction\":[{\"@type\":\"ReadAction\",\"target\":[\"https:\/\/www.isocfoundation.org\/fr\/ressources\/exigences-dalignement\/\"]}]},{\"@type\":\"BreadcrumbList\",\"@id\":\"https:\/\/www.isocfoundation.org\/fr\/ressources\/exigences-dalignement\/#breadcrumb\",\"itemListElement\":[{\"@type\":\"ListItem\",\"position\":1,\"name\":\"Home\",\"item\":\"https:\/\/www.isocfoundation.org\/fr\/\"},{\"@type\":\"ListItem\",\"position\":2,\"name\":\"Ressources\",\"item\":\"https:\/\/www.isocfoundation.org\/fr\/ressources\/\"},{\"@type\":\"ListItem\",\"position\":3,\"name\":\"Exigences en mati\u00e8re d&#8217;alignement\"}]},{\"@type\":\"WebSite\",\"@id\":\"https:\/\/www.isocfoundation.org\/#website\",\"url\":\"https:\/\/www.isocfoundation.org\/\",\"name\":\"Internet Society Foundation\",\"description\":\"The Internet transforms lives\",\"publisher\":{\"@id\":\"https:\/\/www.isocfoundation.org\/#organization\"},\"potentialAction\":[{\"@type\":\"SearchAction\",\"target\":{\"@type\":\"EntryPoint\",\"urlTemplate\":\"https:\/\/www.isocfoundation.org\/?s={search_term_string}\"},\"query-input\":{\"@type\":\"PropertyValueSpecification\",\"valueRequired\":true,\"valueName\":\"search_term_string\"}}],\"inLanguage\":\"fr-FR\"},{\"@type\":\"Organization\",\"@id\":\"https:\/\/www.isocfoundation.org\/#organization\",\"name\":\"Internet Society Foundation\",\"url\":\"https:\/\/www.isocfoundation.org\/\",\"logo\":{\"@type\":\"ImageObject\",\"inLanguage\":\"fr-FR\",\"@id\":\"https:\/\/www.isocfoundation.org\/#\/schema\/logo\/image\/\",\"url\":\"https:\/\/www.isocfoundation.org\/wp-content\/uploads\/2019\/02\/internet-society-foundation.jpg\",\"contentUrl\":\"https:\/\/www.isocfoundation.org\/wp-content\/uploads\/2019\/02\/internet-society-foundation.jpg\",\"width\":1200,\"height\":630,\"caption\":\"Internet Society Foundation\"},\"image\":{\"@id\":\"https:\/\/www.isocfoundation.org\/#\/schema\/logo\/image\/\"},\"sameAs\":[\"https:\/\/x.com\/ISOC_Foundation\"]}]}<\/script>\n<!-- \/ Yoast SEO plugin. -->","yoast_head_json":{"title":"Exigences en mati\u00e8re d'alignement | Internet Society Foundation","robots":{"index":"noindex","follow":"follow"},"og_locale":"fr_FR","og_type":"article","og_title":"Exigences en mati\u00e8re d'alignement | Internet Society Foundation","og_description":"En tant qu&rsquo;organisation soutenant l&rsquo;ISOC, la Fondation doit servir exclusivement les int\u00e9r\u00eats de l&rsquo;ISOC et suivre la r\u00e9glementation sp\u00e9cifique du code fiscal des \u00c9tats-Unis. Cette r\u00e9glementation nous interdit d&rsquo;accorder des bourses \u00e0 des organisations dont la mission (c&rsquo;est-\u00e0-dire la raison d&rsquo;\u00eatre) et les activit\u00e9s ne correspondent pas, au moins en partie, aux objectifs et activit\u00e9s&hellip;","og_url":"https:\/\/www.isocfoundation.org\/fr\/ressources\/exigences-dalignement\/","og_site_name":"Internet Society Foundation","article_modified_time":"2022-04-09T22:10:50+00:00","og_image":[{"width":1200,"height":630,"url":"https:\/\/www.isocfoundation.org\/wp-content\/uploads\/2019\/02\/isoc-foundation-og.jpg","type":"image\/jpeg"}],"twitter_card":"summary_large_image","twitter_site":"@ISOC_Foundation","twitter_misc":{"Dur\u00e9e de lecture estim\u00e9e":"2 minutes"},"schema":{"@context":"https:\/\/schema.org","@graph":[{"@type":"WebPage","@id":"https:\/\/www.isocfoundation.org\/fr\/ressources\/exigences-dalignement\/","url":"https:\/\/www.isocfoundation.org\/fr\/ressources\/exigences-dalignement\/","name":"Exigences en mati\u00e8re d'alignement | Internet Society Foundation","isPartOf":{"@id":"https:\/\/www.isocfoundation.org\/#website"},"datePublished":"2022-03-08T07:13:40+00:00","dateModified":"2022-04-09T22:10:50+00:00","breadcrumb":{"@id":"https:\/\/www.isocfoundation.org\/fr\/ressources\/exigences-dalignement\/#breadcrumb"},"inLanguage":"fr-FR","potentialAction":[{"@type":"ReadAction","target":["https:\/\/www.isocfoundation.org\/fr\/ressources\/exigences-dalignement\/"]}]},{"@type":"BreadcrumbList","@id":"https:\/\/www.isocfoundation.org\/fr\/ressources\/exigences-dalignement\/#breadcrumb","itemListElement":[{"@type":"ListItem","position":1,"name":"Home","item":"https:\/\/www.isocfoundation.org\/fr\/"},{"@type":"ListItem","position":2,"name":"Ressources","item":"https:\/\/www.isocfoundation.org\/fr\/ressources\/"},{"@type":"ListItem","position":3,"name":"Exigences en mati\u00e8re d&#8217;alignement"}]},{"@type":"WebSite","@id":"https:\/\/www.isocfoundation.org\/#website","url":"https:\/\/www.isocfoundation.org\/","name":"Internet Society Foundation","description":"The Internet transforms lives","publisher":{"@id":"https:\/\/www.isocfoundation.org\/#organization"},"potentialAction":[{"@type":"SearchAction","target":{"@type":"EntryPoint","urlTemplate":"https:\/\/www.isocfoundation.org\/?s={search_term_string}"},"query-input":{"@type":"PropertyValueSpecification","valueRequired":true,"valueName":"search_term_string"}}],"inLanguage":"fr-FR"},{"@type":"Organization","@id":"https:\/\/www.isocfoundation.org\/#organization","name":"Internet Society Foundation","url":"https:\/\/www.isocfoundation.org\/","logo":{"@type":"ImageObject","inLanguage":"fr-FR","@id":"https:\/\/www.isocfoundation.org\/#\/schema\/logo\/image\/","url":"https:\/\/www.isocfoundation.org\/wp-content\/uploads\/2019\/02\/internet-society-foundation.jpg","contentUrl":"https:\/\/www.isocfoundation.org\/wp-content\/uploads\/2019\/02\/internet-society-foundation.jpg","width":1200,"height":630,"caption":"Internet Society Foundation"},"image":{"@id":"https:\/\/www.isocfoundation.org\/#\/schema\/logo\/image\/"},"sameAs":["https:\/\/x.com\/ISOC_Foundation"]}]}},"_links":{"self":[{"href":"https:\/\/www.isocfoundation.org\/fr\/wp-json\/wp\/v2\/pages\/5916","targetHints":{"allow":["GET"]}}],"collection":[{"href":"https:\/\/www.isocfoundation.org\/fr\/wp-json\/wp\/v2\/pages"}],"about":[{"href":"https:\/\/www.isocfoundation.org\/fr\/wp-json\/wp\/v2\/types\/page"}],"author":[{"embeddable":true,"href":"https:\/\/www.isocfoundation.org\/fr\/wp-json\/wp\/v2\/users\/25"}],"replies":[{"embeddable":true,"href":"https:\/\/www.isocfoundation.org\/fr\/wp-json\/wp\/v2\/comments?post=5916"}],"version-history":[{"count":0,"href":"https:\/\/www.isocfoundation.org\/fr\/wp-json\/wp\/v2\/pages\/5916\/revisions"}],"up":[{"embeddable":true,"href":"https:\/\/www.isocfoundation.org\/fr\/wp-json\/wp\/v2\/pages\/3149"}],"wp:attachment":[{"href":"https:\/\/www.isocfoundation.org\/fr\/wp-json\/wp\/v2\/media?parent=5916"}],"curies":[{"name":"wp","href":"https:\/\/api.w.org\/{rel}","templated":true}]}}